{"id":2235,"date":"2013-05-20T20:55:39","date_gmt":"2013-05-20T18:55:39","guid":{"rendered":"http:\/\/helensjoholm.nu\/_eng\/?page_id=2235"},"modified":"2022-05-15T18:49:44","modified_gmt":"2022-05-15T16:49:44","slug":"lat-det-va","status":"publish","type":"page","link":"https:\/\/helensjoholm.nu\/_eng\/2006-2010\/euforia-helen-sjoholm-sjunger-billy-joel\/lat-det-va\/","title":{"rendered":"L\u00e5t det va"},"content":{"rendered":"<p><strong>Original title:<\/strong> Don\u2019t Ask Me Why<br \/>\n<strong>Music &amp; lyrics:<\/strong> Billy Joel<br \/>\n<strong>Sw. interpretation:<\/strong> Tomas Andersson Wij<\/p>\n<p>Vind och moln bl\u00e5ser \u00e5t varsitt h\u00e5ll<br \/>\nsolen v\u00e4rmer inte alls<br \/>\nDu g\u00f6r en s\u00e5ng med bara durackord<br \/>\norden stockas i din hals<br \/>\nDu ber om svaret<br \/>\nmen ingen har det<br \/>\ns\u00e5 l\u00e5t det va<\/p>\n<p>De sa till dig att f\u00f6lja hj\u00e4rtats r\u00f6st<br \/>\nmen hj\u00e4rtat \u00e4r en fotbollsk\u00f6r<br \/>\nDe sa till dig att t\u00e4nka efter f\u00f6rst<br \/>\nmen tanken dribblar tills du h\u00f6r<br \/>\nDin match \u00e4r \u00f6ver<br \/>\noch kn\u00e4na bl\u00f6der<br \/>\ns\u00e5 l\u00e5t det va<\/p>\n<p>De har fyllt ditt huvud<br \/>\nmed s\u00e5 m\u00e5nga kloka ord<br \/>\nOch du har alltid<br \/>\nstannat upp och lyssnat<br \/>\nNu st\u00e5r du i rondellen<br \/>\nutan koll p\u00e5 syd och nord<br \/>\noch undrar vem du \u00e4r<br \/>\noch vad du vill<\/p>\n<p>I varje m\u00e4nniskohj\u00e4rta<br \/>\narmt och m\u00f6rkt<br \/>\nsjunger \u00e4nglar p\u00e5 latin<br \/>\nMen de kompas av en ful schimpans<br \/>\nutan k\u00e4nsla och rutin<br \/>\nf\u00f6r h\u00f6gre konster<br \/>\nHan \u00e4r ett monster<br \/>\nmen l\u00e5t det va<\/p>\n<p>Lust och f\u00e4gring har du vadat i<br \/>\nof\u00f6rm\u00f6gen till ett nej<br \/>\nTung blir sj\u00e4len av allt svineri<br \/>\nmen t\u00e4nk s\u00e5 snabbt<br \/>\nman h\u00e4mtar sig<br \/>\nAtt sl\u00e4cka br\u00e4nder<br \/>\nger svarta h\u00e4nder<br \/>\ns\u00e5 l\u00e5t det va<\/p>\n<p><em>\u00a9 2010 Universal Music AB<\/em><\/p>\n<p><a title=\"Euforia \u2013 Helen Sj\u00f6holm sjunger Billy Joel\" href=\"https:\/\/helensjoholm.nu\/_eng\/2006-2010\/euforia-helen-sjoholm-sjunger-billy-joel\/\">Back<\/a><\/p>\n","protected":false},"excerpt":{"rendered":"<p>Original title: Don\u2019t Ask Me Why Music &amp; lyrics: Billy Joel Sw. interpretation: Tomas Andersson Wij Vind och moln bl\u00e5ser \u00e5t varsitt h\u00e5ll solen v\u00e4rmer <a class=\"more-link\" href=\"https:\/\/helensjoholm.nu\/_eng\/2006-2010\/euforia-helen-sjoholm-sjunger-billy-joel\/lat-det-va\/\">Read More &#8230;<\/a><\/p>\n","protected":false},"author":1,"featured_media":0,"parent":2215,"menu_order":0,"comment_status":"closed","ping_status":"closed","template":"","meta":{"ngg_post_thumbnail":0,"footnotes":""},"class_list":["post-2235","page","type-page","status-publish","hentry"],"aioseo_notices":[],"_links":{"self":[{"href":"https:\/\/helensjoholm.nu\/_eng\/wp-json\/wp\/v2\/pages\/2235","targetHints":{"allow":["GET"]}}],"collection":[{"href":"https:\/\/helensjoholm.nu\/_eng\/wp-json\/wp\/v2\/pages"}],"about":[{"href":"https:\/\/helensjoholm.nu\/_eng\/wp-json\/wp\/v2\/types\/page"}],"author":[{"embeddable":true,"href":"https:\/\/helensjoholm.nu\/_eng\/wp-json\/wp\/v2\/users\/1"}],"replies":[{"embeddable":true,"href":"https:\/\/helensjoholm.nu\/_eng\/wp-json\/wp\/v2\/comments?post=2235"}],"version-history":[{"count":0,"href":"https:\/\/helensjoholm.nu\/_eng\/wp-json\/wp\/v2\/pages\/2235\/revisions"}],"up":[{"embeddable":true,"href":"https:\/\/helensjoholm.nu\/_eng\/wp-json\/wp\/v2\/pages\/2215"}],"wp:attachment":[{"href":"https:\/\/helensjoholm.nu\/_eng\/wp-json\/wp\/v2\/media?parent=2235"}],"curies":[{"name":"wp","href":"https:\/\/api.w.org\/{rel}","templated":true}]}}