{"id":2222,"date":"2013-05-20T20:46:15","date_gmt":"2013-05-20T18:46:15","guid":{"rendered":"http:\/\/helensjoholm.nu\/_eng\/?page_id=2222"},"modified":"2022-05-15T18:49:26","modified_gmt":"2022-05-15T16:49:26","slug":"lyrics-euforia","status":"publish","type":"page","link":"https:\/\/helensjoholm.nu\/_eng\/2006-2010\/euforia-helen-sjoholm-sjunger-billy-joel\/lyrics-euforia\/","title":{"rendered":"Euforia"},"content":{"rendered":"<p><strong>Original title:<\/strong> Summer Highland Falls<br \/>\n<strong>Music &amp; lyrics:<\/strong> Billy Joel<br \/>\n<strong>Sw. interpretation:<\/strong> Tomas Andersson Wij<\/p>\n<p>De s\u00e4ger tiderna var b\u00e4ttre f\u00f6rr<br \/>\njag k\u00e4nner ingen annan tid \u00e4n v\u00e5r<br \/>\nJag tror det finns en tid f\u00f6r stillhet<br \/>\ni svala rum dit larmen inte n\u00e5r<\/p>\n<p>Men jag s\u00e5g det i din blick<br \/>\nhur du gav upp till slut<br \/>\nHur du st\u00e4llde ner ditt glas<br \/>\noch s\u00f6kte d\u00f6rren ut<br \/>\nNej, vi n\u00e5dde aldrig platsen<br \/>\noch det rummet mellan missmod och euforia<\/p>\n<p>Trots alla krig och kompromisser<br \/>\nvi f\u00f6r\u00e4ndras mycket mindre<br \/>\n\u00e4n vi vill<\/p>\n<p>Jag krympte dig, det st\u00e4mmer<br \/>\nprecis s\u00e5 du fick plats i min pupill<br \/>\nOch vi har blundat f\u00f6r att slippa<br \/>\nse vart f\u00e4rden b\u00e4r<br \/>\nInte till paradis<br \/>\noch inte till f\u00f6rd\u00e4rv<br \/>\nNej, vi \u00e4r n\u00e5nstans d\u00e4r emellan<br \/>\nVi \u00e4r n\u00e5nstans mellan<br \/>\nmissmod och euforia<\/p>\n<p>Och vi har sl\u00f6sat bort<br \/>\nv\u00e5r gl\u00e4dje och v\u00e5r energi<br \/>\noch att uppfylla<br \/>\nen barnslig gammal fantasi<br \/>\nN\u00e4r jag v\u00e4nder mig<br \/>\noch ser tillbaks<br \/>\ns\u00e5 \u00e4r det vi<br \/>\ni missmod och euforia<\/p>\n<p><em>\u00a9 2010 Universal Music AB<\/em><\/p>\n<p><a title=\"Euforia \u2013 Helen Sj\u00f6holm sjunger Billy Joel\" href=\"https:\/\/helensjoholm.nu\/_eng\/2006-2010\/euforia-helen-sjoholm-sjunger-billy-joel\/\">Back<\/a><\/p>\n<p>&nbsp;<\/p>\n","protected":false},"excerpt":{"rendered":"<p>Original title: Summer Highland Falls Music &amp; lyrics: Billy Joel Sw. interpretation: Tomas Andersson Wij De s\u00e4ger tiderna var b\u00e4ttre f\u00f6rr jag k\u00e4nner ingen annan <a class=\"more-link\" href=\"https:\/\/helensjoholm.nu\/_eng\/2006-2010\/euforia-helen-sjoholm-sjunger-billy-joel\/lyrics-euforia\/\">Read More &#8230;<\/a><\/p>\n","protected":false},"author":1,"featured_media":0,"parent":2215,"menu_order":0,"comment_status":"closed","ping_status":"closed","template":"","meta":{"ngg_post_thumbnail":0,"footnotes":""},"class_list":["post-2222","page","type-page","status-publish","hentry"],"aioseo_notices":[],"_links":{"self":[{"href":"https:\/\/helensjoholm.nu\/_eng\/wp-json\/wp\/v2\/pages\/2222","targetHints":{"allow":["GET"]}}],"collection":[{"href":"https:\/\/helensjoholm.nu\/_eng\/wp-json\/wp\/v2\/pages"}],"about":[{"href":"https:\/\/helensjoholm.nu\/_eng\/wp-json\/wp\/v2\/types\/page"}],"author":[{"embeddable":true,"href":"https:\/\/helensjoholm.nu\/_eng\/wp-json\/wp\/v2\/users\/1"}],"replies":[{"embeddable":true,"href":"https:\/\/helensjoholm.nu\/_eng\/wp-json\/wp\/v2\/comments?post=2222"}],"version-history":[{"count":0,"href":"https:\/\/helensjoholm.nu\/_eng\/wp-json\/wp\/v2\/pages\/2222\/revisions"}],"up":[{"embeddable":true,"href":"https:\/\/helensjoholm.nu\/_eng\/wp-json\/wp\/v2\/pages\/2215"}],"wp:attachment":[{"href":"https:\/\/helensjoholm.nu\/_eng\/wp-json\/wp\/v2\/media?parent=2222"}],"curies":[{"name":"wp","href":"https:\/\/api.w.org\/{rel}","templated":true}]}}