{"id":2185,"date":"2013-05-16T21:02:11","date_gmt":"2013-05-16T19:02:11","guid":{"rendered":"http:\/\/helensjoholm.nu\/_eng\/?page_id=2185"},"modified":"2022-06-26T07:22:59","modified_gmt":"2022-06-26T05:22:59","slug":"vilar-glad-i-din-famn","status":"publish","type":"page","link":"https:\/\/helensjoholm.nu\/_eng\/2011-2015\/o-klang-och-jubeltid\/vilar-glad-i-din-famn\/","title":{"rendered":"Vilar glad. I din famn."},"content":{"rendered":"<p><strong>Music:<\/strong> Benny Andersson<br \/>\n<strong>Lyrics:<\/strong> Kristina Lugn<\/p>\n<p>Sj\u00f6n ligger t\u00e4tt mot stranden<br \/>\nHimlen o\u00e4ndligt bl\u00e5<br \/>\nJag st\u00e5r med dig i handen<br \/>\nM\u00f6rkret faller. Och du lyser s\u00e5<\/p>\n<p>Vinden vill famna skogen<br \/>\nHavet ger v\u00e5gen ro<br \/>\nV\u00e4nnen vill vara trogen<br \/>\nD\u00e4r du vandrar vill min l\u00e4ngtan bo<\/p>\n<p>Det \u00e4r k\u00e4rleken som b\u00e4r<br \/>\nmin f\u00f6rtr\u00f6stan genom livet<br \/>\nS\u00e5 jag s\u00f6ker dig, jag ropar \u00f6verallt ditt namn<br \/>\ntills jag \u00e4r i din famn;<br \/>\nvilar glad i din famn<\/p>\n<p>Vilar glad. I din famn<br \/>\nJag vilar glad. I din famn<\/p>\n<p>N\u00e4ra dig vill jag vara<br \/>\nLugn vid din varma sj\u00e4l<br \/>\nJag \u00e4r en barns\u00e5ng bara<br \/>\nDen \u00e4r enkel och menar s\u00e5 v\u00e4l<\/p>\n<p>Det \u00e4r k\u00e4rleken som b\u00e4r min f\u00f6rtr\u00f6stan genom livet<br \/>\nS\u00e5 jag s\u00f6ker dig, jag ropar \u00f6verallt ditt namn<br \/>\ntills jag \u00e4r i din famn;<br \/>\nVilar glad. I din famn<\/p>\n<p>Jag vilar glad. I din famn<\/p>\n<p><em>Copyright \u00a9 2011 Mono Music AB \/ Kopparn\u00e4set F\u00f6rlags AB<\/em><\/p>\n<p><a title=\"O klang och jubeltid\" href=\"https:\/\/helensjoholm.nu\/_eng\/2011-2015\/o-klang-och-jubeltid\/\">Back<\/a><\/p>\n","protected":false},"excerpt":{"rendered":"<p>Music: Benny Andersson Lyrics: Kristina Lugn Sj\u00f6n ligger t\u00e4tt mot stranden Himlen o\u00e4ndligt bl\u00e5 Jag st\u00e5r med dig i handen M\u00f6rkret faller. Och du lyser <a class=\"more-link\" href=\"https:\/\/helensjoholm.nu\/_eng\/2011-2015\/o-klang-och-jubeltid\/vilar-glad-i-din-famn\/\">Read More &#8230;<\/a><\/p>\n","protected":false},"author":1,"featured_media":0,"parent":2140,"menu_order":0,"comment_status":"closed","ping_status":"closed","template":"","meta":{"ngg_post_thumbnail":0,"footnotes":""},"class_list":["post-2185","page","type-page","status-publish","hentry"],"aioseo_notices":[],"_links":{"self":[{"href":"https:\/\/helensjoholm.nu\/_eng\/wp-json\/wp\/v2\/pages\/2185","targetHints":{"allow":["GET"]}}],"collection":[{"href":"https:\/\/helensjoholm.nu\/_eng\/wp-json\/wp\/v2\/pages"}],"about":[{"href":"https:\/\/helensjoholm.nu\/_eng\/wp-json\/wp\/v2\/types\/page"}],"author":[{"embeddable":true,"href":"https:\/\/helensjoholm.nu\/_eng\/wp-json\/wp\/v2\/users\/1"}],"replies":[{"embeddable":true,"href":"https:\/\/helensjoholm.nu\/_eng\/wp-json\/wp\/v2\/comments?post=2185"}],"version-history":[{"count":0,"href":"https:\/\/helensjoholm.nu\/_eng\/wp-json\/wp\/v2\/pages\/2185\/revisions"}],"up":[{"embeddable":true,"href":"https:\/\/helensjoholm.nu\/_eng\/wp-json\/wp\/v2\/pages\/2140"}],"wp:attachment":[{"href":"https:\/\/helensjoholm.nu\/_eng\/wp-json\/wp\/v2\/media?parent=2185"}],"curies":[{"name":"wp","href":"https:\/\/api.w.org\/{rel}","templated":true}]}}