{"id":2174,"date":"2013-05-16T20:53:05","date_gmt":"2013-05-16T18:53:05","guid":{"rendered":"http:\/\/helensjoholm.nu\/_eng\/?page_id=2174"},"modified":"2022-06-26T07:22:33","modified_gmt":"2022-06-26T05:22:33","slug":"de-ljuva-drommarnas-orkester","status":"publish","type":"page","link":"https:\/\/helensjoholm.nu\/_eng\/2011-2015\/o-klang-och-jubeltid\/de-ljuva-drommarnas-orkester\/","title":{"rendered":"De ljuva dr\u00f6mmarnas orkester"},"content":{"rendered":"<p><strong>Music:<\/strong> Benny Andersson<br \/>\n<strong>Lyrics:<\/strong> Bj\u00f6rn Ulvaeus<\/p>\n<p>Det h\u00e4nder n\u00e4r vi spelar om \u00f6dets makter vill<br \/>\nAtt allting pl\u00f6tsligt st\u00e4mmer och att vi f\u00f6rvandlas till<br \/>\nTa-ra-ta-ra-ta-ta<br \/>\nDe ljuva dr\u00f6mmarnas orkester<\/p>\n<p>D\u00e5 vaknar v\u00e5ra sinnen<br \/>\nD\u00e5 \u00f6ppnas de p\u00e5 gl\u00e4nt<br \/>\nOch k\u00e4nslor kommer fram man knappast minns man hade k\u00e4nt<br \/>\nTa-ra-ta-ra-ta-ta<br \/>\nDe ljuva dr\u00f6mmarnas orkester<\/p>\n<p>Tillsammans n\u00e5r vi h\u00f6gre<br \/>\nVi g\u00f6r en himlaf\u00e4rd<br \/>\ntill en rimligare v\u00e4rld<\/p>\n<p>N\u00e5gra minuter bara<br \/>\nf\u00e5r vi vara i den v\u00e4rlden, vi \u00e4r bara g\u00e4ster<br \/>\nMen d\u00e4r finns n\u00e5t som r\u00f6r oss<br \/>\nOch som g\u00f6r oss till<br \/>\nDe ljuva dr\u00f6mmarnas orkester<\/p>\n<p>Tack f\u00f6r musiken<br \/>\ndetta eviga fl\u00f6de<br \/>\nSom trotsar tiden<br \/>\noch ber\u00f6r varje \u00f6de<\/p>\n<p>Ja, nog \u00e4r det ett under att tonerna kan g\u00e5<br \/>\ndirekt till hj\u00e4rtat innan hj\u00e4rnan hunnit att f\u00f6rst\u00e5<br \/>\nTa-ra-ta-ra-ta-ta<br \/>\nDe ljuva dr\u00f6mmarnas orkester<\/p>\n<p>Det \u00e4r som att vi lyfte<br \/>\nFr\u00e5n asfalt och betong<br \/>\nI en egen luftballong<br \/>\nAll gr\u00e5 tristess f\u00f6rsvinner<\/p>\n<p>Vi befinner oss som g\u00e4ster<br \/>\nP\u00e5 en dr\u00f6msemester<br \/>\nOch d\u00e4r finns n\u00e5t som r\u00f6r oss<br \/>\nOch som g\u00f6r oss till<br \/>\nDe ljuva dr\u00f6mmarnas orkester<\/p>\n<p>Och paren d\u00e4r p\u00e5 golvet som dansar t\u00e4tt f\u00f6rbi<br \/>\nde verkar r\u00e4tt s\u00e5 lyckliga och lyckliga \u00e4r vi<br \/>\nTa-ra-ta-ra-ta-ta<br \/>\nDe ljuva dr\u00f6mmarnas orkester<\/p>\n<p>Tillsammans n\u00e5r vi h\u00f6gre<br \/>\nVi g\u00f6r en himlaf\u00e4rd<br \/>\ntill en rimligare v\u00e4rld<\/p>\n<p>N\u00e5gra minuter bara<br \/>\nf\u00e5r vi vara<br \/>\ni den v\u00e4rlden, vi \u00e4r bara g\u00e4ster<br \/>\nMen d\u00e4r finns n\u00e5t som r\u00f6r oss<br \/>\nOch som g\u00f6r oss till<br \/>\nDe ljuva dr\u00f6mmarnas orkester<\/p>\n<p><em>Copyright \u00a9 2011 Mono Music AB \/ Kopparn\u00e4set F\u00f6rlags AB<\/em><\/p>\n<p><a title=\"O klang och jubeltid\" href=\"https:\/\/helensjoholm.nu\/_eng\/2011-2015\/o-klang-och-jubeltid\/\">Back<\/a><\/p>\n","protected":false},"excerpt":{"rendered":"<p>Music: Benny Andersson Lyrics: Bj\u00f6rn Ulvaeus Det h\u00e4nder n\u00e4r vi spelar om \u00f6dets makter vill Att allting pl\u00f6tsligt st\u00e4mmer och att vi f\u00f6rvandlas till Ta-ra-ta-ra-ta-ta <a class=\"more-link\" href=\"https:\/\/helensjoholm.nu\/_eng\/2011-2015\/o-klang-och-jubeltid\/de-ljuva-drommarnas-orkester\/\">Read More &#8230;<\/a><\/p>\n","protected":false},"author":1,"featured_media":0,"parent":2140,"menu_order":0,"comment_status":"closed","ping_status":"closed","template":"","meta":{"ngg_post_thumbnail":0,"footnotes":""},"class_list":["post-2174","page","type-page","status-publish","hentry"],"aioseo_notices":[],"_links":{"self":[{"href":"https:\/\/helensjoholm.nu\/_eng\/wp-json\/wp\/v2\/pages\/2174","targetHints":{"allow":["GET"]}}],"collection":[{"href":"https:\/\/helensjoholm.nu\/_eng\/wp-json\/wp\/v2\/pages"}],"about":[{"href":"https:\/\/helensjoholm.nu\/_eng\/wp-json\/wp\/v2\/types\/page"}],"author":[{"embeddable":true,"href":"https:\/\/helensjoholm.nu\/_eng\/wp-json\/wp\/v2\/users\/1"}],"replies":[{"embeddable":true,"href":"https:\/\/helensjoholm.nu\/_eng\/wp-json\/wp\/v2\/comments?post=2174"}],"version-history":[{"count":0,"href":"https:\/\/helensjoholm.nu\/_eng\/wp-json\/wp\/v2\/pages\/2174\/revisions"}],"up":[{"embeddable":true,"href":"https:\/\/helensjoholm.nu\/_eng\/wp-json\/wp\/v2\/pages\/2140"}],"wp:attachment":[{"href":"https:\/\/helensjoholm.nu\/_eng\/wp-json\/wp\/v2\/media?parent=2174"}],"curies":[{"name":"wp","href":"https:\/\/api.w.org\/{rel}","templated":true}]}}