{"id":2168,"date":"2013-05-16T20:48:08","date_gmt":"2013-05-16T18:48:08","guid":{"rendered":"http:\/\/helensjoholm.nu\/_eng\/?page_id=2168"},"modified":"2022-06-26T07:22:26","modified_gmt":"2022-06-26T05:22:26","slug":"lyrics-en-dag-i-sander","status":"publish","type":"page","link":"https:\/\/helensjoholm.nu\/_eng\/2011-2015\/o-klang-och-jubeltid\/lyrics-en-dag-i-sander\/","title":{"rendered":"En dag i s\u00e4nder"},"content":{"rendered":"<p><strong>Music:<\/strong> Benny Andersson<br \/>\n<strong>Lyrics:<\/strong> Bj\u00f6rn Ulvaeus<\/p>\n<p>Allt jag vill \u00e4r att vi tar<br \/>\nEn dag i s\u00e4nder<br \/>\nJag vill tro att tiden l\u00e4ker v\u00e5ra s\u00e5r<br \/>\nOch att det finns k\u00e4nslor kvar<br \/>\nEn dag i s\u00e4nder<br \/>\nGe oss det och t\u00e4nk p\u00e5 alla goda \u00e5r<\/p>\n<p>Ingen annan \u00e4n du sj\u00e4lv kan ta beslutet<br \/>\nJag \u00e4r ledsen att jag l\u00e4gger det p\u00e5 dig<\/p>\n<p>Se p\u00e5 mig<br \/>\nJag \u00e4r kvinnan<br \/>\nDu tog i famn<\/p>\n<p>Ta min hand<br \/>\nSn\u00e4lla, f\u00f6rl\u00e5t mig<br \/>\nI k\u00e4rlekens namn<\/p>\n<p>I det tysta ska jag sl\u00e5ss<br \/>\nEn dag i s\u00e4nder<br \/>\nF\u00f6r att vi ska hitta till varann igen<br \/>\nSakta ska vi n\u00e4rma oss<br \/>\nEn dag i s\u00e4nder<br \/>\nDet vi byggde upp en g\u00e5ng f\u00f6r l\u00e4ngesen<\/p>\n<p>Sveket det \u00e4r bara mitt och ingen annans<br \/>\nDu f\u00e5r aldrig tro jag skyller det p\u00e5 dig<\/p>\n<p>Se p\u00e5 mig<br \/>\nJag \u00e4r kvinnan<br \/>\nDu tog i famn<\/p>\n<p>Ta min hand<br \/>\nSn\u00e4lla, f\u00f6rl\u00e5t mig<br \/>\nI k\u00e4rlekens namn<\/p>\n<p>Ingen annan \u00e4n du sj\u00e4lv kan ta beslutet<br \/>\nJag \u00e4r ledsen att jag l\u00e4gger det p\u00e5 dig<\/p>\n<p>Se p\u00e5 mig<br \/>\nJag \u00e4r kvinnan<br \/>\nDu tog i famn<\/p>\n<p>Ta min hand<br \/>\nSn\u00e4lla, f\u00f6rl\u00e5t mig<br \/>\nI k\u00e4rlekens namn<\/p>\n<p><em>Copyright \u00a9 2011 Mono Music AB \/ Kopparn\u00e4set F\u00f6rlags AB<\/em><\/p>\n<p><a title=\"O klang och jubeltid\" href=\"https:\/\/helensjoholm.nu\/_eng\/2011-2015\/o-klang-och-jubeltid\/\">Back<\/a><\/p>\n","protected":false},"excerpt":{"rendered":"<p>Music: Benny Andersson Lyrics: Bj\u00f6rn Ulvaeus Allt jag vill \u00e4r att vi tar En dag i s\u00e4nder Jag vill tro att tiden l\u00e4ker v\u00e5ra s\u00e5r <a class=\"more-link\" href=\"https:\/\/helensjoholm.nu\/_eng\/2011-2015\/o-klang-och-jubeltid\/lyrics-en-dag-i-sander\/\">Read More &#8230;<\/a><\/p>\n","protected":false},"author":1,"featured_media":0,"parent":2140,"menu_order":0,"comment_status":"closed","ping_status":"closed","template":"","meta":{"ngg_post_thumbnail":0,"footnotes":""},"class_list":["post-2168","page","type-page","status-publish","hentry"],"aioseo_notices":[],"_links":{"self":[{"href":"https:\/\/helensjoholm.nu\/_eng\/wp-json\/wp\/v2\/pages\/2168","targetHints":{"allow":["GET"]}}],"collection":[{"href":"https:\/\/helensjoholm.nu\/_eng\/wp-json\/wp\/v2\/pages"}],"about":[{"href":"https:\/\/helensjoholm.nu\/_eng\/wp-json\/wp\/v2\/types\/page"}],"author":[{"embeddable":true,"href":"https:\/\/helensjoholm.nu\/_eng\/wp-json\/wp\/v2\/users\/1"}],"replies":[{"embeddable":true,"href":"https:\/\/helensjoholm.nu\/_eng\/wp-json\/wp\/v2\/comments?post=2168"}],"version-history":[{"count":0,"href":"https:\/\/helensjoholm.nu\/_eng\/wp-json\/wp\/v2\/pages\/2168\/revisions"}],"up":[{"embeddable":true,"href":"https:\/\/helensjoholm.nu\/_eng\/wp-json\/wp\/v2\/pages\/2140"}],"wp:attachment":[{"href":"https:\/\/helensjoholm.nu\/_eng\/wp-json\/wp\/v2\/media?parent=2168"}],"curies":[{"name":"wp","href":"https:\/\/api.w.org\/{rel}","templated":true}]}}