{"id":2158,"date":"2013-05-16T20:37:03","date_gmt":"2013-05-16T18:37:03","guid":{"rendered":"http:\/\/helensjoholm.nu\/_eng\/?page_id=2158"},"modified":"2022-06-26T07:22:11","modified_gmt":"2022-06-26T05:22:11","slug":"lyrics-manstralar-klara","status":"publish","type":"page","link":"https:\/\/helensjoholm.nu\/_eng\/2011-2015\/o-klang-och-jubeltid\/lyrics-manstralar-klara\/","title":{"rendered":"M\u00e5nstr\u00e5lar klara"},"content":{"rendered":"<p><strong>Music:<\/strong> Trad.<br \/>\n<strong>Lyrics:<\/strong> Arvid \u00d6dmann<\/p>\n<p>M\u00e5nstr\u00e5lar klara glimma<br \/>\nVinden sakta d\u00f6r<br \/>\nOch i den sena timma<br \/>\nJag mandolinen r\u00f6r<br \/>\nBakom balkongens galler<br \/>\nEn skugga jag skymta, ser<br \/>\nOch i gondolen faller<br \/>\nEn ros till s\u00e5ngarn ner<\/p>\n<p>Ljuvt \u00e4r att dr\u00f6mma<br \/>\nSorgerna gl\u00f6mma<br \/>\nTonerna str\u00f6mma<br \/>\nTill henne opp<br \/>\nGlimrande stj\u00e4rna<br \/>\nHimmelska t\u00e4rna,<br \/>\nSkydda och v\u00e4rna<br \/>\nK\u00e4rlekens hopp!<\/p>\n<p>Bakom balkongens galler<br \/>\nEn skugga jag skymta, ser<br \/>\nOch i gondolen faller<br \/>\nEn ros till s\u00e5ngarn ner<\/p>\n<p>Ljuvt \u00e4r att dr\u00f6mma<br \/>\nSorgerna gl\u00f6mma<br \/>\nTonerna str\u00f6mma<br \/>\nTill henne opp<br \/>\nGlimrande stj\u00e4rna<br \/>\nHimmelska t\u00e4rna,<br \/>\nSkydda och v\u00e4rna<br \/>\nK\u00e4rlekens hopp!<\/p>\n<p><a title=\"O klang och jubeltid\" href=\"https:\/\/helensjoholm.nu\/_eng\/2011-2015\/o-klang-och-jubeltid\/\">Back<\/a><\/p>\n","protected":false},"excerpt":{"rendered":"<p>Music: Trad. Lyrics: Arvid \u00d6dmann M\u00e5nstr\u00e5lar klara glimma Vinden sakta d\u00f6r Och i den sena timma Jag mandolinen r\u00f6r Bakom balkongens galler En skugga jag <a class=\"more-link\" href=\"https:\/\/helensjoholm.nu\/_eng\/2011-2015\/o-klang-och-jubeltid\/lyrics-manstralar-klara\/\">Read More &#8230;<\/a><\/p>\n","protected":false},"author":1,"featured_media":0,"parent":2140,"menu_order":0,"comment_status":"closed","ping_status":"closed","template":"","meta":{"ngg_post_thumbnail":0,"footnotes":""},"class_list":["post-2158","page","type-page","status-publish","hentry"],"aioseo_notices":[],"_links":{"self":[{"href":"https:\/\/helensjoholm.nu\/_eng\/wp-json\/wp\/v2\/pages\/2158","targetHints":{"allow":["GET"]}}],"collection":[{"href":"https:\/\/helensjoholm.nu\/_eng\/wp-json\/wp\/v2\/pages"}],"about":[{"href":"https:\/\/helensjoholm.nu\/_eng\/wp-json\/wp\/v2\/types\/page"}],"author":[{"embeddable":true,"href":"https:\/\/helensjoholm.nu\/_eng\/wp-json\/wp\/v2\/users\/1"}],"replies":[{"embeddable":true,"href":"https:\/\/helensjoholm.nu\/_eng\/wp-json\/wp\/v2\/comments?post=2158"}],"version-history":[{"count":0,"href":"https:\/\/helensjoholm.nu\/_eng\/wp-json\/wp\/v2\/pages\/2158\/revisions"}],"up":[{"embeddable":true,"href":"https:\/\/helensjoholm.nu\/_eng\/wp-json\/wp\/v2\/pages\/2140"}],"wp:attachment":[{"href":"https:\/\/helensjoholm.nu\/_eng\/wp-json\/wp\/v2\/media?parent=2158"}],"curies":[{"name":"wp","href":"https:\/\/api.w.org\/{rel}","templated":true}]}}