{"id":2152,"date":"2013-05-16T20:27:18","date_gmt":"2013-05-16T18:27:18","guid":{"rendered":"http:\/\/helensjoholm.nu\/_eng\/?page_id=2152"},"modified":"2022-06-26T07:22:02","modified_gmt":"2022-06-26T05:22:02","slug":"lyrics-kara-syster","status":"publish","type":"page","link":"https:\/\/helensjoholm.nu\/_eng\/2011-2015\/o-klang-och-jubeltid\/lyrics-kara-syster\/","title":{"rendered":"K\u00e4ra syster"},"content":{"rendered":"<p><strong>Music:<\/strong> Benny Andersson<br \/>\n<strong>Lyrics:<\/strong> Bj\u00f6rn Ulvaeus<\/p>\n<p>K\u00e4ra Syster, du kan v\u00e4lja den man du behagar<br \/>\nSom en drottning skrider du in i ett rum<br \/>\nEn gudinna, som ler<br \/>\n\u00c4r vad karlarna ser<br \/>\nOch jag k\u00e4nner mig hoppl\u00f6s och dum<\/p>\n<p>K\u00e4ra Syster, det \u00e4r inte ditt fel att du str\u00e5lar<br \/>\nSom en stj\u00e4rna &#8211; succ\u00e9en \u00e4r din<br \/>\nDu kan f\u00e5 alla m\u00e4n<br \/>\nDen du tar kanske \u00e4r den jag mister<br \/>\nF\u00f6r K\u00e4ra Syster<br \/>\nEn av dom \u00e4r min<\/p>\n<p>K\u00e4ra Syster, att bli avgudad m\u00e5ste va&#8217; h\u00e4rligt<br \/>\nS\u00e4g, hur k\u00e4nns det<br \/>\nBlir man berusad av makt<br \/>\nDet g\u00f6r ont inom mig<br \/>\nAtt se m\u00e4n kr\u00e5ma sig<br \/>\nDu befaller; det blir som du sagt<\/p>\n<p>K\u00e4ra Syster, vad \u00e4r k\u00e4rlek f\u00f6r dig innerst inne<br \/>\nHar den drabbat dig n\u00e5gonsin<br \/>\nDu kan f\u00e5 alla m\u00e4n<br \/>\nDen du tar kanske \u00e4r den jag mister<br \/>\nF\u00f6r K\u00e4ra Syster<br \/>\nEn av dom \u00e4r min<\/p>\n<p>K\u00e4ra Syster, n\u00e4r jag ser honom st\u00e5 d\u00e4r bredvid dig<br \/>\nSom en hundvalp, borde jag v\u00e4nda och g\u00e5<br \/>\nMen jag st\u00e5r \u00e4nd\u00e5 kvar<br \/>\nAll den stolthet jag har<br \/>\n\u00c4r som bortbl\u00e5st, det \u00e4r bara s\u00e5<\/p>\n<p>K\u00e4ra Syster, han \u00e4r allting f\u00f6r mig ska du veta<br \/>\nMen han kan alltf\u00f6r l\u00e4tt bli din<br \/>\nDu kan f\u00e5 alla m\u00e4n<br \/>\nDen du tar kanske \u00e4r den jag mister<br \/>\nF\u00f6r K\u00e4ra Syster<br \/>\nEn av dom \u00e4r min<\/p>\n<p>En av m\u00e4nnen du ser<br \/>\nHar jag tagit med fel och med brister<br \/>\nJa, K\u00e4ra Syster<br \/>\nEn av dom \u00e4r min<\/p>\n<p><em>Copyright \u00a9 2011 Mono Music AB \/ Kopparn\u00e4set F\u00f6rlags AB<\/em><\/p>\n<p><a title=\"O klang och jubeltid\" href=\"https:\/\/helensjoholm.nu\/_eng\/2011-2015\/o-klang-och-jubeltid\/\">Back<\/a><\/p>\n","protected":false},"excerpt":{"rendered":"<p>Music: Benny Andersson Lyrics: Bj\u00f6rn Ulvaeus K\u00e4ra Syster, du kan v\u00e4lja den man du behagar Som en drottning skrider du in i ett rum En <a class=\"more-link\" href=\"https:\/\/helensjoholm.nu\/_eng\/2011-2015\/o-klang-och-jubeltid\/lyrics-kara-syster\/\">Read More &#8230;<\/a><\/p>\n","protected":false},"author":1,"featured_media":0,"parent":2140,"menu_order":0,"comment_status":"closed","ping_status":"closed","template":"","meta":{"ngg_post_thumbnail":0,"footnotes":""},"class_list":["post-2152","page","type-page","status-publish","hentry"],"aioseo_notices":[],"_links":{"self":[{"href":"https:\/\/helensjoholm.nu\/_eng\/wp-json\/wp\/v2\/pages\/2152","targetHints":{"allow":["GET"]}}],"collection":[{"href":"https:\/\/helensjoholm.nu\/_eng\/wp-json\/wp\/v2\/pages"}],"about":[{"href":"https:\/\/helensjoholm.nu\/_eng\/wp-json\/wp\/v2\/types\/page"}],"author":[{"embeddable":true,"href":"https:\/\/helensjoholm.nu\/_eng\/wp-json\/wp\/v2\/users\/1"}],"replies":[{"embeddable":true,"href":"https:\/\/helensjoholm.nu\/_eng\/wp-json\/wp\/v2\/comments?post=2152"}],"version-history":[{"count":0,"href":"https:\/\/helensjoholm.nu\/_eng\/wp-json\/wp\/v2\/pages\/2152\/revisions"}],"up":[{"embeddable":true,"href":"https:\/\/helensjoholm.nu\/_eng\/wp-json\/wp\/v2\/pages\/2140"}],"wp:attachment":[{"href":"https:\/\/helensjoholm.nu\/_eng\/wp-json\/wp\/v2\/media?parent=2152"}],"curies":[{"name":"wp","href":"https:\/\/api.w.org\/{rel}","templated":true}]}}