{"id":2146,"date":"2013-05-16T20:13:06","date_gmt":"2013-05-16T18:13:06","guid":{"rendered":"http:\/\/helensjoholm.nu\/_eng\/?page_id=2146"},"modified":"2022-06-26T07:21:53","modified_gmt":"2022-06-26T05:21:53","slug":"lyrics-o-klang-och-jubeltid","status":"publish","type":"page","link":"https:\/\/helensjoholm.nu\/_eng\/2011-2015\/o-klang-och-jubeltid\/lyrics-o-klang-och-jubeltid\/","title":{"rendered":"O klang och jubeltid"},"content":{"rendered":"<p><strong>Music:<\/strong> Benny Andersson<br \/>\n<strong>Lyrics:<\/strong> Bj\u00f6rn Ulvaeus<\/p>\n<p>Vi sj\u00f6ng: Den blomstertid nu kommer<br \/>\nOch s\u00e5g en framtid utan slut<br \/>\nEn evig r\u00e4cka gr\u00f6na somrar<br \/>\nJa, s\u00e5 s\u00e5g verkligheten ut<\/p>\n<p>Sen sj\u00f6ng vi om studentens lyckliga dag<br \/>\nHj\u00e4rtat slog och \u00e4n bodde ingen storm i v\u00e5ra sinnen<br \/>\nS\u00e5 lever den i v\u00e5ra minnen<br \/>\nV\u00e5r dr\u00f6m om sommarlovet utan slut<br \/>\nO klang och jubeltid<br \/>\nVar finns du, k\u00e4re v\u00e4n<br \/>\nJag minns dig som en glad kamrat och ville g\u00e4rna se dig igen<\/p>\n<p>O klang och jubeltid<br \/>\nJag vet ju att du fanns<br \/>\nJag slutar inte hoppas, kanske ses vi \u00e5ter n\u00e5n g\u00e5ng n\u00e5nstans<br \/>\nDu kanske bara var en k\u00e4nsla<br \/>\nOch aldrig krass realitet<br \/>\nEn s\u00e5n kan likv\u00e4l vara sanning<br \/>\nF\u00f6r den som inget annat vet<\/p>\n<p>Du nalkas ljuva sommar, sj\u00f6ng vi en g\u00e5ng<br \/>\nSalig den som tror och som \u00e4nnu b\u00e4r p\u00e5 framtidsdr\u00f6mmar<br \/>\nDet \u00e4r den kraft som genomstr\u00f6mmar<br \/>\nV\u00e5r existens, v\u00e5r sanna verklighet<br \/>\nO klang och jubeltid<br \/>\nVar finns du, k\u00e4re v\u00e4n<br \/>\nJag minns dig som en glad kamrat och ville g\u00e4rna se dig igen<\/p>\n<p>O klang och jubeltid<br \/>\nJag vet ju att du fanns<br \/>\nJag slutar inte hoppas, kanske ses vi \u00e5ter n\u00e5n g\u00e5ng n\u00e5nstans<\/p>\n<p><em>Copyright \u00a9 2011 Mono Music AB \/ Kopparn\u00e4set F\u00f6rlags AB<\/em><\/p>\n<p><a title=\"O klang och jubeltid\" href=\"https:\/\/helensjoholm.nu\/_eng\/2011-2015\/o-klang-och-jubeltid\/\">Back<\/a><\/p>\n","protected":false},"excerpt":{"rendered":"<p>Music: Benny Andersson Lyrics: Bj\u00f6rn Ulvaeus Vi sj\u00f6ng: Den blomstertid nu kommer Och s\u00e5g en framtid utan slut En evig r\u00e4cka gr\u00f6na somrar Ja, s\u00e5 <a class=\"more-link\" href=\"https:\/\/helensjoholm.nu\/_eng\/2011-2015\/o-klang-och-jubeltid\/lyrics-o-klang-och-jubeltid\/\">Read More &#8230;<\/a><\/p>\n","protected":false},"author":1,"featured_media":0,"parent":2140,"menu_order":0,"comment_status":"closed","ping_status":"closed","template":"","meta":{"ngg_post_thumbnail":0,"footnotes":""},"class_list":["post-2146","page","type-page","status-publish","hentry"],"aioseo_notices":[],"_links":{"self":[{"href":"https:\/\/helensjoholm.nu\/_eng\/wp-json\/wp\/v2\/pages\/2146","targetHints":{"allow":["GET"]}}],"collection":[{"href":"https:\/\/helensjoholm.nu\/_eng\/wp-json\/wp\/v2\/pages"}],"about":[{"href":"https:\/\/helensjoholm.nu\/_eng\/wp-json\/wp\/v2\/types\/page"}],"author":[{"embeddable":true,"href":"https:\/\/helensjoholm.nu\/_eng\/wp-json\/wp\/v2\/users\/1"}],"replies":[{"embeddable":true,"href":"https:\/\/helensjoholm.nu\/_eng\/wp-json\/wp\/v2\/comments?post=2146"}],"version-history":[{"count":0,"href":"https:\/\/helensjoholm.nu\/_eng\/wp-json\/wp\/v2\/pages\/2146\/revisions"}],"up":[{"embeddable":true,"href":"https:\/\/helensjoholm.nu\/_eng\/wp-json\/wp\/v2\/pages\/2140"}],"wp:attachment":[{"href":"https:\/\/helensjoholm.nu\/_eng\/wp-json\/wp\/v2\/media?parent=2146"}],"curies":[{"name":"wp","href":"https:\/\/api.w.org\/{rel}","templated":true}]}}