{"id":2140,"date":"2013-05-15T20:41:00","date_gmt":"2013-05-15T18:41:00","guid":{"rendered":"http:\/\/helensjoholm.nu\/_eng\/?page_id=2140"},"modified":"2023-07-16T13:11:42","modified_gmt":"2023-07-16T11:11:42","slug":"o-klang-och-jubeltid","status":"publish","type":"page","link":"https:\/\/helensjoholm.nu\/_eng\/2011-2015\/o-klang-och-jubeltid\/","title":{"rendered":"O klang och jubeltid"},"content":{"rendered":"<table border=\"0\" align=\"left\">\n<tbody>\n<tr>\n<td valign=\"top\"><img loading=\"lazy\" decoding=\"async\" class=\"alignnone\" title=\"O klang och jubeltid (2011)\" src=\"https:\/\/helensjoholm.nu\/_eng\/wp-content\/gallery\/diskografi-2011-2015\/cd_oklangochjubeltid_2011.jpg\" alt=\"O klang och jubeltid (2011)\" width=\"100\" height=\"100\"><\/td>\n<td valign=\"top\"><strong>O KLANG OCH JUBELTID<\/strong><br \/>\nBenny Andersson Band<br \/>\nMono Music AB (2011)<\/td>\n<\/tr>\n<tr>\n<td colspan=\"2\"><strong>Music:<\/strong> Benny Andersson<br \/>\n<strong>Lyrics:<\/strong> Bjorn Ulvaeus, Kristina Lugn (Vilar Glad. I Din Famn) and Arvid \u00d6dmann (M\u00e5nstr\u00e5lar Klara)<br \/>\n<strong>Arrangements:<\/strong> Benny Andersson and G\u00f6ran Arnberg<\/p>\n<hr>\n<p>Note that it\u00b4s against the law to publish lyrics,<br \/>\nor translations of lyrics, without permission from the author!<br \/>\nWith the help of <a title=\"Google Translator\" href=\"http:\/\/translate.google.se\/#sv|en|\" target=\"_blank\" rel=\"noopener noreferrer\">Google Translator <\/a>you can, however, translate the lyrics for your own use.<\/td>\n<\/tr>\n<\/tbody>\n<\/table>\n<table style=\"width: 1374px;\" border=\"0\" align=\"left\">\n<tbody>\n<tr valign=\"top\">\n<td style=\"width: 1374px;\"><strong>1. O klang och jubeltid<\/strong> &#8211; Helen Sj\u00f6holm, Tommy K\u00f6rberg &amp; Kalle Moraeus <a title=\"O klang och jubeltid\" href=\"https:\/\/helensjoholm.nu\/_eng\/2011-2015\/o-klang-och-jubeltid\/lyrics-o-klang-och-jubeltid\/\">(lyrics)<\/a><\/td>\n<\/tr>\n<tr valign=\"top\">\n<td style=\"width: 1374px;\"><strong>2. K\u00e4ra syster &#8211; Helen Sj\u00f6holm<\/strong> <a title=\"K\u00e4ra syster\" href=\"https:\/\/helensjoholm.nu\/_eng\/2011-2015\/o-klang-och-jubeltid\/lyrics-kara-syster\/\">(lyrics)<\/a><\/td>\n<\/tr>\n<tr valign=\"top\">\n<td style=\"width: 1374px;\"><strong>3. <\/strong>M\u00e5nstr\u00e5lar klara &#8211; Tommy K\u00f6rberg <a title=\"M\u00e5nstr\u00e5lar klara\" href=\"https:\/\/helensjoholm.nu\/_eng\/2011-2015\/o-klang-och-jubeltid\/lyrics-manstralar-klara\/\">(lyrics)<\/a><\/td>\n<\/tr>\n<tr valign=\"top\">\n<td style=\"width: 1374px;\"><strong>4. <\/strong>Midsommarpolka<\/td>\n<\/tr>\n<tr valign=\"top\">\n<td style=\"width: 1374px;\"><strong>5. Allt syns n\u00e4r man \u00e4r naken &#8211; Helen Sj\u00f6holm, Tommy K\u00f6rberg &amp; Kalle Moraeus<\/strong> <a href=\"https:\/\/helensjoholm.nu\/_eng\/2011-2015\/o-klang-och-jubeltid\/lyrics-allt-syns-nar-man-ar-naken\/\">(lyrics)<\/a><\/td>\n<\/tr>\n<tr valign=\"top\">\n<td style=\"width: 1374px;\"><strong>6. <\/strong>Alla goda ting<\/td>\n<\/tr>\n<tr valign=\"top\">\n<td style=\"width: 1374px;\"><strong>7. En dag i s\u00e4nder &#8211; Helen Sj\u00f6holm<\/strong> <a title=\"En dag i s\u00e4nder\" href=\"https:\/\/helensjoholm.nu\/_eng\/2011-2015\/o-klang-och-jubeltid\/lyrics-en-dag-i-sander\/\">(lyrics)<\/a><\/td>\n<\/tr>\n<tr valign=\"top\">\n<td style=\"width: 1374px;\"><strong>8.<\/strong> Flickornas rum<\/td>\n<\/tr>\n<tr valign=\"top\">\n<td style=\"width: 1374px;\"><strong>9.&nbsp;De ljuva dr\u00f6mmarnas orkester &#8211; Helen Sj\u00f6holm, Tommy K\u00f6rberg &amp; Kalle Moraeus<\/strong> <a title=\"De ljuva dr\u00f6mmarnas orkester\" href=\"https:\/\/helensjoholm.nu\/_eng\/2011-2015\/o-klang-och-jubeltid\/de-ljuva-drommarnas-orkester\/\">(lyrics)<\/a><\/td>\n<\/tr>\n<tr valign=\"top\">\n<td style=\"width: 1374px;\"><strong>10. <\/strong>Jag h\u00f6r&#8230; &#8211; Tommy K\u00f6rberg <a title=\"Jag h\u00f6r\u2026\" href=\"https:\/\/helensjoholm.nu\/_eng\/2011-2015\/o-klang-och-jubeltid\/jag-hor\/\">(lyrics)<\/a><\/td>\n<\/tr>\n<tr valign=\"top\">\n<td style=\"width: 1374px;\"><strong>11. <\/strong>Sorgmarsch<\/td>\n<\/tr>\n<tr valign=\"top\">\n<td style=\"width: 1374px;\"><strong>12. Vilar glad. I din famn &#8211; Helen Sj\u00f6holm<\/strong> <a title=\"Vilar glad. I din famn.\" href=\"https:\/\/helensjoholm.nu\/_eng\/2011-2015\/o-klang-och-jubeltid\/vilar-glad-i-din-famn\/\">(lyrics)<\/a><\/td>\n<\/tr>\n<tr valign=\"top\">\n<td style=\"width: 1374px;\"><strong>13. <\/strong>Brudmarsch<\/td>\n<\/tr>\n<\/tbody>\n<\/table>\n<table style=\"width: 550px;\" border=\"0\" align=\"left\">\n<tbody>\n<tr>\n<td style=\"width: 110px;\" valign=\"top\">\n<p><img loading=\"lazy\" decoding=\"async\" class=\"alignnone\" title=\"Single: Allt syns n\u00e4r man \u00e4r naken (2011)\" src=\"https:\/\/helensjoholm.nu\/_eng\/wp-content\/gallery\/diskografi-2011-2015\/singel_alltsynsnarmanarnake.jpg\" alt=\"Single: Allt syns n\u00e4r man \u00e4r naken (2011)\" width=\"100\" height=\"100\"><\/p>\n<p><b>SINGLES<br \/>\nALLT SYNS N\u00c4R MAN \u00c4R NAKEN<br \/>\n<\/b> Mono Music AB (2011)<\/td>\n<td style=\"width: 110px;\" valign=\"top\">\n<p><img loading=\"lazy\" decoding=\"async\" class=\"alignnone\" title=\"Single: K\u00e4ra syster (2011)\" src=\"https:\/\/helensjoholm.nu\/_eng\/wp-content\/gallery\/diskografi-2011-2015\/singel_karasyster_2011.jpg\" alt=\"Single: K\u00e4ra syster (2011)\" width=\"100\" height=\"100\"><b><\/b><\/p>\n<p><b>K\u00c4RA SYSTER<br \/>\n<\/b> Mono Music AB (2011)<\/td>\n<\/tr>\n<\/tbody>\n<\/table>\n<h5>Listen!<\/h5>\n<hr>\n<p><iframe title=\"Spotify Embed: O klang och jubeltid\" style=\"border-radius: 12px\" width=\"100%\" height=\"352\" frameborder=\"0\" allowfullscreen allow=\"autoplay; clipboard-write; encrypted-media; fullscreen; picture-in-picture\" loading=\"lazy\" src=\"https:\/\/open.spotify.com\/embed\/album\/5L12oeXDf1ofwMyp0fviRE?utm_source=oembed\"><\/iframe><\/p>\n<p><a href=\"https:\/\/helensjoholm.nu\/_eng\/2011-2015\/\">Back<\/a><\/p>\n","protected":false},"excerpt":{"rendered":"<p>O KLANG OCH JUBELTID Benny Andersson Band Mono Music AB (2011) Music: Benny Andersson Lyrics: Bjorn Ulvaeus, Kristina Lugn (Vilar Glad. I Din Famn) and <a class=\"more-link\" href=\"https:\/\/helensjoholm.nu\/_eng\/2011-2015\/o-klang-och-jubeltid\/\">Read More &#8230;<\/a><\/p>\n","protected":false},"author":1,"featured_media":0,"parent":182,"menu_order":0,"comment_status":"closed","ping_status":"open","template":"","meta":{"ngg_post_thumbnail":0,"footnotes":""},"class_list":["post-2140","page","type-page","status-publish","hentry"],"aioseo_notices":[],"_links":{"self":[{"href":"https:\/\/helensjoholm.nu\/_eng\/wp-json\/wp\/v2\/pages\/2140","targetHints":{"allow":["GET"]}}],"collection":[{"href":"https:\/\/helensjoholm.nu\/_eng\/wp-json\/wp\/v2\/pages"}],"about":[{"href":"https:\/\/helensjoholm.nu\/_eng\/wp-json\/wp\/v2\/types\/page"}],"author":[{"embeddable":true,"href":"https:\/\/helensjoholm.nu\/_eng\/wp-json\/wp\/v2\/users\/1"}],"replies":[{"embeddable":true,"href":"https:\/\/helensjoholm.nu\/_eng\/wp-json\/wp\/v2\/comments?post=2140"}],"version-history":[{"count":0,"href":"https:\/\/helensjoholm.nu\/_eng\/wp-json\/wp\/v2\/pages\/2140\/revisions"}],"up":[{"embeddable":true,"href":"https:\/\/helensjoholm.nu\/_eng\/wp-json\/wp\/v2\/pages\/182"}],"wp:attachment":[{"href":"https:\/\/helensjoholm.nu\/_eng\/wp-json\/wp\/v2\/media?parent=2140"}],"curies":[{"name":"wp","href":"https:\/\/api.w.org\/{rel}","templated":true}]}}