{"id":2128,"date":"2013-05-15T20:23:49","date_gmt":"2013-05-15T18:23:49","guid":{"rendered":"http:\/\/helensjoholm.nu\/_eng\/?page_id=2128"},"modified":"2020-03-23T19:48:01","modified_gmt":"2020-03-23T17:48:01","slug":"aniara","status":"publish","type":"page","link":"https:\/\/helensjoholm.nu\/_eng\/2011-2015\/aniara\/","title":{"rendered":"Aniara"},"content":{"rendered":"<table align=\"left\" border=\"0\">\n<tbody>\n<tr>\n<td><img loading=\"lazy\" decoding=\"async\" width=\"100\" height=\"100\" title=\"Aniara (2012)\" class=\"alignnone\" alt=\"Aniara (2012)\" src=\"http:\/\/helensjoholm.nu\/wp-content\/gallery\/diskografi\/cd_aniara_2012.jpg\"><\/td>\n<td valign=\"top\" style=\"width: 458px;\"><strong>ANIARA<\/strong><br \/>\nEMI (2012)<\/td>\n<\/tr>\n<tr>\n<td style=\"width: 601px;\" colspan=\"2\"><strong>1.<\/strong> N\u00f6dgir<\/td>\n<\/tr>\n<tr>\n<td style=\"width: 601px;\" colspan=\"2\"><strong>2. <\/strong> Yurg<\/td>\n<\/tr>\n<tr>\n<td style=\"width: 601px;\" colspan=\"2\"><strong> 3. S\u00e5 V\u00e4nde Vinden INTRO &#8211; Helen Sj\u00f6holm<\/strong><\/td>\n<\/tr>\n<tr>\n<td style=\"width: 601px;\" colspan=\"2\"><strong>4.<\/strong> <strong>S\u00e5 V\u00e4nde Vinden &#8211; Helen Sj\u00f6holm<\/strong> <a title=\"S\u00e5 v\u00e4nde vinden\" href=\"https:\/\/helensjoholm.nu\/_eng\/sa-vande-vinden\/\">(lyrics)<\/a><\/td>\n<\/tr>\n<tr>\n<td style=\"width: 601px;\" colspan=\"2\"><strong>5.<\/strong> Glas<\/td>\n<\/tr>\n<tr>\n<td style=\"width: 601px;\" colspan=\"2\"><strong>6. <\/strong> Miman &#8211; Claire Wickholm<\/td>\n<\/tr>\n<tr>\n<td style=\"width: 601px;\" colspan=\"2\"><strong>7. <\/strong> <strong>Rosornas Gud &#8211; Helen Sj\u00f6holm<\/strong>&nbsp;<a title=\"Rosornas Gud\" href=\"https:\/\/helensjoholm.nu\/_eng\/2011-and-forward-2\/aniara\/rosornas-gud\/\">(lyrics)<\/a><\/td>\n<\/tr>\n<tr>\n<td style=\"width: 601px;\" colspan=\"2\"><strong>8.<\/strong> K\u00e4rlekskult<\/td>\n<\/tr>\n<tr>\n<td style=\"width: 601px;\" colspan=\"2\"><strong>9. <\/strong> Miman \u00e4r D\u00f6d<\/td>\n<\/tr>\n<tr>\n<td style=\"width: 601px;\" colspan=\"2\"><strong>10.<\/strong> H\u00f6gkomiker Sandon &#8211; Dan Ekborg<\/td>\n<\/tr>\n<tr>\n<td style=\"width: 601px;\" colspan=\"2\"><strong>11.<\/strong> <strong>All Strid Om Himlen &#8211; Helen Sj\u00f6holm<\/strong>&nbsp;<a title=\"All strid om himlen\" href=\"https:\/\/helensjoholm.nu\/_eng\/all-strid-om-himlen\/\">(lyrics)<\/a><\/td>\n<\/tr>\n<tr>\n<td style=\"width: 601px;\" colspan=\"2\"><strong>12. <\/strong> Dr\u00f6mrid\u00e5<\/td>\n<\/tr>\n<tr>\n<td style=\"width: 601px;\" colspan=\"2\"><strong>13. <\/strong> Rymdmatrosen &#8211; Sven Wollter<\/td>\n<\/tr>\n<tr>\n<td style=\"width: 601px;\" colspan=\"2\"><strong>14. <\/strong> N\u00f6dsignal<\/td>\n<\/tr>\n<tr>\n<td style=\"width: 601px;\" colspan=\"2\"><strong>15.<\/strong> Check In<\/td>\n<\/tr>\n<tr>\n<td style=\"width: 601px;\" colspan=\"2\"><strong>16.<\/strong> <strong>Hur Sv\u00e5rt att Tro &#8211; Helen Sj\u00f6holm and choir<\/strong>&nbsp;<a title=\"Hur sv\u00e5rt att tro\" href=\"https:\/\/helensjoholm.nu\/_eng\/2011-and-forward-2\/aniara\/hur-svart-att-tro\/\">(lyrics)<\/a><\/td>\n<\/tr>\n<tr>\n<td style=\"width: 601px;\" colspan=\"2\"><strong>17.<\/strong> <strong>Jag s\u00e5g Ljus &#8211; Helen Sj\u00f6holm &amp; Helge Skoog<\/strong><\/td>\n<\/tr>\n<tr>\n<td style=\"width: 601px;\" colspan=\"2\"><strong>18.<\/strong> <strong>S\u00e5 V\u00e4nde Vinden (recorded in All Saints Church) &#8211; Helen Sj\u00f6holm etc.<\/strong><\/td>\n<\/tr>\n<\/tbody>\n<\/table>\n<h5>Listen!<\/h5>\n<hr>\n<p><iframe loading=\"lazy\" title=\"Spotify Embed: Aniara\" width=\"300\" height=\"380\" allowtransparency=\"true\" frameborder=\"0\" allow=\"encrypted-media\" src=\"https:\/\/open.spotify.com\/embed\/album\/4XHoDDPDBTQqBV6Jq7qbuD\"><\/iframe><\/p>\n<p><a href=\"https:\/\/helensjoholm.nu\/_eng\/2011-2015\/\">Back<\/a><\/p>\n","protected":false},"excerpt":{"rendered":"<p>ANIARA EMI (2012) 1. N\u00f6dgir 2. Yurg 3. S\u00e5 V\u00e4nde Vinden INTRO &#8211; Helen Sj\u00f6holm 4. S\u00e5 V\u00e4nde Vinden &#8211; Helen Sj\u00f6holm (lyrics) 5. Glas <a class=\"more-link\" href=\"https:\/\/helensjoholm.nu\/_eng\/2011-2015\/aniara\/\">Read More &#8230;<\/a><\/p>\n","protected":false},"author":1,"featured_media":0,"parent":182,"menu_order":0,"comment_status":"closed","ping_status":"open","template":"","meta":{"ngg_post_thumbnail":0,"footnotes":""},"class_list":["post-2128","page","type-page","status-publish","hentry"],"aioseo_notices":[],"_links":{"self":[{"href":"https:\/\/helensjoholm.nu\/_eng\/wp-json\/wp\/v2\/pages\/2128","targetHints":{"allow":["GET"]}}],"collection":[{"href":"https:\/\/helensjoholm.nu\/_eng\/wp-json\/wp\/v2\/pages"}],"about":[{"href":"https:\/\/helensjoholm.nu\/_eng\/wp-json\/wp\/v2\/types\/page"}],"author":[{"embeddable":true,"href":"https:\/\/helensjoholm.nu\/_eng\/wp-json\/wp\/v2\/users\/1"}],"replies":[{"embeddable":true,"href":"https:\/\/helensjoholm.nu\/_eng\/wp-json\/wp\/v2\/comments?post=2128"}],"version-history":[{"count":0,"href":"https:\/\/helensjoholm.nu\/_eng\/wp-json\/wp\/v2\/pages\/2128\/revisions"}],"up":[{"embeddable":true,"href":"https:\/\/helensjoholm.nu\/_eng\/wp-json\/wp\/v2\/pages\/182"}],"wp:attachment":[{"href":"https:\/\/helensjoholm.nu\/_eng\/wp-json\/wp\/v2\/media?parent=2128"}],"curies":[{"name":"wp","href":"https:\/\/api.w.org\/{rel}","templated":true}]}}