{"id":2123,"date":"2013-05-15T20:15:39","date_gmt":"2013-05-15T18:15:39","guid":{"rendered":"http:\/\/helensjoholm.nu\/_eng\/?page_id=2123"},"modified":"2022-06-26T07:26:32","modified_gmt":"2022-06-26T05:26:32","slug":"harliga-tid-som-randas","status":"publish","type":"page","link":"https:\/\/helensjoholm.nu\/_eng\/2011-2015\/cowboybengts-vender-tillbage\/harliga-tid-som-randas\/","title":{"rendered":"H\u00e4rliga Tid Som Randas"},"content":{"rendered":"<p><strong>Gel\u00e9n Heaeux \/ Dr Laos cirkusorkester \/ Karins kor<\/strong><\/p>\n<p>Morgonen vaknar med kvitter i hagen<br \/>\nF\u00f6rv\u00e5nansv\u00e4rt varmt s\u00e5 h\u00e4r tidigt p\u00e5 dagen<br \/>\nSj\u00f6n som en spegel, syns inte ett svall<br \/>\nInte en molntuss p\u00e5 himlen<\/p>\n<p>Allting \u00e4r stilla h\u00e4r utanf\u00f6r tiden<br \/>\n\u00c5t sargade hj\u00e4rtan den innersta friden<br \/>\nSolen som skimrande stiger i skyn<br \/>\nS\u00e4nder sin str\u00e5lglans till scenen, men<\/p>\n<p>L\u00e4ngst in i berget<br \/>\nD\u00e4r n\u00e4tterna bor<br \/>\nFinns en vidunderlig sten<br \/>\nTung \u00e4r den stenen mot jorden<br \/>\nTung i en m\u00e4nskosj\u00e4l<\/p>\n<p>S\u00e5ngen som ekar i minnenas boning<br \/>\nOm mod att f\u00f6rl\u00e5ta, om hopp och f\u00f6rsoning<br \/>\nSagor och s\u00e4gner om blodr\u00f6da hav<br \/>\nVattnet var vin, sa de gamle<\/p>\n<p>Se hur vi dansar en stund h\u00e4r p\u00e5 jorden<br \/>\nH\u00f6r leken och skratten, h\u00f6r s\u00e5ngen och orden<br \/>\nSolen som sk\u00e4lvande sjunker i sj\u00f6n<br \/>\nSk\u00e4nker sitt skimmer \u00e5t synen, men<\/p>\n<p>L\u00e4ngst in i skogen<br \/>\nD\u00e4r dimmorna bor<br \/>\nV\u00e4xer ett underligt tr\u00e4d<br \/>\nGrenarnas skuggor \u00e4r l\u00e5nga<br \/>\nSkr\u00e4mmer en m\u00e4nskosj\u00e4l<\/p>\n<p>Vill du f\u00f6lja med?<br \/>\nF\u00e5r jag f\u00f6lja er?<br \/>\nTankarna blev s\u00e5 dumma \/ tunga<br \/>\nNu \u00e4r det tid att sjunga<br \/>\nS\u00e5 sa En Rolig Man<br \/>\nS\u00e5 s\u00e4ger jag<br \/>\nF\u00f6r<br \/>\nVatten, det har vi att dricka<br \/>\nLuften har vi att andas<br \/>\nH\u00e4rliga tid som randas<br \/>\nS\u00e5 sa En Rolig Man<br \/>\nS\u00e5 s\u00e4ger ocks\u00e5 jag<\/p>\n<p><em>\u00a9 2012 Pink Sheet Music<\/em><\/p>\n<p><a title=\"Cowboybengts vender tillbage\" href=\"https:\/\/helensjoholm.nu\/_eng\/2011-and-forward-2\/2101-2\/\">Tillbaka<\/a><\/p>\n","protected":false},"excerpt":{"rendered":"<p>Gel\u00e9n Heaeux \/ Dr Laos cirkusorkester \/ Karins kor Morgonen vaknar med kvitter i hagen F\u00f6rv\u00e5nansv\u00e4rt varmt s\u00e5 h\u00e4r tidigt p\u00e5 dagen Sj\u00f6n som en <a class=\"more-link\" href=\"https:\/\/helensjoholm.nu\/_eng\/2011-2015\/cowboybengts-vender-tillbage\/harliga-tid-som-randas\/\">Read More &#8230;<\/a><\/p>\n","protected":false},"author":1,"featured_media":0,"parent":2101,"menu_order":0,"comment_status":"closed","ping_status":"closed","template":"","meta":{"ngg_post_thumbnail":0,"footnotes":""},"class_list":["post-2123","page","type-page","status-publish","hentry"],"aioseo_notices":[],"_links":{"self":[{"href":"https:\/\/helensjoholm.nu\/_eng\/wp-json\/wp\/v2\/pages\/2123","targetHints":{"allow":["GET"]}}],"collection":[{"href":"https:\/\/helensjoholm.nu\/_eng\/wp-json\/wp\/v2\/pages"}],"about":[{"href":"https:\/\/helensjoholm.nu\/_eng\/wp-json\/wp\/v2\/types\/page"}],"author":[{"embeddable":true,"href":"https:\/\/helensjoholm.nu\/_eng\/wp-json\/wp\/v2\/users\/1"}],"replies":[{"embeddable":true,"href":"https:\/\/helensjoholm.nu\/_eng\/wp-json\/wp\/v2\/comments?post=2123"}],"version-history":[{"count":0,"href":"https:\/\/helensjoholm.nu\/_eng\/wp-json\/wp\/v2\/pages\/2123\/revisions"}],"up":[{"embeddable":true,"href":"https:\/\/helensjoholm.nu\/_eng\/wp-json\/wp\/v2\/pages\/2101"}],"wp:attachment":[{"href":"https:\/\/helensjoholm.nu\/_eng\/wp-json\/wp\/v2\/media?parent=2123"}],"curies":[{"name":"wp","href":"https:\/\/api.w.org\/{rel}","templated":true}]}}