{"id":2114,"date":"2013-05-15T19:58:37","date_gmt":"2013-05-15T17:58:37","guid":{"rendered":"http:\/\/helensjoholm.nu\/_eng\/?page_id=2114"},"modified":"2022-06-26T07:26:24","modified_gmt":"2022-06-26T05:26:24","slug":"grundamnenas-herre","status":"publish","type":"page","link":"https:\/\/helensjoholm.nu\/_eng\/2011-2015\/cowboybengts-vender-tillbage\/grundamnenas-herre\/","title":{"rendered":"Grund\u00e4mnenas Herre"},"content":{"rendered":"<p><strong>Trixie &amp; Lobo med Gel\u00e9n Heaeux<\/strong><\/p>\n<p><em> &#8211; Blarr! Ivar! Grund\u00e4mnenas herre! Botten!<\/em><\/p>\n<p>Det g\u00e5r en chockv\u00e5g \u00f6ver jorden<br \/>\nDen k\u00e4ndes \u00e4nda in i Norden<br \/>\nNu kan det sv\u00e5rligen bli v\u00e4rre<br \/>\n<em>(CowboyBengts sjunger som dom vill!)<\/em><br \/>\nDet \u00e4r dansen Grund\u00e4mnenas herre<br \/>\n<em>&#8211; Jajam\u00e4n&#8230; <\/em><br \/>\nOch man m\u00e5ste kunna<br \/>\nSkaka som ett provr\u00f6r<br \/>\nMan m\u00e5ste bli fr\u00e4tande<br \/>\nOch livet blir som en gas<br \/>\nDansa Grund\u00e4mnenas herre,<br \/>\ndansa Dansa Grund\u00e4mnenas herre<\/p>\n<p>Och kylan v\u00e4rmer, v\u00e4rmen kyler<br \/>\n<em>(Dansa Grund\u00e4mnenas herre, dansa)<\/em><br \/>\nN\u00e4r man kontrollerar molekyler<br \/>\n<em>(Dansa Grund\u00e4mnenas herre)<\/em><br \/>\nTillsammans l\u00f6ser vi problemet<br \/>\n<em>(Dansa Grund\u00e4mnenas herre, dansa) <\/em><br \/>\nAdj\u00f6ss, Periodiska systemet!<br \/>\n<em>(Dansa Grund\u00e4mnenas herre)<\/em><\/p>\n<p>Men d\u00e5 m\u00e5ste du va\u00b4<br \/>\nFr\u00e4tande som syra<br \/>\nDu m\u00e5ste va\u00b4flytande<br \/>\nOch livet blir som en gas<br \/>\nGas? Gas.<br \/>\nLivet blir som en gas!<br \/>\nGas? Gas.<br \/>\nLivet blir som en gas!<br \/>\nGas? Gas???<\/p>\n<p>Han driver v\u00e4rldens st\u00f6rsta disco<br \/>\n<em>(Allts\u00e5 Grund\u00e4mnenas herre, allts\u00e5) <\/em><br \/>\nFr\u00e5n Katrineholm till San Francisco<br \/>\n<em>(Dansa Grund\u00e4mnenas herre) <\/em><br \/>\nD\u00e5 ropar dom att &#8220;Karl\u00b4n \u00e4r galen!<br \/>\n<em>(Allts\u00e5 Grund\u00e4mnenas herre, allts\u00e5) <\/em><br \/>\nKan n\u00e5gon ringa larmcentralen?&#8221;<br \/>\n<em>(Dansa Grund\u00e4mnenas herre) <\/em><\/p>\n<p>Och man m\u00e5ste kunna<br \/>\nSkaka som ett provr\u00f6r<br \/>\nMan m\u00e5ste bli fr\u00e4tande<br \/>\nOch livet blir som en gas<\/p>\n<p>Dansa Grund\u00e4mnenas herre, dansa<br \/>\nDansa Grund\u00e4mnenas herre<\/p>\n<p>Livet blir som en gas<\/p>\n<p><em>\u00a9 2012 Pink Sheet Music<\/em><\/p>\n<p><a title=\"Cowboybengts vender tillbage\" href=\"https:\/\/helensjoholm.nu\/_eng\/2011-and-forward-2\/2101-2\/\">Back<\/a><\/p>\n<p>&nbsp;<\/p>\n","protected":false},"excerpt":{"rendered":"<p>Trixie &amp; Lobo med Gel\u00e9n Heaeux &#8211; Blarr! Ivar! Grund\u00e4mnenas herre! Botten! Det g\u00e5r en chockv\u00e5g \u00f6ver jorden Den k\u00e4ndes \u00e4nda in i Norden Nu <a class=\"more-link\" href=\"https:\/\/helensjoholm.nu\/_eng\/2011-2015\/cowboybengts-vender-tillbage\/grundamnenas-herre\/\">Read More &#8230;<\/a><\/p>\n","protected":false},"author":1,"featured_media":0,"parent":2101,"menu_order":0,"comment_status":"closed","ping_status":"closed","template":"","meta":{"ngg_post_thumbnail":0,"footnotes":""},"class_list":["post-2114","page","type-page","status-publish","hentry"],"aioseo_notices":[],"_links":{"self":[{"href":"https:\/\/helensjoholm.nu\/_eng\/wp-json\/wp\/v2\/pages\/2114","targetHints":{"allow":["GET"]}}],"collection":[{"href":"https:\/\/helensjoholm.nu\/_eng\/wp-json\/wp\/v2\/pages"}],"about":[{"href":"https:\/\/helensjoholm.nu\/_eng\/wp-json\/wp\/v2\/types\/page"}],"author":[{"embeddable":true,"href":"https:\/\/helensjoholm.nu\/_eng\/wp-json\/wp\/v2\/users\/1"}],"replies":[{"embeddable":true,"href":"https:\/\/helensjoholm.nu\/_eng\/wp-json\/wp\/v2\/comments?post=2114"}],"version-history":[{"count":0,"href":"https:\/\/helensjoholm.nu\/_eng\/wp-json\/wp\/v2\/pages\/2114\/revisions"}],"up":[{"embeddable":true,"href":"https:\/\/helensjoholm.nu\/_eng\/wp-json\/wp\/v2\/pages\/2101"}],"wp:attachment":[{"href":"https:\/\/helensjoholm.nu\/_eng\/wp-json\/wp\/v2\/media?parent=2114"}],"curies":[{"name":"wp","href":"https:\/\/api.w.org\/{rel}","templated":true}]}}