{"id":2108,"date":"2013-05-15T19:54:39","date_gmt":"2013-05-15T17:54:39","guid":{"rendered":"http:\/\/helensjoholm.nu\/_eng\/?page_id=2108"},"modified":"2022-06-26T07:26:09","modified_gmt":"2022-06-26T05:26:09","slug":"mia-franzen","status":"publish","type":"page","link":"https:\/\/helensjoholm.nu\/_eng\/2011-2015\/cowboybengts-vender-tillbage\/mia-franzen\/","title":{"rendered":"Mia Franz\u00e9n"},"content":{"rendered":"<p><strong>Gel\u00e9n Heaeux &amp; GAO med H. Rulofson som fris\u00f6ren Eugen<\/strong><\/p>\n<p><em>&#8211; Kan ni s\u00e4ga hur l\u00e5ngt det \u00e4r till \u00c5m\u00e5l? <\/em><br \/>\n<em>&#8211; Inte fullt \u00e5tta mil. <\/em><br \/>\n<em>&#8211; Ja, du lilla Ruth, du \u00e4r rolig du. <\/em><br \/>\n<em>&#8211; Ja, nu kan det vara din tur att vara rolig. <\/em><br \/>\n<em>&#8211; Jas\u00e5, \u00e4r det?<\/em><\/p>\n<p>Att sitta och minnas kan vara r\u00e4tt sk\u00f6nt<br \/>\nMen livet \u00e4r sv\u00e5rt att f\u00f6rklara<br \/>\nF\u00f6r femtio \u00e5r sen min k\u00e4rlek f\u00f6svann<br \/>\nHan l\u00e4mnade Sverige f\u00f6r fr\u00e4mman\u00b4land<\/p>\n<p>Vi var bara barn d\u00e5 &#8211; vi lekte en stund<br \/>\nOm det finns ej mycket att s\u00e4ga<br \/>\nF\u00f6r n\u00e5nstsans i fj\u00e4rran d\u00e4r sj\u00f6ng hon Gel\u00e9n<br \/>\nAtt hon var f\u00f6r\u00e4lskad i Mia Franz\u00e9n<\/p>\n<p>Mia Franz\u00e9n, Mia Franz\u00e9n<br \/>\nDu var prinsessan p\u00e5 spinkiga ben<br \/>\nJag var s\u00e5 svag f\u00f6r fris\u00f6rns Eugen<br \/>\nMen han var f\u00f6r\u00e4lskad i Mia Franz\u00e9n<\/p>\n<p>&#8211; \u00c4r du med p\u00e5 Zen?<\/p>\n<p>Jag kom fr\u00e5n Biscaya med sk\u00e4gget p\u00e5 svaj<br \/>\nOch Efraimm\u00e4rke i pannan<br \/>\nOm far min f\u00e5tt r\u00e5da jag kom aldrig dit<br \/>\nMen h\u00e5rv\u00e5rd var ej n\u00e5gon favorit<\/p>\n<p>I sju g\u00e5nger sju \u00e5r sju haven jag s\u00e5g<br \/>\nOm det kan jag f\u00f6ga f\u00f6rt\u00e4lja<br \/>\nJag skotade masten, jag drejade bi<br \/>\n(Och jag m\u00f6tte Fisk Ture Stenparti)<br \/>\nMen l\u00e4ngst in i hj\u00e4rtat d\u00e4r sj\u00f6ng en sir\u00e9n<br \/>\nAtt jag\/han var f\u00f6r\u00e4lskad i Mia Franz\u00e9n<\/p>\n<p>Mia Franz\u00e9n, Mia Franz\u00e9n<br \/>\nDu var prinsessan p\u00e5 spinkiga ben<br \/>\n\/\/: Jag\/hon var s\u00e5 svag f\u00f6r fris\u00f6rns Eugen<br \/>\nMen han\/jag var f\u00f6r\u00e4lskad i Mia Franz\u00e9n<\/p>\n<p>Han var f\u00f6r\u00e4lskad i Mia Franz\u00e9n<\/p>\n<p><em>\u00a9 2012 Pink Sheet Music<\/em><\/p>\n<p><a title=\"Cowboybengts vender tillbage\" href=\"https:\/\/helensjoholm.nu\/_eng\/2011-and-forward-2\/2101-2\/\">Back<\/a><\/p>\n","protected":false},"excerpt":{"rendered":"<p>Gel\u00e9n Heaeux &amp; GAO med H. Rulofson som fris\u00f6ren Eugen &#8211; Kan ni s\u00e4ga hur l\u00e5ngt det \u00e4r till \u00c5m\u00e5l? &#8211; Inte fullt \u00e5tta mil. <a class=\"more-link\" href=\"https:\/\/helensjoholm.nu\/_eng\/2011-2015\/cowboybengts-vender-tillbage\/mia-franzen\/\">Read More &#8230;<\/a><\/p>\n","protected":false},"author":1,"featured_media":0,"parent":2101,"menu_order":0,"comment_status":"closed","ping_status":"closed","template":"","meta":{"ngg_post_thumbnail":0,"footnotes":""},"class_list":["post-2108","page","type-page","status-publish","hentry"],"aioseo_notices":[],"_links":{"self":[{"href":"https:\/\/helensjoholm.nu\/_eng\/wp-json\/wp\/v2\/pages\/2108","targetHints":{"allow":["GET"]}}],"collection":[{"href":"https:\/\/helensjoholm.nu\/_eng\/wp-json\/wp\/v2\/pages"}],"about":[{"href":"https:\/\/helensjoholm.nu\/_eng\/wp-json\/wp\/v2\/types\/page"}],"author":[{"embeddable":true,"href":"https:\/\/helensjoholm.nu\/_eng\/wp-json\/wp\/v2\/users\/1"}],"replies":[{"embeddable":true,"href":"https:\/\/helensjoholm.nu\/_eng\/wp-json\/wp\/v2\/comments?post=2108"}],"version-history":[{"count":0,"href":"https:\/\/helensjoholm.nu\/_eng\/wp-json\/wp\/v2\/pages\/2108\/revisions"}],"up":[{"embeddable":true,"href":"https:\/\/helensjoholm.nu\/_eng\/wp-json\/wp\/v2\/pages\/2101"}],"wp:attachment":[{"href":"https:\/\/helensjoholm.nu\/_eng\/wp-json\/wp\/v2\/media?parent=2108"}],"curies":[{"name":"wp","href":"https:\/\/api.w.org\/{rel}","templated":true}]}}