{"id":2092,"date":"2013-05-14T20:44:39","date_gmt":"2013-05-14T18:44:39","guid":{"rendered":"http:\/\/helensjoholm.nu\/_eng\/?page_id=2092"},"modified":"2025-07-17T14:03:02","modified_gmt":"2025-07-17T12:03:02","slug":"pantbanksballader-gibrish","status":"publish","type":"page","link":"https:\/\/helensjoholm.nu\/_eng\/2011-2015\/pantbanksballader-gibrish\/","title":{"rendered":"Pantbanksballader (Gibrish)"},"content":{"rendered":"<table border=\"0\" align=\"left\">\n<tbody>\n<tr>\n<td><img loading=\"lazy\" decoding=\"async\" class=\"alignnone\" title=\"Pantbanksballader (2012)\" src=\"https:\/\/helensjoholm.nu\/_eng\/wp-content\/gallery\/diskografi-2011-2015\/cd-pantbanksballader-2012.jpg\" alt=\"Pantbanksballader (2012)\" width=\"100\" height=\"100\"><\/td>\n<td valign=\"top\"><strong>PANTBANKSBALLADER (GIBRISH)<\/strong><br \/>\nGibrish (2012)<\/td>\n<\/tr>\n<tr>\n<td colspan=\"2\"><strong> 1. <\/strong> Ingen som tror&#8230;bara Jesus<\/td>\n<\/tr>\n<tr>\n<td colspan=\"2\"><strong> 2. <\/strong> R\u00e4tt som regn<\/td>\n<\/tr>\n<tr>\n<td colspan=\"2\"><strong><strong><strong> 3. <\/strong><\/strong><\/strong>M\u00e5la Fan p\u00e5 v\u00e4ggen<\/td>\n<\/tr>\n<tr>\n<td colspan=\"2\"><strong>4. <\/strong> Du kan inte hejda v\u00e5ren<\/td>\n<\/tr>\n<tr>\n<td colspan=\"2\"><strong>5.<\/strong> Smak av eld<\/td>\n<\/tr>\n<tr>\n<td colspan=\"2\"><strong> 6. <\/strong> Fotnot fr\u00e5n k\u00e4llaren<\/td>\n<\/tr>\n<tr>\n<td colspan=\"2\"><strong>7.<\/strong> Bj\u00e4ran<\/td>\n<\/tr>\n<tr>\n<td colspan=\"2\"><strong>8. Klockorna i G.A. \u2013 Helen Sj\u00f6holm<\/strong> <a href=\"https:\/\/helensjoholm.nu\/_eng\/2011-2015\/pantbanksballader-gibrish\/klockorna-i-g-a-lyrics\/\">(lyrics)<\/a><\/td>\n<\/tr>\n<tr>\n<td colspan=\"2\"><strong> 9. <\/strong> Hybris<\/td>\n<\/tr>\n<tr>\n<td colspan=\"2\"><strong>10.<\/strong> Skitig vind<\/td>\n<\/tr>\n<tr>\n<td colspan=\"2\"><strong>11.<\/strong> Ingens v\u00e4n<\/td>\n<\/tr>\n<tr>\n<td colspan=\"2\"><strong>12. <\/strong> Dahlias vals<\/td>\n<\/tr>\n<tr>\n<td colspan=\"2\"><strong>13.<\/strong> Svensk dans<\/td>\n<\/tr>\n<tr>\n<td colspan=\"2\"><strong>14.<\/strong> Allt har sin tid<\/td>\n<\/tr>\n<tr>\n<td><img loading=\"lazy\" decoding=\"async\" class=\"alignnone\" title=\"Single: Klockorna i G.A. (2011)\" src=\"https:\/\/helensjoholm.nu\/_eng\/wp-content\/gallery\/diskografi-2011-2015\/singel_klockornaiga_2011.jpg\" alt=\"Single: Klockorna i G.A. (2011)\" width=\"100\" height=\"100\"><\/td>\n<td valign=\"top\"><strong>SINGLE<br \/>\nKLOCKORNA I G.A.<br \/>\n<\/strong>Gibrish (2011)<\/td>\n<\/tr>\n<tr>\n<td colspan=\"2\"><strong>1. Klockorna i G.A. &#8211; Helen Sj\u00f6holm<\/strong><\/td>\n<\/tr>\n<tr>\n<td colspan=\"2\"><strong>2.<\/strong> Bj\u00e4ran<\/td>\n<\/tr>\n<tr>\n<td colspan=\"2\"><strong>3.<\/strong> Fotnot fr\u00e5n k\u00e4llaren<\/td>\n<\/tr>\n<\/tbody>\n<\/table>\n<h5>Listen!<\/h5>\n<hr>\n<p><iframe title=\"Spotify Embed: Pantbanksballader\" style=\"border-radius: 12px\" width=\"100%\" height=\"352\" frameborder=\"0\" allowfullscreen allow=\"autoplay; clipboard-write; encrypted-media; fullscreen; picture-in-picture\" loading=\"lazy\" src=\"https:\/\/open.spotify.com\/embed\/album\/46j0IYYbzqmvXRgTWy5TZP?utm_source=oembed\"><\/iframe><\/p>\n<p><a href=\"https:\/\/helensjoholm.nu\/_eng\/2011-2015\/\">Back<\/a><\/p>\n","protected":false},"excerpt":{"rendered":"<p>PANTBANKSBALLADER (GIBRISH) Gibrish (2012) 1. Ingen som tror&#8230;bara Jesus 2. R\u00e4tt som regn 3. M\u00e5la Fan p\u00e5 v\u00e4ggen 4. Du kan inte hejda v\u00e5ren 5. <a class=\"more-link\" href=\"https:\/\/helensjoholm.nu\/_eng\/2011-2015\/pantbanksballader-gibrish\/\">Read More &#8230;<\/a><\/p>\n","protected":false},"author":1,"featured_media":0,"parent":182,"menu_order":0,"comment_status":"closed","ping_status":"open","template":"","meta":{"ngg_post_thumbnail":0,"footnotes":""},"class_list":["post-2092","page","type-page","status-publish","hentry"],"aioseo_notices":[],"_links":{"self":[{"href":"https:\/\/helensjoholm.nu\/_eng\/wp-json\/wp\/v2\/pages\/2092","targetHints":{"allow":["GET"]}}],"collection":[{"href":"https:\/\/helensjoholm.nu\/_eng\/wp-json\/wp\/v2\/pages"}],"about":[{"href":"https:\/\/helensjoholm.nu\/_eng\/wp-json\/wp\/v2\/types\/page"}],"author":[{"embeddable":true,"href":"https:\/\/helensjoholm.nu\/_eng\/wp-json\/wp\/v2\/users\/1"}],"replies":[{"embeddable":true,"href":"https:\/\/helensjoholm.nu\/_eng\/wp-json\/wp\/v2\/comments?post=2092"}],"version-history":[{"count":2,"href":"https:\/\/helensjoholm.nu\/_eng\/wp-json\/wp\/v2\/pages\/2092\/revisions"}],"predecessor-version":[{"id":15109,"href":"https:\/\/helensjoholm.nu\/_eng\/wp-json\/wp\/v2\/pages\/2092\/revisions\/15109"}],"up":[{"embeddable":true,"href":"https:\/\/helensjoholm.nu\/_eng\/wp-json\/wp\/v2\/pages\/182"}],"wp:attachment":[{"href":"https:\/\/helensjoholm.nu\/_eng\/wp-json\/wp\/v2\/media?parent=2092"}],"curies":[{"name":"wp","href":"https:\/\/api.w.org\/{rel}","templated":true}]}}