{"id":209,"date":"2013-04-10T20:28:14","date_gmt":"2013-04-10T18:28:14","guid":{"rendered":"http:\/\/helensjoholm.nu\/_eng\/?page_id=209"},"modified":"2021-01-02T16:46:15","modified_gmt":"2021-01-02T14:46:15","slug":"2006-2010-2","status":"publish","type":"page","link":"https:\/\/helensjoholm.nu\/_eng\/2006-2010-2\/","title":{"rendered":"Songs 2006 &#8211; 2010"},"content":{"rendered":"<p><img loading=\"lazy\" decoding=\"async\" title=\"Photo: Jesper Nordstr\u00f6m\" src=\"https:\/\/helensjoholm.nu\/_eng\/wp-content\/gallery\/diskografi-1992-2002\/jespernordstrom_500.jpg\" alt=\"Photo: Jesper Nordstr\u00f6m\" width=\"500\" height=\"336\"><\/p>\n<table>\n<tbody>\n<tr>\n<td valign=\"top\"><strong>Song<br \/>\n(LR) = live recording<\/strong><\/td>\n<td valign=\"top\"><strong>Song partners<\/strong><\/td>\n<td style=\"width: 85px;\" valign=\"top\"><strong>First released<\/strong><\/td>\n<td valign=\"top\"><strong>CD(s) \/ digital<\/strong><\/td>\n<\/tr>\n<tr valign=\"top\">\n<td class=\"style2\">N\u00e4r tvenne hj\u00e4rtan sl\u00e5 (LR)&nbsp;<\/td>\n<td class=\"style2\">Tommy K\u00f6rberg<\/td>\n<td class=\"style2\">2006<\/td>\n<td class=\"style2\">&#8211; BAO p\u00e5 turn\u00e9<\/td>\n<\/tr>\n<tr valign=\"top\">\n<td class=\"style2\">F\u00f6r dig (LR)&nbsp;<\/td>\n<td class=\"style2\">Tommy K\u00f6rberg<\/td>\n<td class=\"style2\">2006<\/td>\n<td class=\"style2\">&#8211; BAO p\u00e5 turn\u00e9<\/td>\n<\/tr>\n<tr valign=\"top\">\n<td class=\"style2\">Tobakshandlarvisa (LR)&nbsp;<\/td>\n<td class=\"style2\">&nbsp;<\/td>\n<td class=\"style2\">2006<\/td>\n<td class=\"style2\">&#8211; BAO p\u00e5 turn\u00e9<\/td>\n<\/tr>\n<tr valign=\"top\">\n<td class=\"style2\">L\u00e4tt som en sommarfj\u00e4ril (LR)&nbsp;<\/td>\n<td class=\"style2\">&nbsp;<\/td>\n<td class=\"style2\">2006<\/td>\n<td class=\"style2\">&#8211; BAO p\u00e5 turn\u00e9<\/td>\n<\/tr>\n<tr valign=\"top\">\n<td class=\"style2\">Det \u00e4r vi \u00e4nd\u00e5 (LR)&nbsp;<\/td>\n<td class=\"style2\">Tommy K\u00f6rberg<\/td>\n<td class=\"style2\">2006<\/td>\n<td class=\"style2\">\n<p>&#8211; BAO p\u00e5 turn\u00e9 \/ single<\/p>\n<hr>\n<p>&#8211; B\u00e4sta l\u00e5tarna (2019)<\/td>\n<\/tr>\n<tr valign=\"top\">\n<td class=\"style2\">Du \u00e4r min man (LR)&nbsp;<\/td>\n<td class=\"style2\">&nbsp;<\/td>\n<td class=\"style2\">2006<\/td>\n<td class=\"style2\">&#8211; BAO p\u00e5 turn\u00e9<\/td>\n<\/tr>\n<tr valign=\"top\">\n<td class=\"style2\">True Love (LR)&nbsp;<\/td>\n<td class=\"style2\">Tommy K\u00f6rberg<\/td>\n<td class=\"style2\">2006<\/td>\n<td class=\"style2\">&#8211; BAO p\u00e5 turn\u00e9<\/td>\n<\/tr>\n<tr valign=\"top\">\n<td class=\"style2\">V\u00e5r sista dans (LR)&nbsp;<\/td>\n<td class=\"style2\">&nbsp;<\/td>\n<td class=\"style2\">2006<\/td>\n<td class=\"style2\">&#8211; BAO p\u00e5 turn\u00e9<\/td>\n<\/tr>\n<tr valign=\"top\">\n<td class=\"style2\">Finalpotpurri (LR)&nbsp;<\/td>\n<td class=\"style2\">Tommy K\u00f6rberg<\/td>\n<td class=\"style2\">2006<\/td>\n<td class=\"style2\">&#8211; BAO p\u00e5 turn\u00e9<\/td>\n<\/tr>\n<tr valign=\"top\">\n<td class=\"style2\">F\u00f6r dig<\/td>\n<td class=\"style2\">&nbsp;<\/td>\n<td class=\"style2\">2007<\/td>\n<td class=\"style2\">&#8211; BAO 3<\/td>\n<\/tr>\n<tr valign=\"top\">\n<td class=\"style2\">Du fr\u00e4lste mig i sista stund<\/td>\n<td class=\"style2\">&nbsp;<\/td>\n<td class=\"style2\">2007<\/td>\n<td class=\"style2\">&#8211; BAO 3<\/td>\n<\/tr>\n<tr valign=\"top\">\n<td class=\"style2\">Crush On You<\/td>\n<td class=\"style2\">&nbsp;<\/td>\n<td class=\"style2\">2007<\/td>\n<td class=\"style2\">&#8211; BAO 3<\/td>\n<\/tr>\n<tr valign=\"top\">\n<td class=\"style2\">Upp till dig<\/td>\n<td class=\"style2\">&nbsp;<\/td>\n<td class=\"style2\">2007<\/td>\n<td class=\"style2\">&#8211; BAO 3<\/td>\n<\/tr>\n<tr valign=\"top\">\n<td class=\"style2\">Nu m\u00e5r jag mycket b\u00e4ttre<\/td>\n<td class=\"style2\">&nbsp;<\/td>\n<td class=\"style2\">2007<\/td>\n<td class=\"style2\">\n<p>&#8211; BAO 3 \/ single<\/p>\n<hr>\n<p>&#8211; B\u00e4sta l\u00e5tarna (2019)<\/td>\n<\/tr>\n<tr valign=\"top\">\n<td class=\"style2\">Godnattvisa (background)<\/td>\n<td class=\"style2\">&nbsp;<\/td>\n<td class=\"style2\">2007<\/td>\n<td class=\"style2\">&#8211; BAO 3<\/td>\n<\/tr>\n<tr valign=\"top\">\n<td class=\"style2\">H\u00f6stens v\u00e5r<\/td>\n<td class=\"style2\">G\u00f6ran Fristorp<\/td>\n<td class=\"style2\">2008<\/td>\n<td class=\"style2\">&#8211; Min lyckas hus<\/td>\n<\/tr>\n<tr valign=\"top\">\n<td class=\"style2\">Hj\u00e4rtat vet mer \u00e4n vi<\/td>\n<td class=\"style2\">Patrik Isaksson<\/td>\n<td class=\"style2\">2008<\/td>\n<td class=\"style2\">&#8211; Patrik Isaksson 10 \u00e5r<\/td>\n<\/tr>\n<tr valign=\"top\">\n<td class=\"style2\">Story Of A Heart (Sommaren du fick)<\/td>\n<td class=\"style2\">&nbsp;<\/td>\n<td class=\"style2\">2009<\/td>\n<td class=\"style2\">\n<p>&#8211; Story Of A Heart \/ single<\/p>\n<hr>\n<p>&#8211; B\u00e4sta l\u00e5tarna (2019)<\/td>\n<\/tr>\n<tr valign=\"top\">\n<td class=\"style2\">You Are My Man(Du \u00e4r min man)<\/td>\n<td class=\"style2\">&nbsp;<\/td>\n<td class=\"style2\">2009<\/td>\n<td class=\"style2\">&#8211; Story Of A Heart<\/td>\n<\/tr>\n<tr valign=\"top\">\n<td class=\"style2\">(If This Is) Our Last Dance (V\u00e5r sista dans)<\/td>\n<td class=\"style2\">&nbsp;<\/td>\n<td class=\"style2\">2009<\/td>\n<td class=\"style2\">&#8211; Story Of A Heart<\/td>\n<\/tr>\n<tr valign=\"top\">\n<td class=\"style2\">The Stars (F\u00f6r dig)<\/td>\n<td class=\"style2\">Tommy K\u00f6rberg<\/td>\n<td class=\"style2\">2009<\/td>\n<td class=\"style2\">&#8211; Story Of A Heart<\/td>\n<\/tr>\n<tr valign=\"top\">\n<td class=\"style2\">Sommaren du fick (Story Of A Heart)<\/td>\n<td class=\"style2\">&nbsp;<\/td>\n<td class=\"style2\">2009<\/td>\n<td class=\"style2\">&#8211; Story Of A Heart \/ single<\/td>\n<\/tr>\n<tr valign=\"top\">\n<td class=\"style2\">I den stora sorgens famn<\/td>\n<td class=\"style2\">Freddie Wadling<\/td>\n<td class=\"style2\">2009<\/td>\n<td class=\"style2\">\n<p>&#8211; I den stora sorgens famn \/ single<\/p>\n<hr>\n<p>-Scandinavian Strings Attached (2010)<\/td>\n<\/tr>\n<tr valign=\"top\">\n<td class=\"style2\">Path Of Leaves And Needles (LR)&nbsp;<\/td>\n<td class=\"style2\">&nbsp;<\/td>\n<td class=\"style2\">2009<\/td>\n<td class=\"style2\">&#8211; Kristina &#8211; At Carnegie Hall<\/td>\n<\/tr>\n<tr valign=\"top\">\n<td class=\"style2\">Where You GoI Go With You (LR)&nbsp;<\/td>\n<td class=\"style2\">Russell Watson, choir<\/td>\n<td class=\"style2\">2009<\/td>\n<td class=\"style2\">&#8211; Kristina &#8211; At Carnegie Hall<\/td>\n<\/tr>\n<tr valign=\"top\">\n<td class=\"style2\">Stone Kingdom (LR)&nbsp;<\/td>\n<td class=\"style2\">Russell Watson<\/td>\n<td class=\"style2\">2009<\/td>\n<td class=\"style2\">&#8211; Kristina &#8211; At Carnegie Hall<\/td>\n<\/tr>\n<tr valign=\"top\">\n<td class=\"style2\">A Bad Harvest (LR)&nbsp;<\/td>\n<td class=\"style2\">Russell Watson, choir<\/td>\n<td class=\"style2\">2009<\/td>\n<td class=\"style2\">&#8211; Kristina &#8211; At Carnegie Hall<\/td>\n<\/tr>\n<tr valign=\"top\">\n<td class=\"style2\">No! (LR)&nbsp;<\/td>\n<td class=\"style2\">Russell Watson,Kevin Odekirk<\/td>\n<td class=\"style2\">2009<\/td>\n<td class=\"style2\">&#8211; Kristina &#8211; At Carnegie Hall<\/td>\n<\/tr>\n<tr valign=\"top\">\n<td class=\"style2\">Prayer (LR)&nbsp;<\/td>\n<td class=\"style2\">&nbsp;<\/td>\n<td class=\"style2\">2009<\/td>\n<td class=\"style2\">&#8211; Kristina &#8211; At Carnegie Hall<\/td>\n<\/tr>\n<tr valign=\"top\">\n<td class=\"style2\">Golden Wheatfields (LR)&nbsp;<\/td>\n<td class=\"style2\">Russell Watson<\/td>\n<td class=\"style2\">2009<\/td>\n<td class=\"style2\">&#8211; Kristina &#8211; At Carnegie Hall<\/td>\n<\/tr>\n<tr valign=\"top\">\n<td class=\"style2\">We Open Up The Gateways (LR)&nbsp;<\/td>\n<td class=\"style2\">Russell Watson, Kevin Odekirk, Louise Pitre, k\u00f6r<\/td>\n<td class=\"style2\">2009<\/td>\n<td class=\"style2\">&#8211; Kristina &#8211; At Carnegie Hall<\/td>\n<\/tr>\n<tr valign=\"top\">\n<td class=\"style2\">Peasants At Sea (LR)&nbsp;<\/td>\n<td class=\"style2\">Russell Watson, choir<\/td>\n<td class=\"style2\">2009<\/td>\n<td class=\"style2\">&#8211; Kristina &#8211; At Carnegie Hall<\/td>\n<\/tr>\n<tr valign=\"top\">\n<td class=\"style2\">Lice (LR)&nbsp;<\/td>\n<td class=\"style2\">Loiuse Pitre, choir<\/td>\n<td class=\"style2\">2009<\/td>\n<td class=\"style2\">&#8211; Kristina &#8211; At Carnegie Hall<\/td>\n<\/tr>\n<tr valign=\"top\">\n<td class=\"style2\">A Sunday In Battery Park (LR)&nbsp;<\/td>\n<td class=\"style2\">Kevin Odekirk, choir<\/td>\n<td class=\"style2\">2009<\/td>\n<td class=\"style2\">&#8211; Kristina &#8211; At Carnegie Hall<\/td>\n<\/tr>\n<tr valign=\"top\">\n<td class=\"style2\">Home (LR)&nbsp;<\/td>\n<td class=\"style2\">&nbsp;<\/td>\n<td class=\"style2\">2009<\/td>\n<td class=\"style2\">&#8211; Kristina &#8211; At Carnegie Hall<\/td>\n<\/tr>\n<tr valign=\"top\">\n<td class=\"style2\">American Man (LR)&nbsp;<\/td>\n<td class=\"style2\">Loiuse Pitre, choir<\/td>\n<td class=\"style2\">2009<\/td>\n<td class=\"style2\">&#8211; Kristina &#8211; At Carnegie Hall<\/td>\n<\/tr>\n<tr valign=\"top\">\n<td class=\"style2\">Summer Rose (LR)&nbsp;<\/td>\n<td class=\"style2\">&nbsp;<\/td>\n<td class=\"style2\">2009<\/td>\n<td class=\"style2\">&#8211; Kristina &#8211; At Carnegie Hall<\/td>\n<\/tr>\n<tr valign=\"top\">\n<td class=\"style2\">Emperors And Kings(LR)&nbsp;<\/td>\n<td class=\"style2\">Choir<\/td>\n<td class=\"style2\">2009<\/td>\n<td class=\"style2\">&#8211; Kristina &#8211; At Carnegie Hall<\/td>\n<\/tr>\n<tr valign=\"top\">\n<td class=\"style2\">Twilight Images Calling (LR)&nbsp;<\/td>\n<td class=\"style2\">Russell Watson<\/td>\n<td class=\"style2\">2009<\/td>\n<td class=\"style2\">&#8211; Kristina &#8211; At Carnegie Hall<\/td>\n<\/tr>\n<tr valign=\"top\">\n<td class=\"style2\">Queen Of The Prairie (LR)&nbsp;<\/td>\n<td class=\"style2\">Russell Watson, choir<\/td>\n<td class=\"style2\">2009<\/td>\n<td class=\"style2\">&#8211; Kristina &#8211; At Carnegie Hall<\/td>\n<\/tr>\n<tr valign=\"top\">\n<td class=\"style2\">Wild Grass (background) (LR)&nbsp;<\/td>\n<td class=\"style2\">&nbsp;<\/td>\n<td class=\"style2\">2009<\/td>\n<td class=\"style2\">&#8211; Kristina &#8211; At Carnegie Hall<\/td>\n<\/tr>\n<tr valign=\"top\">\n<td class=\"style2\">Gold Can Turn To Sand (LR)&nbsp;<\/td>\n<td class=\"style2\">Kevin Odekirk<\/td>\n<td class=\"style2\">2009<\/td>\n<td class=\"style2\">&#8211; Kristina &#8211; At Carnegie Hall<\/td>\n<\/tr>\n<tr valign=\"top\">\n<td class=\"style2\">Miracle Of God (LR)&nbsp;<\/td>\n<td class=\"style2\">Loiuse Pitre<\/td>\n<td class=\"style2\">2009<\/td>\n<td class=\"style2\">&#8211; Kristina &#8211; At Carnegie Hall<\/td>\n<\/tr>\n<tr valign=\"top\">\n<td class=\"style2\">You Have To Be There (LR)&nbsp;<\/td>\n<td class=\"style2\">&nbsp;<\/td>\n<td class=\"style2\">2009<\/td>\n<td class=\"style2\">&#8211; Kristina &#8211; At Carnegie Hall<\/td>\n<\/tr>\n<tr valign=\"top\">\n<td class=\"style2\">Here I Am Again (LR)&nbsp;<\/td>\n<td class=\"style2\">Russell Watson<\/td>\n<td class=\"style2\">2009<\/td>\n<td class=\"style2\">\n<p>&#8211; Kristina &#8211; At Carnegie Hall<\/p>\n<hr>\n<p>&#8211; Russel Watson &#8211;<br \/>\nThe Platinum Collection (2010)<\/td>\n<\/tr>\n<tr valign=\"top\">\n<td class=\"style2\">With Child Again (LR)&nbsp;<\/td>\n<td class=\"style2\">Choir<\/td>\n<td class=\"style2\">2009<\/td>\n<td class=\"style2\">&#8211; Kristina &#8211; At Carnegie Hall<\/td>\n<\/tr>\n<tr valign=\"top\">\n<td class=\"style2\">I&#8217;ll Be Waiting There (LR)&nbsp;<\/td>\n<td class=\"style2\">Russell Watson<\/td>\n<td class=\"style2\">2009<\/td>\n<td class=\"style2\">&#8211; Kristina &#8211; At Carnegie Hall<\/td>\n<\/tr>\n<tr valign=\"top\">\n<td class=\"style2\">You\u00b4re always there<\/td>\n<td class=\"style2\">Anders Ekborg<\/td>\n<td class=\"style2\">2010<\/td>\n<td class=\"style2\">&#8211; Painted Dreams<\/td>\n<\/tr>\n<tr valign=\"top\">\n<td class=\"style2\">Sometimes<\/td>\n<td class=\"style2\">&nbsp;<\/td>\n<td class=\"style2\">2010<\/td>\n<td class=\"style2\">&#8211; Reconnection<\/td>\n<\/tr>\n<tr valign=\"top\">\n<td class=\"style2\">Euforia<\/td>\n<td class=\"style2\">&nbsp;<\/td>\n<td class=\"style2\">2010<\/td>\n<td class=\"style2\">&#8211; Euforia, Helen Sj\u00f6holm sjunger Billy Joel<\/td>\n<\/tr>\n<tr valign=\"top\">\n<td class=\"style2\">\u00c4rlighet<\/td>\n<td class=\"style2\">&nbsp;<\/td>\n<td class=\"style2\">2010<\/td>\n<td class=\"style2\">&#8211; Euforia, Helen Sj\u00f6holm sjunger Billy Joel<\/td>\n<\/tr>\n<tr valign=\"top\">\n<td class=\"style2\">L\u00e5t det va\u00b4<\/td>\n<td class=\"style2\">&nbsp;<\/td>\n<td class=\"style2\">2010<\/td>\n<td class=\"style2\">&#8211; Euforia, Helen Sj\u00f6holm sjunger Billy Joel<\/td>\n<\/tr>\n<tr valign=\"top\">\n<td class=\"style2\">Flodens botten<\/td>\n<td class=\"style2\">&nbsp;<\/td>\n<td class=\"style2\">2010<\/td>\n<td class=\"style2\">&#8211; Euforia, Helen Sj\u00f6holm sjunger Billy Joel<\/td>\n<\/tr>\n<tr valign=\"top\">\n<td class=\"style2\">Barpianisten<\/td>\n<td class=\"style2\">&nbsp;<\/td>\n<td class=\"style2\">2010<\/td>\n<td class=\"style2\">&#8211; Euforia, Helen Sj\u00f6holm sjunger Billy Joel<\/td>\n<\/tr>\n<tr valign=\"top\">\n<td class=\"style2\">Varje s\u00e5r s\u00f6ker ett s\u00e5r<\/td>\n<td class=\"style2\">&nbsp;<\/td>\n<td class=\"style2\">2010<\/td>\n<td class=\"style2\">&#8211; Euforia, Helen Sj\u00f6holm sjunger Billy Joel<\/td>\n<\/tr>\n<tr valign=\"top\">\n<td class=\"style2\">Kvinnan f\u00f6r dig<\/td>\n<td class=\"style2\">&nbsp;<\/td>\n<td class=\"style2\">2010<\/td>\n<td class=\"style2\">&#8211; Euforia, Helen Sj\u00f6holm sjunger Billy Joel<\/td>\n<\/tr>\n<tr valign=\"top\">\n<td class=\"style2\">New York<\/td>\n<td class=\"style2\">&nbsp;<\/td>\n<td class=\"style2\">2010<\/td>\n<td class=\"style2\">&#8211; Euforia, Helen Sj\u00f6holm sjunger Billy Joel<\/td>\n<\/tr>\n<tr valign=\"top\">\n<td class=\"style2\">Ljudet av ett regn<\/td>\n<td class=\"style2\">&nbsp;<\/td>\n<td class=\"style2\">2010<\/td>\n<td class=\"style2\">&#8211; Euforia, Helen Sj\u00f6holm sjunger Billy Joel<\/td>\n<\/tr>\n<tr valign=\"top\">\n<td class=\"style2\">Leila<\/td>\n<td class=\"style2\">&nbsp;<\/td>\n<td class=\"style2\">2010<\/td>\n<td class=\"style2\">&#8211; Euforia, Helen Sj\u00f6holm sjunger Billy Joel<\/td>\n<\/tr>\n<tr valign=\"top\">\n<td class=\"style2\">S\u00e5ngerna<\/td>\n<td class=\"style2\">&nbsp;<\/td>\n<td class=\"style2\">2010<\/td>\n<td class=\"style2\">&#8211; Euforia, Helen Sj\u00f6holm sjunger Billy Joel<\/td>\n<\/tr>\n<\/tbody>\n<\/table>\n<p>&nbsp;<\/p>\n","protected":false},"excerpt":{"rendered":"<p>Song (LR) = live recording Song partners First released CD(s) \/ digital N\u00e4r tvenne hj\u00e4rtan sl\u00e5 (LR)&nbsp; Tommy K\u00f6rberg 2006 &#8211; BAO p\u00e5 turn\u00e9 F\u00f6r <a class=\"more-link\" href=\"https:\/\/helensjoholm.nu\/_eng\/2006-2010-2\/\">Read More &#8230;<\/a><\/p>\n","protected":false},"author":1,"featured_media":0,"parent":0,"menu_order":0,"comment_status":"closed","ping_status":"open","template":"","meta":{"ngg_post_thumbnail":0,"footnotes":""},"class_list":["post-209","page","type-page","status-publish","hentry"],"aioseo_notices":[],"_links":{"self":[{"href":"https:\/\/helensjoholm.nu\/_eng\/wp-json\/wp\/v2\/pages\/209","targetHints":{"allow":["GET"]}}],"collection":[{"href":"https:\/\/helensjoholm.nu\/_eng\/wp-json\/wp\/v2\/pages"}],"about":[{"href":"https:\/\/helensjoholm.nu\/_eng\/wp-json\/wp\/v2\/types\/page"}],"author":[{"embeddable":true,"href":"https:\/\/helensjoholm.nu\/_eng\/wp-json\/wp\/v2\/users\/1"}],"replies":[{"embeddable":true,"href":"https:\/\/helensjoholm.nu\/_eng\/wp-json\/wp\/v2\/comments?post=209"}],"version-history":[{"count":0,"href":"https:\/\/helensjoholm.nu\/_eng\/wp-json\/wp\/v2\/pages\/209\/revisions"}],"wp:attachment":[{"href":"https:\/\/helensjoholm.nu\/_eng\/wp-json\/wp\/v2\/media?parent=209"}],"curies":[{"name":"wp","href":"https:\/\/api.w.org\/{rel}","templated":true}]}}