{"id":2084,"date":"2013-05-14T20:30:29","date_gmt":"2013-05-14T18:30:29","guid":{"rendered":"http:\/\/helensjoholm.nu\/_eng\/?page_id=2084"},"modified":"2025-07-17T13:58:35","modified_gmt":"2025-07-17T11:58:35","slug":"little-big-projekt","status":"publish","type":"page","link":"https:\/\/helensjoholm.nu\/_eng\/2011-2015\/little-big-projekt\/","title":{"rendered":"Little Big Projects"},"content":{"rendered":"<p>&nbsp;<\/p>\n<table border=\"0\" align=\"left\">\n<tbody>\n<tr>\n<td><img loading=\"lazy\" decoding=\"async\" class=\"alignnone\" title=\"Little Big Projects (2012)\" src=\"https:\/\/helensjoholm.nu\/_eng\/wp-content\/gallery\/diskografi-2011-2015\/cd_littlebigprojects_2012.jpg\" alt=\"Little Big Projects (2012)\" width=\"100\" height=\"100\"><\/td>\n<td valign=\"top\"><strong><strong><strong><strong><strong><strong><strong><strong>LITTLE BIG PROJECTS<\/strong><br \/>\n<\/strong><\/strong><\/strong><\/strong><\/strong><\/strong><\/strong>Little Big Projects (2012)<\/td>\n<\/tr>\n<\/tbody>\n<\/table>\n<table style=\"width: 1374px;\" border=\"0\" align=\"left\">\n<tbody>\n<tr valign=\"top\">\n<td style=\"width: 1374px;\"><strong>1.<\/strong> CAD<\/td>\n<\/tr>\n<tr valign=\"top\">\n<td style=\"width: 1374px;\"><strong>2.<\/strong> Spaceship<\/td>\n<\/tr>\n<tr valign=\"top\">\n<td style=\"width: 1374px;\"><strong><strong>3. Se om det Funkar<\/strong> &#8211; Helen Sj\u00f6holm&nbsp;<\/strong><a href=\"https:\/\/helensjoholm.nu\/_eng\/2011-2015\/little-big-projekt\/se-om-det-funkar-lyrics\/\">(lyrics)<\/a><\/td>\n<\/tr>\n<tr valign=\"top\">\n<td style=\"width: 1374px;\"><strong>4.<\/strong> O\u00e4ndlighet<\/td>\n<\/tr>\n<tr valign=\"top\">\n<td style=\"width: 1374px;\"><strong>5.<\/strong> Colors of Summer<\/td>\n<\/tr>\n<tr valign=\"top\">\n<td style=\"width: 1374px;\"><strong>6.<\/strong> Walls of Joy<\/td>\n<\/tr>\n<tr valign=\"top\">\n<td style=\"width: 1374px;\"><strong>7.<\/strong> Shine<\/td>\n<\/tr>\n<tr valign=\"top\">\n<td style=\"width: 1374px;\"><strong>8.<\/strong> Price of Creativity<\/td>\n<\/tr>\n<tr valign=\"top\">\n<td style=\"width: 1374px;\"><strong>9.<\/strong> Nylandssj\u00f6n<\/td>\n<\/tr>\n<tr valign=\"top\">\n<td style=\"width: 1374px;\"><strong>10.<\/strong> Min Kisse<\/td>\n<\/tr>\n<tr valign=\"top\">\n<td style=\"width: 1374px;\">+ Bonussp\u00e5r<\/td>\n<\/tr>\n<\/tbody>\n<\/table>\n<table border=\"0\" align=\"left\">\n<tbody>\n<tr>\n<td><img loading=\"lazy\" decoding=\"async\" class=\"alignnone\" title=\"Single: Se om det funkar (2012)\" src=\"http:\/\/helensjoholm.nu\/wp-content\/gallery\/diskografi\/singel_littlebigprojects_20.jpg\" alt=\"Single: Se om det funkar (2012)\" width=\"100\" height=\"100\"><\/td>\n<td valign=\"top\"><strong>SINGLE<br \/>\nSE OM DET FUNKAR<br \/>\n<\/strong>Little Big Projects (2012)<strong><br \/>\n<\/strong><\/td>\n<\/tr>\n<\/tbody>\n<\/table>\n<table style=\"width: 400px;\" border=\"0\" align=\"left\">\n<tbody>\n<tr>\n<td>Artists involved include Helen Sj\u00f6holm, Janne Schaffer, Jens Westin and Jens P\u00e4\u00e4j\u00e4rvi. Profits from this CD goes to Geijer school, a school for the disabled, and to a lecture project on disability!<\/td>\n<\/tr>\n<tr>\n<td><a href=\"https:\/\/helensjoholm.nu\/_eng\/2011-2015\/\">Back<\/a><\/td>\n<\/tr>\n<\/tbody>\n<\/table>\n<p>&nbsp;<\/p>\n","protected":false},"excerpt":{"rendered":"<p>&nbsp; LITTLE BIG PROJECTS Little Big Projects (2012) 1. CAD 2. Spaceship 3. Se om det Funkar &#8211; Helen Sj\u00f6holm&nbsp;(lyrics) 4. O\u00e4ndlighet 5. Colors of <a class=\"more-link\" href=\"https:\/\/helensjoholm.nu\/_eng\/2011-2015\/little-big-projekt\/\">Read More &#8230;<\/a><\/p>\n","protected":false},"author":1,"featured_media":0,"parent":182,"menu_order":0,"comment_status":"closed","ping_status":"open","template":"","meta":{"ngg_post_thumbnail":0,"footnotes":""},"class_list":["post-2084","page","type-page","status-publish","hentry"],"aioseo_notices":[],"_links":{"self":[{"href":"https:\/\/helensjoholm.nu\/_eng\/wp-json\/wp\/v2\/pages\/2084","targetHints":{"allow":["GET"]}}],"collection":[{"href":"https:\/\/helensjoholm.nu\/_eng\/wp-json\/wp\/v2\/pages"}],"about":[{"href":"https:\/\/helensjoholm.nu\/_eng\/wp-json\/wp\/v2\/types\/page"}],"author":[{"embeddable":true,"href":"https:\/\/helensjoholm.nu\/_eng\/wp-json\/wp\/v2\/users\/1"}],"replies":[{"embeddable":true,"href":"https:\/\/helensjoholm.nu\/_eng\/wp-json\/wp\/v2\/comments?post=2084"}],"version-history":[{"count":2,"href":"https:\/\/helensjoholm.nu\/_eng\/wp-json\/wp\/v2\/pages\/2084\/revisions"}],"predecessor-version":[{"id":15102,"href":"https:\/\/helensjoholm.nu\/_eng\/wp-json\/wp\/v2\/pages\/2084\/revisions\/15102"}],"up":[{"embeddable":true,"href":"https:\/\/helensjoholm.nu\/_eng\/wp-json\/wp\/v2\/pages\/182"}],"wp:attachment":[{"href":"https:\/\/helensjoholm.nu\/_eng\/wp-json\/wp\/v2\/media?parent=2084"}],"curies":[{"name":"wp","href":"https:\/\/api.w.org\/{rel}","templated":true}]}}