{"id":2079,"date":"2013-05-14T19:53:24","date_gmt":"2013-05-14T17:53:24","guid":{"rendered":"http:\/\/helensjoholm.nu\/_eng\/?page_id=2079"},"modified":"2022-06-26T07:33:29","modified_gmt":"2022-06-26T05:33:29","slug":"nu-tandas-tusen-juleljus","status":"publish","type":"page","link":"https:\/\/helensjoholm.nu\/_eng\/2011-2015\/tomten-har-akt-hem\/nu-tandas-tusen-juleljus\/","title":{"rendered":"Nu t\u00e4ndas tusen juleljus"},"content":{"rendered":"<p><strong>Music &amp; lyrics:<\/strong> Emmy K\u00f6hler<\/p>\n<p>Nu t\u00e4ndas tusen juleljus<br \/>\np\u00e5 jordens m\u00f6rka rund,<br \/>\nOch tusen, tusen str\u00e5la ock<br \/>\np\u00e5 himlens djupbl\u00e5 grund.<\/p>\n<p>Och \u00f6ver stad och land i kv\u00e4ll<br \/>\ng\u00e5r julens glada bud,<br \/>\nAtt f\u00f6dd \u00e4r Herren Jesus Krist,<br \/>\nv\u00e5r Fr\u00e4lsare och Gud.<\/p>\n<p>Du stj\u00e4rna \u00f6ver Betlehem,<br \/>\no l\u00e5t ditt milda ljus<br \/>\nF\u00e5 lysa in med hopp och frid<br \/>\ni varje hem och hus!<\/p>\n<p>I varje hj\u00e4rta armt och m\u00f6rkt<br \/>\ns\u00e4nd du en str\u00e5le blid,<br \/>\nEn str\u00e5le av Guds k\u00e4rleks ljus<br \/>\ni signad juletid<\/p>\n<p><a title=\"Tomten har \u00e5kt hem\" href=\"https:\/\/helensjoholm.nu\/_eng\/2011-2015\/tomten-har-akt-hem\/\">Back<\/a><\/p>\n","protected":false},"excerpt":{"rendered":"<p>Music &amp; lyrics: Emmy K\u00f6hler Nu t\u00e4ndas tusen juleljus p\u00e5 jordens m\u00f6rka rund, Och tusen, tusen str\u00e5la ock p\u00e5 himlens djupbl\u00e5 grund. Och \u00f6ver stad <a class=\"more-link\" href=\"https:\/\/helensjoholm.nu\/_eng\/2011-2015\/tomten-har-akt-hem\/nu-tandas-tusen-juleljus\/\">Read More &#8230;<\/a><\/p>\n","protected":false},"author":1,"featured_media":0,"parent":2014,"menu_order":0,"comment_status":"closed","ping_status":"closed","template":"","meta":{"ngg_post_thumbnail":0,"footnotes":""},"class_list":["post-2079","page","type-page","status-publish","hentry"],"aioseo_notices":[],"_links":{"self":[{"href":"https:\/\/helensjoholm.nu\/_eng\/wp-json\/wp\/v2\/pages\/2079","targetHints":{"allow":["GET"]}}],"collection":[{"href":"https:\/\/helensjoholm.nu\/_eng\/wp-json\/wp\/v2\/pages"}],"about":[{"href":"https:\/\/helensjoholm.nu\/_eng\/wp-json\/wp\/v2\/types\/page"}],"author":[{"embeddable":true,"href":"https:\/\/helensjoholm.nu\/_eng\/wp-json\/wp\/v2\/users\/1"}],"replies":[{"embeddable":true,"href":"https:\/\/helensjoholm.nu\/_eng\/wp-json\/wp\/v2\/comments?post=2079"}],"version-history":[{"count":0,"href":"https:\/\/helensjoholm.nu\/_eng\/wp-json\/wp\/v2\/pages\/2079\/revisions"}],"up":[{"embeddable":true,"href":"https:\/\/helensjoholm.nu\/_eng\/wp-json\/wp\/v2\/pages\/2014"}],"wp:attachment":[{"href":"https:\/\/helensjoholm.nu\/_eng\/wp-json\/wp\/v2\/media?parent=2079"}],"curies":[{"name":"wp","href":"https:\/\/api.w.org\/{rel}","templated":true}]}}