{"id":2073,"date":"2013-05-14T19:50:43","date_gmt":"2013-05-14T17:50:43","guid":{"rendered":"http:\/\/helensjoholm.nu\/_eng\/?page_id=2073"},"modified":"2022-06-26T07:33:21","modified_gmt":"2022-06-26T05:33:21","slug":"mossens-julafton","status":"publish","type":"page","link":"https:\/\/helensjoholm.nu\/_eng\/2011-2015\/tomten-har-akt-hem\/mossens-julafton\/","title":{"rendered":"M\u00f6ssens julafton"},"content":{"rendered":"<p><strong>Music &amp; lyrics:<\/strong> Alf Pr\u00f6ysen<\/p>\n<p>N\u00e4r n\u00e4tterna blir l\u00e5nga och k\u00f6lden s\u00e4tter in<br \/>\nTar Mamma Mus och samlar hela barnaskaran sin<br \/>\nHon visar sen p\u00e5 f\u00e4llan: &#8220;Akta er f\u00f6r den<br \/>\nS\u00e5 f\u00e5r vi allesammans fira jul igen&#8221;<\/p>\n<p>Hejsan, hoppsan, fallerallera<br \/>\nN\u00e4r julen kommer ska varenda unge vara vara gla<br \/>\nHejsan, hoppsan, fallerallera<br \/>\nN\u00e4r julen kommer ska varenda unge vara vara gla<\/p>\n<p>Till slut s\u00e5 kommer kv\u00e4llen som alla v\u00e4ntat p\u00e5<br \/>\nOch Pappa Mus han letar fram en k\u00e4nga utan t\u00e5<br \/>\nDen har dom sen till julgran och pryder den s\u00e5 fint<br \/>\nMed spindelv\u00e4v i gult och bl\u00e5tt och gredelint<\/p>\n<p>Hejsan, hoppsan, fallerallera<br \/>\nN\u00e4r julen kommer ska varenda unge vara vara gla<br \/>\nHejsan, hoppsan, fallerallera<br \/>\nN\u00e4r julen kommer ska varenda unge vara vara gla<\/p>\n<p>Och Pappa Mus han s\u00e4ger: &#8220;Nu ska vi ta i ring<br \/>\nL\u00e5t k\u00e4ngan st\u00e5 i mitten, sen s\u00e5 dansar vi omkring<br \/>\nS\u00e5 r\u00e4ck varandra svansen, den kan vi h\u00e5lla i<br \/>\nF\u00f6r ett och tv\u00e5 och tre och nu s\u00e5 b\u00f6rjar vi&#8221;<\/p>\n<p>Hejsan, hoppsan, fallerallera<br \/>\nN\u00e4r julen kommer ska varenda unge vara vara gla<br \/>\nHejsan, hoppsan, fallerallera<br \/>\nN\u00e4r julen kommer ska varenda unge vara vara gla<\/p>\n<p>Dom hoppar och dom dansar och trallar s\u00e5 en stund<br \/>\nTills Pappa Mus han s\u00e4ger: &#8220;Nej, nu tar vi oss en blund&#8221;<br \/>\nOch barna g\u00e5r till s\u00e4ngs medan pappan h\u00e5ller vakt<br \/>\nOch snart s\u00e5 snarkar allihop i schottistakt<\/p>\n<p>Hejsan, hoppsan, fallerallera<br \/>\nN\u00e4r julen kommer ska varenda unge vara vara gla<br \/>\nHejsan, hoppsan, fallerallera<br \/>\nN\u00e4r julen kommer ska varenda unge vara vara gla<\/p>\n<p><em>\u00a9 Norsk Melodiforlag<\/em><\/p>\n<p><a title=\"Tomten har \u00e5kt hem\" href=\"https:\/\/helensjoholm.nu\/_eng\/2011-2015\/tomten-har-akt-hem\/\">Back<\/a><\/p>\n","protected":false},"excerpt":{"rendered":"<p>Music &amp; lyrics: Alf Pr\u00f6ysen N\u00e4r n\u00e4tterna blir l\u00e5nga och k\u00f6lden s\u00e4tter in Tar Mamma Mus och samlar hela barnaskaran sin Hon visar sen p\u00e5 <a class=\"more-link\" href=\"https:\/\/helensjoholm.nu\/_eng\/2011-2015\/tomten-har-akt-hem\/mossens-julafton\/\">Read More &#8230;<\/a><\/p>\n","protected":false},"author":1,"featured_media":0,"parent":2014,"menu_order":0,"comment_status":"closed","ping_status":"closed","template":"","meta":{"ngg_post_thumbnail":0,"footnotes":""},"class_list":["post-2073","page","type-page","status-publish","hentry"],"aioseo_notices":[],"_links":{"self":[{"href":"https:\/\/helensjoholm.nu\/_eng\/wp-json\/wp\/v2\/pages\/2073","targetHints":{"allow":["GET"]}}],"collection":[{"href":"https:\/\/helensjoholm.nu\/_eng\/wp-json\/wp\/v2\/pages"}],"about":[{"href":"https:\/\/helensjoholm.nu\/_eng\/wp-json\/wp\/v2\/types\/page"}],"author":[{"embeddable":true,"href":"https:\/\/helensjoholm.nu\/_eng\/wp-json\/wp\/v2\/users\/1"}],"replies":[{"embeddable":true,"href":"https:\/\/helensjoholm.nu\/_eng\/wp-json\/wp\/v2\/comments?post=2073"}],"version-history":[{"count":0,"href":"https:\/\/helensjoholm.nu\/_eng\/wp-json\/wp\/v2\/pages\/2073\/revisions"}],"up":[{"embeddable":true,"href":"https:\/\/helensjoholm.nu\/_eng\/wp-json\/wp\/v2\/pages\/2014"}],"wp:attachment":[{"href":"https:\/\/helensjoholm.nu\/_eng\/wp-json\/wp\/v2\/media?parent=2073"}],"curies":[{"name":"wp","href":"https:\/\/api.w.org\/{rel}","templated":true}]}}