{"id":207,"date":"2013-04-10T20:27:33","date_gmt":"2013-04-10T18:27:33","guid":{"rendered":"http:\/\/helensjoholm.nu\/_eng\/?page_id=207"},"modified":"2021-05-14T13:18:40","modified_gmt":"2021-05-14T11:18:40","slug":"2001-2005","status":"publish","type":"page","link":"https:\/\/helensjoholm.nu\/_eng\/2001-2005\/","title":{"rendered":"Songs 2001 &#8211; 2005"},"content":{"rendered":"<p><img loading=\"lazy\" decoding=\"async\" title=\"Photo: Jesper Nordstr\u00f6m\" src=\"https:\/\/helensjoholm.nu\/_eng\/wp-content\/gallery\/diskografi-1992-2002\/jespernordstrom_500.jpg\" alt=\"Photo: Jesper Nordstr\u00f6m\" width=\"500\" height=\"336\"><\/p>\n<table>\n<tbody>\n<tr>\n<td valign=\"top\"><strong>Song<br \/>\n(LR) = live recording<\/strong><\/td>\n<td valign=\"top\"><strong>Song partner<\/strong><\/td>\n<td style=\"width: 85px;\" valign=\"top\"><strong>First released<\/strong><\/td>\n<td valign=\"top\"><strong>CD(s) \/ digital<\/strong><\/td>\n<\/tr>\n<tr valign=\"top\">\n<td class=\"style2\">Jag lyfter \u00f6gat mot himmelen<\/td>\n<td class=\"style2\">&nbsp;<\/td>\n<td class=\"style2\">2001<\/td>\n<td class=\"style2\">&#8211; I goda h\u00e4nder<\/td>\n<\/tr>\n<tr valign=\"top\">\n<td class=\"style2\">V\u00e5r sista dans<\/td>\n<td class=\"style2\">&nbsp;<\/td>\n<td class=\"style2\">2001<\/td>\n<td class=\"style2\" valign=\"top\">\n<p>&#8211; Benny Anderssons Orkester, single<\/p>\n<hr>\n<p>&#8211; Svensktoppen 40 \u00e5r<br \/>\n1962-2002 (2002)<\/p>\n<hr>\n<p>&#8211; Lasses Favoriter:<br \/>\nDe 54 b\u00e4sta artisterna och l\u00e5tarna fr\u00e5n Alls\u00e5ng p\u00e5 Skansen 1994-2003<br \/>\ni urval av Lasse Berghagen (2003)<\/p>\n<hr>\n<p>&#8211; B\u00e4sta l\u00e5tarna (2019)<\/td>\n<\/tr>\n<tr valign=\"top\">\n<td class=\"style2\">L\u00e4tt som en sommarfj\u00e4ril<\/td>\n<td class=\"style2\">&nbsp;<\/td>\n<td class=\"style2\">2001<\/td>\n<td class=\"style2\">\n<p>\u2013 Benny Anderssons Orkester<\/p>\n<hr>\n<p>\u2013 Midsommarmorgon (2020)<\/p>\n<hr>\n<p>\u2013 Sk\u00e4rg\u00e5rds-sommar (2020)<\/td>\n<\/tr>\n<tr valign=\"top\">\n<td class=\"style2\">Hur m\u00e5nga dagar (background)<\/td>\n<td class=\"style2\">Niklas Str\u00f6mstedt<\/td>\n<td class=\"style2\">2001<\/td>\n<td class=\"style2\">&#8211; Du blir du, jag blir jag<\/td>\n<\/tr>\n<tr valign=\"top\">\n<td class=\"style2\">Merano<\/td>\n<td class=\"style2\">Anders Ekborg,choir<\/td>\n<td class=\"style2\">2002<\/td>\n<td class=\"style2\">&#8211; Chess p\u00e5 svenska<\/td>\n<\/tr>\n<tr valign=\"top\">\n<td class=\"style2\">Ungern &#8217;56<\/td>\n<td class=\"style2\">Anders Ekborg, choir<\/td>\n<td class=\"style2\">2002<\/td>\n<td class=\"style2\">&#8211; Chess p\u00e5 svenska<\/td>\n<\/tr>\n<tr valign=\"top\">\n<td class=\"style2\">L\u00e4mna inga d\u00f6rrar p\u00e5 gl\u00e4nt<\/td>\n<td class=\"style2\">&nbsp;<\/td>\n<td class=\"style2\">2002<\/td>\n<td class=\"style2\">&#8211; Chess p\u00e5 svenska<\/td>\n<\/tr>\n<tr valign=\"top\">\n<td class=\"style2\">Kvartett<\/td>\n<td class=\"style2\">Per Myberg,<br \/>\nRolf Skoglund, Tommy K\u00f6rberg<\/td>\n<td class=\"style2\">2002<\/td>\n<td class=\"style2\">&#8211; Chess p\u00e5 svenska<\/td>\n<\/tr>\n<tr valign=\"top\">\n<td class=\"style2\">Inte jag<\/td>\n<td class=\"style2\">&nbsp;<\/td>\n<td class=\"style2\">2002<\/td>\n<td class=\"style2\">&#8211; Chess p\u00e5 svenska<\/td>\n<\/tr>\n<tr valign=\"top\">\n<td class=\"style2\">M\u00f6te p\u00e5 en bro<\/td>\n<td class=\"style2\">Tommy K\u00f6rberg, choir<\/td>\n<td class=\"style2\">2002<\/td>\n<td class=\"style2\">&#8211; Chess p\u00e5 svenska<\/td>\n<\/tr>\n<tr valign=\"top\">\n<td class=\"style2\">Florence l\u00e4mnar Freddie<\/td>\n<td class=\"style2\">Anders Ekborg<\/td>\n<td class=\"style2\">2002<\/td>\n<td class=\"style2\">&#8211; Chess p\u00e5 svenska<\/td>\n<\/tr>\n<tr valign=\"top\">\n<td class=\"style2\">Om han var h\u00e4r<\/td>\n<td class=\"style2\">&nbsp;<\/td>\n<td class=\"style2\">2002<\/td>\n<td class=\"style2\">&#8211; Chess p\u00e5 svenska<\/td>\n<\/tr>\n<tr valign=\"top\">\n<td class=\"style2\">Vem kunde ana<\/td>\n<td class=\"style2\">Anders Ekborg, Tommy K\u00f6rberg<\/td>\n<td class=\"style2\">2002<\/td>\n<td class=\"style2\">&#8211; Chess p\u00e5 svenska<\/td>\n<\/tr>\n<tr valign=\"top\">\n<td class=\"style2\">Dr\u00f6mmar av glas<\/td>\n<td class=\"style2\">Tommy K\u00f6rberg<\/td>\n<td class=\"style2\">2002<\/td>\n<td class=\"style2\">&#8211; Chess p\u00e5 svenska<\/td>\n<\/tr>\n<tr valign=\"top\">\n<td class=\"style2\">Jag vet vad han vill<\/td>\n<td class=\"style2\">Josefin Nilsson<\/td>\n<td class=\"style2\">2002<\/td>\n<td class=\"style2\">\n<p>&#8211; Chess p\u00e5 svenska<\/p>\n<hr>\n<p>&#8211; Svenska musikalfavoriter (2005)<\/td>\n<\/tr>\n<tr valign=\"top\">\n<td class=\"style2\">Dr\u00f6mmar av glas \/ Historien om schack<\/td>\n<td class=\"style2\">Tommy K\u00f6rberg, choir<\/td>\n<td class=\"style2\">2002<\/td>\n<td class=\"style2\">&#8211; Chess p\u00e5 svenska<\/td>\n<\/tr>\n<tr valign=\"top\">\n<td class=\"style2\">Du m\u00e5ste finnas (LR)&nbsp;<\/td>\n<td class=\"style2\">&nbsp;<\/td>\n<td class=\"style2\">2002<\/td>\n<td class=\"style2\">&#8211; S\u00e5nger f\u00f6r livet 3<\/td>\n<\/tr>\n<tr valign=\"top\">\n<td class=\"style2\">En s\u00e5ng f\u00f6r frihet (LR)&nbsp;<\/td>\n<td class=\"style2\">Choir<\/td>\n<td class=\"style2\">2002<\/td>\n<td class=\"style2\">&#8211; S\u00e5nger f\u00f6r livet 3<\/td>\n<\/tr>\n<tr valign=\"top\">\n<td class=\"style2\">Lindansaren (LR)&nbsp;<\/td>\n<td class=\"style2\">&nbsp;<\/td>\n<td class=\"style2\">2002<\/td>\n<td class=\"style2\">&#8211; S\u00e5nger f\u00f6r livet 3<\/td>\n<\/tr>\n<tr valign=\"top\">\n<td class=\"style2\">Dona nobis pacem (LR)&nbsp;<\/td>\n<td class=\"style2\">Tommy K\u00f6rberg, Lena Willemark,<br \/>\nchoir<\/td>\n<td class=\"style2\">2002<\/td>\n<td class=\"style2\">&#8211; S\u00e5nger f\u00f6r livet 3<\/td>\n<\/tr>\n<tr valign=\"top\">\n<td class=\"style2\">K\u00e5ta Maja (secret track before track 1)<\/td>\n<td class=\"style2\">&nbsp;<\/td>\n<td class=\"style2\">2002<\/td>\n<td class=\"style2\">&#8211; Visor<\/td>\n<\/tr>\n<tr valign=\"top\">\n<td class=\"style2\">Allt under himmelens f\u00e4ste<\/td>\n<td class=\"style2\">&nbsp;<\/td>\n<td class=\"style2\">2002<\/td>\n<td class=\"style2\">&#8211; Visor<\/td>\n<\/tr>\n<tr valign=\"top\">\n<td class=\"style2\">Horgal\u00e5ten<\/td>\n<td class=\"style2\">&nbsp;<\/td>\n<td class=\"style2\">2002<\/td>\n<td class=\"style2\">&#8211; Visor<\/td>\n<\/tr>\n<tr valign=\"top\">\n<td class=\"style2\">Man borde inte sova<\/td>\n<td class=\"style2\">&nbsp;<\/td>\n<td class=\"style2\">2002<\/td>\n<td class=\"style2\">\n<p>&#8211; Visor<\/p>\n<hr>\n<p>&#8211; Ljuva svenska visa (2004)<\/td>\n<\/tr>\n<tr valign=\"top\">\n<td class=\"style2\">Vid vassen av den kr\u00f6kta str\u00f6m<\/td>\n<td class=\"style2\">&nbsp;<\/td>\n<td class=\"style2\">2002<\/td>\n<td class=\"style2\">&#8211; Visor<\/td>\n<\/tr>\n<tr valign=\"top\">\n<td class=\"style2\">H\u00e4r \u00e4r Gudagott att vara<\/td>\n<td class=\"style2\">&nbsp;<\/td>\n<td class=\"style2\">2002<\/td>\n<td class=\"style2\">\n<p>&#8211; Visor<\/p>\n<hr>\n<p>&#8211; En bukett v\u00e5rblommor 2 (2006)<\/p>\n<hr>\n<p>&#8211; S\u00e5ng &amp; Gl\u00e4dje &#8211; 40 underbara favoriter (2009)<\/td>\n<\/tr>\n<tr valign=\"top\">\n<td class=\"style2\">Kopp\u00e5ngen<\/td>\n<td class=\"style2\">&nbsp;<\/td>\n<td class=\"style2\">2002<\/td>\n<td class=\"style2\">\n<p>&#8211; Visor<\/p>\n<hr>\n<p>&#8211; I v\u00e4ntans tider (2004)<\/td>\n<\/tr>\n<tr valign=\"top\">\n<td class=\"style2\">Lustvin dansar en gavott med de fem sinnena<\/td>\n<td class=\"style2\">&nbsp;<\/td>\n<td class=\"style2\">2002<\/td>\n<td class=\"style2\">&#8211; Visor<\/td>\n<\/tr>\n<tr valign=\"top\">\n<td class=\"style2\">D\u00e5 v\u00e4ntar jag vid v\u00e4garna<\/td>\n<td class=\"style2\">&nbsp;<\/td>\n<td class=\"style2\">2002<\/td>\n<td class=\"style2\">&#8211; Visor<\/td>\n<\/tr>\n<tr valign=\"top\">\n<td class=\"style2\">Ombytlighet &#8211; v\u00e5r tids Gudinna<\/td>\n<td class=\"style2\">&nbsp;<\/td>\n<td class=\"style2\">2002<\/td>\n<td class=\"style2\">&#8211; Visor<\/td>\n<\/tr>\n<tr valign=\"top\">\n<td class=\"style2\">Vindarna sucka<\/td>\n<td class=\"style2\">&nbsp;<\/td>\n<td class=\"style2\">2002<\/td>\n<td class=\"style2\">&#8211; Visor<\/td>\n<\/tr>\n<tr valign=\"top\">\n<td class=\"style2\">Tusen tankar<\/td>\n<td class=\"style2\">&nbsp;<\/td>\n<td class=\"style2\">2002<\/td>\n<td class=\"style2\">&#8211; Visor \/ singel<\/td>\n<\/tr>\n<tr valign=\"top\">\n<td class=\"style2\">Du som har mitt hela hj\u00e4rta<\/td>\n<td class=\"style2\">&nbsp;<\/td>\n<td class=\"style2\">2002<\/td>\n<td class=\"style2\">&#8211; Visor<\/td>\n<\/tr>\n<tr valign=\"top\">\n<td class=\"style2\">Varning<\/td>\n<td class=\"style2\">&nbsp;<\/td>\n<td class=\"style2\">2002<\/td>\n<td class=\"style2\">&#8211; Visor<\/td>\n<\/tr>\n<tr valign=\"top\">\n<td class=\"style2\">Som en eld<\/td>\n<td class=\"style2\">&nbsp;<\/td>\n<td class=\"style2\">2002<\/td>\n<td class=\"style2\">&#8211; Visor \/ singel<\/td>\n<\/tr>\n<tr valign=\"top\">\n<td class=\"style2\">V\u00e5rvindar friska<\/td>\n<td class=\"style2\">&nbsp;<\/td>\n<td class=\"style2\">2002<\/td>\n<td class=\"style2\">&#8211; Visor<\/td>\n<\/tr>\n<tr valign=\"top\">\n<td class=\"style2\">The Prayer (LR)&nbsp;<\/td>\n<td class=\"style2\">Tito Beltran<\/td>\n<td class=\"style2\">2003<\/td>\n<td class=\"style2\">&#8211; Rhapsody In Rock<br \/>\nThe Complete Collection &#8211;<br \/>\nRobert Wells &#8211; \u00f6ver tv\u00e5 timmar med det b\u00e4sta fr\u00e5n 1989 &#8211; 2003<\/td>\n<\/tr>\n<tr valign=\"top\">\n<td class=\"style2\">Sylvesters resa<\/td>\n<td class=\"style2\">&nbsp;<\/td>\n<td class=\"style2\">2003<\/td>\n<td class=\"style2\">&#8211; Genom varje andetag<\/td>\n<\/tr>\n<tr valign=\"top\">\n<td class=\"style2\">Jag \u00e4lskar dig<\/td>\n<td class=\"style2\">&nbsp;<\/td>\n<td class=\"style2\">2003<\/td>\n<td class=\"style2\">&#8211; Genom varje andetag<\/td>\n<\/tr>\n<tr valign=\"top\">\n<td class=\"style2\">Jag har bara \u00f6gonblick<\/td>\n<td class=\"style2\">&nbsp;<\/td>\n<td class=\"style2\">2003<\/td>\n<td class=\"style2\">&#8211; Genom varje andetag<\/td>\n<\/tr>\n<tr valign=\"top\">\n<td class=\"style2\">Sakta stiger solen<\/td>\n<td class=\"style2\">&nbsp;<\/td>\n<td class=\"style2\">2003<\/td>\n<td class=\"style2\">&#8211; Genom varje andetag \/ single<\/td>\n<\/tr>\n<tr valign=\"top\">\n<td class=\"style2\">Genom varje andetag<\/td>\n<td class=\"style2\">&nbsp;<\/td>\n<td class=\"style2\">2003<\/td>\n<td class=\"style2\">&#8211; Genom varje andetag<\/td>\n<\/tr>\n<tr valign=\"top\">\n<td class=\"style2\">Det finns n\u00e5got mer<\/td>\n<td class=\"style2\">&nbsp;<\/td>\n<td class=\"style2\">2003<\/td>\n<td class=\"style2\">&#8211; Genom varje andetag<\/td>\n<\/tr>\n<tr valign=\"top\">\n<td class=\"style2\">Mozart och dammsugaren<\/td>\n<td class=\"style2\">&nbsp;<\/td>\n<td class=\"style2\">2003<\/td>\n<td class=\"style2\">&#8211; Genom varje andetag<\/td>\n<\/tr>\n<tr valign=\"top\">\n<td class=\"style2\">Fast\u00e4n du sover<\/td>\n<td class=\"style2\">&nbsp;<\/td>\n<td class=\"style2\">2003<\/td>\n<td class=\"style2\">&#8211; Genom varje andetag<\/td>\n<\/tr>\n<tr valign=\"top\">\n<td class=\"style2\">K\u00e4rlekss\u00e5ng<\/td>\n<td class=\"style2\">&nbsp;<\/td>\n<td class=\"style2\">2003<\/td>\n<td class=\"style2\">&#8211; Genom varje andetag<\/td>\n<\/tr>\n<tr valign=\"top\">\n<td class=\"style2\">S\u00e4g mig f\u00f6r vems skull<\/td>\n<td class=\"style2\">&nbsp;<\/td>\n<td class=\"style2\">2003<\/td>\n<td class=\"style2\">&#8211; Genom varje andetag<\/td>\n<\/tr>\n<tr valign=\"top\">\n<td class=\"style2\">Du \u00e4r min man<\/td>\n<td class=\"style2\">&nbsp;<\/td>\n<td class=\"style2\">2004<\/td>\n<td class=\"style2\">\n<p>\u2013 BAO! \/ singel<\/p>\n<hr>\n<p>\u2013 B\u00e4sta l\u00e5tarna (2019)<\/p>\n<hr>\n<p>\u2013 Midsommarmiddag (2020)<\/p>\n<hr>\n<p>\u2013 Svenska Favoriter (2020)<\/p>\n<hr>\n<p>\u2013 Svenska sommarklassiker (2020)<\/p>\n<hr>\n<p>\u2013 Sk\u00e4rg\u00e5rds-sommar (2020)<\/p>\n<hr>\n<p>\u2013 Midsommarklassiker (2020)<\/p>\n<hr>\n<p>\u2013 Alla hj\u00e4rtans dag (2021)<\/p>\n<hr>\n<p>\u2013 Midsommarklassiker 2021<\/td>\n<\/tr>\n<tr valign=\"top\">\n<td class=\"style2\">Midnattsdans<\/td>\n<td class=\"style2\">&nbsp;<\/td>\n<td class=\"style2\">2004<\/td>\n<td class=\"style2\">&#8211; BAO! \/ singel<\/td>\n<\/tr>\n<tr valign=\"top\">\n<td class=\"style2\">Skenbart<\/td>\n<td class=\"style2\">&nbsp;<\/td>\n<td class=\"style2\">2004<\/td>\n<td class=\"style2\">&#8211; BAO!<\/td>\n<\/tr>\n<tr valign=\"top\">\n<td class=\"style2\">Saknadens rum<\/td>\n<td class=\"style2\">&nbsp;<\/td>\n<td class=\"style2\">2004<\/td>\n<td class=\"style2\">&#8211; BAO!<\/td>\n<\/tr>\n<tr valign=\"top\">\n<td class=\"style2\">K\u00e4rlekens tid<\/td>\n<td class=\"style2\">&nbsp;<\/td>\n<td class=\"style2\">2004<\/td>\n<td class=\"style2\">&#8211; BAO!<\/td>\n<\/tr>\n<tr valign=\"top\">\n<td class=\"style2\">Gabriellas s\u00e5ng<\/td>\n<td class=\"style2\">&nbsp;<\/td>\n<td class=\"style2\">2004<\/td>\n<td class=\"style2\">\n<p>&#8211; S\u00e5 som i himmelen &#8211; soundtrack<\/p>\n<hr>\n<p>&#8211; En bukett med sommarblommor (2005)<\/p>\n<hr>\n<p>&#8211; Mysiga stunder volym 1 (2006)<\/p>\n<hr>\n<p>&#8211; B\u00f6ndernas b\u00e4sta k\u00e4rleksl\u00e5tar (2006)<\/p>\n<hr>\n<p>&#8211; Tro, hopp &amp; k\u00e4rlek (2006)<\/p>\n<hr>\n<p>&#8211; \u00c4lskade svenska s\u00e5ngerskor (2006)<\/p>\n<hr>\n<p>&#8211; Ljuva lovs\u00e5ng &#8211; Hallelujah Moments (2006)<\/p>\n<hr>\n<p>&#8211; Absolute Alla hj\u00e4rtans dag (2007)<\/p>\n<hr>\n<p>&#8211; P4 Sommarfl\u00f8rt (Norway 2007)<\/p>\n<hr>\n<p>&#8211; S\u00f6ta lilla mamma (2008)<\/p>\n<hr>\n<p>&#8211; Skandinaviske Sommerfavoritter<br \/>\n(Norway 2009)<\/p>\n<hr>\n<p>\u2013 Passione &#8211; A Christmas Collection (2011)<\/p>\n<hr>\n<p>\u2013 Svenska s\u00e5nger &amp; visor (2017)<\/p>\n<hr>\n<p>\u2013 Svenska Tjejer! (2017)<\/p>\n<hr>\n<p>\u2013 Alls\u00e5ngsfavoriter (2018)<\/p>\n<hr>\n<p>\u2013 Filmmusik (2018)<\/p>\n<hr>\n<p>\u2013 Svensk kvinnlig pop (2018)<\/p>\n<hr>\n<p>\u2013 Svenska tryckare (2018)<\/p>\n<hr>\n<p>\u2013 Tusen bitar: Sveriges vackraste visor (2018)<\/p>\n<hr>\n<p>\u2013 100 Svenska Ballader (2019)<\/p>\n<hr>\n<p>\u2013 Absolute br\u00f6llop (2019)<\/p>\n<hr>\n<p>\u2013 100 Svensktoppar (2019)<\/p>\n<hr>\n<p>\u2013 Absolute Svenska visor (2019)<\/p>\n<hr>\n<p>\u2013 Absolute Svenskt 00-tal (2019)<\/p>\n<hr>\n<p>\u2013 Absolute Svensktoppen (2019)<\/p>\n<hr>\n<p>\u2013 Ballader \u2013 100 l\u00e5tar (2019)<\/p>\n<hr>\n<p>\u2013 Blott en dag: Visklassiker (2019)<\/p>\n<hr>\n<p>\u2013 Jag ger dig min morgon (2019)<\/p>\n<hr>\n<p>\u2013 Koppla av &#8211; Lugn musik (2019)<\/p>\n<hr>\n<p>\u2013 Svenska ballader (2019)<\/p>\n<hr>\n<p>\u2013 Svenska s\u00e5ngerskor (2019)<\/p>\n<hr>\n<p>\u2013 Svensktoppsklassiker 2000-tal (2019)<\/p>\n<hr>\n<p>\u2013 Svensk vispop (2019)<\/p>\n<hr>\n<p>\u2013 Vackra visor (2019)<\/p>\n<hr>\n<p>\u2013 \u00c4lskade Visor (2019)<\/p>\n<hr>\n<p>\u2013 \u00c4nglamark: \u00c4lskade svenska visor (2019)<\/p>\n<hr>\n<p>\u2013 Decemberst\u00e4mning (2020)<\/p>\n<hr>\n<p>\u2013 Nollnolltalet: Hitsen (2020)<\/p>\n<hr>\n<p>\u2013 Sommarkort (2020)<\/p>\n<hr>\n<p>\u2013 Sommarkv\u00e4ll (2020)<\/p>\n<hr>\n<p>\u2013 Chilla Ner (2021)<\/p>\n<hr>\n<p>\u2013 Absolute Love (2021)<\/p>\n<p>\u2026and several other music collections on Spotify.<\/td>\n<\/tr>\n<tr valign=\"top\">\n<td class=\"style2\">Come Give Me Love<\/td>\n<td class=\"style2\">&nbsp;<\/td>\n<td class=\"style2\">2004<\/td>\n<td class=\"style2\">\n<p>&#8211; F\u00e5nga en \u00e4ngel &#8211; en hyllning till Ted G\u00e4rdestad \/ single<\/p>\n<hr>\n<p>&#8211; Svenska sommarklassiker (2005)<\/p>\n<hr>\n<p>&#8211; Den svenska sommaren (2009)<\/p>\n<hr>\n<p>&#8211; Sommarklassiker (2010)<\/td>\n<\/tr>\n<tr valign=\"top\">\n<td class=\"style2\">En g\u00e5ng var han mig n\u00e4ra<\/td>\n<td class=\"style2\">&nbsp;<\/td>\n<td class=\"style2\">2004<\/td>\n<td class=\"style2\">&#8211; FUB:s (Association for disabled children,&nbsp;adolescents and adults)&nbsp;CD UNIK! (2004)<\/td>\n<\/tr>\n<tr valign=\"top\">\n<td class=\"style2\">Somna i ro mitt barn<\/td>\n<td class=\"style2\">&nbsp;<\/td>\n<td class=\"style2\">2004<\/td>\n<td class=\"style2\">&#8211; Toner f\u00f6r livet (no official CD, given out to mothers of newborn babies in V\u00e4stra G\u00f6taland)<\/td>\n<\/tr>\n<tr valign=\"top\">\n<td class=\"style2\">Som en himmel<\/td>\n<td class=\"style2\">&nbsp;<\/td>\n<td class=\"style2\">2004<\/td>\n<td class=\"style2\">&#8211; Toner f\u00f6r livet<\/td>\n<\/tr>\n<tr valign=\"top\">\n<td class=\"style2\">Lilla hand<\/td>\n<td class=\"style2\">&nbsp;<\/td>\n<td class=\"style2\">2004<\/td>\n<td class=\"style2\">&#8211; Toner f\u00f6r livet<\/td>\n<\/tr>\n<tr valign=\"top\">\n<td class=\"style2\">\u00c4ven en blomma<\/td>\n<td class=\"style2\">&nbsp;<\/td>\n<td class=\"style2\">2004<\/td>\n<td class=\"style2\">&#8211; Toner f\u00f6r livet<\/td>\n<\/tr>\n<tr valign=\"top\">\n<td class=\"style2\">L\u00e4ngst inne i mitt huvud<\/td>\n<td class=\"style2\">&nbsp;<\/td>\n<td class=\"style2\">2004<\/td>\n<td class=\"style2\">&#8211; Toner f\u00f6r livet<\/td>\n<\/tr>\n<tr valign=\"top\">\n<td class=\"style2\">Nu \u00e4r det jul igen<\/td>\n<td class=\"style2\">Arne Weise, Sophie Mokvist<\/td>\n<td class=\"style2\">2005<\/td>\n<td class=\"style2\">&#8211; Lilla Kotten sjunger julvisor<\/td>\n<\/tr>\n<tr valign=\"top\">\n<td class=\"style2\">Tomtefar och r\u00e5ttorna<\/td>\n<td class=\"style2\">Choir<\/td>\n<td class=\"style2\">2005<\/td>\n<td class=\"style2\">&#8211; Lilla Kotten sjunger julvisor<\/td>\n<\/tr>\n<tr valign=\"top\">\n<td class=\"style2\">Vi \u00e4ro musikanter<\/td>\n<td class=\"style2\">Eva R\u00f6se, choir<\/td>\n<td class=\"style2\">2005<\/td>\n<td class=\"style2\">&#8211; Lilla Kotten sjunger julvisor<\/td>\n<\/tr>\n<tr valign=\"top\">\n<td class=\"style2\">M\u00f6ssens julafton<\/td>\n<td class=\"style2\">Eva R\u00f6se,<br \/>\nClaes Jansson, Modesto Sanchez, choir<\/td>\n<td class=\"style2\">2005<\/td>\n<td class=\"style2\">&#8211; Lilla Kotten sjunger julvisor<\/td>\n<\/tr>\n<\/tbody>\n<\/table>\n<p>&nbsp;<\/p>\n","protected":false},"excerpt":{"rendered":"<p>Song (LR) = live recording Song partner First released CD(s) \/ digital Jag lyfter \u00f6gat mot himmelen &nbsp; 2001 &#8211; I goda h\u00e4nder V\u00e5r sista <a class=\"more-link\" href=\"https:\/\/helensjoholm.nu\/_eng\/2001-2005\/\">Read More &#8230;<\/a><\/p>\n","protected":false},"author":1,"featured_media":0,"parent":0,"menu_order":0,"comment_status":"closed","ping_status":"open","template":"","meta":{"ngg_post_thumbnail":0,"footnotes":""},"class_list":["post-207","page","type-page","status-publish","hentry"],"aioseo_notices":[],"_links":{"self":[{"href":"https:\/\/helensjoholm.nu\/_eng\/wp-json\/wp\/v2\/pages\/207","targetHints":{"allow":["GET"]}}],"collection":[{"href":"https:\/\/helensjoholm.nu\/_eng\/wp-json\/wp\/v2\/pages"}],"about":[{"href":"https:\/\/helensjoholm.nu\/_eng\/wp-json\/wp\/v2\/types\/page"}],"author":[{"embeddable":true,"href":"https:\/\/helensjoholm.nu\/_eng\/wp-json\/wp\/v2\/users\/1"}],"replies":[{"embeddable":true,"href":"https:\/\/helensjoholm.nu\/_eng\/wp-json\/wp\/v2\/comments?post=207"}],"version-history":[{"count":0,"href":"https:\/\/helensjoholm.nu\/_eng\/wp-json\/wp\/v2\/pages\/207\/revisions"}],"wp:attachment":[{"href":"https:\/\/helensjoholm.nu\/_eng\/wp-json\/wp\/v2\/media?parent=207"}],"curies":[{"name":"wp","href":"https:\/\/api.w.org\/{rel}","templated":true}]}}