{"id":2066,"date":"2013-05-14T19:44:55","date_gmt":"2013-05-14T17:44:55","guid":{"rendered":"http:\/\/helensjoholm.nu\/_eng\/?page_id=2066"},"modified":"2022-06-26T07:33:09","modified_gmt":"2022-06-26T05:33:09","slug":"vinterhamn","status":"publish","type":"page","link":"https:\/\/helensjoholm.nu\/_eng\/2011-2015\/tomten-har-akt-hem\/vinterhamn\/","title":{"rendered":"Vinterhamn"},"content":{"rendered":"<p><strong>Music:<\/strong> Benny Andersson<br \/>\n<strong>Lyrics:<\/strong> Bj\u00f6rn Ulvaeus<\/p>\n<p>Vinterhamn<br \/>\nVinterhamn<br \/>\nH\u00e4r kan jag h\u00e4mta styrka<br \/>\nDu ger mig skydd och sinnesfrid<br \/>\nVinterhamn<br \/>\nVinterhamn<br \/>\nSom psalmen i en kyrka<br \/>\nG\u00f6r hj\u00e4rtat varmt i julens tid<\/p>\n<p>I ditt namn<br \/>\nFinns en ton<br \/>\nAv is och sn\u00f6kristaller<br \/>\nMen mer av gran och t\u00e4nda ljus<br \/>\nVinterhamn<br \/>\nVinterhamn<br \/>\nN\u00e4r sn\u00f6n sakta faller<br \/>\nD\u00e5 kommer julen till mitt hus<\/p>\n<p>Och med den en man- en gudas\u00e4nd<br \/>\nOch nu gl\u00e4ds vi \u00e5t en stor legend<br \/>\nDen \u00e4r var mans<br \/>\nOch v\u00e5r \u00e4r ocks\u00e5 hans<br \/>\nT\u00f6rnekrans<\/p>\n<p>Vinterhamn<br \/>\nVinterhamn<br \/>\nDen v\u00e4rld som st\u00f6r och larmar<br \/>\nDen h\u00f6rs i fj\u00e4rran som ett brus<br \/>\nVinterhamn<br \/>\nVinterhamn<br \/>\nEn famn med \u00f6ppna armar<br \/>\nD\u00e5 h\u00f6r jag \u00e4nglavingars sus<\/p>\n<p>Och med den en man- en gudas\u00e4nd<br \/>\nOch nu gl\u00e4ds vi \u00e5t en stor legend<br \/>\nDen \u00e4r var mans<br \/>\nOch v\u00e5r \u00e4r ocks\u00e5 hans<br \/>\nT\u00f6rnekrans<\/p>\n<p>I ditt namn<br \/>\nFinns en ton<br \/>\nAv is och sn\u00f6kristaller<br \/>\nMen mer av gran och t\u00e4nda ljus<br \/>\nVinterhamn<br \/>\nVinterhamn<br \/>\nN\u00e4r sn\u00f6n sakta faller<br \/>\nD\u00e5 kommer julen till mitt hus<\/p>\n<p><em>Copyright \u00a9 2011 Mono Music AB<\/em><\/p>\n<p><a title=\"Tomten har \u00e5kt hem\" href=\"https:\/\/helensjoholm.nu\/_eng\/2011-2015\/tomten-har-akt-hem\/\">Back<\/a><\/p>\n","protected":false},"excerpt":{"rendered":"<p>Music: Benny Andersson Lyrics: Bj\u00f6rn Ulvaeus Vinterhamn Vinterhamn H\u00e4r kan jag h\u00e4mta styrka Du ger mig skydd och sinnesfrid Vinterhamn Vinterhamn Som psalmen i en <a class=\"more-link\" href=\"https:\/\/helensjoholm.nu\/_eng\/2011-2015\/tomten-har-akt-hem\/vinterhamn\/\">Read More &#8230;<\/a><\/p>\n","protected":false},"author":1,"featured_media":0,"parent":2014,"menu_order":0,"comment_status":"closed","ping_status":"closed","template":"","meta":{"ngg_post_thumbnail":0,"footnotes":""},"class_list":["post-2066","page","type-page","status-publish","hentry"],"aioseo_notices":[],"_links":{"self":[{"href":"https:\/\/helensjoholm.nu\/_eng\/wp-json\/wp\/v2\/pages\/2066","targetHints":{"allow":["GET"]}}],"collection":[{"href":"https:\/\/helensjoholm.nu\/_eng\/wp-json\/wp\/v2\/pages"}],"about":[{"href":"https:\/\/helensjoholm.nu\/_eng\/wp-json\/wp\/v2\/types\/page"}],"author":[{"embeddable":true,"href":"https:\/\/helensjoholm.nu\/_eng\/wp-json\/wp\/v2\/users\/1"}],"replies":[{"embeddable":true,"href":"https:\/\/helensjoholm.nu\/_eng\/wp-json\/wp\/v2\/comments?post=2066"}],"version-history":[{"count":0,"href":"https:\/\/helensjoholm.nu\/_eng\/wp-json\/wp\/v2\/pages\/2066\/revisions"}],"up":[{"embeddable":true,"href":"https:\/\/helensjoholm.nu\/_eng\/wp-json\/wp\/v2\/pages\/2014"}],"wp:attachment":[{"href":"https:\/\/helensjoholm.nu\/_eng\/wp-json\/wp\/v2\/media?parent=2066"}],"curies":[{"name":"wp","href":"https:\/\/api.w.org\/{rel}","templated":true}]}}