{"id":205,"date":"2013-04-10T20:27:22","date_gmt":"2013-04-10T18:27:22","guid":{"rendered":"http:\/\/helensjoholm.nu\/_eng\/?page_id=205"},"modified":"2021-01-02T16:46:32","modified_gmt":"2021-01-02T14:46:32","slug":"1992-2000","status":"publish","type":"page","link":"https:\/\/helensjoholm.nu\/_eng\/1992-2000\/","title":{"rendered":"Songs 1992 &#8211; 2000"},"content":{"rendered":"<p><img loading=\"lazy\" decoding=\"async\" title=\"Photo: Jesper Nordstr\u00f6m\" src=\"https:\/\/helensjoholm.nu\/_eng\/wp-content\/gallery\/diskografi-1992-2002\/jespernordstrom_500.jpg\" alt=\"Photo: Jesper Nordstr\u00f6m\" width=\"500\" height=\"336\"><\/p>\n<table>\n<tbody>\n<tr>\n<td valign=\"top\"><strong>Song<br \/>\n(LR) = live recording<\/strong><\/td>\n<td valign=\"top\"><strong>Song partners<\/strong><\/td>\n<td style=\"width: 85px;\" valign=\"top\"><strong>First released<\/strong><\/td>\n<td valign=\"top\"><strong>CD(s) \/ digital<\/strong><\/td>\n<\/tr>\n<tr>\n<td valign=\"top\">Herrar (LR)&nbsp;<\/td>\n<td valign=\"top\">Kirsti Torhaug<\/td>\n<td class=\"style2\">1992<\/td>\n<td class=\"style2\" valign=\"top\">&#8211; Elvira Madigan<\/td>\n<\/tr>\n<tr class=\"style2\">\n<td valign=\"top\">Duvem\u00e5la Hage<\/td>\n<td>&nbsp;<\/td>\n<td valign=\"top\">1996<\/td>\n<td valign=\"top\">\n<p>&#8211; Kristina fr\u00e5n Duvem\u00e5la<\/p>\n<hr>\n<p>&#8211; 16 favoriter ur Kristina fr\u00e5n Duvem\u00e5la (1999)<\/td>\n<\/tr>\n<tr class=\"style2\">\n<td>Min lust til dej<\/td>\n<td>Anders Ekborg<\/td>\n<td>1996<\/td>\n<td>&#8211; Kristina fr\u00e5n Duvem\u00e5la<\/td>\n<\/tr>\n<tr class=\"style2\">\n<td>Missv\u00e4xt<\/td>\n<td>Anders Ekborg<\/td>\n<td>1996<\/td>\n<td>&#8211; Kristina fr\u00e5n Duvem\u00e5la<\/td>\n<\/tr>\n<tr class=\"style2\">\n<td valign=\"top\">Nej<\/td>\n<td valign=\"top\">Anders Ekborg &amp;<br \/>\nPeter J\u00f6back<\/td>\n<td valign=\"top\">1996<\/td>\n<td valign=\"top\">\n<p>&#8211; Kristina fr\u00e5n Duvem\u00e5la<\/p>\n<hr>\n<p>&#8211; 16 favoriter ur Kristina fr\u00e5n Duvem\u00e5la (1999)<\/td>\n<\/tr>\n<tr class=\"style2\">\n<td>Kom till mig alla<\/td>\n<td>Choir<\/td>\n<td>1996<\/td>\n<td>&#8211; Kristina fr\u00e5n Duvem\u00e5la<\/td>\n<\/tr>\n<tr class=\"style2\">\n<td>Vi \u00f6ppnar alla grindar<\/td>\n<td>Choir<\/td>\n<td>1996<\/td>\n<td valign=\"top\">&#8211; Kristina fr\u00e5n Duvem\u00e5la<\/td>\n<\/tr>\n<tr class=\"style2\" valign=\"top\">\n<td>B\u00f6nder p\u00e5 havet<\/td>\n<td>Choir<\/td>\n<td>1996<\/td>\n<td>&#8211; Kristina fr\u00e5n Duvem\u00e5la<\/td>\n<\/tr>\n<tr class=\"style2\" valign=\"top\">\n<td>L\u00f6ss<\/td>\n<td>\u00c5sa Bergh, Marianne M\u00f6rck, choir<\/td>\n<td>1996<\/td>\n<td>&#8211; Kristina fr\u00e5n Duvem\u00e5la<\/td>\n<\/tr>\n<tr class=\"style2\" valign=\"top\">\n<td>A Sunday in Battery Park<\/td>\n<td>Choir<\/td>\n<td>1996<\/td>\n<td>&#8211; Kristina fr\u00e5n Duvem\u00e5la<\/td>\n<\/tr>\n<tr class=\"style2\" valign=\"top\">\n<td>Hemma<\/td>\n<td>&nbsp;<\/td>\n<td>1996<\/td>\n<td>\n<p>&#8211; Kristina fr\u00e5n Duvem\u00e5la<\/p>\n<hr>\n<p>&#8211; 16 favoriter ur Kristina fr\u00e5n Duvem\u00e5la (1999)<\/td>\n<\/tr>\n<tr class=\"style2\" valign=\"top\">\n<td>T\u00e4nk att m\u00e4n som han kan finnas<\/td>\n<td>\u00c5sa Bergh, Marianne M\u00f6rck, Jessica Axelsson, Ed Damron<\/td>\n<td>1996<\/td>\n<td>\n<p>&#8211; Kristina fr\u00e5n Duvem\u00e5la<\/p>\n<hr>\n<p>&#8211; 16 favoriter ur Kristina fr\u00e5n Duvem\u00e5la (1999)<\/td>\n<\/tr>\n<tr class=\"style2\" valign=\"top\">\n<td>Kamfer och lavendel<\/td>\n<td>&nbsp;<\/td>\n<td>1996<\/td>\n<td>&#8211; Kristina fr\u00e5n Duvem\u00e5la<\/td>\n<\/tr>\n<tr class=\"style2\" valign=\"top\">\n<td>Min astrakan<\/td>\n<td>&nbsp;<\/td>\n<td>1996<\/td>\n<td>\n<p>&#8211; Kristina fr\u00e5n Duvem\u00e5la<\/p>\n<hr>\n<p>&#8211; 16 favoriter ur Kristina fr\u00e5n Duvem\u00e5la (1999)<\/td>\n<\/tr>\n<tr class=\"style2\" valign=\"top\">\n<td>Ljusa kv\u00e4llar om v\u00e5ren<\/td>\n<td>Anders Ekborg<\/td>\n<td>1996<\/td>\n<td>&#8211; Kristina fr\u00e5n Duvem\u00e5la<\/td>\n<\/tr>\n<tr class=\"style2\" valign=\"top\">\n<td>Pr\u00e4riens drottning<\/td>\n<td>Anders Ekborg, choir<\/td>\n<td>1996<\/td>\n<td>&#8211; Kristina fr\u00e5n Duvem\u00e5la<\/td>\n<\/tr>\n<tr class=\"style2\" valign=\"top\">\n<td>Jag har f\u00f6rlikat mej till slut<\/td>\n<td>Peter J\u00f6back<\/td>\n<td>1996<\/td>\n<td>&#8211; Kristina fr\u00e5n Duvem\u00e5la<\/td>\n<\/tr>\n<tr class=\"style2\" valign=\"top\">\n<td>Ett Herrans underverk<\/td>\n<td>\u00c5sa Bergh<\/td>\n<td>1996<\/td>\n<td>&#8211; Kristina fr\u00e5n Duvem\u00e5la<\/td>\n<\/tr>\n<tr class=\"style2\" valign=\"top\">\n<td>Du m\u00e5ste finnas<\/td>\n<td>&nbsp;<\/td>\n<td>1996<\/td>\n<td>\n<p>&#8211; Kristina fr\u00e5n Duvem\u00e5la<\/p>\n<hr>\n<p>&#8211; 16 favoriter ur Kristina fr\u00e5n Duvem\u00e5la (1999)<br \/>\n\/singel<\/td>\n<\/tr>\n<tr class=\"style2\" valign=\"top\">\n<td>H\u00e4r har du mej igen<\/td>\n<td>Anders Ekborg<\/td>\n<td>1996<\/td>\n<td>\n<p>&#8211; Kristina fr\u00e5n Duvem\u00e5la<\/p>\n<hr>\n<p>&#8211; 16 favoriter ur Kristina fr\u00e5n Duvem\u00e5la (1999)<\/td>\n<\/tr>\n<tr class=\"style2\" valign=\"top\">\n<td>Red Iron\/Hj\u00e4lp mej tr\u00f6sta<\/td>\n<td>Oscar Salazar<\/td>\n<td>1996<\/td>\n<td>&#8211; Kristina fr\u00e5n Duvem\u00e5la<\/td>\n<\/tr>\n<tr class=\"style2\" valign=\"top\">\n<td>I gott bevar<\/td>\n<td>Anders Ekborg<\/td>\n<td>1996<\/td>\n<td>\n<p>&#8211; Kristina fr\u00e5n Duvem\u00e5la<\/p>\n<hr>\n<p>&#8211; 16 favoriter ur Kristina fr\u00e5n Duvem\u00e5la (1999)<\/td>\n<\/tr>\n<tr class=\"style2\" valign=\"top\">\n<td>Nygammal vals<\/td>\n<td>Christer Nerfont<\/td>\n<td>1998<\/td>\n<td>&#8211; Strike Up The Band<\/td>\n<\/tr>\n<tr class=\"style2\" valign=\"top\">\n<td>Wherever he ain&#8217;t<\/td>\n<td>&nbsp;<\/td>\n<td>1998<\/td>\n<td>&#8211; Strike Up The Band<\/td>\n<\/tr>\n<tr class=\"style2\" valign=\"top\">\n<td>Bewitched<\/td>\n<td>&nbsp;<\/td>\n<td>1998<\/td>\n<td>&#8211; Strike Up The Band<\/td>\n<\/tr>\n<tr class=\"style2\" valign=\"top\">\n<td>Everything&#8217;s coming up roses<\/td>\n<td>Marianne M\u00f6rck<\/td>\n<td>1998<\/td>\n<td>&#8211; Strike Up The Band<\/td>\n<\/tr>\n<tr class=\"style2\" valign=\"top\">\n<td>Jag lyfter \u00f6gat mot himmelen (LR)&nbsp;<\/td>\n<td>&nbsp;<\/td>\n<td>1998<\/td>\n<td>&#8211; \u00c4lskade psalmer Globen Live!<\/td>\n<\/tr>\n<tr class=\"style2\" valign=\"top\">\n<td>Bred dina vida vingar (LR)&nbsp;<\/td>\n<td>&nbsp;<\/td>\n<td>1998<\/td>\n<td>&#8211; \u00c4lskade psalmer Globen Live!<\/td>\n<\/tr>\n<tr class=\"style2\" valign=\"top\">\n<td>L\u00e4ngesen i december<\/td>\n<td>&nbsp;<\/td>\n<td>1998<\/td>\n<td>&#8211; Anastasia &#8211; soundtrack<\/td>\n<\/tr>\n<tr class=\"style2\" valign=\"top\">\n<td>Ring, Ring (LR)&nbsp;<\/td>\n<td>Karin Glenmark, Anders Glenmark,<br \/>\nTommy K\u00f6rberg<\/td>\n<td>1998<\/td>\n<td>&#8211; Fr\u00e5n Waterloo till Duvem\u00e5la<\/td>\n<\/tr>\n<tr class=\"style2\" valign=\"top\">\n<td>Fernando (LR)&nbsp;<\/td>\n<td>Karin Glenmark, Anders Glenmark, Tommy K\u00f6rberg<\/td>\n<td>1998<\/td>\n<td>&#8211; Fr\u00e5n Waterloo till Duvem\u00e5la<\/td>\n<\/tr>\n<tr class=\"style2\" valign=\"top\">\n<td>Honey, Honey&nbsp;(LR)<\/td>\n<td>Karin Glenmark, Anders Glenmark, Tommy K\u00f6rberg<\/td>\n<td>1998<\/td>\n<td>&#8211; Fr\u00e5n Waterloo till Duvem\u00e5la<\/td>\n<\/tr>\n<tr class=\"style2\" valign=\"top\">\n<td>Money, Money, Money (LR)&nbsp;<\/td>\n<td>Karin Glenmark, Anders Glenmark, Tommy K\u00f6rberg<\/td>\n<td>1998<\/td>\n<td>&#8211; Fr\u00e5n Waterloo till Duvem\u00e5la<\/td>\n<\/tr>\n<tr class=\"style2\" valign=\"top\">\n<td>Du m\u00e5ste finnas (LR)&nbsp;<\/td>\n<td>&nbsp;<\/td>\n<td>1998<\/td>\n<td>&#8211; Fr\u00e5n Waterloo till Duvem\u00e5la<\/td>\n<\/tr>\n<tr class=\"style2\" valign=\"top\">\n<td>Take A ChanceOn Me (LR)&nbsp;<\/td>\n<td>Karin Glenmark, Anders Glenmark, Tommy K\u00f6rberg<\/td>\n<td>1998<\/td>\n<td>&#8211; Fr\u00e5n Waterloo till Duvem\u00e5la<\/td>\n<\/tr>\n<tr class=\"style2\" valign=\"top\">\n<td>Does Your Mother Know (LR)&nbsp;<\/td>\n<td>Karin Glenmark, Anders Glenmark, Tommy K\u00f6rberg<\/td>\n<td>1998<\/td>\n<td>&#8211; Fr\u00e5n Waterloo till Duvem\u00e5la<\/td>\n<\/tr>\n<tr class=\"style2\" valign=\"top\">\n<td>On And On And On (LR)&nbsp;<\/td>\n<td>Karin Glenmark, Anders Glenmark, Tommy K\u00f6rberg<\/td>\n<td>1998<\/td>\n<td>&#8211; Fr\u00e5n Waterloo till Duvem\u00e5la<\/td>\n<\/tr>\n<tr class=\"style2\" valign=\"top\">\n<td>Thank You For The Music (LR)&nbsp;<\/td>\n<td>Karin Glenmark, Anders Glenmark, Tommy K\u00f6rberg<\/td>\n<td>1998<\/td>\n<td>&#8211; Fr\u00e5n Waterloo till Duvem\u00e5la<\/td>\n<\/tr>\n<tr class=\"style2\" valign=\"top\">\n<td>Vi g\u00e5r och ser p\u00e5 himlens planeter<\/td>\n<td>&nbsp;<\/td>\n<td>1998<\/td>\n<td>&#8211; God Jul &#8211; juls\u00e5nger p\u00e5 svenska<\/td>\n<\/tr>\n<tr class=\"style2\" valign=\"top\">\n<td>Gl\u00e4ns \u00f6ver sj\u00f6 och strand<\/td>\n<td>&nbsp;<\/td>\n<td>1998<\/td>\n<td>\n<p>&#8211; God Jul &#8211; juls\u00e5nger p\u00e5 svenska<\/p>\n<hr>\n<p>&#8211; Svenska Julklassiker (2002)<\/p>\n<hr>\n<p>&#8211; Julgryning vaknar &#8211;<br \/>\nen samling juls\u00e5nger (2004)<\/td>\n<\/tr>\n<tr class=\"style2\" valign=\"top\">\n<td>Tyst lite blygt (Soundtrack)<\/td>\n<td>Peter J\u00f6back<\/td>\n<td>1999<\/td>\n<td>&#8211; D\u00e4r regnb\u00e5gen slutar &#8211; soundtrack<\/td>\n<\/tr>\n<tr class=\"style2\" valign=\"top\">\n<td>Lys mig en v\u00e4g (Soundtrack)<\/td>\n<td>Peter J\u00f6back, Tommy K\u00f6rberg, Sharon Dyall<\/td>\n<td>1999<\/td>\n<td>&#8211; D\u00e4r regnb\u00e5gen slutar &#8211; soundtrack<\/td>\n<\/tr>\n<tr class=\"style2\" valign=\"top\">\n<td>V\u00e5ra systrar g\u00e5ri brokiga kl\u00e4der<\/td>\n<td>&nbsp;<\/td>\n<td>2000<\/td>\n<td>&#8211; V\u00e5ra systrar g\u00e5r i brokiga kl\u00e4der<\/td>\n<\/tr>\n<tr class=\"style2\" valign=\"top\">\n<td>Av tv\u00e5ng<\/td>\n<td>&nbsp;<\/td>\n<td>2000<\/td>\n<td>&#8211; V\u00e5ra systrar g\u00e5r i brokiga kl\u00e4der<\/td>\n<\/tr>\n<tr class=\"style2\" valign=\"top\">\n<td>Till skuggan av en verklighet<\/td>\n<td>&nbsp;<\/td>\n<td>2000<\/td>\n<td>&#8211; V\u00e5ra systrar g\u00e5r i brokiga kl\u00e4der<\/td>\n<\/tr>\n<tr class=\"style2\" valign=\"top\">\n<td>Som en bro \u00f6ver m\u00f6rka vatten<\/td>\n<td>Anna Stadling<\/td>\n<td>2000<\/td>\n<td>\n<p>&#8211; Farv\u00e4l &#8211; s\u00e5nger till tr\u00f6st<\/p>\n<hr>\n<p>&#8211; Moderna visor &amp; Ballader (2001)<\/p>\n<hr>\n<p>&#8211; Mysiga stunder volym 2 (2006)<\/p>\n<hr>\n<p>&#8211; En bukett med blommor (2007)<\/td>\n<\/tr>\n<\/tbody>\n<\/table>\n<p>&nbsp;<\/p>\n","protected":false},"excerpt":{"rendered":"<p>Song (LR) = live recording Song partners First released CD(s) \/ digital Herrar (LR)&nbsp; Kirsti Torhaug 1992 &#8211; Elvira Madigan Duvem\u00e5la Hage &nbsp; 1996 &#8211; <a class=\"more-link\" href=\"https:\/\/helensjoholm.nu\/_eng\/1992-2000\/\">Read More &#8230;<\/a><\/p>\n","protected":false},"author":1,"featured_media":0,"parent":0,"menu_order":0,"comment_status":"closed","ping_status":"open","template":"","meta":{"ngg_post_thumbnail":0,"footnotes":""},"class_list":["post-205","page","type-page","status-publish","hentry"],"aioseo_notices":[],"_links":{"self":[{"href":"https:\/\/helensjoholm.nu\/_eng\/wp-json\/wp\/v2\/pages\/205","targetHints":{"allow":["GET"]}}],"collection":[{"href":"https:\/\/helensjoholm.nu\/_eng\/wp-json\/wp\/v2\/pages"}],"about":[{"href":"https:\/\/helensjoholm.nu\/_eng\/wp-json\/wp\/v2\/types\/page"}],"author":[{"embeddable":true,"href":"https:\/\/helensjoholm.nu\/_eng\/wp-json\/wp\/v2\/users\/1"}],"replies":[{"embeddable":true,"href":"https:\/\/helensjoholm.nu\/_eng\/wp-json\/wp\/v2\/comments?post=205"}],"version-history":[{"count":0,"href":"https:\/\/helensjoholm.nu\/_eng\/wp-json\/wp\/v2\/pages\/205\/revisions"}],"wp:attachment":[{"href":"https:\/\/helensjoholm.nu\/_eng\/wp-json\/wp\/v2\/media?parent=205"}],"curies":[{"name":"wp","href":"https:\/\/api.w.org\/{rel}","templated":true}]}}