{"id":2027,"date":"2013-05-12T20:37:40","date_gmt":"2013-05-12T18:37:40","guid":{"rendered":"http:\/\/helensjoholm.nu\/_eng\/?page_id=2027"},"modified":"2022-03-15T15:17:55","modified_gmt":"2022-03-15T13:17:55","slug":"sjoholm-longs","status":"publish","type":"page","link":"https:\/\/helensjoholm.nu\/_eng\/press-clips\/various-2013\/sjoholm-longs\/","title":{"rendered":"Sj\u00f6holm longs for Norra Berget (Sundsvall)"},"content":{"rendered":"<p><strong><img loading=\"lazy\" decoding=\"async\" title=\"Sundsvalls Tidning 130506\" src=\"https:\/\/helensjoholm.nu\/_eng\/wp-content\/gallery\/pressklipp-2013-2015\/norraberget_450.jpg\" alt=\"Sundsvalls Tidning 130506\" width=\"450\" height=\"300\"><\/strong><\/p>\n<p><strong>Sundsvalls Tidning 130506<\/strong><\/p>\n<p>By: JERKER ULLERSTAM<br \/>\nPhoto: PRESS PHOTO<\/p>\n<p><strong>SUNDSVALL Since she had twins two years ago, Helen Sj\u00f6holm hasn\u00b4t worked that much. But now the Sundsvall born star is in the news again and comes to Sundsvall and Norra Berget with Benny Andersson Band in July.<\/strong><\/p>\n<p>18 years ago Sundsvall born Helen Sj\u00f6holm met Benny Andersson. She got starring roles in his musicals Chess and Kristina fr\u00e5n Duvem\u00e5la. Twelve years ago, she got new confidence with BAO. The happy band consists, besides the renowned bandleader and songwriter, of greats like Tommy K\u00f6rberg and Orsa Fiddlers with Kalle Moraeus.<br \/>\n&#8211; There is an incredible joy of playing. It\u00b4s folk music and it\u00b4s dramatic. We play schottische, pop and rock, Helen Sj\u00f6holm says.<\/p>\n<p>BAO is not a full time employment. The band only exists sometimes. They don\u00b4t tour frequently and when they do, it\u00b4s mostly in the summer.<br \/>\n&#8211; We don\u00b4t play unless everyone can come. That&#8217;s the deal, and maybe the reason we don\u00b4t play that often. We meet shortly before the tour starts, maybe a week, and rehearse intensely. It\u00b4s experienced musicians and the whole concept is based on that it\u00b4s not over rehearsed, she says.<\/p>\n<p>Helen Sj\u00f6holm thinks it will be incredibly fun to play at Norra Berget on July 25. BAO hasn\u00b4t been to Sundsvall before.<br \/>\n&#8211; I&#8217;ve been wanting for this for a long time and it will be a unique musical evening.<\/p>\n<p>The evening before they play in Pite\u00e5 and Helen Sj\u00f6holm hopes the Sundsvall residents will find their way up to the mountain and to the dance floor built up for this event.<br \/>\n&#8211; When we\u00b4ve played before it becomes quite a festival and towards the end a bit like a rock concert. For me it&#8217;s always special with Sundsvall because I was born there and it&#8217;s fun with Norra Berget, there&#8217;s a dance culture there.<\/p>\n<p>As a solo artist, she has sung in Merlo Castle a few times. Now she comes to Sundsvall with an experienced band and with a dear singer at her side.<br \/>\n&#8211; I enjoy working with Tommy, he&#8217;s the best. He just gets better with age, too. He\u00b4s a very free and outspoken man who sets high standards for himself. He combines a high work ethic with playfulness.<\/p>\n<p>For the past two years, Helen Sj\u00f6holm hasn&#8217;t worked very much. Most of the time has revolved around her twin children, but now she gradually has begun to get started with her musicality.<br \/>\n&#8211; I love my job, to sing and act. On Saturday, I have a concert with Magnus Carlsson from Weeping Willows at G\u00e4vle Concert Hall. It\u00b4s something completely new to me. We do songs by for example Nick Cave and Depeche Mode. In the summer I will also tour with Jojje Wadenius. We will, among other things, visit the Skule Festival.<\/p>\n<hr>\n<p><strong>THIS IS BAO<\/strong><br \/>\nBAO consists of bandleader Benny Andersson (accordion and piano) and Leif G\u00f6ras, Olle Moraeus, Perra Moraeus, Kalle Moraeus och Nicke G\u00f6the, Orsa Fiddlers, (violin etcetera ) G\u00f6ran Arnberg (harmonium), Janne Bengtson (flute), P\u00e4r Grebacken ( saxophone and clarinet ), Jogga Ernlund (bass), Calle Jakobsson (tuba), Leif Lindvall (trumpet), Lars Rudolfsson (accordion), J\u00f6rgen Stenberg (drums) and Helen Sj\u00f6holm and Tommy K\u00f6rberg on vocals.<\/p>\n<hr>\n<p><strong>MORE ABOUT BAO<\/strong><br \/>\nSince they formed in 2001 they have had eleven songs on the Swedish charts and Du \u00e4r min man (You Are My Man) holds the unlikely record of 278 consecutive weeks.<\/p>\n<hr>\n<p><strong>SONGS ON THE SWEDISH CHARTS IN SELECTION &nbsp;<\/strong><br \/>\n2001-2002: V\u00e5r sista dans (Our Last Dance), 2004-2009: Du \u00e4r min man (You Are My Man), 2007-2008: Fait accomplit, 2009: Sommaren du fick (Story of a heart), 2011-2013: En dag i s\u00e4nder (One Day at a Time), 2012-2013: Vinterhamn (Winter Harbour).<\/p>\n<hr>\n<p><a title=\"Various 2013\" href=\"https:\/\/helensjoholm.nu\/_eng\/press-clips\/various-2013\/\">Back<\/a><\/p>\n","protected":false},"excerpt":{"rendered":"<p>Sundsvalls Tidning 130506 By: JERKER ULLERSTAM Photo: PRESS PHOTO SUNDSVALL Since she had twins two years ago, Helen Sj\u00f6holm hasn\u00b4t worked that much. But now <a class=\"more-link\" href=\"https:\/\/helensjoholm.nu\/_eng\/press-clips\/various-2013\/sjoholm-longs\/\">Read More &#8230;<\/a><\/p>\n","protected":false},"author":1,"featured_media":0,"parent":822,"menu_order":0,"comment_status":"closed","ping_status":"closed","template":"","meta":{"ngg_post_thumbnail":0,"footnotes":""},"class_list":["post-2027","page","type-page","status-publish","hentry"],"aioseo_notices":[],"_links":{"self":[{"href":"https:\/\/helensjoholm.nu\/_eng\/wp-json\/wp\/v2\/pages\/2027","targetHints":{"allow":["GET"]}}],"collection":[{"href":"https:\/\/helensjoholm.nu\/_eng\/wp-json\/wp\/v2\/pages"}],"about":[{"href":"https:\/\/helensjoholm.nu\/_eng\/wp-json\/wp\/v2\/types\/page"}],"author":[{"embeddable":true,"href":"https:\/\/helensjoholm.nu\/_eng\/wp-json\/wp\/v2\/users\/1"}],"replies":[{"embeddable":true,"href":"https:\/\/helensjoholm.nu\/_eng\/wp-json\/wp\/v2\/comments?post=2027"}],"version-history":[{"count":0,"href":"https:\/\/helensjoholm.nu\/_eng\/wp-json\/wp\/v2\/pages\/2027\/revisions"}],"up":[{"embeddable":true,"href":"https:\/\/helensjoholm.nu\/_eng\/wp-json\/wp\/v2\/pages\/822"}],"wp:attachment":[{"href":"https:\/\/helensjoholm.nu\/_eng\/wp-json\/wp\/v2\/media?parent=2027"}],"curies":[{"name":"wp","href":"https:\/\/api.w.org\/{rel}","templated":true}]}}