{"id":1994,"date":"2013-05-12T11:22:43","date_gmt":"2013-05-12T09:22:43","guid":{"rendered":"http:\/\/helensjoholm.nu\/_eng\/?page_id=1994"},"modified":"2023-07-16T13:10:57","modified_gmt":"2023-07-16T11:10:57","slug":"bao-in-box","status":"publish","type":"page","link":"https:\/\/helensjoholm.nu\/_eng\/2011-2015\/bao-in-box\/","title":{"rendered":"BAO in Box"},"content":{"rendered":"<p>&nbsp;<\/p>\n<table style=\"width: 400px;\" border=\"0\">\n<tbody>\n<tr>\n<td style=\"width: 210px;\"><img loading=\"lazy\" decoding=\"async\" title=\"BAO IN BOX (2012)\" src=\"https:\/\/helensjoholm.nu\/_eng\/wp-content\/gallery\/diskografi-2011-2015\/baoinbox_200.png\" alt=\"BAO IN BOX (2012)\" width=\"200\" height=\"200\"><\/td>\n<td valign=\"top\"><strong>BAO IN BOX<\/strong><br \/>\nBenny Andersson Band<br \/>\nMono Music AB (2012)<\/td>\n<\/tr>\n<tr>\n<td style=\"width: 210px;\" colspan=\"2\">\n<hr>\n<\/td>\n<\/tr>\n<\/tbody>\n<\/table>\n<table style=\"width: 550px;\" border=\"0\" align=\"left\">\n<tbody>\n<tr>\n<td style=\"width: 110px;\" valign=\"top\"><img loading=\"lazy\" decoding=\"async\" title=\"CD 1 ORCHESTRAL MUSIC\" src=\"https:\/\/helensjoholm.nu\/_eng\/wp-content\/gallery\/diskografi-2011-2015\/baoinboxcd1.png\" alt=\"CD 1 ORCHESTRAL MUSIC\" width=\"100\" height=\"100\"><\/td>\n<td valign=\"top\"><strong>CD 1:<br \/>\nORKESTERMUSIK (ORCHESTRAL MUSIC) <\/strong><\/td>\n<\/tr>\n<tr>\n<td colspan=\"2\"><strong> 1. <\/strong> Cirkus finemang<\/td>\n<\/tr>\n<tr>\n<td colspan=\"2\"><strong> 2.<\/strong> Knasluvan<\/td>\n<\/tr>\n<tr>\n<td colspan=\"2\"><strong> 3.<\/strong> S\u00e5ng fr\u00e5n andra v\u00e5ningen<\/td>\n<\/tr>\n<tr>\n<td colspan=\"2\"><strong>4.<\/strong> T\u00f6sabiten<\/td>\n<\/tr>\n<tr>\n<td colspan=\"2\"><strong> 5.<\/strong> Lauren<\/td>\n<\/tr>\n<tr>\n<td colspan=\"2\"><strong> 6. <\/strong> P.S.<\/td>\n<\/tr>\n<tr>\n<td colspan=\"2\"><strong>7. <\/strong> Glasgow Boogie<\/td>\n<\/tr>\n<tr>\n<td colspan=\"2\"><strong> 8.<\/strong> En dans p\u00e5 rosor<\/td>\n<\/tr>\n<tr>\n<td colspan=\"2\"><strong> 9. <\/strong> Jehu<\/td>\n<\/tr>\n<tr>\n<td colspan=\"2\"><strong>10.<\/strong> P\u00e5 en solskenspromenad<\/td>\n<\/tr>\n<tr>\n<td colspan=\"2\"><strong>11.<\/strong> Riks1:an<\/td>\n<\/tr>\n<tr>\n<td colspan=\"2\"><strong>12.<\/strong> Wienerbrot<\/td>\n<\/tr>\n<tr>\n<td colspan=\"2\"><strong>13.<\/strong> Marsch pannkaka<\/td>\n<\/tr>\n<tr>\n<td colspan=\"2\"><strong>14.<\/strong> Godnattvisa<\/td>\n<\/tr>\n<tr>\n<td colspan=\"2\"><strong>15.<\/strong> Sorgmarsch<\/td>\n<\/tr>\n<tr>\n<td colspan=\"2\"><strong>16. <\/strong> Flickornas rum<\/td>\n<\/tr>\n<tr>\n<td colspan=\"2\">\n<hr>\n<\/td>\n<\/tr>\n<tr>\n<td><img loading=\"lazy\" decoding=\"async\" title=\"CD 2 FIDDLER SONGS) \" src=\"https:\/\/helensjoholm.nu\/_eng\/wp-content\/gallery\/diskografi-2011-2015\/baoinboxcd2.png\" alt=\"CD 2 FIDDLER SONGS) \" width=\"100\" height=\"100\"><\/td>\n<td valign=\"top\"><strong>CD 2:<br \/>\nSPELMANSL\u00c5TAR (FIDDLER SONGS) <\/strong><\/td>\n<\/tr>\n<tr>\n<td colspan=\"2\"><strong> 1.<\/strong> F\u00f6delsedagsvals till Mona<\/td>\n<\/tr>\n<tr>\n<td colspan=\"2\"><strong> 2.<\/strong> Hardangervidda<\/td>\n<\/tr>\n<tr>\n<td colspan=\"2\"><strong> 3. <\/strong> Snedseglarn<\/td>\n<\/tr>\n<tr>\n<td colspan=\"2\"><strong>4. <\/strong> Briggens bl\u00e5\u00f6gda blonda kapten<\/td>\n<\/tr>\n<tr>\n<td colspan=\"2\"><strong> 5.<\/strong> Anitas polska<\/td>\n<\/tr>\n<tr>\n<td colspan=\"2\"><strong>6.<\/strong> Schottis i tyrolen<\/td>\n<\/tr>\n<tr>\n<td colspan=\"2\"><strong>7.<\/strong> Nya m\u00e5nvalsen<\/td>\n<\/tr>\n<tr>\n<td colspan=\"2\"><strong>8.<\/strong> Stora skuggan<\/td>\n<\/tr>\n<tr>\n<td colspan=\"2\"><strong>9.<\/strong> Vitalins vals<\/td>\n<\/tr>\n<tr>\n<td colspan=\"2\"><strong>10.<\/strong> Helens brudvals<\/td>\n<\/tr>\n<tr>\n<td colspan=\"2\"><strong>11. <\/strong> Calle J:s vals<\/td>\n<\/tr>\n<tr>\n<td colspan=\"2\"><strong>12. <\/strong> Alla goda ting<\/td>\n<\/tr>\n<tr>\n<td colspan=\"2\"><strong>13.<\/strong> Midsommarpolka<\/td>\n<\/tr>\n<tr>\n<td colspan=\"2\"><strong>14.<\/strong> Brudmarsch<\/td>\n<\/tr>\n<tr>\n<td colspan=\"2\">\n<hr>\n<\/td>\n<\/tr>\n<tr>\n<td><img loading=\"lazy\" decoding=\"async\" title=\"CD 3 SONGS - HELEN SJ\u00d6HOLM \" src=\"https:\/\/helensjoholm.nu\/_eng\/wp-content\/gallery\/diskografi-2011-2015\/baoinboxcd3.png\" alt=\"CD 3 SONGS - HELEN SJ\u00d6HOLM \" width=\"100\" height=\"100\"><\/td>\n<td valign=\"top\"><strong>CD 3 :<br \/>\nS\u00c5NG &#8211; HELEN SJ\u00d6HOLM (SONGS)<\/strong><\/td>\n<\/tr>\n<tr>\n<td colspan=\"2\"><strong> 1. <\/strong>V\u00e5r sista dans<\/td>\n<\/tr>\n<tr>\n<td colspan=\"2\"><strong> 2. <\/strong>L\u00e4tt som en sommarfj\u00e4ril<\/td>\n<\/tr>\n<tr>\n<td colspan=\"2\"><strong> 3. <\/strong>Du \u00e4r min man<\/td>\n<\/tr>\n<tr>\n<td colspan=\"2\"><strong>4. <\/strong> Skenbart<\/td>\n<\/tr>\n<tr>\n<td colspan=\"2\"><strong> 5.<\/strong> Saknadens rum<\/td>\n<\/tr>\n<tr>\n<td colspan=\"2\"><strong>6. <\/strong> K\u00e4rlekens tid<\/td>\n<\/tr>\n<tr>\n<td colspan=\"2\"><strong>7.<\/strong> Sommaren du fick<\/td>\n<\/tr>\n<tr>\n<td colspan=\"2\"><strong>8. <\/strong> Du fr\u00e4lste mig i sista stund<\/td>\n<\/tr>\n<tr>\n<td colspan=\"2\"><strong> 9. <\/strong> Upp till dig<\/td>\n<\/tr>\n<tr>\n<td colspan=\"2\"><strong>10.<\/strong> K\u00e4ra Syster<\/td>\n<\/tr>\n<tr>\n<td colspan=\"2\"><strong> 11. <\/strong> En dag i s\u00e4nder<\/td>\n<\/tr>\n<tr>\n<td colspan=\"2\"><strong>12.<\/strong> Vilar glad. I din famn.<\/td>\n<\/tr>\n<tr>\n<td colspan=\"2\">\n<hr>\n<\/td>\n<\/tr>\n<tr>\n<td><img loading=\"lazy\" decoding=\"async\" title=\"SONGS - HELEN SJ\u00d6HOLM * TOMMY K\u00d6RBERG * KALLE MORAEUS\" src=\"https:\/\/helensjoholm.nu\/_eng\/wp-content\/gallery\/diskografi-2011-2015\/baoinboxcd4.png\" alt=\"SONGS - HELEN SJ\u00d6HOLM * TOMMY K\u00d6RBERG * KALLE MORAEUS\" width=\"100\" height=\"100\"><\/td>\n<td valign=\"top\"><strong>CD 4:<br \/>\nS\u00c5NG &#8211; HELEN SJ\u00d6HOLM * TOMMY K\u00d6RBERG *<br \/>\nKALLE MORAEUS (SONGS)<\/strong><\/td>\n<\/tr>\n<tr>\n<td colspan=\"2\"><strong>1. <\/strong> Det \u00e4r vi \u00e4nd\u00e5 (live)<\/td>\n<\/tr>\n<tr>\n<td colspan=\"2\"><strong>2. <\/strong> Midnattsdans<\/td>\n<\/tr>\n<tr>\n<td colspan=\"2\"><strong>3. <\/strong> F\u00f6r dig<\/td>\n<\/tr>\n<tr>\n<td colspan=\"2\"><strong>4.<\/strong> Fait accomplit<\/td>\n<\/tr>\n<tr>\n<td colspan=\"2\"><strong>5. <\/strong>Crush on you<\/td>\n<\/tr>\n<tr>\n<td colspan=\"2\"><strong>6. <\/strong>Bonde s\u00f6ker fru<\/td>\n<\/tr>\n<tr>\n<td colspan=\"2\"><strong>7. <\/strong>Nu m\u00e5r jag mycket b\u00e4ttre<\/td>\n<\/tr>\n<tr>\n<td colspan=\"2\"><strong> 8. <\/strong>M\u00e5nstr\u00e5lar klara<\/td>\n<\/tr>\n<tr>\n<td colspan=\"2\"><strong>9. <\/strong>Allt syns n\u00e4r man \u00e4r naken<\/td>\n<\/tr>\n<tr>\n<td colspan=\"2\"><strong>10. <\/strong>Jag h\u00f6r<\/td>\n<\/tr>\n<tr>\n<td colspan=\"2\"><strong>11. <\/strong>De ljuva dr\u00f6mmarnas orkester<\/td>\n<\/tr>\n<tr>\n<td colspan=\"2\"><strong>12.<\/strong> O klang och jubeltid<\/td>\n<\/tr>\n<tr>\n<td colspan=\"2\">\n<hr>\n<\/td>\n<\/tr>\n<tr>\n<td><img loading=\"lazy\" decoding=\"async\" title=\"CD 5 BAO ON TOUR\" src=\"https:\/\/helensjoholm.nu\/_eng\/wp-content\/gallery\/diskografi-2011-2015\/baoinboxcd5.png\" alt=\"CD 5 BAO ON TOUR\" width=\"100\" height=\"100\"><\/td>\n<td valign=\"top\"><strong>CD 5:<br \/>\nBAO P\u00c5 TURN\u00c9 (BAO ON TOUR) <\/strong><\/td>\n<\/tr>\n<tr>\n<td colspan=\"2\"><strong> 1. <\/strong> Glasgow Boogie<\/td>\n<\/tr>\n<tr>\n<td colspan=\"2\"><strong> 2. <\/strong> Vitalins vals<\/td>\n<\/tr>\n<tr>\n<td colspan=\"2\"><strong>3. <\/strong> N\u00e4r tvenne hj\u00e4rtan sl\u00e5<\/td>\n<\/tr>\n<tr>\n<td colspan=\"2\"><strong>4. <\/strong> F\u00f6r dig<\/td>\n<\/tr>\n<tr>\n<td colspan=\"2\"><strong> 5. <\/strong> Klinga mina klockor<\/td>\n<\/tr>\n<tr>\n<td colspan=\"2\"><strong>6.<\/strong> F\u00f6delsedagsvals till Mona<\/td>\n<\/tr>\n<tr>\n<td colspan=\"2\"><strong>7. <\/strong> Tobakshandlarvisa<\/td>\n<\/tr>\n<tr>\n<td colspan=\"2\"><strong>8.<\/strong> L\u00e4tt som en sommarfj\u00e4ril<\/td>\n<\/tr>\n<tr>\n<td colspan=\"2\"><strong>9. <\/strong> Det \u00e4r vi \u00e4nd\u00e5<\/td>\n<\/tr>\n<tr>\n<td colspan=\"2\"><strong> 10.<\/strong> Aj aj aj vilken r\u00f6d liten ros<\/td>\n<\/tr>\n<tr>\n<td colspan=\"2\"><strong> 11. <\/strong> Gamle Svarten<\/td>\n<\/tr>\n<tr>\n<td colspan=\"2\"><strong>12. <\/strong> Sl\u00e4ngpolska efter bysskalle<\/td>\n<\/tr>\n<tr>\n<td colspan=\"2\"><strong>13. <\/strong> Hjortingen<\/td>\n<\/tr>\n<tr>\n<td colspan=\"2\"><strong>14.<\/strong> B\u00e4lter Svens paradpolkett<\/td>\n<\/tr>\n<tr>\n<td colspan=\"2\"><strong> 15.<\/strong> Moon River<\/td>\n<\/tr>\n<tr>\n<td colspan=\"2\"><strong>16.<\/strong> Badinerie<\/td>\n<\/tr>\n<tr>\n<td colspan=\"2\"><strong>17.<\/strong> O Sole Mio<\/td>\n<\/tr>\n<tr>\n<td colspan=\"2\"><strong>18.<\/strong> Jehu<\/td>\n<\/tr>\n<tr>\n<td colspan=\"2\"><strong>19. <\/strong> Du \u00e4r min man<\/td>\n<\/tr>\n<tr>\n<td colspan=\"2\"><strong> 20.<\/strong> True Love<\/td>\n<\/tr>\n<tr>\n<td colspan=\"2\"><strong>21.<\/strong> V\u00e5r sista dans<\/td>\n<\/tr>\n<tr>\n<td colspan=\"2\"><strong>22.<\/strong> Finalpotpurri: (Ett glatt hum\u00f6r, S\u00e4g det med ett leende, V\u00e5rat gang, B\u00e4ttre och b\u00e4ttre dag f\u00f6r dag)<\/td>\n<\/tr>\n<tr>\n<td colspan=\"2\">\n<hr>\n<\/td>\n<\/tr>\n<tr>\n<td><img loading=\"lazy\" decoding=\"async\" title=\"CD 6 CHRISTMAS MELODIES\" src=\"https:\/\/helensjoholm.nu\/_eng\/wp-content\/gallery\/diskografi-2011-2015\/baoinboxcd6.png\" alt=\"CD 6 CHRISTMAS MELODIES\" width=\"100\" height=\"100\"><\/td>\n<td valign=\"top\"><strong>CD 6:<br \/>\nJULMELODIER (CHRISTMAS MELODIES)<\/strong><\/td>\n<\/tr>\n<tr>\n<td colspan=\"2\"><strong>1. <\/strong> Marsch Militaire<\/td>\n<\/tr>\n<tr>\n<td colspan=\"2\"><strong>2. <\/strong> Tomten har \u00e5kt hem<\/td>\n<\/tr>\n<tr>\n<td colspan=\"2\"><strong>3. <\/strong> Julvals<\/td>\n<\/tr>\n<tr>\n<td colspan=\"2\"><strong>4. <\/strong> Tomtestomp<\/td>\n<\/tr>\n<tr>\n<td colspan=\"2\"><strong> 5.<\/strong> Knalle Juls vals<\/td>\n<\/tr>\n<tr>\n<td colspan=\"2\"><strong>6.<\/strong> Tomtarnas vaktparad<\/td>\n<\/tr>\n<tr>\n<td colspan=\"2\"><strong>7.<\/strong> Vinterhamn<\/td>\n<\/tr>\n<tr>\n<td colspan=\"2\"><strong> 8.<\/strong> M\u00f6ssens julafton (N\u00e4r n\u00e4tterna blir l\u00e5nga)<\/td>\n<\/tr>\n<tr>\n<td colspan=\"2\"><strong>9. <\/strong> Trettondagspolken<\/td>\n<\/tr>\n<tr>\n<td colspan=\"2\"><strong>10.<\/strong> Julpotpurri<\/td>\n<\/tr>\n<tr>\n<td colspan=\"2\"><strong>11.<\/strong> Nu t\u00e4ndas tusen juleljus<\/td>\n<\/tr>\n<tr>\n<td colspan=\"2\">\n<hr>\n<\/td>\n<\/tr>\n<tr>\n<td><img loading=\"lazy\" decoding=\"async\" title=\"DVD 1-2 BAO 10 YEARS, BAO ON NEW ADVENTURES\" src=\"https:\/\/helensjoholm.nu\/_eng\/wp-content\/gallery\/diskografi-2011-2015\/bao-inbox_dvd.png\" alt=\"DVD 1-2 BAO 10 YEARS, BAO ON NEW ADVENTURES\" width=\"100\" height=\"100\"><\/td>\n<td valign=\"top\"><strong>DVD 1 &#8211; BAO 10 \u00c5R (BAO 10 YEARS)<br \/>\nDVD 2 &#8211; BAO P\u00c5 NYA \u00c4VENTYR ( BAO ON NEW ADVENTURES)<\/strong><\/td>\n<\/tr>\n<\/tbody>\n<\/table>\n<p>&nbsp;<br \/>\n&nbsp;<br \/>\n&nbsp;<br \/>\n&nbsp;<br \/>\n&nbsp;<br \/>\n&nbsp;<br \/>\n&nbsp;<br \/>\n&nbsp;<br \/>\n&nbsp;<br \/>\n&nbsp;<br \/>\n&nbsp;<br \/>\n&nbsp;<br \/>\n&nbsp;<br \/>\n&nbsp;<br \/>\n&nbsp;<br \/>\n&nbsp;<br \/>\n&nbsp;<br \/>\n&nbsp;<br \/>\n&nbsp;<br \/>\n&nbsp;<br \/>\n&nbsp;<br \/>\n&nbsp;<br \/>\n&nbsp;<br \/>\n&nbsp;<br \/>\n&nbsp;<br \/>\n&nbsp;<br \/>\n&nbsp;<br \/>\n&nbsp;<br \/>\n&nbsp;<br \/>\n&nbsp;<br \/>\n&nbsp;<br \/>\n&nbsp;<br \/>\n&nbsp;<br \/>\n&nbsp;<br \/>\n&nbsp;<br \/>\n&nbsp;<br \/>\n&nbsp;<br \/>\n&nbsp;<br \/>\n&nbsp;<br \/>\n&nbsp;<br \/>\n&nbsp;<br \/>\n&nbsp;<br \/>\n&nbsp;<br \/>\n&nbsp;<br \/>\n&nbsp;<br \/>\n&nbsp;<br \/>\n&nbsp;<br \/>\n&nbsp;<br \/>\n&nbsp;<br \/>\n&nbsp;<br \/>\n&nbsp;<br \/>\n&nbsp;<br \/>\n&nbsp;<br \/>\n&nbsp;<br \/>\n&nbsp;<br \/>\n&nbsp;<br \/>\n&nbsp;<br \/>\n&nbsp;<br \/>\n&nbsp;<br \/>\n&nbsp;<br \/>\n&nbsp;<br \/>\n&nbsp;<br \/>\n&nbsp;<br \/>\n&nbsp;<br \/>\n&nbsp;<br \/>\n&nbsp;<br \/>\n&nbsp;<br \/>\n&nbsp;<br \/>\n&nbsp;<br \/>\n&nbsp;<br \/>\n&nbsp;<br \/>\n&nbsp;<br \/>\n&nbsp;<br \/>\n&nbsp;<br \/>\n&nbsp;<br \/>\n&nbsp;<br \/>\n&nbsp;<br \/>\n&nbsp;<br \/>\n&nbsp;<br \/>\n&nbsp;<br \/>\n&nbsp;<br \/>\n&nbsp;<br \/>\n&nbsp;<br \/>\n&nbsp;<br \/>\n&nbsp;<br \/>\n&nbsp;<br \/>\n&nbsp;<br \/>\n&nbsp;<br \/>\n&nbsp;<br \/>\n&nbsp;<br \/>\n&nbsp;<br \/>\n&nbsp;<br \/>\n&nbsp;<br \/>\n&nbsp;<br \/>\n&nbsp;<br \/>\n&nbsp;<br \/>\n&nbsp;<br \/>\n&nbsp;<br \/>\n&nbsp;<br \/>\n&nbsp;<br \/>\n&nbsp;<br \/>\n&nbsp;<br \/>\n&nbsp;<br \/>\n&nbsp;<br \/>\n&nbsp;<br \/>\n&nbsp;<br \/>\n&nbsp;<br \/>\n&nbsp;<br \/>\n&nbsp;<br \/>\n&nbsp;<br \/>\n&nbsp;<br \/>\n&nbsp;<br \/>\n&nbsp;<br \/>\n&nbsp;<br \/>\n&nbsp;<br \/>\n&nbsp;<br \/>\n&nbsp;<br \/>\n&nbsp;<br \/>\n&nbsp;<br \/>\n&nbsp;<br \/>\n&nbsp;<br \/>\n&nbsp;<br \/>\n&nbsp;<br \/>\n&nbsp;<br \/>\n&nbsp;<br \/>\n&nbsp;<br \/>\n&nbsp;<br \/>\n&nbsp;<br \/>\n&nbsp;<br \/>\n&nbsp;<br \/>\n&nbsp;<br \/>\n&nbsp;<br \/>\n&nbsp;<br \/>\n&nbsp;<br \/>\n&nbsp;<br \/>\n&nbsp;<br \/>\n&nbsp;<br \/>\n&nbsp;<br \/>\n&nbsp;<br \/>\n&nbsp;<br \/>\n&nbsp;<br \/>\n&nbsp;<br \/>\n&nbsp;<br \/>\n&nbsp;<br \/>\n&nbsp;<br \/>\n&nbsp;<br \/>\n&nbsp;<br \/>\n&nbsp;<br \/>\n&nbsp;<br \/>\n&nbsp;<br \/>\n&nbsp;<br \/>\n&nbsp;<br \/>\n&nbsp;<br \/>\n&nbsp;<br \/>\n&nbsp;<br \/>\n&nbsp;<br \/>\n&nbsp;<br \/>\n&nbsp;<br \/>\n&nbsp;<br \/>\n&nbsp;<br \/>\n&nbsp;<br \/>\n&nbsp;<br \/>\n&nbsp;<br \/>\n&nbsp;<br \/>\n&nbsp;<br \/>\n&nbsp;<br \/>\n&nbsp;<\/p>\n<h5>Listen!<\/h5>\n<hr>\n<p><iframe title=\"Spotify Embed: BAO In Box\" style=\"border-radius: 12px\" width=\"100%\" height=\"352\" frameborder=\"0\" allowfullscreen allow=\"autoplay; clipboard-write; encrypted-media; fullscreen; picture-in-picture\" loading=\"lazy\" src=\"https:\/\/open.spotify.com\/embed\/album\/6IdxirkZeOr4IT80rC1lwT?utm_source=oembed\"><\/iframe><\/p>\n<p><a href=\"https:\/\/helensjoholm.nu\/_eng\/2011-2015\/\">Back<\/a><\/p>\n","protected":false},"excerpt":{"rendered":"<p>&nbsp; BAO IN BOX Benny Andersson Band Mono Music AB (2012) CD 1: ORKESTERMUSIK (ORCHESTRAL MUSIC) 1. Cirkus finemang 2. Knasluvan 3. S\u00e5ng fr\u00e5n andra <a class=\"more-link\" href=\"https:\/\/helensjoholm.nu\/_eng\/2011-2015\/bao-in-box\/\">Read More &#8230;<\/a><\/p>\n","protected":false},"author":1,"featured_media":0,"parent":182,"menu_order":0,"comment_status":"closed","ping_status":"open","template":"","meta":{"ngg_post_thumbnail":0,"footnotes":""},"class_list":["post-1994","page","type-page","status-publish","hentry"],"aioseo_notices":[],"_links":{"self":[{"href":"https:\/\/helensjoholm.nu\/_eng\/wp-json\/wp\/v2\/pages\/1994","targetHints":{"allow":["GET"]}}],"collection":[{"href":"https:\/\/helensjoholm.nu\/_eng\/wp-json\/wp\/v2\/pages"}],"about":[{"href":"https:\/\/helensjoholm.nu\/_eng\/wp-json\/wp\/v2\/types\/page"}],"author":[{"embeddable":true,"href":"https:\/\/helensjoholm.nu\/_eng\/wp-json\/wp\/v2\/users\/1"}],"replies":[{"embeddable":true,"href":"https:\/\/helensjoholm.nu\/_eng\/wp-json\/wp\/v2\/comments?post=1994"}],"version-history":[{"count":0,"href":"https:\/\/helensjoholm.nu\/_eng\/wp-json\/wp\/v2\/pages\/1994\/revisions"}],"up":[{"embeddable":true,"href":"https:\/\/helensjoholm.nu\/_eng\/wp-json\/wp\/v2\/pages\/182"}],"wp:attachment":[{"href":"https:\/\/helensjoholm.nu\/_eng\/wp-json\/wp\/v2\/media?parent=1994"}],"curies":[{"name":"wp","href":"https:\/\/api.w.org\/{rel}","templated":true}]}}