{"id":1979,"date":"2013-05-12T08:58:13","date_gmt":"2013-05-12T06:58:13","guid":{"rendered":"http:\/\/helensjoholm.nu\/_eng\/?page_id=1979"},"modified":"2020-03-31T19:48:03","modified_gmt":"2020-03-31T17:48:03","slug":"trost-for-deprimerade","status":"publish","type":"page","link":"https:\/\/helensjoholm.nu\/_eng\/2011-2015\/trost-for-deprimerade\/","title":{"rendered":"Tr\u00f6st &#8211; f\u00f6r deprimerade och andra h\u00e4ngiga"},"content":{"rendered":"<table align=\"left\" border=\"0\">\n<tbody>\n<tr>\n<td><img loading=\"lazy\" decoding=\"async\" width=\"100\" height=\"100\" title=\"Tr\u00f6st \u2013 f\u00f6r deprimerade och andra h\u00e4ngiga (2013)\" class=\"alignnone\" alt=\"Tr\u00f6st \u2013 f\u00f6r deprimerade och andra h\u00e4ngiga (2013)\" src=\"https:\/\/helensjoholm.nu\/_eng\/wp-content\/gallery\/diskografi-2011-2015\/cd_trostfordeprimerade_2013.jpg\"><\/td>\n<td valign=\"top\"><strong>TR\u00d6ST \u2013 F\u00d6R DEPRIMERADE OCH ANDRA H\u00c4NGIGA<\/strong><br \/>\nHanna Helgegren (2013)<\/td>\n<\/tr>\n<\/tbody>\n<\/table>\n<table align=\"left\" style=\"width: 1306px;\" border=\"0\">\n<tbody>\n<tr valign=\"top\">\n<td style=\"width: 1306px;\"><strong>1.<\/strong>&nbsp; Theme from Shindler&#8217;s List <em><br \/>\n&nbsp; &nbsp;&nbsp; J. Williams<\/em><\/td>\n<\/tr>\n<tr valign=\"top\">\n<td style=\"width: 1306px;\"><strong>2.&nbsp; Blott en dag &#8211; Helen Sj\u00f6holm <\/strong><em><br \/>\n&nbsp; &nbsp;&nbsp; Lyrics: L. Sandell-Berg Music: O. Ahnfelt Arr: H. Helgegren<\/em><\/td>\n<\/tr>\n<tr valign=\"top\">\n<td style=\"width: 1306px;\"><strong>3.<\/strong>&nbsp; Berceuse <em><br \/>\n&nbsp; &nbsp;&nbsp; A. J\u00e4rnfelt<\/em><\/td>\n<\/tr>\n<tr valign=\"top\">\n<td style=\"width: 1306px;\"><strong>4.<\/strong>&nbsp; Sicilienne <em><br \/>\n&nbsp; &nbsp;&nbsp; E. Zimbalist<\/em><\/td>\n<\/tr>\n<tr valign=\"top\">\n<td style=\"width: 1306px;\"><strong>5.<\/strong>&nbsp; God Loves Everyone &#8211; Tommy K\u00f6rberg<br \/>\n<em>&nbsp; &nbsp;&nbsp; Lyrics &amp; Music: R. Sexsmith Arr: H. Helgegren<\/em><\/td>\n<\/tr>\n<tr valign=\"top\">\n<td style=\"width: 1306px;\"><strong>6. <\/strong>&nbsp; Idyll <em><br \/>\n&nbsp; &nbsp;&nbsp; T. Aulin <\/em><\/td>\n<\/tr>\n<tr valign=\"top\">\n<td style=\"width: 1306px;\"><strong>7.<\/strong>&nbsp; Homoresk <em><br \/>\n&nbsp; &nbsp;&nbsp; T. Aulin <\/em><\/td>\n<\/tr>\n<tr valign=\"top\">\n<td style=\"width: 1306px;\"><strong>8.<\/strong>&nbsp; Let Your Soul Be Your Pilot &#8211; Sara Jangfeldt <em><br \/>\n&nbsp; &nbsp;&nbsp; Lyrics &amp; Music: G. Summer Arr: H. Helgegren <\/em><\/td>\n<\/tr>\n<tr valign=\"top\">\n<td style=\"width: 1306px;\">Hanna Helgegren &#8211; violin<br \/>\nBengt Forsberg &#8211; piano<br \/>\nHelen Sj\u00f6holm &#8211; vocal<br \/>\nTommy K\u00f6rberg &#8211; vocal<br \/>\nSara Jangfeldt &#8211; vocal<br \/>\nJohanna Tafvelin- violin<br \/>\n\u00c5sa Stove &#8211; viola<br \/>\nAnna Wallgren &#8211; cello<\/td>\n<\/tr>\n<tr valign=\"top\">\n<td style=\"width: 1306px;\"><a title=\"2011 and forward\" href=\"https:\/\/helensjoholm.nu\/_eng\/2011-2015\/\">Back<\/a><\/td>\n<\/tr>\n<\/tbody>\n<\/table>\n<p>&nbsp;<\/p>\n","protected":false},"excerpt":{"rendered":"<p>TR\u00d6ST \u2013 F\u00d6R DEPRIMERADE OCH ANDRA H\u00c4NGIGA Hanna Helgegren (2013) 1.&nbsp; Theme from Shindler&#8217;s List &nbsp; &nbsp;&nbsp; J. Williams 2.&nbsp; Blott en dag &#8211; Helen <a class=\"more-link\" href=\"https:\/\/helensjoholm.nu\/_eng\/2011-2015\/trost-for-deprimerade\/\">Read More &#8230;<\/a><\/p>\n","protected":false},"author":1,"featured_media":0,"parent":182,"menu_order":0,"comment_status":"closed","ping_status":"open","template":"","meta":{"ngg_post_thumbnail":0,"footnotes":""},"class_list":["post-1979","page","type-page","status-publish","hentry"],"aioseo_notices":[],"_links":{"self":[{"href":"https:\/\/helensjoholm.nu\/_eng\/wp-json\/wp\/v2\/pages\/1979","targetHints":{"allow":["GET"]}}],"collection":[{"href":"https:\/\/helensjoholm.nu\/_eng\/wp-json\/wp\/v2\/pages"}],"about":[{"href":"https:\/\/helensjoholm.nu\/_eng\/wp-json\/wp\/v2\/types\/page"}],"author":[{"embeddable":true,"href":"https:\/\/helensjoholm.nu\/_eng\/wp-json\/wp\/v2\/users\/1"}],"replies":[{"embeddable":true,"href":"https:\/\/helensjoholm.nu\/_eng\/wp-json\/wp\/v2\/comments?post=1979"}],"version-history":[{"count":0,"href":"https:\/\/helensjoholm.nu\/_eng\/wp-json\/wp\/v2\/pages\/1979\/revisions"}],"up":[{"embeddable":true,"href":"https:\/\/helensjoholm.nu\/_eng\/wp-json\/wp\/v2\/pages\/182"}],"wp:attachment":[{"href":"https:\/\/helensjoholm.nu\/_eng\/wp-json\/wp\/v2\/media?parent=1979"}],"curies":[{"name":"wp","href":"https:\/\/api.w.org\/{rel}","templated":true}]}}