{"id":182,"date":"2013-04-10T20:16:38","date_gmt":"2013-04-10T18:16:38","guid":{"rendered":"http:\/\/helensjoholm.nu\/_eng\/?page_id=182"},"modified":"2025-07-18T14:14:16","modified_gmt":"2025-07-18T12:14:16","slug":"2011-2015","status":"publish","type":"page","link":"https:\/\/helensjoholm.nu\/_eng\/2011-2015\/","title":{"rendered":"Albums 2011 &#8211; 2015"},"content":{"rendered":"<table style=\"height: 0px;\" border=\"1\" cellspacing=\"5\" cellpadding=\"10\">\n<tbody>\n<tr valign=\"top\">\n<td style=\"width: 125px;\"><a href=\"https:\/\/helensjoholm.nu\/_eng\/2011-2015\/musikalen-livet-ar-en-schlager\/\"><img loading=\"lazy\" decoding=\"async\" class=\"alignnone\" title=\"The musical &quot;Livet \u00e4r en schlager&quot; (2015)\" src=\"https:\/\/helensjoholm.nu\/_eng\/wp-content\/uploads\/2025\/02\/cd-laes-2015-spotify-lyrics.jpg\" alt=\"The musical &quot;Livet \u00e4r en schlager&quot; (2015)\" width=\"100\" height=\"100\"><\/a><\/td>\n<td><strong>MUSIKALEN LIVET \u00c4R EN SCHLAGER<br \/>\n<\/strong>Universal (2015)<br \/>\n<a title=\"The musical &quot;Livet \u00e4r en schlager&quot; (2015)\" href=\"https:\/\/helensjoholm.nu\/_eng\/2011-2015\/musikalen-livet-ar-en-schlager\/\">:: more info<\/a><\/td>\n<\/tr>\n<tr valign=\"top\">\n<td style=\"width: 125px;\"><a href=\"https:\/\/helensjoholm.nu\/_eng\/2011-2015\/jag-vill-folja-med\/\"><img loading=\"lazy\" decoding=\"async\" class=\"alignnone\" title=\"Single: Jag vill f\u00f6lja med (2015)\" src=\"https:\/\/helensjoholm.nu\/_eng\/wp-content\/uploads\/2025\/07\/single-jag-vill-folja-med-2015-spotify-lyrics.jpg\" alt=\"Single: Jag vill f\u00f6lja med (2015)\" width=\"100\" height=\"100\"><\/a><\/td>\n<td><strong>JAG VILL F\u00d6LJA MED (SINGLE)<br \/>\n<\/strong>EF Anders Widmark Musik&nbsp;(2015)<br \/>\n<a title=\"Single: Jag vill f\u00f6lja med (2015)\" href=\"https:\/\/helensjoholm.nu\/_eng\/2011-2015\/jag-vill-folja-med\/\">:: more info<\/a><\/td>\n<\/tr>\n<tr valign=\"top\">\n<td style=\"width: 125px;\"><a href=\"https:\/\/helensjoholm.nu\/_eng\/2011-2015\/nyarsballongen\/\"><img loading=\"lazy\" decoding=\"async\" class=\"alignnone\" title=\"Single: Ny\u00e5rsballongen (2014)\" src=\"https:\/\/helensjoholm.nu\/_eng\/wp-content\/uploads\/2025\/07\/single-nyarsbalongen-2014-spotify-lyrics.jpg\" alt=\"Single: Ny\u00e5rsballongen (2014)\" width=\"100\" height=\"100\"><\/a><\/td>\n<td><strong>NY\u00c5RSBALLONGEN (SINGLE)<\/strong><br \/>\nMono Music AB (2014)<br \/>\n<a title=\"Single: Ny\u00e5rsballongen (2014)\" href=\"https:\/\/helensjoholm.nu\/_eng\/2011-2015\/nyarsballongen\/\">:: more info<\/a><\/td>\n<\/tr>\n<tr valign=\"top\">\n<td><a href=\"https:\/\/helensjoholm.nu\/_eng\/2011-2015\/forsta-sagoskatten-jul\/\" rel=\"https:\/\/helensjoholm.nu\/_eng\/2011-2015\/forsta-sagoskatten-jul\/\"><img loading=\"lazy\" decoding=\"async\" class=\"alignnone\" title=\"F\u00f6rsta Sagoskatten Jul (2014)\" src=\"http:\/\/helensjoholm.nu\/wp-content\/gallery\/diskografi\/cd-forsta-sagiskatten-jul.jpg\" alt=\"F\u00f6rsta Sagoskatten Jul (2014)\" width=\"100\" height=\"100\"><\/a><\/td>\n<td><strong>F\u00d6RSTA SAGOSKATTEN JUL<br \/>\n<\/strong>Rab\u00e9n &amp; Sj\u00f6gren (2014)<br \/>\n<a title=\"F\u00f6rsta Sagoskatten Jul (2014)\" href=\"https:\/\/helensjoholm.nu\/_eng\/2011-2015\/forsta-sagoskatten-jul\/\">:: more info<\/a><\/td>\n<\/tr>\n<tr valign=\"top\">\n<td><a href=\"https:\/\/helensjoholm.nu\/_eng\/2011-2015\/christmas-times-has-come\/\"><img loading=\"lazy\" decoding=\"async\" class=\"alignnone\" title=\"Christmas Time Has Come (2014)\" src=\"https:\/\/helensjoholm.nu\/_eng\/wp-content\/uploads\/2025\/07\/cd-christmastimehascome-2014-spotify-lyrics.jpg\" alt=\"Christmas Time Has Come (2014)\" width=\"100\" height=\"100\"><\/a><\/td>\n<td><strong>CHRISTMAS TIME HAS COME (WEEPING WILLOWS)<br \/>\n<\/strong>Razzia (2014)<br \/>\n<a title=\"Christmas Time Has Come (2014)\" href=\"https:\/\/helensjoholm.nu\/_eng\/2011-2015\/christmas-times-has-come\/\">:: more info<\/a><\/td>\n<\/tr>\n<tr valign=\"top\">\n<td><a title=\"Tr\u00f6st \u2013 f\u00f6r deprimerade och andra h\u00e4ngiga\" href=\"https:\/\/helensjoholm.nu\/_eng\/2011-2015\/trost-for-deprimerade\/\"><img loading=\"lazy\" decoding=\"async\" class=\"alignnone\" title=\"Tr\u00f6st \u2013 f\u00f6r deprimerade och andra h\u00e4ngiga (2013)\" src=\"https:\/\/helensjoholm.nu\/_eng\/wp-content\/gallery\/diskografi-2011-2015\/cd_trostfordeprimerade_2013.jpg\" alt=\"Tr\u00f6st \u2013 f\u00f6r deprimerade och andra h\u00e4ngiga (2013)\" width=\"100\" height=\"100\"><\/a><\/td>\n<td><strong>TR\u00d6ST \u2013 F\u00d6R DEPRIMERADE OCH ANDRA H\u00c4NGIGA<br \/>\n<\/strong>Hanna Helgegren (2013)<br \/>\n<a title=\"Tr\u00f6st \u2013 f\u00f6r deprimerade och andra h\u00e4ngiga (2013)\" href=\"https:\/\/helensjoholm.nu\/_eng\/2011-2015\/trost-for-deprimerade\/\">:: more info<\/a><\/td>\n<\/tr>\n<tr valign=\"top\">\n<td><a title=\"Det kunde lika g\u00e4rna varit jag \u2013 en salig samling s\u00e5ngerskor\" href=\"https:\/\/helensjoholm.nu\/_eng\/2011-2015\/det-kunde-lika-garna-varit-jag-album\/\"><img loading=\"lazy\" decoding=\"async\" class=\"alignnone\" title=\"Det kunde lika g\u00e4rna varit jag \u2013 En salig samling s\u00e5ngerskor (2012)\" src=\"https:\/\/helensjoholm.nu\/_eng\/wp-content\/uploads\/2025\/05\/cd-lika-garna-vara-jag-spotify-lyrics-2012.jpg\" alt=\"Det kunde lika g\u00e4rna varit jag \u2013 En salig samling s\u00e5ngerskor (2012)\" width=\"100\" height=\"100\"><\/a><\/td>\n<td><strong>DET KUNDE LIKA G\u00c4RNA VARIT JAG \u2013 EN SALIG SAMLING S\u00c5NGERSKOR<\/strong><br \/>\nWarner Music (2012)<br \/>\n<a title=\"Det kunde lika g\u00e4rna varit jag \u2013 en salig samling s\u00e5ngerskor (2012)\" href=\"https:\/\/helensjoholm.nu\/_eng\/2011-2015\/det-kunde-lika-garna-varit-jag-album\/\">:: more info<\/a><\/td>\n<\/tr>\n<tr valign=\"top\">\n<td><a href=\"https:\/\/helensjoholm.nu\/_eng\/2011-2015\/bao-in-box\/\"><img loading=\"lazy\" decoding=\"async\" class=\"alignnone\" title=\"BAO in Box (2012)\" src=\"https:\/\/helensjoholm.nu\/_eng\/wp-content\/gallery\/diskografi-2011-2015\/cd-baobox-2012-spotify.jpg\" alt=\"BAO in Box (2012)\" width=\"100\" height=\"100\"><\/a><\/td>\n<td><strong>BAO IN BOX<\/strong><br \/>\nMono Music AB (2012)<br \/>\n<a title=\"BAO in Box (2012)\" href=\"https:\/\/helensjoholm.nu\/_eng\/2011-2015\/bao-in-box\/\">:: more info<\/a><\/td>\n<\/tr>\n<tr valign=\"top\">\n<td><a href=\"https:\/\/helensjoholm.nu\/_eng\/2011-2015\/tomten-har-akt-hem\/\"><img loading=\"lazy\" decoding=\"async\" class=\"alignnone\" title=\"Tomten har \u00e5kt hem (2012)\" src=\"https:\/\/helensjoholm.nu\/_eng\/wp-content\/gallery\/diskografi-2011-2015\/tomtenharakthem-spot-lyr.jpg\" alt=\"Tomten har \u00e5kt hem (2012)\" width=\"100\" height=\"100\"><\/a><\/td>\n<td><strong>TOMTEN HAR \u00c5KT HEM<\/strong><br \/>\nMono Music AB (2012)<br \/>\n<a title=\"Tomten har \u00e5kt hem (2012)\" href=\"https:\/\/helensjoholm.nu\/_eng\/2011-2015\/tomten-har-akt-hem\/\">:: more info<\/a><\/td>\n<\/tr>\n<tr valign=\"top\">\n<td><a title=\"Little Big Projects\" href=\"https:\/\/helensjoholm.nu\/_eng\/2011-2015\/little-big-projekt\/\"><img loading=\"lazy\" decoding=\"async\" class=\"alignnone\" title=\"Little Big Projects (2012)\" src=\"https:\/\/helensjoholm.nu\/_eng\/wp-content\/uploads\/2025\/07\/cd_littlebigprojects_2012-lyrics.jpg\" alt=\"Little Big Projects (2012)\" width=\"100\" height=\"100\"><\/a><\/td>\n<td><strong>LITTLE BIG PROJECTS<\/strong><br \/>\nLittle Big Projects (2012)<br \/>\n<a title=\"Little Big Projects (2012)\" href=\"https:\/\/helensjoholm.nu\/_eng\/2011-2015\/little-big-projekt\/\">:: more info<\/a><\/td>\n<\/tr>\n<tr valign=\"top\">\n<td><a href=\"https:\/\/helensjoholm.nu\/_eng\/2011-2015\/pantbanksballader-gibrish\/\"><img loading=\"lazy\" decoding=\"async\" class=\"alignnone\" title=\"Pantbanksballader (2012)\" src=\"https:\/\/helensjoholm.nu\/_eng\/wp-content\/uploads\/2025\/07\/cd-pantbanksballader-2012-spotify-lyrics.jpg\" alt=\"Pantbanksballader (2012)\" width=\"100\" height=\"100\"><\/a><\/td>\n<td><strong>PANTBANKSBALLADER (GIBRISH)<\/strong><br \/>\nGibrish (2012)<br \/>\n<a title=\"Pantbanksballader (2012)\" href=\"https:\/\/helensjoholm.nu\/_eng\/2011-2015\/pantbanksballader-gibrish\/\">:: more info<\/a><\/td>\n<\/tr>\n<tr valign=\"top\">\n<td><a href=\"https:\/\/helensjoholm.nu\/_eng\/2011-2015\/cowboybengts-vender-tillbage\/\"><img loading=\"lazy\" decoding=\"async\" class=\"alignnone\" title=\"Cowboybengts vender tillbage (2012)\" src=\"https:\/\/helensjoholm.nu\/_eng\/wp-content\/gallery\/diskografi-2011-2015\/cowboybengts-lyrics.jpg\" alt=\"Cowboybengts vender tillbage (2012)\" width=\"100\" height=\"100\"><\/a><\/td>\n<td style=\"text-align: left;\"><strong>COWBOYBENGTS VENDER TILLBAGE<\/strong><br \/>\nMono Music AB (2012)<br \/>\n<a title=\"Cowboybengts vender tillbage (2012)\" href=\"https:\/\/helensjoholm.nu\/_eng\/2011-2015\/cowboybengts-vender-tillbage\/\">:: more info<\/a><\/td>\n<\/tr>\n<tr valign=\"top\">\n<td><a href=\"https:\/\/helensjoholm.nu\/_eng\/2011-2015\/aniara\/\"><img loading=\"lazy\" decoding=\"async\" class=\"alignnone\" title=\"Aniara (2012)\" src=\"https:\/\/helensjoholm.nu\/_eng\/wp-content\/gallery\/diskografi-2011-2015\/cd_aniara_2012-spotify.jpg\" alt=\"Aniara (2012)\" width=\"100\" height=\"100\"><\/a><\/td>\n<td><strong>ANIARA<\/strong><br \/>\nEMI (2012)<br \/>\n<a title=\"Aniara (2012)\" href=\"https:\/\/helensjoholm.nu\/_eng\/2011-2015\/aniara\/\">:: more info<\/a><\/td>\n<\/tr>\n<tr valign=\"top\">\n<td style=\"width: 125px;\"><a href=\"https:\/\/helensjoholm.nu\/_eng\/2011-2015\/passione-a-christmas-collection\/\"><img loading=\"lazy\" decoding=\"async\" class=\"alignnone\" title=\"Passione \u2013 A Christmas Collection (2011)\" src=\"https:\/\/helensjoholm.nu\/_eng\/wp-content\/gallery\/diskografi-2011-2015\/cd-passione-2011.png\" alt=\"Passione \u2013 A Christmas Collection (2011)\" width=\"100\" height=\"100\"><\/a><\/td>\n<td><strong>PASSIONE \u2013 A CHRISTMAS COLLECTION<\/strong><br \/>\nColumbia (2011)<br \/>\n<a title=\"Passione \u2013 A Christmas Collection (2011)\" href=\"https:\/\/helensjoholm.nu\/_eng\/2011-2015\/passione-a-christmas-collection\/\">:: more info<\/a><\/td>\n<\/tr>\n<tr valign=\"top\">\n<td><a href=\"https:\/\/helensjoholm.nu\/_eng\/2011-2015\/another-world-myrra-malmberg\/\"><img loading=\"lazy\" decoding=\"async\" class=\"alignnone\" title=\"Another World (2011)\" src=\"https:\/\/helensjoholm.nu\/_eng\/wp-content\/gallery\/diskografi-2011-2015\/cd_anotherworld_2011-spotify.jpg\" alt=\"Another World (2011)\" width=\"100\" height=\"100\"><\/a><\/td>\n<td><strong>ANOTHER WORLD (MYRRA MALMBERG)<\/strong><br \/>\nWMS &amp; Stenhammar Music Group (2011)<br \/>\n<a title=\"Another World (2011)\" href=\"https:\/\/helensjoholm.nu\/_eng\/2011-2015\/another-world-myrra-malmberg\/\">:: more info<\/a><\/td>\n<\/tr>\n<tr valign=\"top\">\n<td><a href=\"https:\/\/helensjoholm.nu\/_eng\/2011-2015\/o-klang-och-jubeltid\/\"><img loading=\"lazy\" decoding=\"async\" class=\"alignnone\" title=\"O klang och jubeltid (2011)\" src=\"https:\/\/helensjoholm.nu\/_eng\/wp-content\/gallery\/diskografi-2011-2015\/oklangochjubeltid-spot-lyr.jpg\" alt=\"O klang och jubeltid (2011)\" width=\"100\" height=\"100\"><\/a><\/td>\n<td><strong>O KLANG OCH JUBELTID<\/strong><br \/>\nMono Music AB (2011)<br \/>\n<a title=\"O klang och jubeltid (2011)\" href=\"https:\/\/helensjoholm.nu\/_eng\/2011-2015\/o-klang-och-jubeltid\/\">:: more info<\/a><\/td>\n<\/tr>\n<\/tbody>\n<\/table>\n<table style=\"border-collapse: collapse; width: 100%;\" border=\"0\">\n<tbody>\n<tr>\n<td style=\"width: 50%;\">\n<p style=\"text-align: left;\"><a href=\"https:\/\/helensjoholm.nu\/_eng\/2006-2010\/\">&lt;&lt; Previous<\/a><\/p>\n<\/td>\n<td style=\"width: 50%;\">\n<p style=\"text-align: right;\"><a href=\"https:\/\/helensjoholm.nu\/_eng\/albums-2016-2020\/\">Next &gt;&gt;<\/a><\/p>\n<\/td>\n<\/tr>\n<\/tbody>\n<\/table>\n<p>&nbsp;<\/p>\n","protected":false},"excerpt":{"rendered":"<p>MUSIKALEN LIVET \u00c4R EN SCHLAGER Universal (2015) :: more info JAG VILL F\u00d6LJA MED (SINGLE) EF Anders Widmark Musik&nbsp;(2015) :: more info NY\u00c5RSBALLONGEN (SINGLE) Mono <a class=\"more-link\" href=\"https:\/\/helensjoholm.nu\/_eng\/2011-2015\/\">Read More &#8230;<\/a><\/p>\n","protected":false},"author":1,"featured_media":0,"parent":0,"menu_order":0,"comment_status":"closed","ping_status":"open","template":"","meta":{"ngg_post_thumbnail":0,"footnotes":""},"class_list":["post-182","page","type-page","status-publish","hentry"],"aioseo_notices":[],"_links":{"self":[{"href":"https:\/\/helensjoholm.nu\/_eng\/wp-json\/wp\/v2\/pages\/182","targetHints":{"allow":["GET"]}}],"collection":[{"href":"https:\/\/helensjoholm.nu\/_eng\/wp-json\/wp\/v2\/pages"}],"about":[{"href":"https:\/\/helensjoholm.nu\/_eng\/wp-json\/wp\/v2\/types\/page"}],"author":[{"embeddable":true,"href":"https:\/\/helensjoholm.nu\/_eng\/wp-json\/wp\/v2\/users\/1"}],"replies":[{"embeddable":true,"href":"https:\/\/helensjoholm.nu\/_eng\/wp-json\/wp\/v2\/comments?post=182"}],"version-history":[{"count":13,"href":"https:\/\/helensjoholm.nu\/_eng\/wp-json\/wp\/v2\/pages\/182\/revisions"}],"predecessor-version":[{"id":15123,"href":"https:\/\/helensjoholm.nu\/_eng\/wp-json\/wp\/v2\/pages\/182\/revisions\/15123"}],"wp:attachment":[{"href":"https:\/\/helensjoholm.nu\/_eng\/wp-json\/wp\/v2\/media?parent=182"}],"curies":[{"name":"wp","href":"https:\/\/api.w.org\/{rel}","templated":true}]}}