{"id":1816,"date":"2013-05-10T18:42:24","date_gmt":"2013-05-10T16:42:24","guid":{"rendered":"http:\/\/helensjoholm.nu\/_eng\/?page_id=1816"},"modified":"2022-03-09T19:08:57","modified_gmt":"2022-03-09T17:08:57","slug":"aftonbladet-wants-to-sing-to-the-bridal-couple","status":"publish","type":"page","link":"https:\/\/helensjoholm.nu\/_eng\/press-clips\/various-2010\/aftonbladet-wants-to-sing-to-the-bridal-couple\/","title":{"rendered":"Aftonbladet &#8211; Wants to sing to the bridal couple"},"content":{"rendered":"<p><strong>Aftonbladet 100415<\/strong><\/p>\n<p>By: TORBJ\u00d6RN EK<\/p>\n<p><strong>Helen received praise for her last Kristina fr\u00e5n Duvem\u00e5la &#8211; now she hopes to make the wedding song<\/strong><\/p>\n<p><strong>LONDON. Standing ovations in a sold out Royal Albert Hall. But Helen Sj\u00f6holm is finished with Kristina &#8211; she is now preparing herself for the next challenge. The schedule is adjusted for the days around Victoria and Daniel&#8217;s wedding.<br \/>\n&#8211; If the question comes up, it would be fun, she says.<\/strong><\/p>\n<p>Helen Sj\u00f6holm and Bj\u00f6rn and Benny were honored with tributes and standing ovations from more than 5 000 people in the audience at the Royal Albert Hall in London. Even before the show the audience stood up and cheered when Bjorn Ulvaeus and Benny Andersson came into the auditorium to take their seats in the stalls.<\/p>\n<p><strong>Filming<\/strong><br \/>\nAfterwards Helen Sj\u00f6holm is moved. She has said she is finished with the role, but would not really accept that it is the last time she plays Kristina from Duvemala.<br \/>\n&#8211; It\u2019s probably the case, but I don`t think about it, because it would make me sad. Another concert would surely be fun, she says as N\u00f6jesbladet meets up with her backstage at the Royal Albert Hall.<\/p>\n<p>Time for new challenges. Today she goes to Hamburg to film scenes for the movie &#8220;Simon and the oaks&#8221; after Marianne Fredriksson&#8217;s book. But this summer, she will take time off for vacation. It also means that the schedule is cleared for a possible appearance in connection to Crown Princess Victoria\u2019s and Daniel Westling\u2019s wedding.<\/p>\n<p>As N\u00f6jesbladet could reveal on Monday, Benny Andersson has written a song for the bridal couple and Helen Sj\u00f6holm continues her cooperation with the ABBA legend.<br \/>\n&#8211; I wish them every success, but I have not heard anything about it. Exciting, she says.<\/p>\n<p><strong>&#8220;Would be nice&#8221;<\/strong><br \/>\nBenny does not deny that he has written a song for the couple. Instead, he answers cryptically:<br \/>\n&#8211; You should ask the court.<\/p>\n<p><em><strong>Would you like to write a song for them?<\/strong> <\/em><br \/>\n&#8211; It is clear that it would be nice, but you should ask the court about the facts of the matter, for it is not for me to answer such a question, he says.<\/p>\n<p><em><strong>Helen is free and available to the wedding anyway.<\/strong> <\/em><br \/>\n&#8211; Oh, she is, nice, Benny laughs.<\/p>\n<p><a title=\"Various 2010\" href=\"https:\/\/helensjoholm.nu\/_eng\/press-clips\/various-2010\/ \">Back<\/a><\/p>\n","protected":false},"excerpt":{"rendered":"<p>Aftonbladet 100415 By: TORBJ\u00d6RN EK Helen received praise for her last Kristina fr\u00e5n Duvem\u00e5la &#8211; now she hopes to make the wedding song LONDON. Standing <a class=\"more-link\" href=\"https:\/\/helensjoholm.nu\/_eng\/press-clips\/various-2010\/aftonbladet-wants-to-sing-to-the-bridal-couple\/\">Read More &#8230;<\/a><\/p>\n","protected":false},"author":1,"featured_media":0,"parent":1747,"menu_order":0,"comment_status":"closed","ping_status":"closed","template":"","meta":{"ngg_post_thumbnail":0,"footnotes":""},"class_list":["post-1816","page","type-page","status-publish","hentry"],"aioseo_notices":[],"_links":{"self":[{"href":"https:\/\/helensjoholm.nu\/_eng\/wp-json\/wp\/v2\/pages\/1816","targetHints":{"allow":["GET"]}}],"collection":[{"href":"https:\/\/helensjoholm.nu\/_eng\/wp-json\/wp\/v2\/pages"}],"about":[{"href":"https:\/\/helensjoholm.nu\/_eng\/wp-json\/wp\/v2\/types\/page"}],"author":[{"embeddable":true,"href":"https:\/\/helensjoholm.nu\/_eng\/wp-json\/wp\/v2\/users\/1"}],"replies":[{"embeddable":true,"href":"https:\/\/helensjoholm.nu\/_eng\/wp-json\/wp\/v2\/comments?post=1816"}],"version-history":[{"count":0,"href":"https:\/\/helensjoholm.nu\/_eng\/wp-json\/wp\/v2\/pages\/1816\/revisions"}],"up":[{"embeddable":true,"href":"https:\/\/helensjoholm.nu\/_eng\/wp-json\/wp\/v2\/pages\/1747"}],"wp:attachment":[{"href":"https:\/\/helensjoholm.nu\/_eng\/wp-json\/wp\/v2\/media?parent=1816"}],"curies":[{"name":"wp","href":"https:\/\/api.w.org\/{rel}","templated":true}]}}