{"id":179,"date":"2013-04-10T20:15:24","date_gmt":"2013-04-10T18:15:24","guid":{"rendered":"http:\/\/helensjoholm.nu\/_eng\/?page_id=179"},"modified":"2023-08-20T17:18:29","modified_gmt":"2023-08-20T15:18:29","slug":"2006-2010","status":"publish","type":"page","link":"https:\/\/helensjoholm.nu\/_eng\/2006-2010\/","title":{"rendered":"Albums 2006 &#8211; 2010"},"content":{"rendered":"<table border=\"1\" cellspacing=\"5\" cellpadding=\"10\">\n<tbody>\n<tr valign=\"top\">\n<td style=\"width: 125px;\"><a href=\"https:\/\/helensjoholm.nu\/_eng\/2006-2010\/euforia-helen-sjoholm-sjunger-billy-joel\/\"><img loading=\"lazy\" decoding=\"async\" class=\"alignnone\" title=\"Euforia - Helen Sj\u00f6holm sjunger Billy Joel (2010)\" src=\"https:\/\/helensjoholm.nu\/_eng\/wp-content\/gallery\/diskografi-2006-2010\/euforia-spot-lyr.jpg\" alt=\"Euforia - Helen Sj\u00f6holm sjunger Billy Joel (2010)\" width=\"100\" height=\"100\"><\/a><\/td>\n<td><strong>EUFORIA &#8211; HELEN SJ\u00d6HOLM SJUNGER BILLY JOEL<\/strong><br \/>\nUniversal Music AB (2010)<br \/>\n<a title=\"Euforia \u2013 Helen Sj\u00f6holm sjunger Billy Joel (2010)\" href=\"https:\/\/helensjoholm.nu\/_eng\/2006-2010\/euforia-helen-sjoholm-sjunger-billy-joel\/\">:: more info<\/a><\/td>\n<\/tr>\n<tr valign=\"top\">\n<td><a href=\"https:\/\/helensjoholm.nu\/_eng\/2006-2010\/the-platinum-collection-russel-watson\/\"><img loading=\"lazy\" decoding=\"async\" class=\"alignnone\" title=\"The Platinum Collection (2010)\" src=\"https:\/\/helensjoholm.nu\/_eng\/wp-content\/gallery\/diskografi-2006-2010\/cd_russellwatsontheplatinum-spotify.jpg\" alt=\"The Platinum Collection (2010)\" width=\"100\" height=\"100\"><\/a><\/td>\n<td><strong>THE PLATINUM COLLECTION (RUSSELL WATSON)<\/strong><br \/>\nDecca (2010)<br \/>\n<a title=\"The Platinum Collection (2010)\" href=\"https:\/\/helensjoholm.nu\/_eng\/2006-2010\/the-platinum-collection-russel-watson\/\">:: more info<\/a><\/td>\n<\/tr>\n<tr valign=\"top\">\n<td><a href=\"https:\/\/helensjoholm.nu\/_eng\/2006-2010\/scandinavian-strings-attached\/\"><img loading=\"lazy\" decoding=\"async\" class=\"alignnone\" title=\"Scandinavian Strings Attached (2010)\" src=\"https:\/\/helensjoholm.nu\/_eng\/wp-content\/gallery\/diskografi-2006-2010\/cd-ssa-2010-spotify.png\" alt=\"Scandinavian Strings Attached (2010)\" width=\"100\" height=\"100\"><\/a><\/td>\n<td><strong>SCANDINAVIAN STRINGS ATTACHED<\/strong><br \/>\nScandinavian Strings Production AB (2010)<br \/>\n<a title=\"Scandinavian Strings Attached (2010)\" href=\"https:\/\/helensjoholm.nu\/_eng\/2006-2010\/scandinavian-strings-attached\/\">:: more info<\/a><\/td>\n<\/tr>\n<tr valign=\"top\">\n<td><a href=\"https:\/\/helensjoholm.nu\/_eng\/2006-2010\/reconnection-jojje-wadenius\/\"><img loading=\"lazy\" decoding=\"async\" class=\"alignnone\" title=\"Reconnection (2010)\" src=\"https:\/\/helensjoholm.nu\/_eng\/wp-content\/gallery\/diskografi-2006-2010\/cd-reconnection-2010-spotify.jpg\" alt=\"Reconnection (2010)\" width=\"100\" height=\"100\"><\/a><\/td>\n<td><strong>RECONNECTION (JOJJE WADENIUS)<\/strong><br \/>\nCapitol (2010)<br \/>\n<a title=\"Reconnection (2010)\" href=\"https:\/\/helensjoholm.nu\/_eng\/2006-2010\/reconnection-jojje-wadenius\/\">:: more info<\/a><\/td>\n<\/tr>\n<tr valign=\"top\">\n<td><a href=\"https:\/\/helensjoholm.nu\/_eng\/2006-2010\/painted-dreams-anders-ekborg\/\"><img loading=\"lazy\" decoding=\"async\" class=\"alignnone\" title=\"Painted Dreams (2010)\" src=\"https:\/\/helensjoholm.nu\/_eng\/wp-content\/gallery\/diskografi-2006-2010\/cd-painteddreams-2010-spotify.jpg\" alt=\"Painted Dreams (2010)\" width=\"100\" height=\"100\"><\/a><\/td>\n<td><strong>PAINTED DREAMS (ANDERS EKBORG)<\/strong><br \/>\nUniversal Music AB (2010)<br \/>\n<a title=\"Painted Dreams (2010)\" href=\"https:\/\/helensjoholm.nu\/_eng\/2006-2010\/painted-dreams-anders-ekborg\/\">:: more info<\/a><\/td>\n<\/tr>\n<tr valign=\"top\">\n<td><a title=\"Aldrig bli som ni \u2013 S\u00e5nger och synvinklar (Wiehe)\" href=\"https:\/\/helensjoholm.nu\/_eng\/2006-2010\/aldrig-bli-som-ni\/\"><img loading=\"lazy\" decoding=\"async\" class=\"alignnone\" title=\"Aldrig bli som ni \u2013 S\u00e5nger och synvinklar (2010)\" src=\"https:\/\/helensjoholm.nu\/_eng\/wp-content\/gallery\/diskografi-2006-2010\/cd_aldrigblisomni_sangerochsynvinklar_2010.jpg\" alt=\"Aldrig bli som ni \u2013 S\u00e5nger och synvinklar (2010)\" width=\"100\" height=\"100\"><\/a><\/td>\n<td><strong>ALDRIG BLI SOM NI &#8211; S\u00c5NGER OCH SYNVINKLAR (MIKAEL WIEHE)<\/strong><br \/>\nWMS (2010)<br \/>\n<a title=\"Aldrig bli som ni \u2013 S\u00e5nger och synvinklar (2010)\" href=\"https:\/\/helensjoholm.nu\/_eng\/2006-2010\/aldrig-bli-som-ni\/\">:: more info<\/a><\/td>\n<\/tr>\n<tr valign=\"top\">\n<td><a title=\"Sommarklassiker\" href=\"https:\/\/helensjoholm.nu\/_eng\/2006-2010\/sommarklassiker\/\"><img loading=\"lazy\" decoding=\"async\" class=\"alignnone\" title=\"Sommarklassiker (2010)\" src=\"https:\/\/helensjoholm.nu\/_eng\/wp-content\/gallery\/diskografi-2006-2010\/cd_sommarklassiker_2010.jpg\" alt=\"Sommarklassiker (2010)\" width=\"100\" height=\"100\"><\/a><\/td>\n<td><strong>SOMMARKLASSIKER<\/strong><br \/>\nUniversal Music AB (2010)<br \/>\n<a title=\"Sommarklassiker (2010)\" href=\"https:\/\/helensjoholm.nu\/_eng\/2006-2010\/sommarklassiker\/\">:: more info<\/a><\/td>\n<\/tr>\n<tr valign=\"top\">\n<td><a href=\"https:\/\/helensjoholm.nu\/_eng\/2006-2010\/kristina-at-carnegie-hall\/\"><img loading=\"lazy\" decoding=\"async\" class=\"alignnone\" title=\"Kristina at Carnegie Hall (2010)\" src=\"https:\/\/helensjoholm.nu\/_eng\/wp-content\/gallery\/diskografi-2006-2010\/kristinaatcarnegiehall-spot.jpg\" alt=\"Kristina at Carnegie Hall (2010)\" width=\"100\" height=\"100\"><\/a><\/td>\n<td><strong>KRISTINA AT CARNEGIE HALL<\/strong><br \/>\nMono Music AB (2010)<br \/>\n<a title=\"Kristina \u2013 At Carnegie Hall (2010)\" href=\"https:\/\/helensjoholm.nu\/_eng\/2006-2010\/kristina-at-carnegie-hall\/\">:: more info<\/a><\/td>\n<\/tr>\n<tr valign=\"top\">\n<td><a href=\"https:\/\/helensjoholm.nu\/_eng\/2006-2010\/story-of-a-heart\/\"><img loading=\"lazy\" decoding=\"async\" class=\"alignnone\" title=\"Story Of A Heart (2009)\" src=\"https:\/\/helensjoholm.nu\/_eng\/wp-content\/gallery\/diskografi-2006-2010\/storyofaheart-spot-lyr.jpg\" alt=\"Story of a Heart (2009)\" width=\"100\" height=\"100\"><\/a><\/td>\n<td><strong>STORY OF A HEART<\/strong><br \/>\nMono Music AB (2009)<br \/>\n<a title=\"Story Of A Heart (2009)\" href=\"https:\/\/helensjoholm.nu\/_eng\/2006-2010\/story-of-a-heart\/\">:: more info<\/a><\/td>\n<\/tr>\n<tr valign=\"top\">\n<td><a title=\"Skandinaviske Sommerfavoritter\" href=\"https:\/\/helensjoholm.nu\/_eng\/2006-2010\/skandinaviske-sommerfavoritter\/\"><img loading=\"lazy\" decoding=\"async\" class=\"alignnone\" title=\"Skandinaviske sommerfavoritter (2009)\" src=\"https:\/\/helensjoholm.nu\/_eng\/wp-content\/gallery\/diskografi-2006-2010\/cd_skandinaviskesommerfavoritter_2009.jpg\" alt=\"Skandinaviske sommerfavoritter (2009)\" width=\"100\" height=\"100\"><\/a><\/td>\n<td><strong>SKANDINAVISKE SOMMERFAVORITTER<\/strong><br \/>\n(Norge 2009)<br \/>\n<a title=\"Skandinaviske Sommerfavoritter (2009)\" href=\"https:\/\/helensjoholm.nu\/_eng\/2006-2010\/skandinaviske-sommerfavoritter\/\">:: more info<\/a><\/td>\n<\/tr>\n<tr valign=\"top\">\n<td><a title=\"Den svenska sommaren\" href=\"https:\/\/helensjoholm.nu\/_eng\/2006-2010\/den-svenska-sommaren\/\"><img loading=\"lazy\" decoding=\"async\" class=\"alignnone\" title=\"Den svenska sommaren (2009)\" src=\"https:\/\/helensjoholm.nu\/_eng\/wp-content\/gallery\/diskografi-2006-2010\/cd_densvenskasommaren_2009.jpg\" alt=\"Den svenska sommaren (2009)\" width=\"100\" height=\"100\"><\/a><\/td>\n<td><strong>DEN SVENSKA SOMMAREN, 5 CD<br \/>\n<\/strong>Universal Music AB (2009)<br \/>\n<a title=\"Den svenska sommaren (2009)\" href=\"https:\/\/helensjoholm.nu\/_eng\/2006-2010\/den-svenska-sommaren\/\">:: more info<\/a><\/td>\n<\/tr>\n<tr valign=\"top\">\n<td><a title=\"S\u00e5ng &amp; Gl\u00e4dje \u2013 40 underbara favoriter\" href=\"https:\/\/helensjoholm.nu\/_eng\/2006-2010\/sang-gladje-40-underbara-favoriter\/\"><img loading=\"lazy\" decoding=\"async\" class=\"alignnone\" title=\"S\u00e5ng &amp; Gl\u00e4dje \u2013 40 underbara favoriter (2009)\" src=\"https:\/\/helensjoholm.nu\/_eng\/wp-content\/gallery\/diskografi-2006-2010\/cd_sangodladje_2009.jpg\" alt=\"S\u00e5ng &amp; Gl\u00e4dje \u2013 40 underbara favoriter (2009)\" width=\"100\" height=\"100\"><\/a><\/td>\n<td><strong>S\u00c5NG &amp; GL\u00c4DJE &#8211; 40 UNDERBARA FAVORITER, 2 CD<br \/>\n<\/strong>Lionheart (2009)<br \/>\n<a title=\"S\u00e5ng &amp; Gl\u00e4dje \u2013 40 underbara favoriter (2009)\" href=\"https:\/\/helensjoholm.nu\/_eng\/2006-2010\/sang-gladje-40-underbara-favoriter\/\">:: more info<\/a><\/td>\n<\/tr>\n<tr valign=\"top\">\n<td><a href=\"https:\/\/helensjoholm.nu\/_eng\/2006-2010\/sota-lilla-mamma\/\"><img loading=\"lazy\" decoding=\"async\" class=\"alignnone\" title=\"S\u00f6ta lilla mamma (2008)\" src=\"https:\/\/helensjoholm.nu\/_eng\/wp-content\/gallery\/diskografi-2006-2010\/cd-sotalillamamma-2008-spotify.jpg\" alt=\"S\u00f6ta lilla mamma (2008)\" width=\"100\" height=\"100\"><\/a><\/td>\n<td><strong>S\u00d6TA LILLA MAMMA<br \/>\n<\/strong>EMI (2008)<br \/>\n<a title=\"S\u00f6ta lilla mamma (2008)\" href=\"https:\/\/helensjoholm.nu\/_eng\/2006-2010\/sota-lilla-mamma\/\">:: more info<\/a><\/td>\n<\/tr>\n<tr valign=\"top\">\n<td><a href=\"https:\/\/helensjoholm.nu\/_eng\/2006-2010\/patrik-isaksson-10-ar\/\"><img loading=\"lazy\" decoding=\"async\" class=\"alignnone\" title=\"Patrik Isaksson 10 \u00e5r (2008)\" src=\"https:\/\/helensjoholm.nu\/_eng\/wp-content\/gallery\/diskografi-2006-2010\/cd_patrikisaksson-spotify.jpg\" alt=\"Patrik Isaksson 10 \u00e5r (2008)\" width=\"100\" height=\"100\"><\/a><\/td>\n<td><strong>PATRIK ISAKSSON 10 \u00c5R<br \/>\n<\/strong>Sony Music Entertainment (2008)<br \/>\n<a title=\"Patrik Isaksson 10 \u00e5r (2008)\" href=\"https:\/\/helensjoholm.nu\/_eng\/2006-2010\/patrik-isaksson-10-ar\/\">:: more info<\/a><\/td>\n<\/tr>\n<tr valign=\"top\">\n<td><a href=\"https:\/\/helensjoholm.nu\/_eng\/2006-2010\/min-lyckas-hus-goran-fristorp\/\"><img loading=\"lazy\" decoding=\"async\" class=\"alignnone\" title=\"Min lyckas hus (2008)\" src=\"https:\/\/helensjoholm.nu\/_eng\/wp-content\/gallery\/diskografi-2006-2010\/cd-goranfristorp-2008-spotify.jpg\" alt=\"Min lyckas hus (2008)\" width=\"100\" height=\"100\"><\/a><\/td>\n<td><strong>MIN LYCKAS HUS (G\u00d6RAN FRISTORP)<br \/>\n<\/strong>daWorks Records AS \/ Musikkoperat\u00f8rene (2008)<br \/>\n<a title=\"Min lyckas hus (2008)\" href=\"https:\/\/helensjoholm.nu\/_eng\/2006-2010\/min-lyckas-hus-goran-fristorp\/\">:: more info<\/a><\/td>\n<\/tr>\n<tr valign=\"top\">\n<td><a title=\"En bukett med blommor\" href=\"https:\/\/helensjoholm.nu\/_eng\/2006-2010\/en-bukett-med-blommor\/\"><img loading=\"lazy\" decoding=\"async\" class=\"alignnone\" title=\"En bukett med blommor (2007)\" src=\"https:\/\/helensjoholm.nu\/_eng\/wp-content\/gallery\/diskografi-2006-2010\/cd_enbukettmedblommor_2007.jpg\" alt=\"En bukett med blommor (2007)\" width=\"100\" height=\"100\"><\/a><\/td>\n<td><strong>EN BUKETT MED BLOMMOR<br \/>\n<\/strong>EMI (2007)<br \/>\n<a title=\"En bukett med blommor (2007)\" href=\"https:\/\/helensjoholm.nu\/_eng\/2006-2010\/en-bukett-med-blommor\/\">:: more info<\/a><\/td>\n<\/tr>\n<tr valign=\"top\">\n<td><a title=\"P4 Sommarfl\u00f8rt\" href=\"https:\/\/helensjoholm.nu\/_eng\/2006-2010\/p4-sommarflort\/\"><img loading=\"lazy\" decoding=\"async\" class=\"alignnone\" title=\"P4 Sommarfl\u00f8rt (2007)\" src=\"https:\/\/helensjoholm.nu\/_eng\/wp-content\/gallery\/diskografi-2006-2010\/cd_p4-sommerflirt_2007.jpg\" alt=\"P4 Sommarfl\u00f8rt (2007)\" width=\"100\" height=\"100\"><\/a><\/td>\n<td><strong>P4 SOMMARFL\u00f8RT<br \/>\n<\/strong>(Norge 2007)<br \/>\n<a title=\"P4 Sommarfl\u00f8rt (2007)\" href=\"https:\/\/helensjoholm.nu\/_eng\/2006-2010\/p4-sommarflort\/\">:: more info<\/a><\/td>\n<\/tr>\n<tr valign=\"top\">\n<td><a href=\"https:\/\/helensjoholm.nu\/_eng\/2006-2010\/bao-3\/\"><img loading=\"lazy\" decoding=\"async\" class=\"alignnone\" title=\"BAO 3 (2007)\" src=\"https:\/\/helensjoholm.nu\/_eng\/wp-content\/gallery\/diskografi-2006-2010\/bao3-spot-lyr.jpg\" alt=\"BAO 3 (2007)\" width=\"100\" height=\"100\"><\/a><\/td>\n<td><strong>BAO 3<br \/>\n<\/strong>Mono Music AB (2007)<br \/>\n<a title=\"BAO 3 (2007)\" href=\"https:\/\/helensjoholm.nu\/_eng\/2006-2010\/bao-3\/\">:: more info<\/a><\/td>\n<\/tr>\n<tr valign=\"top\">\n<td><a title=\"Absolute Alla Hj\u00e4rtans Dag\" href=\"https:\/\/helensjoholm.nu\/_eng\/2006-2010\/absolute-alla-hjartans-dag\/\"><img loading=\"lazy\" decoding=\"async\" class=\"alignnone\" title=\"Absolute Alla Hj\u00e4rtans Dag (2007)\" src=\"https:\/\/helensjoholm.nu\/_eng\/wp-content\/gallery\/diskografi-2006-2010\/cd_absolute_allahjartansdag_2007.jpg\" alt=\"Absolute Alla Hj\u00e4rtans Dag (2007)\" width=\"100\" height=\"100\"><\/a><\/td>\n<td><strong>ABSOLUTE ALLA HJ\u00c4RTANS DAG<br \/>\n<\/strong>Eva Records (2007)<br \/>\n<a title=\"Absolute Alla Hj\u00e4rtans Dag (2007)\" href=\"https:\/\/helensjoholm.nu\/_eng\/2006-2010\/absolute-alla-hjartans-dag\/\">:: more info<\/a><\/td>\n<\/tr>\n<tr valign=\"top\">\n<td><a href=\"https:\/\/helensjoholm.nu\/_eng\/2006-2010\/bao-pa-turne\/\"><img loading=\"lazy\" decoding=\"async\" class=\"alignnone\" title=\"BAO p\u00e5 turn\u00e9 (2006)\" src=\"https:\/\/helensjoholm.nu\/_eng\/wp-content\/gallery\/diskografi-2006-2010\/cd-baopaturne-2006-spotify.jpg\" alt=\"BAO p\u00e5 turn\u00e9 (2006)\" width=\"100\" height=\"100\"><\/a><\/td>\n<td><strong>BAO P\u00c5 TURN\u00c9<br \/>\n<\/strong>Mono Music AB (2006)<br \/>\n<a title=\"BAO p\u00e5 turn\u00e9 (2006)\" href=\"https:\/\/helensjoholm.nu\/_eng\/2006-2010\/bao-pa-turne\/\">:: more info<\/a><\/td>\n<\/tr>\n<tr valign=\"top\">\n<td><a title=\"Ljuva lovs\u00e5ng \u2013 Hallelujah Moments\" href=\"https:\/\/helensjoholm.nu\/_eng\/2006-2010\/ljuva-lovsang\/\"><img loading=\"lazy\" decoding=\"async\" class=\"alignnone\" title=\"Ljuva lovs\u00e5ng - Hallelujah Moments (2006)\" src=\"https:\/\/helensjoholm.nu\/_eng\/wp-content\/gallery\/diskografi-2006-2010\/cd_ljuvalovsanghallelujahmoments_2006.jpg\" alt=\"Ljuva lovs\u00e5ng - Hallelujah Moments (2006)\" width=\"100\" height=\"100\"><\/a><\/td>\n<td><strong>LJUVA LOVS\u00c5NG &#8211; HALLELUJAH MOMENTS<br \/>\n<\/strong>Sony Music Entertainment (2006)<br \/>\n<a title=\"Ljuva lovs\u00e5ng \u2013 Hallelujah Moments (2006)\" href=\"https:\/\/helensjoholm.nu\/_eng\/2006-2010\/ljuva-lovsang\/\">:: more info<\/a><\/td>\n<\/tr>\n<tr valign=\"top\">\n<td><a title=\"Mysiga stunder volym 2\" href=\"https:\/\/helensjoholm.nu\/_eng\/2006-2010\/mysiga-stunder-volym-2\/\"><img loading=\"lazy\" decoding=\"async\" class=\"alignnone\" title=\"Mysiga stunder volym 2 (2006)\" src=\"https:\/\/helensjoholm.nu\/_eng\/wp-content\/gallery\/diskografi-2006-2010\/cd_mysigastunder_2006.jpg\" alt=\"Mysiga stunder volym 2 (2006)\" width=\"100\" height=\"100\"><\/a><\/td>\n<td><strong>MYSIGA STUNDER VOLYM 2<br \/>\n<\/strong>EMI (2006)<br \/>\n<a title=\"Mysiga stunder volym 2 (2006)\" href=\"https:\/\/helensjoholm.nu\/_eng\/2006-2010\/mysiga-stunder-volym-2\/\">:: more info<\/a><\/td>\n<\/tr>\n<tr valign=\"top\">\n<td><a title=\"\u00c4lskade svenska s\u00e5ngerskor\" href=\"https:\/\/helensjoholm.nu\/_eng\/2006-2010\/alskade-svenska-sangerskor\/\"><img loading=\"lazy\" decoding=\"async\" class=\"alignnone\" title=\"\u00c4lskade svenska s\u00e5ngerskor (2006)\" src=\"https:\/\/helensjoholm.nu\/_eng\/wp-content\/gallery\/diskografi-2006-2010\/cd_alskadesvenskasangerskor_2006.jpg\" alt=\"\u00c4lskade svenska s\u00e5ngerskor (2006)\" width=\"100\" height=\"100\"><\/a><\/td>\n<td><strong>\u00c4LSKADE SVENSKA S\u00c5NGERSKOR<br \/>\n<\/strong>EMI (2006)<br \/>\n<a title=\"\u00c4lskade svenska s\u00e5ngerskor (2006)\" href=\"https:\/\/helensjoholm.nu\/_eng\/2006-2010\/alskade-svenska-sangerskor\/\">:: more info<\/a><\/td>\n<\/tr>\n<tr valign=\"top\">\n<td><a title=\"En bukett med v\u00e5rblommor\" href=\"https:\/\/helensjoholm.nu\/_eng\/2006-2010\/en-bukett-med-varblommor\/\"><img loading=\"lazy\" decoding=\"async\" class=\"alignnone\" title=\"En bukett med v\u00e5rblommor (2006)\" src=\"https:\/\/helensjoholm.nu\/_eng\/wp-content\/gallery\/diskografi-2006-2010\/cd_enbukettmedvarblommor_2006.jpg\" alt=\"En bukett med v\u00e5rblommor (2006)\" width=\"100\" height=\"100\"><\/a><\/td>\n<td><strong>EN BUKETT MED V\u00c5RBLOMMOR, 2 CD<br \/>\n<\/strong>EMI (2006)<br \/>\n<a title=\"En bukett med v\u00e5rblommor (2006)\" href=\"https:\/\/helensjoholm.nu\/_eng\/2006-2010\/en-bukett-med-varblommor\/\">:: more info<\/a><\/td>\n<\/tr>\n<tr valign=\"top\">\n<td><a title=\"Tro hopp &amp; k\u00e4rlek\" href=\"https:\/\/helensjoholm.nu\/_eng\/2006-2010\/tro-hopp-karlek\/\"><img loading=\"lazy\" decoding=\"async\" class=\"alignnone\" title=\"Tro hopp &amp; k\u00e4rlek (2006)\" src=\"https:\/\/helensjoholm.nu\/_eng\/wp-content\/gallery\/diskografi-2006-2010\/cd_trohoppkarlek_2006.jpg\" alt=\"Tro hopp &amp; k\u00e4rlek (2006)\" width=\"100\" height=\"100\"><\/a><\/td>\n<td><strong>TRO HOPP &amp; K\u00c4RLEK<br \/>\n<\/strong>(2006)<br \/>\n<a title=\"Tro hopp &amp; k\u00e4rlek (2006)\" href=\"https:\/\/helensjoholm.nu\/_eng\/2006-2010\/tro-hopp-karlek\/\">:: more info<\/a><\/td>\n<\/tr>\n<tr valign=\"top\">\n<td><a title=\"B\u00f6ndernas b\u00e4sta k\u00e4rleksl\u00e5tar\" href=\"https:\/\/helensjoholm.nu\/_eng\/2006-2010\/bondernas-basta-karlekslatar\/\"><img loading=\"lazy\" decoding=\"async\" class=\"alignnone\" title=\"B\u00f6ndernas b\u00e4sta k\u00e4rleksl\u00e5tar (2006)\" src=\"https:\/\/helensjoholm.nu\/_eng\/wp-content\/gallery\/diskografi-2006-2010\/cd_bondernasbastakarlekslatar_2006.jpg\" alt=\"B\u00f6ndernas b\u00e4sta k\u00e4rleksl\u00e5tar (2006)\" width=\"100\" height=\"100\"><\/a><\/td>\n<td><strong>B\u00d6NDERNAS B\u00c4STA K\u00c4RLEKSL\u00c5TAR<br \/>\n<\/strong>Mariann Grammofon\/Warner (2006)<br \/>\n<a title=\"B\u00f6ndernas b\u00e4sta k\u00e4rleksl\u00e5tar (2006)\" href=\"https:\/\/helensjoholm.nu\/_eng\/2006-2010\/bondernas-basta-karlekslatar\/\">:: more info<\/a><\/td>\n<\/tr>\n<\/tbody>\n<\/table>\n<table style=\"border-collapse: collapse; width: 100%;\" border=\"0\">\n<tbody>\n<tr>\n<td style=\"width: 50%;\">\n<p style=\"text-align: left;\"><a href=\"https:\/\/helensjoholm.nu\/_eng\/2003-2005\/\">&lt;&lt; Previous<\/a><\/p>\n<\/td>\n<td style=\"width: 50%;\">\n<p style=\"text-align: right;\"><a href=\"https:\/\/helensjoholm.nu\/_eng\/2011-2015\/\">Next &gt;&gt;<\/a><\/p>\n<\/td>\n<\/tr>\n<\/tbody>\n<\/table>\n<p>&nbsp;<\/p>\n","protected":false},"excerpt":{"rendered":"<p>EUFORIA &#8211; HELEN SJ\u00d6HOLM SJUNGER BILLY JOEL Universal Music AB (2010) :: more info THE PLATINUM COLLECTION (RUSSELL WATSON) Decca (2010) :: more info SCANDINAVIAN <a class=\"more-link\" href=\"https:\/\/helensjoholm.nu\/_eng\/2006-2010\/\">Read More &#8230;<\/a><\/p>\n","protected":false},"author":1,"featured_media":0,"parent":0,"menu_order":0,"comment_status":"closed","ping_status":"open","template":"","meta":{"ngg_post_thumbnail":0,"footnotes":""},"class_list":["post-179","page","type-page","status-publish","hentry"],"aioseo_notices":[],"_links":{"self":[{"href":"https:\/\/helensjoholm.nu\/_eng\/wp-json\/wp\/v2\/pages\/179","targetHints":{"allow":["GET"]}}],"collection":[{"href":"https:\/\/helensjoholm.nu\/_eng\/wp-json\/wp\/v2\/pages"}],"about":[{"href":"https:\/\/helensjoholm.nu\/_eng\/wp-json\/wp\/v2\/types\/page"}],"author":[{"embeddable":true,"href":"https:\/\/helensjoholm.nu\/_eng\/wp-json\/wp\/v2\/users\/1"}],"replies":[{"embeddable":true,"href":"https:\/\/helensjoholm.nu\/_eng\/wp-json\/wp\/v2\/comments?post=179"}],"version-history":[{"count":0,"href":"https:\/\/helensjoholm.nu\/_eng\/wp-json\/wp\/v2\/pages\/179\/revisions"}],"wp:attachment":[{"href":"https:\/\/helensjoholm.nu\/_eng\/wp-json\/wp\/v2\/media?parent=179"}],"curies":[{"name":"wp","href":"https:\/\/api.w.org\/{rel}","templated":true}]}}