{"id":177,"date":"2013-04-10T20:14:54","date_gmt":"2013-04-10T18:14:54","guid":{"rendered":"http:\/\/helensjoholm.nu\/_eng\/?page_id=177"},"modified":"2023-09-17T09:53:15","modified_gmt":"2023-09-17T07:53:15","slug":"2003-2005","status":"publish","type":"page","link":"https:\/\/helensjoholm.nu\/_eng\/2003-2005\/","title":{"rendered":"Albums 2003 &#8211; 2005"},"content":{"rendered":"<table border=\"1\" cellspacing=\"5\" cellpadding=\"10\">\n<tbody>\n<tr valign=\"top\">\n<td style=\"width: 125px;\"><a title=\"Mysiga stunder volume 1\" href=\"https:\/\/helensjoholm.nu\/_eng\/2003-2005\/mysiga-stunder-volym-1\/\"><img loading=\"lazy\" decoding=\"async\" class=\"alignnone\" title=\"Mysiga stunder volume 1 (2005)\" src=\"https:\/\/helensjoholm.nu\/_eng\/wp-content\/gallery\/dislkografi-2003-2005\/cd_mysigastunder_2005.jpg\" alt=\"Mysiga stunder volume 1 (2005)\" width=\"100\" height=\"100\"><\/a><\/td>\n<td><strong>MYSIGA STUNDER VOLYM 1<\/strong><br \/>\nEMI (2005)<br \/>\n<a title=\"Mysiga stunder volume 1 (2005)\" href=\"https:\/\/helensjoholm.nu\/_eng\/2003-2005\/mysiga-stunder-volym-1\/\">:: more info<\/a><\/td>\n<\/tr>\n<tr valign=\"top\">\n<td><a href=\"https:\/\/helensjoholm.nu\/_eng\/2003-2005\/svenska-sommarklassiker\/\"><img loading=\"lazy\" decoding=\"async\" class=\"alignnone\" title=\"Svenska sommarklassiker (2005)\" src=\"https:\/\/helensjoholm.nu\/_eng\/wp-content\/gallery\/dislkografi-2003-2005\/cd-sommarklassiker-2005-spotify.jpg\" alt=\"Svenska sommarklassiker (2005)\" width=\"100\" height=\"100\"><\/a><\/td>\n<td><strong>SVENSKA SOMMARKLASSIKER<\/strong><br \/>\nUniversal Music AB (2005)<br \/>\n<a title=\"Svenska sommarklassiker (2005)\" href=\"https:\/\/helensjoholm.nu\/_eng\/2003-2005\/svenska-sommarklassiker\/\">:: more info<\/a><\/td>\n<\/tr>\n<tr valign=\"top\">\n<td><a title=\"En bukett med sommarblommor\" href=\"https:\/\/helensjoholm.nu\/_eng\/2003-2005\/en-bukett-mred-sommarblommor\/\"><img loading=\"lazy\" decoding=\"async\" class=\"alignnone\" title=\"En bukett med sommarblommor (2005)\" src=\"https:\/\/helensjoholm.nu\/_eng\/wp-content\/gallery\/dislkografi-2003-2005\/cd_enbukettmedsommarblommor_2005.jpg\" alt=\"En bukett med sommarblommor (2005)\" width=\"100\" height=\"100\"><\/a><\/td>\n<td><strong>EN BUKETT MED SOMMARBLOMMOR <\/strong><br \/>\nEMI (2005)<br \/>\n<a title=\"En bukett med sommarblommor (2005)\" href=\"https:\/\/helensjoholm.nu\/_eng\/2003-2005\/en-bukett-mred-sommarblommor\/\">:: more info<\/a><\/td>\n<\/tr>\n<tr valign=\"top\">\n<td><a href=\"https:\/\/helensjoholm.nu\/_eng\/2003-2005\/lille-kotten-sjunger-julvisor\/\"><img loading=\"lazy\" decoding=\"async\" class=\"alignnone\" title=\"Lilla Kotten sjunger julvisor (2005)\" src=\"https:\/\/helensjoholm.nu\/_eng\/wp-content\/gallery\/dislkografi-2003-2005\/cd-lillakotten-2005-spotify.jpg\" alt=\"Lilla Kotten sjunger julvisor (2005)\" width=\"100\" height=\"100\"><\/a><\/td>\n<td><strong>LILLA KOTTEN SJUNGER JULVISOR<\/strong><br \/>\nNaxos &#8211; Gammafon (2005)<br \/>\n<a title=\"Lille Kotten sjunger julvisor (2005)\" href=\"https:\/\/helensjoholm.nu\/_eng\/2003-2005\/lille-kotten-sjunger-julvisor\/\">:: more info<\/a><\/td>\n<\/tr>\n<tr valign=\"top\">\n<td><a title=\"Svenska musikalfavoriter\" href=\"https:\/\/helensjoholm.nu\/_eng\/2003-2005\/svenska-musikalfavoriter\/\"><img loading=\"lazy\" decoding=\"async\" class=\"alignnone\" title=\"Svenska musikalfavoriter (2005)\" src=\"https:\/\/helensjoholm.nu\/_eng\/wp-content\/gallery\/dislkografi-2003-2005\/cd_svenskamusikalfavoriter_2005.jpg\" alt=\"Svenska musikalfavoriter (2005)\" width=\"100\" height=\"100\"><\/a><\/td>\n<td><strong>SVENSKA MUSIKALFAVORITER<\/strong><br \/>\nUniversal Music AB (2005)<br \/>\n<a title=\"Svenska musikalfavoriter (2005)\" href=\"https:\/\/helensjoholm.nu\/_eng\/2003-2005\/svenska-musikalfavoriter\/\">:: more info<\/a><\/td>\n<\/tr>\n<tr valign=\"top\">\n<td><a title=\"Toner f\u00f6r livet\" href=\"https:\/\/helensjoholm.nu\/_eng\/2003-2005\/toner-for-livet\/\"><img loading=\"lazy\" decoding=\"async\" class=\"alignnone\" title=\"Toner f\u00f6r livet (2004)\" src=\"https:\/\/helensjoholm.nu\/_eng\/wp-content\/gallery\/dislkografi-2003-2005\/cd_tonerforlivet_2004.jpg\" alt=\"Toner f\u00f6r livet (2004)\" width=\"100\" height=\"100\"><\/a><\/td>\n<td><strong>TONER F\u00d6R LIVET<br \/>\n<\/strong>(2004)<br \/>\n<a title=\"Toner f\u00f6r livet (2004)\" href=\"https:\/\/helensjoholm.nu\/_eng\/2003-2005\/toner-for-livet\/\">:: more info<\/a><\/td>\n<\/tr>\n<tr valign=\"top\">\n<td><a title=\"Ljuva svenska visa\" href=\"https:\/\/helensjoholm.nu\/_eng\/2003-2005\/ljuva-svenska-visa\/\"><img loading=\"lazy\" decoding=\"async\" class=\"alignnone\" title=\"Ljuva svenska visa (2004)\" src=\"https:\/\/helensjoholm.nu\/_eng\/wp-content\/gallery\/dislkografi-2003-2005\/cd_ljuvasvenskavisa_2004.jpg\" alt=\"Ljuva svenska visa (2004)\" width=\"100\" height=\"100\"><\/a><\/td>\n<td><strong>LJUVA SVENSKA VISA<\/strong><br \/>\nSony Music Entertainment (2004)<br \/>\n<a title=\"Ljuva svenska visa (2004)\" href=\"https:\/\/helensjoholm.nu\/_eng\/2003-2005\/ljuva-svenska-visa\/\">:: more info<\/a><\/td>\n<\/tr>\n<tr valign=\"top\">\n<td><a title=\"Julgryning vaknar \u2013 En samling juls\u00e5nger\" href=\"https:\/\/helensjoholm.nu\/_eng\/2003-2005\/julgryning-vaknar-en-samling-julsanger\/\"><img loading=\"lazy\" decoding=\"async\" class=\"alignnone\" title=\"Julgryning vaknar - En samling juls\u00e5nger (2004)\" src=\"https:\/\/helensjoholm.nu\/_eng\/wp-content\/gallery\/dislkografi-2003-2005\/cd_julgryningvaknar_2004.jpg\" alt=\"Julgryning vaknar \u2013 En samling juls\u00e5nger (2004)\" width=\"100\" height=\"100\"><\/a><\/td>\n<td><strong>JULGRYNING VAKNAR &#8211; EN SAMLING JULS\u00c5NGER<\/strong><br \/>\nPalladium Records (2004)<br \/>\n<a title=\"Julgryning vaknar \u2013 En samling juls\u00e5nger (2004)\" href=\"https:\/\/helensjoholm.nu\/_eng\/2003-2005\/julgryning-vaknar-en-samling-julsanger\/\">:: more info<\/a><\/td>\n<\/tr>\n<tr valign=\"top\">\n<td><a title=\"FUB:s skiva Unik!\" href=\"https:\/\/helensjoholm.nu\/_eng\/2003-2005\/fubs-skiva-unik\/\"><img loading=\"lazy\" decoding=\"async\" class=\"alignnone\" title=\"FUB:s skiva Unik! (2004)\" src=\"https:\/\/helensjoholm.nu\/_eng\/wp-content\/gallery\/dislkografi-2003-2005\/helen39_fub_cd.jpg\" alt=\"FUB:s skiva Unik! (2004)\" width=\"100\" height=\"100\"><\/a><\/td>\n<td><strong>FUB:S (F\u00d6RENINGEN F\u00d6R UTVECKLINGSST\u00d6RDA BARN,<br \/>\nUNGDOMAR OCH VUXNAS) SKIVA UNIK! <\/strong> (2004)<br \/>\n<a title=\"FUB:s skiva Unik! (2004)\" href=\"https:\/\/helensjoholm.nu\/_eng\/2003-2005\/fubs-skiva-unik\/\">:: more info<\/a><\/td>\n<\/tr>\n<tr valign=\"top\">\n<td><a title=\"F\u00e5nga en \u00e4ngel \u2013 En hyllning till Ted G\u00e4rdestad\" href=\"https:\/\/helensjoholm.nu\/_eng\/2003-2005\/fanga-en-angel\/\"><img loading=\"lazy\" decoding=\"async\" class=\"alignnone\" title=\"F\u00e5nga en \u00e4ngel - En hyllning till Ted G\u00e4rdestad (2004)\" src=\"https:\/\/helensjoholm.nu\/_eng\/wp-content\/gallery\/dislkografi-2003-2005\/cd_fangaenangel.jpg\" alt=\"F\u00e5nga en \u00e4ngel \u2013 En hyllning till Ted G\u00e4rdestad (2004)\" width=\"100\" height=\"100\"><\/a><\/td>\n<td><strong>F\u00c5NGA EN \u00c4NGEL &#8211; EN HYLLNING TILL TED G\u00c4RDESTAD<\/strong><br \/>\nUniversal Music AB (2004)<br \/>\n<a title=\"F\u00e5nga en \u00e4ngel \u2013 En hyllning till Ted G\u00e4rdestad (2004)\" href=\"https:\/\/helensjoholm.nu\/_eng\/2003-2005\/fanga-en-angel\/\">:: more info<\/a><\/td>\n<\/tr>\n<tr valign=\"top\">\n<td><a href=\"https:\/\/helensjoholm.nu\/_eng\/2003-2005\/sa-som-i-himmelen\/\"><img loading=\"lazy\" decoding=\"async\" class=\"alignnone\" title=\"S\u00e5 som i himmelen - Soundtrack (2004)\" src=\"https:\/\/helensjoholm.nu\/_eng\/wp-content\/gallery\/dislkografi-2003-2005\/cd-ssih-2004-spotify.png\" alt=\"S\u00e5 som i himmelen - Soundtrack (2004)\" width=\"100\" height=\"100\"><\/a><\/td>\n<td><strong>S\u00c5 SOM I HIMMELEN &#8211; SOUNDTRACK<\/strong><br \/>\nVirgin Records Sweden AB (2004)<br \/>\n<a title=\"S\u00e5 som i himmelen - Soundtrack (2004)\" href=\"https:\/\/helensjoholm.nu\/_eng\/2003-2005\/sa-som-i-himmelen\/\">:: more info<\/a><\/td>\n<\/tr>\n<tr valign=\"top\">\n<td><a href=\"https:\/\/helensjoholm.nu\/_eng\/2003-2005\/bao\/\"><img loading=\"lazy\" decoding=\"async\" class=\"alignnone\" title=\"BAO! (2004)\" src=\"https:\/\/helensjoholm.nu\/_eng\/wp-content\/gallery\/dislkografi-2003-2005\/bao-spot-lyr.jpg\" alt=\"BAO! (2004)\" width=\"100\" height=\"100\"><\/a><\/td>\n<td><strong>BAO!<\/strong><br \/>\nMono Music AB (2004)<br \/>\n<a title=\"BAO! (2004)\" href=\"https:\/\/helensjoholm.nu\/_eng\/2003-2005\/bao\/\">:: more info<\/a><\/td>\n<\/tr>\n<tr valign=\"top\">\n<td><a title=\"I v\u00e4ntans tider\" href=\"https:\/\/helensjoholm.nu\/_eng\/2003-2005\/i-vantans-tider\/\"><img loading=\"lazy\" decoding=\"async\" class=\"alignnone\" title=\"I v\u00e4ntans tider (2004)\" src=\"https:\/\/helensjoholm.nu\/_eng\/wp-content\/gallery\/dislkografi-2003-2005\/cd_ivantanstider_2004.jpg\" alt=\"I v\u00e4ntans tider (2004)\" width=\"100\" height=\"100\"><\/a><\/td>\n<td><strong>I V\u00c4NTANS TIDER<\/strong><br \/>\nBonnier Music AB (2004)<br \/>\n<a title=\"BAO! (2004)\" href=\"https:\/\/helensjoholm.nu\/_eng\/2003-2005\/i-vantans-tider\/\">:: more info<\/a><\/td>\n<\/tr>\n<tr valign=\"top\">\n<td><a href=\"https:\/\/helensjoholm.nu\/_eng\/2003-2005\/genom-varje-andetag\/\"><img loading=\"lazy\" decoding=\"async\" class=\"alignnone\" title=\"Genom varje andetag (2003)\" src=\"https:\/\/helensjoholm.nu\/_eng\/wp-content\/gallery\/dislkografi-2003-2005\/genomvarjeandetag-spot-lyr.jpg\" alt=\"Genom varje andetag (2003)\" width=\"100\" height=\"100\"><\/a><\/td>\n<td><strong>GENOM VARJE ANDETAG (MED ANDERS WIDMARK)<\/strong><br \/>\nUniversal Music AB (2003)<br \/>\n<a title=\"Genom varje andetag (2003)\" href=\"https:\/\/helensjoholm.nu\/_eng\/2003-2005\/genom-varje-andetag\/\">:: more info<\/a><\/td>\n<\/tr>\n<tr valign=\"top\">\n<td><a title=\"Rhapsydy In Rock \u2013 The Complete Collection\" href=\"https:\/\/helensjoholm.nu\/_eng\/2003-2005\/rhapsydy-in-rock-the-complete-collection\/\"><img loading=\"lazy\" decoding=\"async\" class=\"alignnone\" title=\"Rhapsody In Rock The Complete Collection (2003)\" src=\"https:\/\/helensjoholm.nu\/_eng\/wp-content\/gallery\/dislkografi-2003-2005\/cd_rhapsodyinrock1989_2003.jpg\" alt=\"Rhapsody In Rock The Complete Collection (2003)\" width=\"100\" height=\"100\"><\/a><\/td>\n<td style=\"text-align: left;\"><strong>RHAPSODY IN ROCK THE COMPLETE COLLECTION<\/strong><br \/>\n<strong>ROBERT WELLS &#8211; MORE THAN TWO HOURS WITH THE BEST OF 1989 &#8211; 2003<\/strong><br \/>\nEMI (2003)<br \/>\n<a title=\"Rhapsydy In Rock \u2013 The Complete Collection (2003)\" href=\"https:\/\/helensjoholm.nu\/_eng\/2003-2005\/rhapsydy-in-rock-the-complete-collection\/\">:: more info<\/a><\/td>\n<\/tr>\n<tr valign=\"top\">\n<td><a title=\"Lasses favourites\" href=\"https:\/\/helensjoholm.nu\/_eng\/2003-2005\/lasses-favourites\/\"><img loading=\"lazy\" decoding=\"async\" class=\"alignnone\" title=\"Lasses Favourites (2003)\" src=\"https:\/\/helensjoholm.nu\/_eng\/wp-content\/gallery\/dislkografi-2003-2005\/cd_lassesfavoriter_2003.jpg\" alt=\"Lasses Favourites (2003)\" width=\"100\" height=\"100\"><\/a><\/td>\n<td><strong>LASSES FAVOURITES: THE 54 BEST ARTISTS AND SONGS FROM <\/strong><br \/>\n<strong>ALLS\u00c5NG P\u00c5 SKANSEN 1994-2003, SELECTED BY LASSE BERGHAGEN<\/strong><br \/>\nFrituna (2003)<br \/>\n<a title=\"Lasses Favourites (2003)\" href=\"https:\/\/helensjoholm.nu\/_eng\/2003-2005\/lasses-favourites\/\">:: more info<\/a><\/td>\n<\/tr>\n<\/tbody>\n<\/table>\n<table style=\"border-collapse: collapse; width: 100%;\" border=\"0\">\n<tbody>\n<tr>\n<td style=\"width: 50%;\">\n<p style=\"text-align: left;\"><a href=\"https:\/\/helensjoholm.nu\/_eng\/1992-2002\/\">&lt;&lt; Previous<\/a><\/p>\n<\/td>\n<td style=\"width: 50%;\">\n<p style=\"text-align: right;\"><a href=\"https:\/\/helensjoholm.nu\/_eng\/2006-2010\/\">Next &gt;&gt;<\/a><\/p>\n<\/td>\n<\/tr>\n<\/tbody>\n<\/table>\n<p>&nbsp;<\/p>\n","protected":false},"excerpt":{"rendered":"<p>MYSIGA STUNDER VOLYM 1 EMI (2005) :: more info SVENSKA SOMMARKLASSIKER Universal Music AB (2005) :: more info EN BUKETT MED SOMMARBLOMMOR EMI (2005) :: <a class=\"more-link\" href=\"https:\/\/helensjoholm.nu\/_eng\/2003-2005\/\">Read More &#8230;<\/a><\/p>\n","protected":false},"author":1,"featured_media":0,"parent":0,"menu_order":0,"comment_status":"closed","ping_status":"open","template":"","meta":{"ngg_post_thumbnail":0,"footnotes":""},"class_list":["post-177","page","type-page","status-publish","hentry"],"aioseo_notices":[],"_links":{"self":[{"href":"https:\/\/helensjoholm.nu\/_eng\/wp-json\/wp\/v2\/pages\/177","targetHints":{"allow":["GET"]}}],"collection":[{"href":"https:\/\/helensjoholm.nu\/_eng\/wp-json\/wp\/v2\/pages"}],"about":[{"href":"https:\/\/helensjoholm.nu\/_eng\/wp-json\/wp\/v2\/types\/page"}],"author":[{"embeddable":true,"href":"https:\/\/helensjoholm.nu\/_eng\/wp-json\/wp\/v2\/users\/1"}],"replies":[{"embeddable":true,"href":"https:\/\/helensjoholm.nu\/_eng\/wp-json\/wp\/v2\/comments?post=177"}],"version-history":[{"count":0,"href":"https:\/\/helensjoholm.nu\/_eng\/wp-json\/wp\/v2\/pages\/177\/revisions"}],"wp:attachment":[{"href":"https:\/\/helensjoholm.nu\/_eng\/wp-json\/wp\/v2\/media?parent=177"}],"curies":[{"name":"wp","href":"https:\/\/api.w.org\/{rel}","templated":true}]}}