{"id":175,"date":"2013-04-10T20:14:24","date_gmt":"2013-04-10T18:14:24","guid":{"rendered":"http:\/\/helensjoholm.nu\/_eng\/?page_id=175"},"modified":"2025-06-07T16:14:34","modified_gmt":"2025-06-07T14:14:34","slug":"1992-2002","status":"publish","type":"page","link":"https:\/\/helensjoholm.nu\/_eng\/1992-2002\/","title":{"rendered":"Albums 1992 &#8211; 2002"},"content":{"rendered":"<p>&nbsp;<\/p>\n<table border=\"1\" cellspacing=\"5\" cellpadding=\"10\">\n<tbody>\n<tr valign=\"top\">\n<td style=\"width: 125px;\"><a href=\"https:\/\/helensjoholm.nu\/_eng\/1992-2002\/visor\/\"><img loading=\"lazy\" decoding=\"async\" class=\"alignnone\" title=\"Visor (2002)\" src=\"https:\/\/helensjoholm.nu\/_eng\/wp-content\/gallery\/diskografi-1992-2002\/visor-spot-lyr.jpg\" alt=\"Visor (2002)\" width=\"100\" height=\"100\"><\/a><\/td>\n<td><strong>VISOR<\/strong><br \/>\nMono Music AB (2002)<br \/>\n<a title=\"Visor (2002)\" href=\"https:\/\/helensjoholm.nu\/_eng\/1992-2002\/visor\/\">:: more info<\/a><\/td>\n<\/tr>\n<tr valign=\"top\">\n<td><a href=\"https:\/\/helensjoholm.nu\/_eng\/1992-2002\/chess-pa-svenska\/\"><img loading=\"lazy\" decoding=\"async\" class=\"alignnone\" title=\"Chess p\u00e5 svenska (2002)\" src=\"https:\/\/helensjoholm.nu\/_eng\/wp-content\/gallery\/diskografi-1992-2002\/chess-spot-lyr.jpg\" alt=\"Chess p\u00e5 svenska (2002)\" width=\"100\" height=\"100\"><\/a><\/td>\n<td><strong>CHESS P\u00c5 SVENSKA<br \/>\n<\/strong>Mono Music AB (2002)<br \/>\n<a title=\"Chess p\u00e5 svenska (2002)\" href=\"https:\/\/helensjoholm.nu\/_eng\/1992-2002\/chess-pa-svenska\/\">:: more info<\/a><\/td>\n<\/tr>\n<tr valign=\"top\">\n<td><a title=\"Svensktoppen 40 \u00e5r 1962-2002\" href=\"https:\/\/helensjoholm.nu\/_eng\/1992-2002\/svensktoppen-40-ar-1962-2002\/\"><img loading=\"lazy\" decoding=\"async\" class=\"alignnone\" title=\"Svensktoppen 40 \u00e5r 1962-2002\" src=\"https:\/\/helensjoholm.nu\/_eng\/wp-content\/gallery\/diskografi-1992-2002\/cd_svensktoppen40ar_1962_2002.jpg\" alt=\"Svensktoppen 40 \u00e5r 1962-2002\" width=\"100\" height=\"100\"><\/a><\/td>\n<td><strong>SVENSKTOPPEN 40 \u00c5R 1962-2002<\/strong><br \/>\nSony Music Entertainment (2002)<br \/>\n<a title=\"Svensktoppen 40 \u00e5r 1962-2002\" href=\"https:\/\/helensjoholm.nu\/_eng\/1992-2002\/svensktoppen-40-ar-1962-2002\/\">:: more info<\/a><\/td>\n<\/tr>\n<tr valign=\"top\">\n<td><a title=\"S\u00e5nger f\u00f6r livet 3\" href=\"https:\/\/helensjoholm.nu\/_eng\/1992-2002\/sanger-for-livet-3\/\"><img loading=\"lazy\" decoding=\"async\" class=\"alignnone\" title=\"S\u00e5nger f\u00f6r livet 3 (2002)\" src=\"https:\/\/helensjoholm.nu\/_eng\/wp-content\/gallery\/diskografi-1992-2002\/sangerforlivet.jpg\" alt=\"S\u00e5nger f\u00f6r livet 3 (2002)\" width=\"100\" height=\"100\"><\/a><\/td>\n<td><strong>S\u00c5NGER F\u00d6R LIVET 3<\/strong><br \/>\n(2002)<br \/>\n<a title=\"S\u00e5nger f\u00f6r livet 3 (2002)\" href=\"https:\/\/helensjoholm.nu\/_eng\/1992-2002\/sanger-for-livet-3\/\">:: more info<\/a><\/td>\n<\/tr>\n<tr valign=\"top\">\n<td><a title=\"Svenska julklassiker\" href=\"https:\/\/helensjoholm.nu\/_eng\/svenska-julklassiker\/\"><img loading=\"lazy\" decoding=\"async\" class=\"alignnone\" title=\"Svenska julklassiker (2002)\" src=\"https:\/\/helensjoholm.nu\/_eng\/wp-content\/gallery\/diskografi-1992-2002\/cdsvenskajul.jpg\" alt=\"Svenska julklassiker (2002)\" width=\"100\" height=\"100\"><\/a><\/td>\n<td><strong>SVENSKA JULKLASSIKER<\/strong><br \/>\nCapitol \/ Virgin (2002)<br \/>\n<a title=\"Svenska julklassiker (2002)\" href=\"https:\/\/helensjoholm.nu\/_eng\/svenska-julklassiker\/\">:: more info<\/a><\/td>\n<\/tr>\n<tr valign=\"top\">\n<td><a href=\"https:\/\/helensjoholm.nu\/_eng\/1992-2002\/benny-anderssons-orkester\/\"><img loading=\"lazy\" decoding=\"async\" class=\"alignnone\" title=\"Benny Anderssons Orkester (2001)\" src=\"https:\/\/helensjoholm.nu\/_eng\/wp-content\/gallery\/diskografi-1992-2002\/bennyanderssonsorkester-spo.jpg\" alt=\"Benny Anderssons Orkester (2001)\" width=\"100\" height=\"100\"><\/a><\/td>\n<td><strong>BENNY ANDERSSONS ORKESTER<\/strong><br \/>\nMono Music AB (2001)<br \/>\n<a title=\"Benny Anderssons Orkester (2001)\" href=\"https:\/\/helensjoholm.nu\/_eng\/1992-2002\/benny-anderssons-orkester\/\">:: more info<\/a><\/td>\n<\/tr>\n<tr valign=\"top\">\n<td><a title=\"I goda h\u00e4nder\" href=\"https:\/\/helensjoholm.nu\/_eng\/1992-2002\/i-goda-hander\/\"><img loading=\"lazy\" decoding=\"async\" class=\"alignnone\" title=\"I goda h\u00e4nder (2001)\" src=\"https:\/\/helensjoholm.nu\/_eng\/wp-content\/gallery\/diskografi-1992-2002\/cd_igodahander.jpg\" alt=\"I goda h\u00e4nder (2001)\" width=\"100\" height=\"100\"><\/a><\/td>\n<td><strong>I GODA H\u00c4NDER<br \/>\n<\/strong>Festival Records (2001)<br \/>\n<a title=\"I goda h\u00e4nder (2001)\" href=\"https:\/\/helensjoholm.nu\/_eng\/1992-2002\/i-goda-hander\/\">:: more info<\/a><\/td>\n<\/tr>\n<tr valign=\"top\">\n<td><a title=\"Moderna visor &amp; ballader\" href=\"https:\/\/helensjoholm.nu\/_eng\/1992-2002\/moderna-visor-ballader\/\"><img loading=\"lazy\" decoding=\"async\" class=\"alignnone\" title=\"Moderna visor &amp; ballader (2001)\" src=\"https:\/\/helensjoholm.nu\/_eng\/wp-content\/gallery\/diskografi-1992-2002\/cdmodernavisor.jpg\" alt=\"Moderna visor &amp; ballader (2001)\" width=\"100\" height=\"100\"><\/a><\/td>\n<td><strong>MODERNA VISOR &amp; BALLADER<\/strong><br \/>\nVirgin Records Sweden AB &amp; EMI Svenska AB (2001)<br \/>\n<a title=\"Moderna visor &amp; ballader (2001)\" href=\"https:\/\/helensjoholm.nu\/_eng\/1992-2002\/moderna-visor-ballader\/\">:: more info<\/a><\/td>\n<\/tr>\n<tr valign=\"top\">\n<td><a href=\"https:\/\/helensjoholm.nu\/_eng\/1992-2002\/farval-sanger-till-trost\/\"><img loading=\"lazy\" decoding=\"async\" class=\"alignnone\" title=\"Farv\u00e4l - S\u00e5nger till tr\u00f6st (2000)\" src=\"https:\/\/helensjoholm.nu\/_eng\/wp-content\/gallery\/diskografi-1992-2002\/cd-sangertilltrost-2000-spotify.jpg\" alt=\"Farv\u00e4l - S\u00e5nger till tr\u00f6st (2000)\" width=\"100\" height=\"100\"><\/a><\/td>\n<td><strong>FARV\u00c4L &#8211; S\u00c5NGER TILL TR\u00d6ST<\/strong><br \/>\nGammafon (2000)<br \/>\n<a title=\"Farv\u00e4l \u2013 S\u00e5nger till tr\u00f6st (2000)\" href=\"https:\/\/helensjoholm.nu\/_eng\/1992-2002\/farval-sanger-till-trost\/\">:: more info<\/a><\/td>\n<\/tr>\n<tr valign=\"top\">\n<td><a title=\"V\u00e5ra systrar g\u00e5r i brokiga kl\u00e4der\" href=\"https:\/\/helensjoholm.nu\/_eng\/1992-2002\/vara-systrar-gar-i-brokiga-klader\/\"><img loading=\"lazy\" decoding=\"async\" class=\"alignnone\" title=\"V\u00e5ra systrar g\u00e5r i brokiga kl\u00e4der (2000)\" src=\"https:\/\/helensjoholm.nu\/_eng\/wp-content\/gallery\/diskografi-1992-2002\/minasystrar.jpg\" alt=\"V\u00e5ra systrar g\u00e5r i brokiga kl\u00e4der (2000)\" width=\"100\" height=\"100\"><\/a><\/td>\n<td><strong>V\u00c5RA SYSTRAR G\u00c5R I BROKIGA KL\u00c4DER<\/strong><br \/>\nLevande Ljud (2000)<br \/>\n<a title=\"V\u00e5ra systrar g\u00e5r i brokiga kl\u00e4der (2000)\" href=\"https:\/\/helensjoholm.nu\/_eng\/1992-2002\/vara-systrar-gar-i-brokiga-klader\/\">:: more info<\/a><\/td>\n<\/tr>\n<tr valign=\"top\">\n<td><a title=\"D\u00e4r regnb\u00e5gen slutar \u2013 Soundtrack\" href=\"https:\/\/helensjoholm.nu\/_eng\/1992-2002\/dar-regnbagen-slutar-soundtrack\/\"><img loading=\"lazy\" decoding=\"async\" class=\"alignnone\" title=\"D\u00e4r regnb\u00e5gen slutar - Soundtrack (1999)\" src=\"https:\/\/helensjoholm.nu\/_eng\/wp-content\/gallery\/diskografi-1992-2002\/cd_regnbagen.jpg\" alt=\"D\u00e4r regnb\u00e5gen slutar - Soundtrack (1999)\" width=\"100\" height=\"100\"><\/a><\/td>\n<td><strong>D\u00c4R REGNB\u00c5GEN SLUTAR &#8211; SOUNDTRACK<\/strong><br \/>\nVirgin records Sweden AB (1999)<br \/>\n<a title=\"D\u00e4r regnb\u00e5gen slutar \u2013 Soundtrack (1999)\" href=\"https:\/\/helensjoholm.nu\/_eng\/1992-2002\/dar-regnbagen-slutar-soundtrack\/\">:: more info<\/a><\/td>\n<\/tr>\n<tr valign=\"top\">\n<td><a href=\"https:\/\/helensjoholm.nu\/_eng\/1992-2002\/16-favoriter-ur-kristina-fran-duvemala\/\"><img loading=\"lazy\" decoding=\"async\" class=\"alignnone\" title=\"16 favoriter ur Kristina fr\u00e5n Duvem\u00e5la (1999)\" src=\"https:\/\/helensjoholm.nu\/_eng\/wp-content\/gallery\/diskografi-1992-2002\/1_cd-16favoriter-1999-spotify.png\" alt=\"16 favoriter ur Kristina fr\u00e5n Duvem\u00e5la (1999)\" width=\"100\" height=\"100\"><\/a><\/td>\n<td><strong>16 FAVORITER UR KRISTINA FR\u00c5N DUVEM\u00c5LA<\/strong><br \/>\nMono Music AB (1999)<br \/>\n<a title=\"16 favoriter ur Kristina fr\u00e5n Duvem\u00e5la (1999)\" href=\"https:\/\/helensjoholm.nu\/_eng\/1992-2002\/16-favoriter-ur-kristina-fran-duvemala\/\">:: more info<\/a><\/td>\n<\/tr>\n<tr valign=\"top\">\n<td><a href=\"https:\/\/helensjoholm.nu\/_eng\/1992-2002\/fran-waterloo-till-duvemala\/\"><img loading=\"lazy\" decoding=\"async\" class=\"alignnone\" title=\"Fr\u00e5n Waterloo till Duverm\u00e5la (1998)\" src=\"https:\/\/helensjoholm.nu\/_eng\/wp-content\/gallery\/diskografi-1992-2002\/cd-waterlooduvemala-1998-spotify.png\" alt=\"Fr\u00e5n Waterloo till Duverm\u00e5la (1998)\" width=\"100\" height=\"100\"><\/a><\/td>\n<td><strong>FR\u00c5N WATERLOO TILL DUVEM\u00c5LA<\/strong><br \/>\nMono Music AB &amp; Sony Music Entertainment (1998)<br \/>\n<a title=\"Fr\u00e5n Waterloo till Duvem\u00e5la (1998)\" href=\"https:\/\/helensjoholm.nu\/_eng\/1992-2002\/fran-waterloo-till-duvemala\/\">:: more info<\/a><\/td>\n<\/tr>\n<tr valign=\"top\">\n<td><a href=\"https:\/\/helensjoholm.nu\/_eng\/1992-2002\/god-jul-julsanger-pa-svenska\/\"><img loading=\"lazy\" decoding=\"async\" class=\"alignnone\" title=\"God Jul - Juls\u00e5nger p\u00e5 svenska (1998)\" src=\"https:\/\/helensjoholm.nu\/_eng\/wp-content\/gallery\/diskografi-1992-2002\/1_cd-godjulpasvenska-1998-spotify.jpg\" alt=\"God Jul - Juls\u00e5nger p\u00e5 svenska (1998)\" width=\"100\" height=\"100\"><\/a><\/td>\n<td><strong>GOD JUL &#8211; JULS\u00c5NGER P\u00c5 SVENSKA<\/strong><br \/>\nAir Music Scandinavia (1998)<br \/>\n<a title=\"God Jul \u2013 Juls\u00e5nger p\u00e5 svenska (1998)\" href=\"https:\/\/helensjoholm.nu\/_eng\/1992-2002\/god-jul-julsanger-pa-svenska\/\">:: more info<\/a><\/td>\n<\/tr>\n<tr valign=\"top\">\n<td><a title=\"Strike Up The Band\" href=\"https:\/\/helensjoholm.nu\/_eng\/1992-2002\/strike-up-the-band\/\"><img loading=\"lazy\" decoding=\"async\" class=\"alignnone\" title=\"Strike Up The Band (1998)\" src=\"https:\/\/helensjoholm.nu\/_eng\/wp-content\/gallery\/diskografi-1992-2002\/strikeuptheband.jpg\" alt=\"Strike Up The Band (1998)\" width=\"100\" height=\"100\"><\/a><\/td>\n<td><strong>STRIKE UP THE BAND<\/strong><br \/>\nBerna Musikproduktion (1998)<br \/>\n<a title=\"Strike Up The Band (1998)\" href=\"https:\/\/helensjoholm.nu\/_eng\/1992-2002\/strike-up-the-band\/\">:: more info<\/a><\/td>\n<\/tr>\n<tr valign=\"top\">\n<td><a href=\"https:\/\/helensjoholm.nu\/_eng\/1992-2002\/alskade-psalmer-i-globen-live\/\"><img loading=\"lazy\" decoding=\"async\" class=\"alignnone\" title=\"\u00c4lskade psalmer i Globen live! (1998)\" src=\"https:\/\/helensjoholm.nu\/_eng\/wp-content\/gallery\/diskografi-1992-2002\/cd-psalmer-1998-spotify.jpg\" alt=\"\u00c4lskade psalmer i Globen live! (1998)\" width=\"100\" height=\"100\"><\/a><\/td>\n<td><strong>\u00c4LSKADE PSALMER I GLOBEN LIVE!<\/strong><br \/>\nLinx (1998)<br \/>\n<a title=\"\u00c4lskade psalmer i Globen Live! (1998)\" href=\"https:\/\/helensjoholm.nu\/_eng\/1992-2002\/alskade-psalmer-i-globen-live\/\">:: more info<\/a><\/td>\n<\/tr>\n<tr valign=\"top\">\n<td><a title=\"Anastasia \u2013 Soundtrack\" href=\"https:\/\/helensjoholm.nu\/_eng\/1992-2002\/anastasia-soundtrack\/\"><img loading=\"lazy\" decoding=\"async\" class=\"alignnone\" title=\"Anastasia \u2013 Soundtrack (1998)\" src=\"https:\/\/helensjoholm.nu\/_eng\/wp-content\/uploads\/2025\/06\/cd-anastasia-1998-lyrics.jpg\" alt=\"Anastasia \u2013 Soundtrack (1998)\" width=\"100\" height=\"100\"><\/a><\/td>\n<td><strong>ANASTASIA \u2013 SOUNDTRACK<\/strong><br \/>\n(1998)<br \/>\n<a title=\"Anastasia \u2013 Soundtrack (1998)\" href=\"https:\/\/helensjoholm.nu\/_eng\/1992-2002\/anastasia-soundtrack\/\">:: more info<\/a><\/td>\n<\/tr>\n<tr valign=\"top\">\n<td><a href=\"https:\/\/helensjoholm.nu\/_eng\/1992-2002\/album-kfd\/\"><img loading=\"lazy\" decoding=\"async\" class=\"alignnone\" title=\"Kristina fr\u00e5n Duvem\u00e5la (1996)\" src=\"https:\/\/helensjoholm.nu\/_eng\/wp-content\/gallery\/diskografi-1992-2002\/kfd-spot-lyr.jpg\" alt=\"Kristina fr\u00e5n Duvem\u00e5la (1996)\" width=\"100\" height=\"100\"><\/a><\/td>\n<td><strong>KRISTINA FR\u00c5N DUVEM\u00c5LA<\/strong><br \/>\nMono Music AB (1996)<br \/>\n<a title=\"Kristina fr\u00e5n Duvem\u00e5la (1996)\" href=\"https:\/\/helensjoholm.nu\/_eng\/1992-2002\/album-kfd\/\">:: more info<\/a><\/td>\n<\/tr>\n<tr valign=\"top\">\n<td><a title=\"Elvira Madigan\" href=\"https:\/\/helensjoholm.nu\/_eng\/1992-2002\/elvira-madigan\/\"><img loading=\"lazy\" decoding=\"async\" class=\"alignnone\" title=\"Elvira Madigan (1992)\" src=\"https:\/\/helensjoholm.nu\/_eng\/wp-content\/gallery\/diskografi-1992-2002\/cd_elviramadigan_1992.jpg\" alt=\"Elvira Madigan (1992)\" width=\"100\" height=\"100\"><\/a><\/td>\n<td><strong>ELVIRA MADIGAN &#8211; V\u00c4RLDSPREMI\u00c4R P\u00c5 MALM\u00d6 STADSTEATER<\/strong><br \/>\n(1992)<br \/>\n<a title=\"Elvira Madigan (1992)\" href=\"https:\/\/helensjoholm.nu\/_eng\/1992-2002\/elvira-madigan\/\">:: more info<\/a><\/td>\n<\/tr>\n<\/tbody>\n<\/table>\n<p style=\"text-align: right;\"><a href=\"https:\/\/helensjoholm.nu\/_eng\/2003-2005\/\">Next &gt;&gt;<\/a><\/p>\n","protected":false},"excerpt":{"rendered":"<p>&nbsp; VISOR Mono Music AB (2002) :: more info CHESS P\u00c5 SVENSKA Mono Music AB (2002) :: more info SVENSKTOPPEN 40 \u00c5R 1962-2002 Sony Music <a class=\"more-link\" href=\"https:\/\/helensjoholm.nu\/_eng\/1992-2002\/\">Read More &#8230;<\/a><\/p>\n","protected":false},"author":1,"featured_media":0,"parent":0,"menu_order":0,"comment_status":"closed","ping_status":"open","template":"","meta":{"ngg_post_thumbnail":0,"footnotes":""},"class_list":["post-175","page","type-page","status-publish","hentry"],"aioseo_notices":[],"_links":{"self":[{"href":"https:\/\/helensjoholm.nu\/_eng\/wp-json\/wp\/v2\/pages\/175","targetHints":{"allow":["GET"]}}],"collection":[{"href":"https:\/\/helensjoholm.nu\/_eng\/wp-json\/wp\/v2\/pages"}],"about":[{"href":"https:\/\/helensjoholm.nu\/_eng\/wp-json\/wp\/v2\/types\/page"}],"author":[{"embeddable":true,"href":"https:\/\/helensjoholm.nu\/_eng\/wp-json\/wp\/v2\/users\/1"}],"replies":[{"embeddable":true,"href":"https:\/\/helensjoholm.nu\/_eng\/wp-json\/wp\/v2\/comments?post=175"}],"version-history":[{"count":2,"href":"https:\/\/helensjoholm.nu\/_eng\/wp-json\/wp\/v2\/pages\/175\/revisions"}],"predecessor-version":[{"id":15029,"href":"https:\/\/helensjoholm.nu\/_eng\/wp-json\/wp\/v2\/pages\/175\/revisions\/15029"}],"wp:attachment":[{"href":"https:\/\/helensjoholm.nu\/_eng\/wp-json\/wp\/v2\/media?parent=175"}],"curies":[{"name":"wp","href":"https:\/\/api.w.org\/{rel}","templated":true}]}}