{"id":1741,"date":"2013-05-09T18:20:14","date_gmt":"2013-05-09T16:20:14","guid":{"rendered":"http:\/\/helensjoholm.nu\/_eng\/?page_id=1741"},"modified":"2022-03-09T19:21:02","modified_gmt":"2022-03-09T17:21:02","slug":"an-exciting-year-for-helen","status":"publish","type":"page","link":"https:\/\/helensjoholm.nu\/_eng\/press-clips\/interviews-2010\/an-exciting-year-for-helen\/","title":{"rendered":"An exciting year for Helen"},"content":{"rendered":"<p><strong>Norra Sk\u00e5ne 100420<\/strong><\/p>\n<p>By: YVONNE ERLANDSSON<\/p>\n<p><strong>Helen Sj\u00f6holm flew straight from the \u201cKristina\u201d-concert in London last week to Hamburg, where filming of \u201cSimon and the oaks\u201d is in progress. Sweden&#8217;s big musical star has been busy lately. This weekend she travels to Sk\u00e5ne for five sold-out concerts as the Malm\u00f6 fire brigade Band celebrates their 100th anniversary at the Malm\u00f6 Opera.<\/strong><\/p>\n<p>In \u201cSimon and the oaks\u201d, the movie based on Marianne Fredriksson&#8217;s novels, Helen Sj\u00f6holm has the female leading role as Simon&#8217;s mother, Karin. She does not take a single note throughout the film.<br \/>\n&#8211; It&#8217;s great fun, a whole new way to work for me, says Helen on the phone from Hamburg during a break in the filming. She has certainly worked with film before, including \u201cAs it it in heaven\u201d.<\/p>\n<p>&#8211; But this is a bigger role and it feels like a huge challenge. On the whole, I think that this year has offered me so many exciting events. The \u201cKristina\u201d concert in London last week and now this movie role is a bit of what I dreamed of to try. In addition, expect an exciting thing to happen at the City Theatre in Stockholm in the autumn: \u201cAniara\u201d. Overall I feel like this is my most exciting working year since the \u201cKristina from Duvemala\u201d premiere in Malm\u00f6.<\/p>\n<p>After the acclaimed \u201cKristina\u201d concert in London on Wednesday Helen had booked an early plane to Hamburg the following day.<br \/>\n&#8211; Sure, you notice that the flight ban affects project like this, but I was lucky. My plane was delayed and was leaving ten to eleven. At eleven o&#8217;clock they shut Heatrow. \u201cSimon and the oaks\u201d set in 1939-1950.<br \/>\n&#8211; It&#8217;s like we moved back to that time, 70 years, by air suspension.<\/p>\n<p>Despite her busy schedule Helen Sj\u00f6holm is looking forward to coming to Malm\u00f6 Opera and Fire Brigade Band Jubilee.<br \/>\n&#8211; There is always a welcome return. I have worked with them since I arrived in Malmo 16 years ago and it is always fun.<\/p>\n<p><em><strong>Did you get to decide yourself what to sing?<\/strong> <\/em><br \/>\n&#8211; There is a desire and I am doing it. There will be songs from both \u201cKristina\u201d and \u201cChess\u201d and maybe a tune that both the audience and I enjoy doing.<br \/>\n<em><strong>I read in the tabloids that you are finished with Kristina, but we still hear the songs?<\/strong><\/em><br \/>\n&#8211; I will never feel complete with this music and concerts in London and New York with Kristina in English has become something of a revival. The songs have been given new life. However, I do not think I will do it more on stage.<br \/>\n<em><strong>So if there is a production in London, we will not see you there?<\/strong> <\/em><br \/>\n&#8211; I&#8217;m getting too old. There must be new \u201cKristinas\u201d, and there will be very soon, in Finland where they set up the musical.<br \/>\n<em><strong>What has it meant for you to do concerts with \u201cKristina\u201d in New York, USA? Has it generated other offers?<\/strong> <\/em><br \/>\n&#8211; I&#8217;ve got a whole new group of friends in the U.S; I have really come to know great people. New York generated London; it feels great to have experienced Carnegie Hall and Royal Albert Hall.<br \/>\nHelen looks forward to coming back to the Malm\u00f6 Opera scene very much.<br \/>\n&#8211; And to see Marianne M\u00f6rck, Christer Nerfont, Fredrik Lycke and all the others again. It will be wonderful! Jubilee concerts will take place at the Malm\u00f6 Opera Friday, Saturday and Sunday.<\/p>\n<p><a title=\"Interviews 2010\" href=\"https:\/\/helensjoholm.nu\/_eng\/press-clips\/interviews-2010\/\">Back<\/a><\/p>\n","protected":false},"excerpt":{"rendered":"<p>Norra Sk\u00e5ne 100420 By: YVONNE ERLANDSSON Helen Sj\u00f6holm flew straight from the \u201cKristina\u201d-concert in London last week to Hamburg, where filming of \u201cSimon and the <a class=\"more-link\" href=\"https:\/\/helensjoholm.nu\/_eng\/press-clips\/interviews-2010\/an-exciting-year-for-helen\/\">Read More &#8230;<\/a><\/p>\n","protected":false},"author":1,"featured_media":0,"parent":1620,"menu_order":0,"comment_status":"closed","ping_status":"closed","template":"","meta":{"ngg_post_thumbnail":0,"footnotes":""},"class_list":["post-1741","page","type-page","status-publish","hentry"],"aioseo_notices":[],"_links":{"self":[{"href":"https:\/\/helensjoholm.nu\/_eng\/wp-json\/wp\/v2\/pages\/1741","targetHints":{"allow":["GET"]}}],"collection":[{"href":"https:\/\/helensjoholm.nu\/_eng\/wp-json\/wp\/v2\/pages"}],"about":[{"href":"https:\/\/helensjoholm.nu\/_eng\/wp-json\/wp\/v2\/types\/page"}],"author":[{"embeddable":true,"href":"https:\/\/helensjoholm.nu\/_eng\/wp-json\/wp\/v2\/users\/1"}],"replies":[{"embeddable":true,"href":"https:\/\/helensjoholm.nu\/_eng\/wp-json\/wp\/v2\/comments?post=1741"}],"version-history":[{"count":0,"href":"https:\/\/helensjoholm.nu\/_eng\/wp-json\/wp\/v2\/pages\/1741\/revisions"}],"up":[{"embeddable":true,"href":"https:\/\/helensjoholm.nu\/_eng\/wp-json\/wp\/v2\/pages\/1620"}],"wp:attachment":[{"href":"https:\/\/helensjoholm.nu\/_eng\/wp-json\/wp\/v2\/media?parent=1741"}],"curies":[{"name":"wp","href":"https:\/\/api.w.org\/{rel}","templated":true}]}}