{"id":1692,"date":"2013-05-09T15:43:58","date_gmt":"2013-05-09T13:43:58","guid":{"rendered":"http:\/\/helensjoholm.nu\/_eng\/?page_id=1692"},"modified":"2022-03-09T19:20:15","modified_gmt":"2022-03-09T17:20:15","slug":"i-like-silence","status":"publish","type":"page","link":"https:\/\/helensjoholm.nu\/_eng\/press-clips\/interviews-2010\/i-like-silence\/","title":{"rendered":"I like silence"},"content":{"rendered":"<p><strong>NWT 101126<\/strong><\/p>\n<p>By: CARL EDLOM<\/p>\n<p><strong>IN CD SHELF&#8230; <\/strong><br \/>\n<strong>&#8230;Helen Sj\u00f6holm &#8211; current these days with her new CD Euforia, where she interprets Billy Joel.<\/strong><\/p>\n<p><em><strong>Among my first discs&#8230;<\/strong> <\/em><br \/>\n&#8211; The first album (LP) I got was Maritza Horn&#8217;s &#8220;Doom and gloom&#8221; in 1978. I was 8 and loooved her broadside versions! Dramatic stories like Lion tamer&#8217;s daughter, The dying child and While the dance goes. &#8221; I was blown away and taught me the CD in no time&#8230;<\/p>\n<p><em><strong>One of the records I listened to most is&#8230;<\/strong><\/em><br \/>\n&#8211; The CD I listened to most over the years is Tracy Chapman&#8217;s Crossroads. Loved it when it came in the late 80&#8217;s and think it keeps returning to, again and again. Great songs; Crossraods, Be careful of my heart, Bridges and others.<\/p>\n<p><em><strong>This artist \/ band takes the highest place in my collection&#8230;<\/strong> <\/em><br \/>\n&#8211; The artist who occupies the highest place in the record collection is Monica Zetterlund. I have most of what she has recorded. A great woman!<\/p>\n<p><em><strong>This is probably a bit unbacked in my collection&#8230;<\/strong> <\/em><br \/>\n&#8211; An unbacked CD in the shelf is probably the Vikingarna &#8211; Cuddly songs. I got it as a gift.<\/p>\n<p><em><strong>This record should more people discover&#8230;<\/strong> <\/em><br \/>\n&#8211; More people should discover \u00c4ppelkv\u00e4ll (Apple Night) &#8211; Monika T\u00f6rnell sings Lennart Hellsing. Lovely compositions of Hellsing, Monika&#8217;s voice is her own and is always concerning you!<\/p>\n<p><em><strong>Among the last records I bought is&#8230;<\/strong> <\/em><br \/>\n&#8211; Will hardly remember when I last bought a physical CD. Never been a big consumer &#8211; more sentimental listening to a lot of old favorites for a long time. I like silence, I\u00b4m not the kind of person who turns on music \/ radio the first thing I do when I get home. Last purchase was via iTunes; Tr\u00f6stevisa with Cajsa Stina \u00c5kerstr\u00f6m. I was going to learn it before a concert. Nice song!<\/p>\n<p><a title=\"Interviews 2010\" href=\"https:\/\/helensjoholm.nu\/_eng\/press-clips\/interviews-2010\/\">Back<\/a><\/p>\n","protected":false},"excerpt":{"rendered":"<p>NWT 101126 By: CARL EDLOM IN CD SHELF&#8230; &#8230;Helen Sj\u00f6holm &#8211; current these days with her new CD Euforia, where she interprets Billy Joel. Among <a class=\"more-link\" href=\"https:\/\/helensjoholm.nu\/_eng\/press-clips\/interviews-2010\/i-like-silence\/\">Read More &#8230;<\/a><\/p>\n","protected":false},"author":1,"featured_media":0,"parent":1620,"menu_order":0,"comment_status":"closed","ping_status":"closed","template":"","meta":{"ngg_post_thumbnail":0,"footnotes":""},"class_list":["post-1692","page","type-page","status-publish","hentry"],"aioseo_notices":[],"_links":{"self":[{"href":"https:\/\/helensjoholm.nu\/_eng\/wp-json\/wp\/v2\/pages\/1692","targetHints":{"allow":["GET"]}}],"collection":[{"href":"https:\/\/helensjoholm.nu\/_eng\/wp-json\/wp\/v2\/pages"}],"about":[{"href":"https:\/\/helensjoholm.nu\/_eng\/wp-json\/wp\/v2\/types\/page"}],"author":[{"embeddable":true,"href":"https:\/\/helensjoholm.nu\/_eng\/wp-json\/wp\/v2\/users\/1"}],"replies":[{"embeddable":true,"href":"https:\/\/helensjoholm.nu\/_eng\/wp-json\/wp\/v2\/comments?post=1692"}],"version-history":[{"count":0,"href":"https:\/\/helensjoholm.nu\/_eng\/wp-json\/wp\/v2\/pages\/1692\/revisions"}],"up":[{"embeddable":true,"href":"https:\/\/helensjoholm.nu\/_eng\/wp-json\/wp\/v2\/pages\/1620"}],"wp:attachment":[{"href":"https:\/\/helensjoholm.nu\/_eng\/wp-json\/wp\/v2\/media?parent=1692"}],"curies":[{"name":"wp","href":"https:\/\/api.w.org\/{rel}","templated":true}]}}