{"id":1607,"date":"2013-05-09T08:04:48","date_gmt":"2013-05-09T06:04:48","guid":{"rendered":"http:\/\/helensjoholm.nu\/_eng\/?page_id=1607"},"modified":"2022-03-09T19:47:41","modified_gmt":"2022-03-09T17:47:41","slug":"world-class-music-in-mora","status":"publish","type":"page","link":"https:\/\/helensjoholm.nu\/_eng\/press-clips\/reviews-2010\/world-class-music-in-mora\/","title":{"rendered":"World class music in Mora"},"content":{"rendered":"<p><strong>Dala-Demokraten 100227<\/strong><\/p>\n<p>By: JENNIE-LIE KJ\u00d6RNSBERG<\/p>\n<p>Languorous violins and voices that swung from the deepest deep up to notes that reached the ceiling of the church in Mora. Small talk with a humorous twinkle. Tjejvasekonserten [the concert for the female skiiing race of Vasaloppet] was something extra special\/out of the ordinary this year with artits like Helen Sj\u00f6holm, Orsa spelm\u00e4n and Tommy K\u00f6rberg.<\/p>\n<p>This year it was culture before racing, but Mora church was as packed as always on the traditional concert in connection with the female skiing race. Orsa spelm\u00e4n begun by playing to the honor of girls and women. Like in \u201dAnna\u2019s visa\u201d where one could sense a father\u2019s pride of his daughter. Of course they also played \u201dKopp\u00e5ngen\u201d. And how they played! Perra Moraeus solo on a violin at first, and then a crescendo of more violins plus a tone of accordion and guitar in the background. That this reporter hardly was the only one with goosebumps was proved by the standing ovation, applause and wolf whistles the musicsians got when they left to make room for Helen Sj\u00f6holm.<\/p>\n<p>Naturally she was a worthy successor on stage. Already with the first number, \u201dHorgal\u00e5ten\u201d, she showed sample of her rich voice spectrum. Between delicate ballads by among others the G\u00e4rdestad brothers and the powerfull \u201dGabriellas s\u00e5ng\u201d she kept a light-hearted tone. Helen Sj\u00f6holm showed that glitter and show off is not required. It\u2019s quite sufficient with a strong stage presence and genuinely beautiful song.<\/p>\n<p>Tommy K\u00f6rberg continued the concert as it had started, switching between serene seriousness and more frolic tunes. Like when he first sang the Swedish version of \u201dBridge over troubled water\u201d, with a soft, dark, mellow voice, and then brilliantly pulled off Astrid Lindgren\u2019s \u201dFattig bonddr\u00e4ng\u201d. All in all a brilliant mix of artists, songs, minor and major notes.<\/p>\n<p><a title=\"Reviews 2010\" href=\"https:\/\/helensjoholm.nu\/_eng\/press-clips\/reviews-2010\/\">Back<\/a><\/p>\n","protected":false},"excerpt":{"rendered":"<p>Dala-Demokraten 100227 By: JENNIE-LIE KJ\u00d6RNSBERG Languorous violins and voices that swung from the deepest deep up to notes that reached the ceiling of the church <a class=\"more-link\" href=\"https:\/\/helensjoholm.nu\/_eng\/press-clips\/reviews-2010\/world-class-music-in-mora\/\">Read More &#8230;<\/a><\/p>\n","protected":false},"author":1,"featured_media":0,"parent":1476,"menu_order":0,"comment_status":"closed","ping_status":"closed","template":"","meta":{"ngg_post_thumbnail":0,"footnotes":""},"class_list":["post-1607","page","type-page","status-publish","hentry"],"aioseo_notices":[],"_links":{"self":[{"href":"https:\/\/helensjoholm.nu\/_eng\/wp-json\/wp\/v2\/pages\/1607","targetHints":{"allow":["GET"]}}],"collection":[{"href":"https:\/\/helensjoholm.nu\/_eng\/wp-json\/wp\/v2\/pages"}],"about":[{"href":"https:\/\/helensjoholm.nu\/_eng\/wp-json\/wp\/v2\/types\/page"}],"author":[{"embeddable":true,"href":"https:\/\/helensjoholm.nu\/_eng\/wp-json\/wp\/v2\/users\/1"}],"replies":[{"embeddable":true,"href":"https:\/\/helensjoholm.nu\/_eng\/wp-json\/wp\/v2\/comments?post=1607"}],"version-history":[{"count":0,"href":"https:\/\/helensjoholm.nu\/_eng\/wp-json\/wp\/v2\/pages\/1607\/revisions"}],"up":[{"embeddable":true,"href":"https:\/\/helensjoholm.nu\/_eng\/wp-json\/wp\/v2\/pages\/1476"}],"wp:attachment":[{"href":"https:\/\/helensjoholm.nu\/_eng\/wp-json\/wp\/v2\/media?parent=1607"}],"curies":[{"name":"wp","href":"https:\/\/api.w.org\/{rel}","templated":true}]}}