{"id":1594,"date":"2013-05-09T07:53:55","date_gmt":"2013-05-09T05:53:55","guid":{"rendered":"http:\/\/helensjoholm.nu\/_eng\/?page_id=1594"},"modified":"2022-03-09T19:48:17","modified_gmt":"2022-03-09T17:48:17","slug":"a-perfect-combination-gives-top-marks","status":"publish","type":"page","link":"https:\/\/helensjoholm.nu\/_eng\/press-clips\/reviews-2010\/a-perfect-combination-gives-top-marks\/","title":{"rendered":"A perfect combination gives top marks"},"content":{"rendered":"<p><strong>NWT 100315<\/strong><\/p>\n<p>By: LOVISA ERIKSSON<\/p>\n<p><strong>Anniversary<br \/>\nSinging Society Manhem with Helen Sj\u00f6holm, Martin \u00d6stergren and Jojje Wadenius<br \/>\nSundsta auditorium, Karlstad<br \/>\nAttendance: 1500<\/strong><\/p>\n<p>Jubilee, jubilee! Tenors and basses in long lines. Fifty-four male singers have entered the stage to celebrate their 120th anniversary. What could better start this jubilee than Abrahamsen&#8217;s Jubilee Cantata, the for the chorus naming &#8220;Hymn till F\u00e4derneslandet&#8221; and Bellman&#8217;s &#8220;Gubben \u00e4r gammal&#8221;? Helen Sj\u00f6holm says there&#8217;s something special about a male choir. It&#8217;s sensual. Beautiful Fascinating. But four years ago the Singing Society Manhem consisted only of 16 brave singers. Today they are 61, under the leadership of Erik Rynefors. And though they sometimes also sound more like an old men&#8217;s choir than a male choir, Manhem has once again proved that 120 years after their foundation they\u2019re still alive and well. Or more than that really, the singers in Manhem sing and thrive. That they like to sing strongly, they prove during the evening. In &#8220;Dagen \u00e4r n\u00e4ra&#8221; the choir sings straight into our hearts, and there they stay for the rest of the evening.<\/p>\n<p>If the introduction is aptly, the choice of guests is quite right too. To help with the celebration, Helen Sj\u00f6holm, Martin \u00d6stergren and Jojje Wadenius are invited on stage. The combination is perfect. Helen Sj\u00f6holm\u2019s exuberant stage personality gives life to the concert. Martin Ostergren on piano and Jojje Wadenius on guitars and bass increase the musical impression. Jojje Wadenius excels in all of his solos, a little bit extra in his self-composed &#8220;K\u00e4rleksmorgon&#8221;. Martin Ostergren is joking a bit in &#8220;En s\u00e5ng som handlar om sig sj\u00e4lv&#8221;.<\/p>\n<p>The trio Sj\u00f6holm, \u00d6stergren and Wadenius offers words of humor, empathy, musical poetry and hits from the Swedish charts. Helen Sj\u00f6holm offers herself with spontaneity and a powerful voice. Together with the choir, she creates the evening&#8217;s highlights in G\u00e4rdestad&#8217;s &#8220;Come Give Me Love&#8221;, tonight&#8217;s hit \u201cV\u00e5r sista dans&#8221; and grand &#8220;Duvem\u00e5la hage&#8221; where Erik Rynefors picks up the violin. Sobbing can be heard around the auditorium when Helen Sj\u00f6holm sings &#8220;Gabriellas S\u00e5ng&#8221;, accompanied by the male choir. It can\u00b4t be more beautiful and more intimate than this.<\/p>\n<p>When the choir during the evening has performed Fr\u00f6ding poems, set to music, and traditional folk songs and then ends up with &#8220;Glad s\u00e5som f\u00e5geln&#8221;, you can not feel anything else but that spring has started for real.<\/p>\n<p><a title=\"Reviews 2010\" href=\"https:\/\/helensjoholm.nu\/_eng\/press-clips\/reviews-2010\/\">Back<\/a><\/p>\n","protected":false},"excerpt":{"rendered":"<p>NWT 100315 By: LOVISA ERIKSSON Anniversary Singing Society Manhem with Helen Sj\u00f6holm, Martin \u00d6stergren and Jojje Wadenius Sundsta auditorium, Karlstad Attendance: 1500 Jubilee, jubilee! Tenors <a class=\"more-link\" href=\"https:\/\/helensjoholm.nu\/_eng\/press-clips\/reviews-2010\/a-perfect-combination-gives-top-marks\/\">Read More &#8230;<\/a><\/p>\n","protected":false},"author":1,"featured_media":0,"parent":1476,"menu_order":0,"comment_status":"closed","ping_status":"closed","template":"","meta":{"ngg_post_thumbnail":0,"footnotes":""},"class_list":["post-1594","page","type-page","status-publish","hentry"],"aioseo_notices":[],"_links":{"self":[{"href":"https:\/\/helensjoholm.nu\/_eng\/wp-json\/wp\/v2\/pages\/1594","targetHints":{"allow":["GET"]}}],"collection":[{"href":"https:\/\/helensjoholm.nu\/_eng\/wp-json\/wp\/v2\/pages"}],"about":[{"href":"https:\/\/helensjoholm.nu\/_eng\/wp-json\/wp\/v2\/types\/page"}],"author":[{"embeddable":true,"href":"https:\/\/helensjoholm.nu\/_eng\/wp-json\/wp\/v2\/users\/1"}],"replies":[{"embeddable":true,"href":"https:\/\/helensjoholm.nu\/_eng\/wp-json\/wp\/v2\/comments?post=1594"}],"version-history":[{"count":0,"href":"https:\/\/helensjoholm.nu\/_eng\/wp-json\/wp\/v2\/pages\/1594\/revisions"}],"up":[{"embeddable":true,"href":"https:\/\/helensjoholm.nu\/_eng\/wp-json\/wp\/v2\/pages\/1476"}],"wp:attachment":[{"href":"https:\/\/helensjoholm.nu\/_eng\/wp-json\/wp\/v2\/media?parent=1594"}],"curies":[{"name":"wp","href":"https:\/\/api.w.org\/{rel}","templated":true}]}}