{"id":1545,"date":"2013-05-08T19:51:29","date_gmt":"2013-05-08T17:51:29","guid":{"rendered":"http:\/\/helensjoholm.nu\/_eng\/?page_id=1545"},"modified":"2022-03-09T19:51:24","modified_gmt":"2022-03-09T17:51:24","slug":"1545-2","status":"publish","type":"page","link":"https:\/\/helensjoholm.nu\/_eng\/press-clips\/reviews-2010\/1545-2\/","title":{"rendered":"Celestial harmonies"},"content":{"rendered":"<p><strong>Aftonbladet 101112<\/strong><\/p>\n<p>By: JENS PETERSON<\/p>\n<p><strong>&nbsp;++++ &nbsp;<\/strong><br \/>\n<strong>Helen Sj\u00f6holm <\/strong><br \/>\n<strong>Euforia &#8211; Helen Sj\u00f6holm sings Billy Joel<\/strong><\/p>\n<p><strong>POP<\/strong> The Billy Joel songs that touched Helen Sj\u00f6holm&#8217;s heart is not just the obvious classics.<\/p>\n<p>No &#8220;Just the way you are&#8221; among her swedification, but a pleasurable selection of songs, sensitively interpreted by Tomas Andersson Wij. It sounds more Helen Sj\u00f6holm than Billy Joel, even if she is faithful to his heavenly harmonies.<\/p>\n<p>Interesting hand-picked rarities, but also convincing versions of evergreens like &#8220;Piano man&#8221; (&#8220;Barpianisten&#8221;) and &#8220;She&#8217;s Always a Woman&#8221; (&#8220;Kvinnan f\u00f6r dig&#8221;). And one of Billy Joel&#8217;s most lovely, &#8220;New York state of mind&#8221;, now a touching romantic paean to the city.<\/p>\n<p>Best track: &#8220;S\u00e5ngerna&#8221; (&#8220;Poems&#8221;)<\/p>\n<p><a title=\"Reviews 2010\" href=\"https:\/\/helensjoholm.nu\/_eng\/press-clips\/reviews-2010\">Back<\/a><\/p>\n","protected":false},"excerpt":{"rendered":"<p>Aftonbladet 101112 By: JENS PETERSON &nbsp;++++ &nbsp; Helen Sj\u00f6holm Euforia &#8211; Helen Sj\u00f6holm sings Billy Joel POP The Billy Joel songs that touched Helen Sj\u00f6holm&#8217;s <a class=\"more-link\" href=\"https:\/\/helensjoholm.nu\/_eng\/press-clips\/reviews-2010\/1545-2\/\">Read More &#8230;<\/a><\/p>\n","protected":false},"author":1,"featured_media":0,"parent":1476,"menu_order":0,"comment_status":"closed","ping_status":"closed","template":"","meta":{"ngg_post_thumbnail":0,"footnotes":""},"class_list":["post-1545","page","type-page","status-publish","hentry"],"aioseo_notices":[],"_links":{"self":[{"href":"https:\/\/helensjoholm.nu\/_eng\/wp-json\/wp\/v2\/pages\/1545","targetHints":{"allow":["GET"]}}],"collection":[{"href":"https:\/\/helensjoholm.nu\/_eng\/wp-json\/wp\/v2\/pages"}],"about":[{"href":"https:\/\/helensjoholm.nu\/_eng\/wp-json\/wp\/v2\/types\/page"}],"author":[{"embeddable":true,"href":"https:\/\/helensjoholm.nu\/_eng\/wp-json\/wp\/v2\/users\/1"}],"replies":[{"embeddable":true,"href":"https:\/\/helensjoholm.nu\/_eng\/wp-json\/wp\/v2\/comments?post=1545"}],"version-history":[{"count":0,"href":"https:\/\/helensjoholm.nu\/_eng\/wp-json\/wp\/v2\/pages\/1545\/revisions"}],"up":[{"embeddable":true,"href":"https:\/\/helensjoholm.nu\/_eng\/wp-json\/wp\/v2\/pages\/1476"}],"wp:attachment":[{"href":"https:\/\/helensjoholm.nu\/_eng\/wp-json\/wp\/v2\/media?parent=1545"}],"curies":[{"name":"wp","href":"https:\/\/api.w.org\/{rel}","templated":true}]}}