{"id":1541,"date":"2013-05-07T21:53:16","date_gmt":"2013-05-07T19:53:16","guid":{"rendered":"http:\/\/helensjoholm.nu\/_eng\/?page_id=1541"},"modified":"2022-03-15T15:18:02","modified_gmt":"2022-03-15T13:18:02","slug":"helen-sjoholm-is-given-free-hands-at-the-concert-hall-tonight","status":"publish","type":"page","link":"https:\/\/helensjoholm.nu\/_eng\/press-clips\/various-2013\/helen-sjoholm-is-given-free-hands-at-the-concert-hall-tonight\/","title":{"rendered":"Helen Sj\u00f6holm is given free hands at the concert hall tonight"},"content":{"rendered":"<p><strong>Arbetarbladet 130504<\/strong><\/p>\n<p><strong>This evening Helen Sj\u00f6holm and Magnus Carlsson are on stage at the Concert Hall in front of the G\u00e4vle Symphony Orchestra . We called Helen Sj\u00f6holm up on the train home last night.<\/strong><\/p>\n<p>&#8211; It&#8217;s pretty rare to get such free hands as Magnus and I have for this concert. Often they have already decided on some songs beforehand, but here it was more like: &#8220;This is the orchestra, what do you want to sing?&#8221; Magnus and I first pulled up thousands of songs and then there was a lot of &#8220;kill your darlings&#8221;. What was left in the end is a lot of modern stuff, British and pop. Elvis Costello, Depeche Mode, Coldplay, several by David Bowie. For me this is very new, she says.<\/p>\n<p><em><strong>How did you feel when you stood in front of the symphony orchestra and began to rehearse? &nbsp;<\/strong><\/em><br \/>\n&#8211; It was so much fun. When you have gone for months and planned and finally get to hear the arrangements, because they are newly written.<\/p>\n<p>&#8211; Since much of the material is new, I feel extra tingly and excited. Often I sing things that have been sung a lot already. I feel quite green and comfortable this time.<\/p>\n<p>&#8211; I&#8217;ve been at home with my children, it &#8216;s been a long time since I sang at all. It feels fantastic to sing with such a great singer as Magnus. He sits here beside me and gets a little embarrassed now. It&#8217;s luxurious with so much input. I just enjoy it.<\/p>\n<p>&#8211; Me too, Magnus says.<\/p>\n<p><a title=\"Various 2013\" href=\"https:\/\/helensjoholm.nu\/_eng\/press-clips\/various-2013\/\">Back<\/a><\/p>\n","protected":false},"excerpt":{"rendered":"<p>Arbetarbladet 130504 This evening Helen Sj\u00f6holm and Magnus Carlsson are on stage at the Concert Hall in front of the G\u00e4vle Symphony Orchestra . We <a class=\"more-link\" href=\"https:\/\/helensjoholm.nu\/_eng\/press-clips\/various-2013\/helen-sjoholm-is-given-free-hands-at-the-concert-hall-tonight\/\">Read More &#8230;<\/a><\/p>\n","protected":false},"author":1,"featured_media":0,"parent":822,"menu_order":0,"comment_status":"closed","ping_status":"closed","template":"","meta":{"ngg_post_thumbnail":0,"footnotes":""},"class_list":["post-1541","page","type-page","status-publish","hentry"],"aioseo_notices":[],"_links":{"self":[{"href":"https:\/\/helensjoholm.nu\/_eng\/wp-json\/wp\/v2\/pages\/1541","targetHints":{"allow":["GET"]}}],"collection":[{"href":"https:\/\/helensjoholm.nu\/_eng\/wp-json\/wp\/v2\/pages"}],"about":[{"href":"https:\/\/helensjoholm.nu\/_eng\/wp-json\/wp\/v2\/types\/page"}],"author":[{"embeddable":true,"href":"https:\/\/helensjoholm.nu\/_eng\/wp-json\/wp\/v2\/users\/1"}],"replies":[{"embeddable":true,"href":"https:\/\/helensjoholm.nu\/_eng\/wp-json\/wp\/v2\/comments?post=1541"}],"version-history":[{"count":0,"href":"https:\/\/helensjoholm.nu\/_eng\/wp-json\/wp\/v2\/pages\/1541\/revisions"}],"up":[{"embeddable":true,"href":"https:\/\/helensjoholm.nu\/_eng\/wp-json\/wp\/v2\/pages\/822"}],"wp:attachment":[{"href":"https:\/\/helensjoholm.nu\/_eng\/wp-json\/wp\/v2\/media?parent=1541"}],"curies":[{"name":"wp","href":"https:\/\/api.w.org\/{rel}","templated":true}]}}