{"id":15108,"date":"2025-07-17T14:02:26","date_gmt":"2025-07-17T12:02:26","guid":{"rendered":"https:\/\/helensjoholm.nu\/_eng\/?page_id=15108"},"modified":"2025-07-17T14:03:04","modified_gmt":"2025-07-17T12:03:04","slug":"klockorna-i-g-a-lyrics","status":"publish","type":"page","link":"https:\/\/helensjoholm.nu\/_eng\/2011-2015\/pantbanksballader-gibrish\/klockorna-i-g-a-lyrics\/","title":{"rendered":"Klockorna i G.A."},"content":{"rendered":"<p><strong>Music &amp; lyrics:<\/strong>&nbsp;Gibrish &amp; Helen Sj\u00f6holm<\/p>\n<p>Det gnistrar, det glimmar, det glittrar i v\u00e5r stad<br \/>\nMan har pyntat drakarna, t\u00e4nt upp juljusstakarna<br \/>\nP\u00e5 en frostig parkb\u00e4nk, d\u00e4r har Marabou lagt sig ner<br \/>\nHar glykol i blodet, skulle beh\u00f6va mer<\/p>\n<p>Det \u00e4r fred, det \u00e4r frid<br \/>\nMen stan den \u00e4r kall<br \/>\nBarnen f\u00f6ljer stj\u00e4rnan, se den stannar vid ett stall<br \/>\nJa det \u00e4r fred, det \u00e4r frid<br \/>\n\u00d6ver jorden idag<br \/>\nSjunger klockorna i G.A.<br \/>\nDet sjunger klockorna<\/p>\n<p>Genom kyrkf\u00f6nstret h\u00f6rs det n\u00e4r barnen sjunger i k\u00f6r<br \/>\nEtt litet barn av Davids hus som g\u00f6r vinternatten ljus<br \/>\nDet \u00e4r ett spel om julen, det \u00e4r en gammal tradition<br \/>\nHan \u00f6nskar att han var d\u00e4r hos dom nu<br \/>\nMen det blir nog till t\u00e5gstation<\/p>\n<p>Och det \u00e4r fred, det \u00e4r frid<br \/>\nMen stan den \u00e4r kall<br \/>\nBarnen f\u00f6ljer stj\u00e4rnan, se den stannar vid ett stall<br \/>\nJa det \u00e4r fred, det \u00e4r frid<br \/>\n\u00d6ver jorden idag<br \/>\nSjunger klockorna i G.A.<br \/>\nDet sjunger klockorna<\/p>\n<p>Han hade hela paketet, han hade en familj och ett hem<br \/>\nOch jag minns hur de satt tillsammans, hur de sj\u00f6ng d\u00e4r i kyrkb\u00e4nken<br \/>\nMen se julen den \u00e4r h\u00e4r nu, men Marabou han bryr sig ej<br \/>\nD\u00e4r han ligger kommunalt p\u00e5 en b\u00e4nk betald av dig<br \/>\nBetald av dig<\/p>\n<p>Ja det \u00e4r fred, det \u00e4r frid<br \/>\nMen stan den \u00e4r kall<br \/>\nBarnen f\u00f6ljer stj\u00e4rnan, se den stannar vid ett stall<br \/>\nF\u00f6r det \u00e4r fred, det \u00e4r frid<br \/>\n\u00d6ver jorden idag<br \/>\nDet sjunger klockorna i G.A.<br \/>\nDet sjunger klockorna<br \/>\nDet sjunger klockorna i G.A.<br \/>\nDet sjunger klockorna<\/p>\n<p><a href=\"https:\/\/helensjoholm.nu\/_eng\/2011-2015\/pantbanksballader-gibrish\/\">Back<\/a><\/p>\n","protected":false},"excerpt":{"rendered":"<p>Music &amp; lyrics:&nbsp;Gibrish &amp; Helen Sj\u00f6holm Det gnistrar, det glimmar, det glittrar i v\u00e5r stad Man har pyntat drakarna, t\u00e4nt upp juljusstakarna P\u00e5 en frostig <a class=\"more-link\" href=\"https:\/\/helensjoholm.nu\/_eng\/2011-2015\/pantbanksballader-gibrish\/klockorna-i-g-a-lyrics\/\">Read More &#8230;<\/a><\/p>\n","protected":false},"author":1,"featured_media":0,"parent":2092,"menu_order":0,"comment_status":"closed","ping_status":"closed","template":"","meta":{"ngg_post_thumbnail":0,"footnotes":""},"class_list":["post-15108","page","type-page","status-publish","hentry"],"aioseo_notices":[],"_links":{"self":[{"href":"https:\/\/helensjoholm.nu\/_eng\/wp-json\/wp\/v2\/pages\/15108","targetHints":{"allow":["GET"]}}],"collection":[{"href":"https:\/\/helensjoholm.nu\/_eng\/wp-json\/wp\/v2\/pages"}],"about":[{"href":"https:\/\/helensjoholm.nu\/_eng\/wp-json\/wp\/v2\/types\/page"}],"author":[{"embeddable":true,"href":"https:\/\/helensjoholm.nu\/_eng\/wp-json\/wp\/v2\/users\/1"}],"replies":[{"embeddable":true,"href":"https:\/\/helensjoholm.nu\/_eng\/wp-json\/wp\/v2\/comments?post=15108"}],"version-history":[{"count":1,"href":"https:\/\/helensjoholm.nu\/_eng\/wp-json\/wp\/v2\/pages\/15108\/revisions"}],"predecessor-version":[{"id":15110,"href":"https:\/\/helensjoholm.nu\/_eng\/wp-json\/wp\/v2\/pages\/15108\/revisions\/15110"}],"up":[{"embeddable":true,"href":"https:\/\/helensjoholm.nu\/_eng\/wp-json\/wp\/v2\/pages\/2092"}],"wp:attachment":[{"href":"https:\/\/helensjoholm.nu\/_eng\/wp-json\/wp\/v2\/media?parent=15108"}],"curies":[{"name":"wp","href":"https:\/\/api.w.org\/{rel}","templated":true}]}}