{"id":15104,"date":"2025-07-17T13:57:20","date_gmt":"2025-07-17T11:57:20","guid":{"rendered":"https:\/\/helensjoholm.nu\/_eng\/?page_id=15104"},"modified":"2025-07-17T13:57:25","modified_gmt":"2025-07-17T11:57:25","slug":"se-om-det-funkar-lyrics","status":"publish","type":"page","link":"https:\/\/helensjoholm.nu\/_eng\/2011-2015\/little-big-projekt\/se-om-det-funkar-lyrics\/","title":{"rendered":"Se om det Funkar"},"content":{"rendered":"<p><strong>Music &amp; lyrics:<\/strong>&nbsp;Janne Schaffer, Jens\u202fWestin och Jens\u202fP\u00e4\u00e4j\u00e4rvi i samarbete med Helen Sj\u00f6holm<\/p>\n<p>En lekplats utan gunga \u00e4r som en bil utan hjul<br \/>\nIngenting funkar<br \/>\nEn lastbil utan flak \u00e4r som en radio utan ljud<br \/>\nIngenting funkar<br \/>\nEn lampa utan ljus \u00e4r som ett r\u00f6kmoln utan eld<br \/>\nIngenting funkar<br \/>\nEn m\u00e4nska utan gl\u00e4dje \u00e4r som en teckning utan f\u00e4rg<br \/>\nIngenting funkar<br \/>\nLiksom en visa utan text \u00e4r som en kruka utan v\u00e4xt<br \/>\nIngenting funkar<\/p>\n<p>S\u00e5 g\u00e5 till en lekplats utan gunga och utan sand<br \/>\nSe om det funkar<br \/>\nF\u00f6rs\u00f6k att lasta en lastbil utan flak<br \/>\nSe om det funkar<br \/>\nLiksom en visa utan text \u00e4r som en kruka utan v\u00e4xt<br \/>\nIngenting funkar<\/p>\n<p>Liksom en visa utan text \u00e4r som en kruka utan v\u00e4xt<br \/>\nIngenting funkar<\/p>\n<p>S\u00e5 f\u00f6rs\u00f6k att m\u00e5la en tavla utan f\u00e4rg<br \/>\nSe om det funkar<br \/>\nLiksom jag utan dig<br \/>\nSe om det funkar<\/p>\n<p>Liksom en visa utan text \u00e4r som en kruka utan v\u00e4xt<br \/>\nIngenting funkar<br \/>\nLiksom en visa utan text \u00e4r som en kruka utan v\u00e4xt<br \/>\nIngenting funkar<\/p>\n<p><a href=\"https:\/\/helensjoholm.nu\/_eng\/2011-2015\/little-big-projekt\/\">Back<\/a><\/p>\n","protected":false},"excerpt":{"rendered":"<p>Music &amp; lyrics:&nbsp;Janne Schaffer, Jens\u202fWestin och Jens\u202fP\u00e4\u00e4j\u00e4rvi i samarbete med Helen Sj\u00f6holm En lekplats utan gunga \u00e4r som en bil utan hjul Ingenting funkar En <a class=\"more-link\" href=\"https:\/\/helensjoholm.nu\/_eng\/2011-2015\/little-big-projekt\/se-om-det-funkar-lyrics\/\">Read More &#8230;<\/a><\/p>\n","protected":false},"author":1,"featured_media":0,"parent":2084,"menu_order":0,"comment_status":"closed","ping_status":"closed","template":"","meta":{"ngg_post_thumbnail":0,"footnotes":""},"class_list":["post-15104","page","type-page","status-publish","hentry"],"aioseo_notices":[],"_links":{"self":[{"href":"https:\/\/helensjoholm.nu\/_eng\/wp-json\/wp\/v2\/pages\/15104","targetHints":{"allow":["GET"]}}],"collection":[{"href":"https:\/\/helensjoholm.nu\/_eng\/wp-json\/wp\/v2\/pages"}],"about":[{"href":"https:\/\/helensjoholm.nu\/_eng\/wp-json\/wp\/v2\/types\/page"}],"author":[{"embeddable":true,"href":"https:\/\/helensjoholm.nu\/_eng\/wp-json\/wp\/v2\/users\/1"}],"replies":[{"embeddable":true,"href":"https:\/\/helensjoholm.nu\/_eng\/wp-json\/wp\/v2\/comments?post=15104"}],"version-history":[{"count":2,"href":"https:\/\/helensjoholm.nu\/_eng\/wp-json\/wp\/v2\/pages\/15104\/revisions"}],"predecessor-version":[{"id":15106,"href":"https:\/\/helensjoholm.nu\/_eng\/wp-json\/wp\/v2\/pages\/15104\/revisions\/15106"}],"up":[{"embeddable":true,"href":"https:\/\/helensjoholm.nu\/_eng\/wp-json\/wp\/v2\/pages\/2084"}],"wp:attachment":[{"href":"https:\/\/helensjoholm.nu\/_eng\/wp-json\/wp\/v2\/media?parent=15104"}],"curies":[{"name":"wp","href":"https:\/\/api.w.org\/{rel}","templated":true}]}}