{"id":15086,"date":"2025-07-17T13:22:32","date_gmt":"2025-07-17T11:22:32","guid":{"rendered":"https:\/\/helensjoholm.nu\/_eng\/?page_id=15086"},"modified":"2025-07-17T13:22:59","modified_gmt":"2025-07-17T11:22:59","slug":"sankta-klara-klocka-lyrics","status":"publish","type":"page","link":"https:\/\/helensjoholm.nu\/_eng\/albums-2016-2020\/sankta-klara-klocka\/sankta-klara-klocka-lyrics\/","title":{"rendered":"Sankta Klara klocka"},"content":{"rendered":"<p><strong>Music:<\/strong>&nbsp;Fredrik Kempe<strong><br \/>\nLyrics:<\/strong>&nbsp;Mauro Scocco<\/p>\n<p>\u00c4r molnen gr\u00e5 p\u00e5 din himmel<br \/>\nGe det tid, de f\u00f6rsvinner<\/p>\n<p>Veckor, timmar, minuter<br \/>\nV\u00e4rlden v\u00e4ntar d\u00e4r ute<\/p>\n<p>Det finns inget vi och de, du vet<br \/>\nAllt vi har \u00e4r v\u00e5r m\u00e4nsklighet<\/p>\n<p>Sankta Klara klocka sl\u00e5 f\u00f6r mig<br \/>\nH\u00f6j din r\u00f6st f\u00f6r allt som v\u00e5gar sl\u00e5 mot det som s\u00e5rar<br \/>\nSankta Klara klocka sl\u00e5 f\u00f6r mig<br \/>\nF\u00f6r den v\u00e4g som leder hem<br \/>\nSankta Klara klocka sl\u00e5 igen<\/p>\n<p>Regnet piskar i natten<br \/>\n\u00c5skan mullrar i vatten<\/p>\n<p>Vi har bara varandra<br \/>\nSprid ditt ljus, l\u00e5t det vandra<\/p>\n<p>En s\u00e5ng om hoppet och k\u00e4rleken<br \/>\nOch alla de h\u00e4r som v\u00e4ntar \u00e4n<\/p>\n<p>Sankta Klara klocka sl\u00e5 f\u00f6r mig<br \/>\nH\u00f6j din r\u00f6st f\u00f6r allt som v\u00e5gar sl\u00e5 mot det som s\u00e5rar<br \/>\nSankta Klara klocka sl\u00e5 f\u00f6r mig<br \/>\nF\u00f6r den v\u00e4g som leder hem<br \/>\nSankta Klara klocka sl\u00e5 igen<\/p>\n<p>Det finns inget vi och de, du vet<br \/>\nAllt vi har \u00e4r v\u00e5r m\u00e4nsklighet<\/p>\n<p>Sankta Klara klocka sl\u00e5 f\u00f6r mig<br \/>\nH\u00f6j din r\u00f6st f\u00f6r allt som v\u00e5gar sl\u00e5 mot det som s\u00e5rar<br \/>\nSankta Klara klocka sl\u00e5 f\u00f6r mig<br \/>\nF\u00f6r den v\u00e4g som leder hem<br \/>\nSankta Klara klocka sl\u00e5 igen<\/p>\n<p>H\u00f6j din r\u00f6st f\u00f6r allt som v\u00e5gar sl\u00e5 mot det som s\u00e5rar<br \/>\nSankta Klara klocka sl\u00e5 f\u00f6r mig<br \/>\nF\u00f6r den v\u00e4g som leder hem<br \/>\nSankta Klara klocka sl\u00e5 igen<\/p>\n<p><a href=\"https:\/\/helensjoholm.nu\/_eng\/albums-2016-2020\/sankta-klara-klocka\/\">Back<\/a><\/p>\n","protected":false},"excerpt":{"rendered":"<p>Music:&nbsp;Fredrik Kempe Lyrics:&nbsp;Mauro Scocco \u00c4r molnen gr\u00e5 p\u00e5 din himmel Ge det tid, de f\u00f6rsvinner Veckor, timmar, minuter V\u00e4rlden v\u00e4ntar d\u00e4r ute Det finns inget <a class=\"more-link\" href=\"https:\/\/helensjoholm.nu\/_eng\/albums-2016-2020\/sankta-klara-klocka\/sankta-klara-klocka-lyrics\/\">Read More &#8230;<\/a><\/p>\n","protected":false},"author":1,"featured_media":0,"parent":8716,"menu_order":0,"comment_status":"closed","ping_status":"closed","template":"","meta":{"ngg_post_thumbnail":0,"footnotes":""},"class_list":["post-15086","page","type-page","status-publish","hentry"],"aioseo_notices":[],"_links":{"self":[{"href":"https:\/\/helensjoholm.nu\/_eng\/wp-json\/wp\/v2\/pages\/15086","targetHints":{"allow":["GET"]}}],"collection":[{"href":"https:\/\/helensjoholm.nu\/_eng\/wp-json\/wp\/v2\/pages"}],"about":[{"href":"https:\/\/helensjoholm.nu\/_eng\/wp-json\/wp\/v2\/types\/page"}],"author":[{"embeddable":true,"href":"https:\/\/helensjoholm.nu\/_eng\/wp-json\/wp\/v2\/users\/1"}],"replies":[{"embeddable":true,"href":"https:\/\/helensjoholm.nu\/_eng\/wp-json\/wp\/v2\/comments?post=15086"}],"version-history":[{"count":1,"href":"https:\/\/helensjoholm.nu\/_eng\/wp-json\/wp\/v2\/pages\/15086\/revisions"}],"predecessor-version":[{"id":15087,"href":"https:\/\/helensjoholm.nu\/_eng\/wp-json\/wp\/v2\/pages\/15086\/revisions\/15087"}],"up":[{"embeddable":true,"href":"https:\/\/helensjoholm.nu\/_eng\/wp-json\/wp\/v2\/pages\/8716"}],"wp:attachment":[{"href":"https:\/\/helensjoholm.nu\/_eng\/wp-json\/wp\/v2\/media?parent=15086"}],"curies":[{"name":"wp","href":"https:\/\/api.w.org\/{rel}","templated":true}]}}