{"id":15056,"date":"2025-06-21T14:55:10","date_gmt":"2025-06-21T12:55:10","guid":{"rendered":"https:\/\/helensjoholm.nu\/_eng\/?page_id=15056"},"modified":"2025-06-21T15:11:34","modified_gmt":"2025-06-21T13:11:34","slug":"review-house-of-angels-scandinavium-thursday","status":"publish","type":"page","link":"https:\/\/helensjoholm.nu\/_eng\/press-clips\/reviews-2025\/review-house-of-angels-scandinavium-thursday\/","title":{"rendered":"Review: House of Angels, Scandinavium, Thursday"},"content":{"rendered":"<p><strong>G\u00f6teborgs-Posten 2025-06-06<\/strong><\/p>\n<p>By: JOHAN LINDQVIST<\/p>\n<p><strong>The musical <em>\u00c4nglag\u00e5rd (House of Angels)<\/em> is a strong story about fear and xenophobia. At the same time, one happily plays with all the possibilities of the musical.<\/strong><br \/>\n<strong>Star Helen Sj\u00f6holm sparkles in every scene (&#8230;)<\/strong><\/p>\n<p><em>House of Angels<\/em> has a generous abundance of Edward af Sill\u00e9n&#8217;s witty, quick-witted and often reference-elegant humor. Smart, popular winks are mixed with a bit of ham-acting and it&#8217;s nice that there&#8217;s room for both.<\/p>\n<p>In the conscious play with different styles and traditions, the script hooks up with Fredriks Kempe&#8217;s music. He and Sill\u00e9n both come from schlager and Eurovision and when that competition is at its most entertaining, it&#8217;s free in all its broad, burlesque and pounding romantic expressions. The love for that kind of entertainment burns like a flame throughout the musical.<\/p>\n<h3>Kempe sneaks in splashes of Abba here and there&nbsp;<\/h3>\n<p>It&#8217;s a joy to hear how Kempe sneaks in splashes of Abba here and there as a homage to the masters Bj\u00f6rn and Benny.<\/p>\n<p>But the music is even richer than that. The rural environment in Yxared is drawn with the help of a folk music tone that is included in the introduction and then returns at regular intervals. Both in a sheer form and in the joyfully swinging <em>En enkel gubbe.<\/em><\/p>\n<p>Here, Kurt Weill&#8217;s cabaret music as well as French chanson and neatly cut glam pop also pass through. We get Nanne Gr\u00f6nwall&#8217;s punchy <em>K\u00f6tt och blod<\/em> and <em>Sticka, sticka<\/em> that sounds like it was taken from a prog 70s musical. Of course, also parade numbers like the pompous but still restrained <em>Farfars h\u00e4nder<\/em> \u2013 incredibly tastefully sung by Fredrik Lycke. Who then makes a perfect musical duet with Helen Sj\u00f6holm in <em>Moln av vita l\u00f6gner<\/em>.<\/p>\n<h3>Tommy K\u00f6rberg takes the chance to be a cozy uncle<\/h3>\n<p>Helen Sj\u00f6holm, in the role of Rut, is the engine of the story and the brightest star of the show. A smart adjustment from the screenwriter, the film is based more on Fanny and Zac, and a casting that is indisputable.<\/p>\n<p>Wow, what a singer and actor she is. Helen Sj\u00f6holm sparkles in every scene, regardless of whether she does it alone or in an ensemble.<\/p>\n<p>Tommy K\u00f6rberg takes the chance to be a cuddly uncle but lets that voice loose a few times. Not least in <em>Ljusa minnen<\/em>.<\/p>\n<p>K\u00f6rberg, who seems to have a lot of fun on stage, shows his brilliance even with small means. Like when he seemingly spontaneously and with a mischievous smile hangs on a little tail of blues towards the end of one of his songs.<\/p>\n<p>The stinging, blackened and very clear message about prejudice, xenophobia and the fear of the unknown remains from the movie. Even stronger and more relevant now than then.<\/p>\n<p>Towards the end, the walls break down as the characters in the story dare to face themselves and others in different ways. Facades crack, lies burst and hearts open (&#8230;)<\/p>\n<p><a title=\"Reviews 2025\" href=\"https:\/\/helensjoholm.nu\/_eng\/press-clips\/reviews-2025\/\">Back<\/a><\/p>\n","protected":false},"excerpt":{"rendered":"<p>G\u00f6teborgs-Posten 2025-06-06 By: JOHAN LINDQVIST The musical \u00c4nglag\u00e5rd (House of Angels) is a strong story about fear and xenophobia. At the same time, one happily <a class=\"more-link\" href=\"https:\/\/helensjoholm.nu\/_eng\/press-clips\/reviews-2025\/review-house-of-angels-scandinavium-thursday\/\">Read More &#8230;<\/a><\/p>\n","protected":false},"author":1,"featured_media":0,"parent":15053,"menu_order":0,"comment_status":"closed","ping_status":"closed","template":"","meta":{"ngg_post_thumbnail":0,"footnotes":""},"class_list":["post-15056","page","type-page","status-publish","hentry"],"aioseo_notices":[],"_links":{"self":[{"href":"https:\/\/helensjoholm.nu\/_eng\/wp-json\/wp\/v2\/pages\/15056","targetHints":{"allow":["GET"]}}],"collection":[{"href":"https:\/\/helensjoholm.nu\/_eng\/wp-json\/wp\/v2\/pages"}],"about":[{"href":"https:\/\/helensjoholm.nu\/_eng\/wp-json\/wp\/v2\/types\/page"}],"author":[{"embeddable":true,"href":"https:\/\/helensjoholm.nu\/_eng\/wp-json\/wp\/v2\/users\/1"}],"replies":[{"embeddable":true,"href":"https:\/\/helensjoholm.nu\/_eng\/wp-json\/wp\/v2\/comments?post=15056"}],"version-history":[{"count":3,"href":"https:\/\/helensjoholm.nu\/_eng\/wp-json\/wp\/v2\/pages\/15056\/revisions"}],"predecessor-version":[{"id":15064,"href":"https:\/\/helensjoholm.nu\/_eng\/wp-json\/wp\/v2\/pages\/15056\/revisions\/15064"}],"up":[{"embeddable":true,"href":"https:\/\/helensjoholm.nu\/_eng\/wp-json\/wp\/v2\/pages\/15053"}],"wp:attachment":[{"href":"https:\/\/helensjoholm.nu\/_eng\/wp-json\/wp\/v2\/media?parent=15056"}],"curies":[{"name":"wp","href":"https:\/\/api.w.org\/{rel}","templated":true}]}}