{"id":15025,"date":"2025-06-07T12:08:58","date_gmt":"2025-06-07T10:08:58","guid":{"rendered":"https:\/\/helensjoholm.nu\/_eng\/?page_id=15025"},"modified":"2025-06-07T12:08:58","modified_gmt":"2025-06-07T10:08:58","slug":"jag-kan-klara-av-det-lyrics","status":"publish","type":"page","link":"https:\/\/helensjoholm.nu\/_eng\/1992-2002\/anastasia-soundtrack\/jag-kan-klara-av-det-lyrics\/","title":{"rendered":"Jag kan klara av det"},"content":{"rendered":"<p><strong>Music &amp; lyrics:<\/strong> Stephen Flaherty, Lynn Ahrens, translated by Mikael Roup\u00e9<\/p>\n<p><strong>Anja<\/strong><br \/>\nMina herrar: b\u00f6rja lektionen!<br \/>\n<strong>Vladmir<\/strong><br \/>\nJag minns det s\u00e5 v\u00e4l<br \/>\nDu blev f\u00f6dd i ett underbart palats<br \/>\n<strong>Anja<\/strong><br \/>\nEtt underbart palats &#8211; \u00e4r det sant?<br \/>\n<strong>Vladmir<\/strong><br \/>\nJo men visst!<br \/>\nTre \u00e5r gammal och du red som en kosack<br \/>\n<strong>Anja<\/strong><br \/>\nKunde rida &#8211; jag?<br \/>\n<strong>Vladmir<\/strong><br \/>\nInte bara<br \/>\n<strong>Dimitri<\/strong><br \/>\nDu var b\u00e4st!<br \/>\n<strong>Vladmir<\/strong><br \/>\nDu stal kakor, och skr\u00e4mde kockens son<br \/>\n<strong>Dimitri<\/strong><br \/>\nKnuffa han i \u00e5n<br \/>\n<strong>Anja<\/strong><br \/>\nBlev han v\u00e5t?<br \/>\n<strong>Dimitri<\/strong><br \/>\nTopp till t\u00e5!<br \/>\n<strong>Vladmir<\/strong><br \/>\nMen du blev sn\u00e4ll n\u00e4r din faders blick du s\u00e5g<br \/>\n<strong>Dimitri<\/strong><br \/>\nT\u00e4nk dig hur det var<br \/>\n<strong>Vladmir<\/strong><br \/>\nDin k\u00e4re gamle far<br \/>\n<strong>B\u00e5da<\/strong><br \/>\nDu har massor kvar att l\u00e4ra dig p\u00e5 bara n\u00e5gra dar!<br \/>\n<strong>Anja<\/strong><br \/>\nOkej, jag \u00e4r klar<\/p>\n<p><strong>Vladmir<\/strong><br \/>\nS\u00e5, axlar bak\u00e5t, rak i rygg<br \/>\n<strong>Dimitri<\/strong><br \/>\nF\u00f6rs\u00f6k att g\u00e5 med mera flyt<br \/>\n<strong>Anja<\/strong><br \/>\nJag k\u00e4nner mig s\u00e5 f\u00e5nig! Sa du flyta?<br \/>\n<strong>Vladmir<\/strong><br \/>\nSom en liten b\u00e5t<br \/>\n<strong>Dimitri<\/strong><br \/>\nSen bugar du<br \/>\n<strong>Anja<\/strong><br \/>\nVad h\u00e4nder nu?<br \/>\n<strong>Vladmir<\/strong><br \/>\nDin hand den f\u00e5r en kyss<br \/>\n<strong>B\u00e5da<\/strong><br \/>\nMinns nu allt du h\u00f6rde nyss!<\/p>\n<p><strong>Vladmir<\/strong><br \/>\nOm jag kan klara av det, kan du nog klara av det<br \/>\n<strong>Dimitri<\/strong><br \/>\nDu har det inuti dig<br \/>\n<strong>B\u00e5da<\/strong><br \/>\nJa det var bra det<br \/>\n<strong>Vladmir<\/strong><br \/>\nOm du g\u00f6r som jag g\u00f6r, steg f\u00f6r steg, kan du klara av det med<\/p>\n<p><strong>Vladmir<\/strong><br \/>\nOch armb\u00e5garna ska du ta bort<br \/>\n<strong>Dimitri<\/strong><br \/>\nOch s\u00f6rpla aldrig stroganoff<br \/>\n<strong>Anja<\/strong><br \/>\nJag \u00e4ter inte stroganoff!<br \/>\n<strong>Vladmir<\/strong><br \/>\nHon l\u00e5ter som en Romanov!<br \/>\n<strong>Dimitri<\/strong><br \/>\nEn Samovar<br \/>\n<strong>Vladmir<\/strong><br \/>\nOch kaviar<br \/>\n<strong>Anja<\/strong><br \/>\nS\u00e4g f\u00e5r jag sova snart?<br \/>\n<strong>B\u00e5da<\/strong><br \/>\nInte f\u00f6rr\u00e4n du \u00e4r klar!<\/p>\n<p><strong>Vladmir<\/strong><br \/>\nOm jag kan klara av det, kan du nog klara av det<br \/>\nHar du hopp i livet, s\u00e5 \u00e4r det givet<br \/>\nOm du bara vill s\u00e5, f\u00e5r du se<br \/>\nDu kan klara av det med<\/p>\n<p><strong>Vladmir<\/strong><br \/>\nNu ska du l\u00e4ra dig namnen p\u00e5 den kungliga familjen<br \/>\nDet h\u00e4r \u00e4r Kropotkin<br \/>\n<strong>Dimitri<\/strong><br \/>\nSk\u00f6t Potemkin<br \/>\n<strong>Vladmir<\/strong><br \/>\nR\u00e4tt i h\u00e4cken<br \/>\n<strong>Anja<\/strong><br \/>\n\u00c5h!<br \/>\n<strong>Vladmir<\/strong><br \/>\nOch k\u00e4re farbror Vanja, \u00e4lskar vodka<br \/>\n<strong>Dimitri<\/strong><br \/>\nH\u00f6r du Anja?<br \/>\n<strong>Anja<\/strong><br \/>\nN\u00e4ej!<br \/>\n<strong>Vladmir<\/strong><br \/>\nBaron von Pushkin<br \/>\n<strong>Anja<\/strong><br \/>\nHan var?<br \/>\n<strong>Dimitri<\/strong><br \/>\nKort<br \/>\n<strong>Vladmir<\/strong><br \/>\nOch Anatoly<br \/>\n<strong>Anja<\/strong><br \/>\nHade?<br \/>\n<strong>Dimitri<\/strong><br \/>\nV\u00e5rtor<br \/>\n<strong>Vladmir<\/strong><br \/>\nSergei<br \/>\n<strong>Dimitri<\/strong><br \/>\nFj\u00e4der i sin hatt<br \/>\n<strong>Vladmir<\/strong><br \/>\nHan har visst blivit lite satt<br \/>\n<strong>Anja<\/strong><br \/>\nJag minns hans stora gula katt!<br \/>\n<strong>Vladmir<\/strong><br \/>\nDet tror jag inte vi har sagt<\/p>\n<p><strong>Anja<\/strong><br \/>\nOm jag kan klara av det, kan du nog klara av det<br \/>\n<strong>Vladmir<\/strong><br \/>\nJag tror knappt mina \u00f6ron<br \/>\n<strong>Anja<\/strong><br \/>\nSe det var bra det! Pl\u00f6tsligt k\u00e4nns det som om, allt kan ske<br \/>\n<strong>B\u00e5da<\/strong><br \/>\nDu kan klara av det med!<\/p>\n<p><strong>Dimitri<\/strong><br \/>\nOm jag kan klara av det, kan du nog klara av det<br \/>\n<strong>Vladmir<\/strong><br \/>\nTa dig sj\u00e4lv i kragen<br \/>\n<strong>Alla<\/strong><br \/>\nSe det var bra det!<br \/>\n<strong>Vladmir<\/strong><br \/>\nOm du bara vill s\u00e5<br \/>\n<strong>Alla<\/strong><br \/>\nF\u00e5r du se<br \/>\n<strong>Dimitri<\/strong><br \/>\nDu kan klara av det<br \/>\n<strong>Anja<\/strong><br \/>\nKlara av det<br \/>\n<strong>Alla<\/strong><br \/>\nDu kan klara av det med!<\/p>\n<p><a title=\"Anastasia \u2013 Soundtrack\" href=\"https:\/\/helensjoholm.nu\/_eng\/1992-2002\/anastasia-soundtrack\/\">Back<\/a><\/p>\n","protected":false},"excerpt":{"rendered":"<p>Music &amp; lyrics: Stephen Flaherty, Lynn Ahrens, translated by Mikael Roup\u00e9 Anja Mina herrar: b\u00f6rja lektionen! Vladmir Jag minns det s\u00e5 v\u00e4l Du blev f\u00f6dd <a class=\"more-link\" href=\"https:\/\/helensjoholm.nu\/_eng\/1992-2002\/anastasia-soundtrack\/jag-kan-klara-av-det-lyrics\/\">Read More &#8230;<\/a><\/p>\n","protected":false},"author":1,"featured_media":0,"parent":3546,"menu_order":0,"comment_status":"closed","ping_status":"closed","template":"","meta":{"ngg_post_thumbnail":0,"footnotes":""},"class_list":["post-15025","page","type-page","status-publish","hentry"],"aioseo_notices":[],"_links":{"self":[{"href":"https:\/\/helensjoholm.nu\/_eng\/wp-json\/wp\/v2\/pages\/15025","targetHints":{"allow":["GET"]}}],"collection":[{"href":"https:\/\/helensjoholm.nu\/_eng\/wp-json\/wp\/v2\/pages"}],"about":[{"href":"https:\/\/helensjoholm.nu\/_eng\/wp-json\/wp\/v2\/types\/page"}],"author":[{"embeddable":true,"href":"https:\/\/helensjoholm.nu\/_eng\/wp-json\/wp\/v2\/users\/1"}],"replies":[{"embeddable":true,"href":"https:\/\/helensjoholm.nu\/_eng\/wp-json\/wp\/v2\/comments?post=15025"}],"version-history":[{"count":1,"href":"https:\/\/helensjoholm.nu\/_eng\/wp-json\/wp\/v2\/pages\/15025\/revisions"}],"predecessor-version":[{"id":15026,"href":"https:\/\/helensjoholm.nu\/_eng\/wp-json\/wp\/v2\/pages\/15025\/revisions\/15026"}],"up":[{"embeddable":true,"href":"https:\/\/helensjoholm.nu\/_eng\/wp-json\/wp\/v2\/pages\/3546"}],"wp:attachment":[{"href":"https:\/\/helensjoholm.nu\/_eng\/wp-json\/wp\/v2\/media?parent=15025"}],"curies":[{"name":"wp","href":"https:\/\/api.w.org\/{rel}","templated":true}]}}