{"id":15021,"date":"2025-06-07T12:03:49","date_gmt":"2025-06-07T10:03:49","guid":{"rendered":"https:\/\/helensjoholm.nu\/_eng\/?page_id=15021"},"modified":"2025-06-07T12:06:06","modified_gmt":"2025-06-07T10:06:06","slug":"langesen-i-december-lyrics","status":"publish","type":"page","link":"https:\/\/helensjoholm.nu\/_eng\/1992-2002\/anastasia-soundtrack\/langesen-i-december-lyrics\/","title":{"rendered":"L\u00e4ngesen i december"},"content":{"rendered":"<p><strong>Music &amp; lyrics:<\/strong> Stephen Flaherty, Lynn Ahrens, translated by Mikael Roup\u00e9<\/p>\n<p>Bj\u00f6rn i ring<br \/>\nVackra ting<br \/>\nMinnet av gamla v\u00e4nner<br \/>\nOch en s\u00e5ng<br \/>\nN\u00e5gon sj\u00f6ng<br \/>\nL\u00e4ngesen i december<\/p>\n<p>Minnet av en \u00f6ppen famn<br \/>\nI min dr\u00f6m \u00e4r jag trygg och varm<br \/>\nPar i dans och harmoni<br \/>\nTill minnets melodi<\/p>\n<p>[Instumental]<\/p>\n<p>Minnet av en \u00f6ppen famn<br \/>\nI min dr\u00f6m \u00e4r jag trygg och varm<br \/>\nPar i dans och harmoni<br \/>\nTill minnets melodi<\/p>\n<p>Men en dag<br \/>\nSka jag f\u00e5<br \/>\nSvaret p\u00e5 mina minnen<br \/>\nAllt mitt hj\u00e4rta kom ih\u00e5g<br \/>\nAlla skuggor f\u00f6rsvinner<\/p>\n<p>Som en s\u00e5ng<br \/>\nN\u00e5gon sj\u00f6ng<br \/>\nL\u00e4ngesen i december<\/p>\n<p><a title=\"Anastasia \u2013 Soundtrack\" href=\"https:\/\/helensjoholm.nu\/_eng\/1992-2002\/anastasia-soundtrack\/\">Back<\/a><\/p>\n","protected":false},"excerpt":{"rendered":"<p>Music &amp; lyrics: Stephen Flaherty, Lynn Ahrens, translated by Mikael Roup\u00e9 Bj\u00f6rn i ring Vackra ting Minnet av gamla v\u00e4nner Och en s\u00e5ng N\u00e5gon sj\u00f6ng <a class=\"more-link\" href=\"https:\/\/helensjoholm.nu\/_eng\/1992-2002\/anastasia-soundtrack\/langesen-i-december-lyrics\/\">Read More &#8230;<\/a><\/p>\n","protected":false},"author":1,"featured_media":0,"parent":3546,"menu_order":0,"comment_status":"closed","ping_status":"closed","template":"","meta":{"ngg_post_thumbnail":0,"footnotes":""},"class_list":["post-15021","page","type-page","status-publish","hentry"],"aioseo_notices":[],"_links":{"self":[{"href":"https:\/\/helensjoholm.nu\/_eng\/wp-json\/wp\/v2\/pages\/15021","targetHints":{"allow":["GET"]}}],"collection":[{"href":"https:\/\/helensjoholm.nu\/_eng\/wp-json\/wp\/v2\/pages"}],"about":[{"href":"https:\/\/helensjoholm.nu\/_eng\/wp-json\/wp\/v2\/types\/page"}],"author":[{"embeddable":true,"href":"https:\/\/helensjoholm.nu\/_eng\/wp-json\/wp\/v2\/users\/1"}],"replies":[{"embeddable":true,"href":"https:\/\/helensjoholm.nu\/_eng\/wp-json\/wp\/v2\/comments?post=15021"}],"version-history":[{"count":1,"href":"https:\/\/helensjoholm.nu\/_eng\/wp-json\/wp\/v2\/pages\/15021\/revisions"}],"predecessor-version":[{"id":15022,"href":"https:\/\/helensjoholm.nu\/_eng\/wp-json\/wp\/v2\/pages\/15021\/revisions\/15022"}],"up":[{"embeddable":true,"href":"https:\/\/helensjoholm.nu\/_eng\/wp-json\/wp\/v2\/pages\/3546"}],"wp:attachment":[{"href":"https:\/\/helensjoholm.nu\/_eng\/wp-json\/wp\/v2\/media?parent=15021"}],"curies":[{"name":"wp","href":"https:\/\/api.w.org\/{rel}","templated":true}]}}