{"id":15019,"date":"2025-06-07T11:59:07","date_gmt":"2025-06-07T09:59:07","guid":{"rendered":"https:\/\/helensjoholm.nu\/_eng\/?page_id=15019"},"modified":"2025-06-07T12:00:24","modified_gmt":"2025-06-07T10:00:24","slug":"min-resa-hem-igen-lyrics","status":"publish","type":"page","link":"https:\/\/helensjoholm.nu\/_eng\/1992-2002\/anastasia-soundtrack\/min-resa-hem-igen-lyrics\/","title":{"rendered":"Min resa hem igen"},"content":{"rendered":"<p><strong>Music &amp; lyrics:<\/strong> Stephen Flaherty, Lynn Ahrens, translated by Mikael Roup\u00e9<\/p>\n<p>Som mitt hj\u00e4rta sl\u00e5r<br \/>\nSv\u00e5rt att vara modig<br \/>\nIngen tid att bli beredd<br \/>\nAlla s\u00e4ger att, livet det ska levas<br \/>\nIngen sa att man blir r\u00e4dd<br \/>\nOch ingen vad som h\u00e4nder sen<br \/>\nP\u00e5 min resa&#8230;hem igen!<\/p>\n<p>N\u00e5nstans p\u00e5 min v\u00e4g<br \/>\nFinns det n\u00e5n som v\u00e4ntar<br \/>\nN\u00e5n som v\u00e4ntar d\u00e4r p\u00e5 mig<br \/>\nMed en \u00f6ppen famn<br \/>\nK\u00e4rlek, hopp och v\u00e4rme<br \/>\nAllting man kan t\u00e4nka sig<br \/>\nJag vet att d\u00e4r finns friheten<br \/>\nP\u00e5 min resa&#8230;hem igen!<\/p>\n<p>[\u00c5 pappa, titta vilken gullig valp!<br \/>\nHej d\u00e5!]<\/p>\n<p>En familj som, jag s\u00e4kert hade sj\u00e4lv f\u00f6r l\u00e4nge sen<br \/>\nEn familj som, jag vet jag finner bortom horisonten<\/p>\n<p>Hoppet har jag kvar<br \/>\nTar ett steg i taget<br \/>\nIngen vet vart v\u00e4gen b\u00e4r<br \/>\nVarf\u00f6r se tillbaks?<br \/>\nFram\u00e5t mot min framtid<br \/>\nAllt det som jag saknar h\u00e4r<\/p>\n<p>Ja, l\u00e5t min dr\u00f6m bli sann<br \/>\nS\u00e4g att dr\u00f6mmar kan<br \/>\nVisa vad som h\u00e4nder sen<br \/>\nP\u00e5 min resa&#8230;hem igen!<\/p>\n<p><a title=\"Anastasia \u2013 Soundtrack\" href=\"https:\/\/helensjoholm.nu\/_eng\/1992-2002\/anastasia-soundtrack\/\">Back<\/a><\/p>\n","protected":false},"excerpt":{"rendered":"<p>Music &amp; lyrics: Stephen Flaherty, Lynn Ahrens, translated by Mikael Roup\u00e9 Som mitt hj\u00e4rta sl\u00e5r Sv\u00e5rt att vara modig Ingen tid att bli beredd Alla <a class=\"more-link\" href=\"https:\/\/helensjoholm.nu\/_eng\/1992-2002\/anastasia-soundtrack\/min-resa-hem-igen-lyrics\/\">Read More &#8230;<\/a><\/p>\n","protected":false},"author":1,"featured_media":0,"parent":3546,"menu_order":0,"comment_status":"closed","ping_status":"closed","template":"","meta":{"ngg_post_thumbnail":0,"footnotes":""},"class_list":["post-15019","page","type-page","status-publish","hentry"],"aioseo_notices":[],"_links":{"self":[{"href":"https:\/\/helensjoholm.nu\/_eng\/wp-json\/wp\/v2\/pages\/15019","targetHints":{"allow":["GET"]}}],"collection":[{"href":"https:\/\/helensjoholm.nu\/_eng\/wp-json\/wp\/v2\/pages"}],"about":[{"href":"https:\/\/helensjoholm.nu\/_eng\/wp-json\/wp\/v2\/types\/page"}],"author":[{"embeddable":true,"href":"https:\/\/helensjoholm.nu\/_eng\/wp-json\/wp\/v2\/users\/1"}],"replies":[{"embeddable":true,"href":"https:\/\/helensjoholm.nu\/_eng\/wp-json\/wp\/v2\/comments?post=15019"}],"version-history":[{"count":1,"href":"https:\/\/helensjoholm.nu\/_eng\/wp-json\/wp\/v2\/pages\/15019\/revisions"}],"predecessor-version":[{"id":15020,"href":"https:\/\/helensjoholm.nu\/_eng\/wp-json\/wp\/v2\/pages\/15019\/revisions\/15020"}],"up":[{"embeddable":true,"href":"https:\/\/helensjoholm.nu\/_eng\/wp-json\/wp\/v2\/pages\/3546"}],"wp:attachment":[{"href":"https:\/\/helensjoholm.nu\/_eng\/wp-json\/wp\/v2\/media?parent=15019"}],"curies":[{"name":"wp","href":"https:\/\/api.w.org\/{rel}","templated":true}]}}