{"id":1499,"date":"2013-05-04T12:24:53","date_gmt":"2013-05-04T10:24:53","guid":{"rendered":"http:\/\/helensjoholm.nu\/_eng\/?page_id=1499"},"modified":"2022-03-09T19:52:32","modified_gmt":"2022-03-09T17:52:32","slug":"nice-versions-when-sjoholm-sings-joel","status":"publish","type":"page","link":"https:\/\/helensjoholm.nu\/_eng\/press-clips\/reviews-2010\/nice-versions-when-sjoholm-sings-joel\/","title":{"rendered":"Nice versions when Sj\u00f6holm sings Joel"},"content":{"rendered":"<p><strong>Pite\u00e5 Tidningen 101119<\/strong><\/p>\n<p>By: ANDERS SANDLUND<\/p>\n<p><strong>HELEN SJ\u00d6HOLM &nbsp;<\/strong><br \/>\n<strong>Euforia &#8211; Helen Sj\u00f6holm sings Billy Joel &nbsp;<\/strong><br \/>\n<strong>(Universal)<\/strong><\/p>\n<p>With all due respect to &#8220;You are my man&#8221;, but for me Helen Sj\u00f6holm is larger and more dynamic than an ostentatious song which have been in an eternity in the Swedish charts. She would consistently stick to the Swedish language, so also this time when she interprets Billy Joel. Tomas Andersson Wij, one of our very best, is responsible for the Swedish lyrics, and it feels good already on the paper.<\/p>\n<p>Most attempts to flirt with the audience fails when you step over the most obvious choices &#8211; &#8220;Just the Way You Are&#8221; and &#8220;Uptown Girl&#8221;. I call it integrity and take my hat off. There are still so many fine interpretations to smile about. The hackneyed hakuna matata-soul of &#8220;River of Dreams&#8221; undergoes the album&#8217;s strongest metamorphosis and become the stripped song pearl &#8220;Flodens botten&#8221;. Bubbling &#8220;L\u00e5t det va&#8221; could belong to Maritza Horn&#8217;s repertoire.<\/p>\n<p>&#8220;Barpianisten&#8221;, of course.&#8221; Piano Man&#8221; is a song that sounds just like I thought and hoped and is the one that perhaps is easiest for Sj\u00f6holm to sing, who makes smooth octave jumps.<\/p>\n<p>Then there is &#8220;Varje s\u00e5r s\u00f6ker ett s\u00e5r&#8221;. The origin is called &#8220;And So It Goes&#8221; and that is one of the best songs ever. Find the original and discover if you haven\u00b4t already done so, but also listen to this carefully-managed church organ version. Has Sj\u00f6holm sounded better than this?<\/p>\n<p>The songs are stripped gently but not cowardly in the right costumes and the sound on the album breathes quality. It feels like Sj\u00f6holm likes Billy Joel for real.<\/p>\n<p>I\u00b4m not euphoric, but this is a really good recording and it could be a well-deserved success. A very popular artist who fends off pitfalls like &#8220;easygoing popular production&#8221;. Please understand me right. This is not a complex CD to listen to, the other way around, but Sj\u00f6holm doesn\u00b4t choose the easiest paths. Maybe she thinks that it\u00b4s better that in ten years be able to listen to an album that still is current, instead of selling ten thousand copies extra before Christmas. Good thinking.<\/p>\n<p><a title=\"Reviews 2010\" href=\"https:\/\/helensjoholm.nu\/_eng\/press-clips\/reviews-2010\/\">Back<\/a><\/p>\n","protected":false},"excerpt":{"rendered":"<p>Pite\u00e5 Tidningen 101119 By: ANDERS SANDLUND HELEN SJ\u00d6HOLM &nbsp; Euforia &#8211; Helen Sj\u00f6holm sings Billy Joel &nbsp; (Universal) With all due respect to &#8220;You are <a class=\"more-link\" href=\"https:\/\/helensjoholm.nu\/_eng\/press-clips\/reviews-2010\/nice-versions-when-sjoholm-sings-joel\/\">Read More &#8230;<\/a><\/p>\n","protected":false},"author":1,"featured_media":0,"parent":1476,"menu_order":0,"comment_status":"closed","ping_status":"closed","template":"","meta":{"ngg_post_thumbnail":0,"footnotes":""},"class_list":["post-1499","page","type-page","status-publish","hentry"],"aioseo_notices":[],"_links":{"self":[{"href":"https:\/\/helensjoholm.nu\/_eng\/wp-json\/wp\/v2\/pages\/1499","targetHints":{"allow":["GET"]}}],"collection":[{"href":"https:\/\/helensjoholm.nu\/_eng\/wp-json\/wp\/v2\/pages"}],"about":[{"href":"https:\/\/helensjoholm.nu\/_eng\/wp-json\/wp\/v2\/types\/page"}],"author":[{"embeddable":true,"href":"https:\/\/helensjoholm.nu\/_eng\/wp-json\/wp\/v2\/users\/1"}],"replies":[{"embeddable":true,"href":"https:\/\/helensjoholm.nu\/_eng\/wp-json\/wp\/v2\/comments?post=1499"}],"version-history":[{"count":0,"href":"https:\/\/helensjoholm.nu\/_eng\/wp-json\/wp\/v2\/pages\/1499\/revisions"}],"up":[{"embeddable":true,"href":"https:\/\/helensjoholm.nu\/_eng\/wp-json\/wp\/v2\/pages\/1476"}],"wp:attachment":[{"href":"https:\/\/helensjoholm.nu\/_eng\/wp-json\/wp\/v2\/media?parent=1499"}],"curies":[{"name":"wp","href":"https:\/\/api.w.org\/{rel}","templated":true}]}}