{"id":14984,"date":"2025-05-03T16:06:14","date_gmt":"2025-05-03T14:06:14","guid":{"rendered":"https:\/\/helensjoholm.nu\/_eng\/?page_id=14984"},"modified":"2025-05-03T16:06:14","modified_gmt":"2025-05-03T14:06:14","slug":"guldgravarsang-lyrics","status":"publish","type":"page","link":"https:\/\/helensjoholm.nu\/_eng\/2011-2015\/det-kunde-lika-garna-varit-jag-album\/guldgravarsang-lyrics\/","title":{"rendered":"Guldgr\u00e4vars\u00e5ng"},"content":{"rendered":"<p><strong>Music &amp; lyrics:<\/strong>&nbsp;Eva Dahlgren<\/p>\n<p>Jag ska ut och leta guld<br \/>\nMen inte s\u00e5nt som glimmar h\u00e4r<br \/>\nJag ska finna mej en skatt<br \/>\nOch \u00f6ppna en aff\u00e4r<br \/>\nD\u00e4r ska jag s\u00e4lja k\u00e4rlek<br \/>\nTill alla som vill ha<br \/>\nOch dom ska f\u00e5 betala<br \/>\nMed s\u00e5nt som jag vill ha<\/p>\n<p>Det finns s\u00e5 m\u00e5nga m\u00e4nskor<br \/>\nSom inte \u00e4ger n\u00e5t<br \/>\nMen \u00e4nd\u00e5 har s\u00e5 mycket<br \/>\nSom dom vill ge bort<br \/>\nDom ska f\u00e5 handla gratis<br \/>\nEtt s\u00e4tt att visa sympati<br \/>\nMen s\u00e5 finns det dom med skavs\u00e5r i h\u00e4nderna<br \/>\nOch dom struntar jag i<\/p>\n<p>Jag ska ut och leta frihet<br \/>\nMen inte s\u00e5n man k\u00f6per h\u00e4r<br \/>\nJag ska frita mina sinnen<br \/>\nOch bygga mej en bro som b\u00e4r mej<br \/>\n\u00d6ver haven<br \/>\nTill n\u00e5t annat land<br \/>\nD\u00e4r ska jag kyssa mina br\u00f6der och systrar<br \/>\nOch vi ska \u00e4lska varann<\/p>\n<p>Jag ska ut och leta dr\u00f6mmar<br \/>\nTill mitt nya jag<br \/>\nJag har delat upp i h\u00f6gar<br \/>\nD\u00e5ligt och bra<br \/>\nJag pussar p\u00e5 det onda<br \/>\nJag \u00e4lskar allting som \u00e4r gott<br \/>\nJag har blivit till en helhet<br \/>\nAv de g\u00e5vor jag f\u00e5tt<\/p>\n<p><a title=\"Det kunde lika g\u00e4rna varit jag \u2013 en salig samling s\u00e5ngerskor\" href=\"https:\/\/helensjoholm.nu\/_eng\/2011-2015\/det-kunde-lika-garna-varit-jag-album\/\">Back<\/a><\/p>\n","protected":false},"excerpt":{"rendered":"<p>Music &amp; lyrics:&nbsp;Eva Dahlgren Jag ska ut och leta guld Men inte s\u00e5nt som glimmar h\u00e4r Jag ska finna mej en skatt Och \u00f6ppna en <a class=\"more-link\" href=\"https:\/\/helensjoholm.nu\/_eng\/2011-2015\/det-kunde-lika-garna-varit-jag-album\/guldgravarsang-lyrics\/\">Read More &#8230;<\/a><\/p>\n","protected":false},"author":1,"featured_media":0,"parent":1987,"menu_order":0,"comment_status":"closed","ping_status":"closed","template":"","meta":{"ngg_post_thumbnail":0,"footnotes":""},"class_list":["post-14984","page","type-page","status-publish","hentry"],"aioseo_notices":[],"_links":{"self":[{"href":"https:\/\/helensjoholm.nu\/_eng\/wp-json\/wp\/v2\/pages\/14984","targetHints":{"allow":["GET"]}}],"collection":[{"href":"https:\/\/helensjoholm.nu\/_eng\/wp-json\/wp\/v2\/pages"}],"about":[{"href":"https:\/\/helensjoholm.nu\/_eng\/wp-json\/wp\/v2\/types\/page"}],"author":[{"embeddable":true,"href":"https:\/\/helensjoholm.nu\/_eng\/wp-json\/wp\/v2\/users\/1"}],"replies":[{"embeddable":true,"href":"https:\/\/helensjoholm.nu\/_eng\/wp-json\/wp\/v2\/comments?post=14984"}],"version-history":[{"count":1,"href":"https:\/\/helensjoholm.nu\/_eng\/wp-json\/wp\/v2\/pages\/14984\/revisions"}],"predecessor-version":[{"id":14990,"href":"https:\/\/helensjoholm.nu\/_eng\/wp-json\/wp\/v2\/pages\/14984\/revisions\/14990"}],"up":[{"embeddable":true,"href":"https:\/\/helensjoholm.nu\/_eng\/wp-json\/wp\/v2\/pages\/1987"}],"wp:attachment":[{"href":"https:\/\/helensjoholm.nu\/_eng\/wp-json\/wp\/v2\/media?parent=14984"}],"curies":[{"name":"wp","href":"https:\/\/api.w.org\/{rel}","templated":true}]}}