{"id":14846,"date":"2025-02-02T11:09:27","date_gmt":"2025-02-02T09:09:27","guid":{"rendered":"https:\/\/helensjoholm.nu\/_eng\/?page_id=14846"},"modified":"2025-02-02T11:09:33","modified_gmt":"2025-02-02T09:09:33","slug":"aldrig-ska-jag-sluta-alska-dig-lyrics","status":"publish","type":"page","link":"https:\/\/helensjoholm.nu\/_eng\/2011-2015\/musikalen-livet-ar-en-schlager\/aldrig-ska-jag-sluta-alska-dig-lyrics\/","title":{"rendered":"Aldrig ska jag sluta \u00e4lska dig"},"content":{"rendered":"<p><strong>Music:<\/strong> Fredrik Kempe<br \/>\n<strong>Lyrics:<\/strong> Jonas Gardell<\/p>\n<p>Aldrig ska jag sluta \u00e4lska dig<br \/>\nJag vet att jag inte \u00e4r n\u00e5n sk\u00f6nhet eller s\u00e5<br \/>\nOm du l\u00e4mnar mig kan jag v\u00e4l det f\u00f6rst\u00e5<br \/>\nF\u00f6r vad har jag att ge dig som ingen annan har<br \/>\nJag \u00e4r ingen s\u00e4rskild medans du \u00e4r underbar<\/p>\n<p>Aldrig ska jag sluta \u00e4lska dig<br \/>\nDu \u00e4r allt jag har och allt jag ber om<br \/>\nJag hoppas, tror och vill att du ska h\u00e5lla fast vid mig<br \/>\nAtt du \u00e4r d\u00e4r f\u00f6r mig, som jag \u00e4r d\u00e4r f\u00f6r dig<br \/>\nGe inte upp<\/p>\n<p>Livet \u00e4r en g\u00e5ta, du \u00e4r g\u00e5tans svar<br \/>\nAllt annat m\u00e5 f\u00f6rsvinna om du blott stannar kvar<br \/>\nF\u00f6r ocks\u00e5 n\u00e4r jag tvivlar, det k\u00e4nns som allt \u00e4r slut<br \/>\nJag sjunker ner i hj\u00e4lpl\u00f6shet och inte hittar ut<\/p>\n<p>S\u00e5 aldrig ska jag sluta \u00e4lska dig<br \/>\nDu \u00e4r allt jag har och allt jag ber om<br \/>\nJag hoppas, tror och vill att du ska h\u00e5lla fast vid mig<br \/>\nAtt du \u00e4r d\u00e4r f\u00f6r mig, som jag \u00e4r d\u00e4r f\u00f6r dig<br \/>\nGe inte upp<\/p>\n<p>N\u00e4r jag klantar mig, n\u00e4r jag sviker dig<br \/>\nN\u00e4r jag sabbar och f\u00f6rst\u00f6r<br \/>\nVar kvar \u00e4nd\u00e5, tro f\u00f6r oss tv\u00e5<br \/>\nF\u00f6r du vet, vad jag \u00e4n g\u00f6r<br \/>\nJa, vad jag \u00e4n g\u00f6r<\/p>\n<p>Aldrig ska jag sluta \u00e4lska dig<br \/>\nDu \u00e4r allt jag har och allt jag ber om<br \/>\nJag hoppas, tror och vill att du ska h\u00e5lla fast vid mig<br \/>\nAtt du \u00e4r d\u00e4r f\u00f6r mig, som jag \u00e4r d\u00e4r f\u00f6r dig<br \/>\nJa, jag \u00e4r d\u00e4r f\u00f6r dig<\/p>\n<p>Aldrig ska jag sluta \u00e4lska dig<br \/>\nDu \u00e4r allt jag har och allt jag ber om<br \/>\nHoppas, tror och vill att du ska h\u00e5lla fast vid mig<br \/>\nAtt du \u00e4r d\u00e4r f\u00f6r mig, som jag \u00e4r d\u00e4r f\u00f6r dig<br \/>\nGe inte upp<br \/>\nGe aldrig upp<br \/>\n\u00c4lskar dig s\u00e5<\/p>\n<p><em>\u00a9 2015 Universal Music AB<\/em><\/p>\n<p><a title=\"Musikalen Livet \u00e4r en schlager\" href=\"https:\/\/helensjoholm.nu\/_eng\/2011-2015\/musikalen-livet-ar-en-schlager\/\">Back<\/a><\/p>\n","protected":false},"excerpt":{"rendered":"<p>Music: Fredrik Kempe Lyrics: Jonas Gardell Aldrig ska jag sluta \u00e4lska dig Jag vet att jag inte \u00e4r n\u00e5n sk\u00f6nhet eller s\u00e5 Om du l\u00e4mnar <a class=\"more-link\" href=\"https:\/\/helensjoholm.nu\/_eng\/2011-2015\/musikalen-livet-ar-en-schlager\/aldrig-ska-jag-sluta-alska-dig-lyrics\/\">Read More &#8230;<\/a><\/p>\n","protected":false},"author":1,"featured_media":0,"parent":5747,"menu_order":0,"comment_status":"closed","ping_status":"closed","template":"","meta":{"ngg_post_thumbnail":0,"footnotes":""},"class_list":["post-14846","page","type-page","status-publish","hentry"],"aioseo_notices":[],"_links":{"self":[{"href":"https:\/\/helensjoholm.nu\/_eng\/wp-json\/wp\/v2\/pages\/14846","targetHints":{"allow":["GET"]}}],"collection":[{"href":"https:\/\/helensjoholm.nu\/_eng\/wp-json\/wp\/v2\/pages"}],"about":[{"href":"https:\/\/helensjoholm.nu\/_eng\/wp-json\/wp\/v2\/types\/page"}],"author":[{"embeddable":true,"href":"https:\/\/helensjoholm.nu\/_eng\/wp-json\/wp\/v2\/users\/1"}],"replies":[{"embeddable":true,"href":"https:\/\/helensjoholm.nu\/_eng\/wp-json\/wp\/v2\/comments?post=14846"}],"version-history":[{"count":2,"href":"https:\/\/helensjoholm.nu\/_eng\/wp-json\/wp\/v2\/pages\/14846\/revisions"}],"predecessor-version":[{"id":14848,"href":"https:\/\/helensjoholm.nu\/_eng\/wp-json\/wp\/v2\/pages\/14846\/revisions\/14848"}],"up":[{"embeddable":true,"href":"https:\/\/helensjoholm.nu\/_eng\/wp-json\/wp\/v2\/pages\/5747"}],"wp:attachment":[{"href":"https:\/\/helensjoholm.nu\/_eng\/wp-json\/wp\/v2\/media?parent=14846"}],"curies":[{"name":"wp","href":"https:\/\/api.w.org\/{rel}","templated":true}]}}