{"id":14840,"date":"2025-02-02T10:59:38","date_gmt":"2025-02-02T08:59:38","guid":{"rendered":"https:\/\/helensjoholm.nu\/_eng\/?page_id=14840"},"modified":"2025-02-02T10:59:38","modified_gmt":"2025-02-02T08:59:38","slug":"nar-jag-faller-lyrics","status":"publish","type":"page","link":"https:\/\/helensjoholm.nu\/_eng\/2011-2015\/musikalen-livet-ar-en-schlager\/nar-jag-faller-lyrics\/","title":{"rendered":"N\u00e4r jag faller"},"content":{"rendered":"<p><strong>Music:<\/strong> Fredrik Kempe<br \/>\n<strong>Lyrics:<\/strong> Jonas Gardell<\/p>\n<p>N\u00e4r pj\u00e4serna har spelats<br \/>\nAlla rollerna har gjorts<br \/>\nAlla markerna har satsats<br \/>\nOch jag f\u00f6rlorat stort<\/p>\n<p>Som en heml\u00f6s inf\u00f6r natten<br \/>\nSom en resa utan m\u00e5l<br \/>\nSom en fr\u00e5ga som blir \u00f6ver<br \/>\nOch kvar \u00e4r bara h\u00e5l<\/p>\n<p>St\u00e5r jag h\u00e4r trasig inf\u00f6r dig<br \/>\nAllt jag har \u00e4r l\u00f6ftet som du gav<br \/>\nOm att aldrig \u00f6verge, om att alltid ta emot<br \/>\nN\u00e4r jag faller, f\u00f6r jag faller<\/p>\n<p>N\u00f6jesf\u00e4ltet st\u00e4nger, karuseller sl\u00e4cker ner<br \/>\nOch jag st\u00e5r d\u00e4r stum och snopen<br \/>\nUndrar, var det inte mer<\/p>\n<p>St\u00e5r jag h\u00e4r trasig inf\u00f6r dig<br \/>\nAllt jag har \u00e4r l\u00f6ftet som du gav<br \/>\nOm att aldrig \u00f6verge, om att alltid ta emot<br \/>\nN\u00e4r jag faller, f\u00f6r jag faller<\/p>\n<p>All min hybris, all min stolthet ligger vid din fot<br \/>\nKvar \u00e4r bara hoppet om att du ska ta emot<\/p>\n<p>Som ett slutackord p\u00e5 s\u00e5ngen<br \/>\nSom ett ljus som brunnit ut<br \/>\nSom en vind som slutat bl\u00e5sa<br \/>\nGer jag mig till slut<\/p>\n<p>St\u00e5r jag h\u00e4r trasig inf\u00f6r dig<br \/>\nAllt jag har \u00e4r l\u00f6ftet som du gav<br \/>\nOm att aldrig \u00f6verge, om att alltid ta emot<br \/>\nN\u00e4r jag faller, ja jag faller<br \/>\nTa emot<\/p>\n<p><em>\u00a9 2015 Universal Music AB<\/em><\/p>\n<p><a title=\"Musikalen Livet \u00e4r en schlager\" href=\"https:\/\/helensjoholm.nu\/_eng\/2011-2015\/musikalen-livet-ar-en-schlager\/\">Back<\/a><\/p>\n","protected":false},"excerpt":{"rendered":"<p>Music: Fredrik Kempe Lyrics: Jonas Gardell N\u00e4r pj\u00e4serna har spelats Alla rollerna har gjorts Alla markerna har satsats Och jag f\u00f6rlorat stort Som en heml\u00f6s <a class=\"more-link\" href=\"https:\/\/helensjoholm.nu\/_eng\/2011-2015\/musikalen-livet-ar-en-schlager\/nar-jag-faller-lyrics\/\">Read More &#8230;<\/a><\/p>\n","protected":false},"author":1,"featured_media":0,"parent":5747,"menu_order":0,"comment_status":"closed","ping_status":"closed","template":"","meta":{"ngg_post_thumbnail":0,"footnotes":""},"class_list":["post-14840","page","type-page","status-publish","hentry"],"aioseo_notices":[],"_links":{"self":[{"href":"https:\/\/helensjoholm.nu\/_eng\/wp-json\/wp\/v2\/pages\/14840","targetHints":{"allow":["GET"]}}],"collection":[{"href":"https:\/\/helensjoholm.nu\/_eng\/wp-json\/wp\/v2\/pages"}],"about":[{"href":"https:\/\/helensjoholm.nu\/_eng\/wp-json\/wp\/v2\/types\/page"}],"author":[{"embeddable":true,"href":"https:\/\/helensjoholm.nu\/_eng\/wp-json\/wp\/v2\/users\/1"}],"replies":[{"embeddable":true,"href":"https:\/\/helensjoholm.nu\/_eng\/wp-json\/wp\/v2\/comments?post=14840"}],"version-history":[{"count":1,"href":"https:\/\/helensjoholm.nu\/_eng\/wp-json\/wp\/v2\/pages\/14840\/revisions"}],"predecessor-version":[{"id":14841,"href":"https:\/\/helensjoholm.nu\/_eng\/wp-json\/wp\/v2\/pages\/14840\/revisions\/14841"}],"up":[{"embeddable":true,"href":"https:\/\/helensjoholm.nu\/_eng\/wp-json\/wp\/v2\/pages\/5747"}],"wp:attachment":[{"href":"https:\/\/helensjoholm.nu\/_eng\/wp-json\/wp\/v2\/media?parent=14840"}],"curies":[{"name":"wp","href":"https:\/\/api.w.org\/{rel}","templated":true}]}}