{"id":14834,"date":"2025-02-02T10:31:39","date_gmt":"2025-02-02T08:31:39","guid":{"rendered":"https:\/\/helensjoholm.nu\/_eng\/?page_id=14834"},"modified":"2025-02-02T10:31:54","modified_gmt":"2025-02-02T08:31:54","slug":"stjarnorna-som-tindra-over-skarpnack-lyrics","status":"publish","type":"page","link":"https:\/\/helensjoholm.nu\/_eng\/2011-2015\/musikalen-livet-ar-en-schlager\/stjarnorna-som-tindra-over-skarpnack-lyrics\/","title":{"rendered":"Stj\u00e4rnorna som tindra \u00f6ver Skarpn\u00e4ck"},"content":{"rendered":"<p><strong>Music:<\/strong> Fredrik Kempe<br \/>\n<strong>Lyrics:<\/strong> Jonas Gardell<\/p>\n<p>Jag har mitt liv h\u00e4r i grottekvarnen<br \/>\nEn snorig puss, en missad buss<br \/>\nSliter och gnor f\u00f6r Bosse och barnen<br \/>\nF\u00f6r alla utom mig sj\u00e4lv<\/p>\n<p>Med dr\u00f6mmar som jag m\u00e5ste kl\u00e4mma in<br \/>\nMellan dagish\u00e4mtning och l\u00e4mning<br \/>\nMedans dagarna g\u00e5r, blir till veckor och \u00e5r blir jag kvar<\/p>\n<p>Ser du stj\u00e4rnorna som tindrar \u00f6ver Skarpn\u00e4ck<br \/>\nKan du s\u00e5ngerna vi sjunger h\u00e4r i Skarpn\u00e4ck<br \/>\nBortom ropen och bortom skratten<br \/>\nP\u00e5 v\u00e5r resa genom natten<br \/>\nF\u00e4rgas f\u00f6rortslivet i en rosa dager<br \/>\nMan kan n\u00e4stan tro att livet \u00e4r en schlager<br \/>\nS\u00e5 kom ut hit till v\u00e5r \u00e4ndstation<br \/>\nH\u00f6r hur Skarpn\u00e4ck tar sig ton<\/p>\n<p>I Skarpn\u00e4ck sker allt med en vag f\u00f6rdr\u00f6jning<br \/>\nEn inst\u00e4lld dans, en missad chans<br \/>\nMen jag har en dr\u00f6m om en tonartsh\u00f6jning<br \/>\nOch en j\u00e4vlarimej refr\u00e4ng<\/p>\n<p>Mellan bibblan och Konsum och fritidsg\u00e5rn<br \/>\nD\u00e4r har ni min stund p\u00e5 jorden<br \/>\nOch de dagar som g\u00e5r blir till veckor och \u00e5r \u00e4r mitt liv<\/p>\n<p>Ser du stj\u00e4rnorna som tindrar \u00f6ver Skarpn\u00e4ck<br \/>\nKan du s\u00e5ngerna vi sjunger h\u00e4r i Skarpn\u00e4ck<br \/>\nBortom ropen och bortom skratten<br \/>\nP\u00e5 v\u00e5r resa genom natten<br \/>\nF\u00e4rgas f\u00f6rortslivet i en rosa dager<br \/>\nMan kan n\u00e4stan tro att livet \u00e4r en schlager<br \/>\nS\u00e5 kom ut hit till v\u00e5r \u00e4ndstation<br \/>\nH\u00f6r hur Skarpn\u00e4ck tar sig ton<\/p>\n<p>Det finns inte mycket att h\u00e4mta h\u00e4r<br \/>\nI Skarpn\u00e4ck finns mest bara tegel<br \/>\nMen \u00e4nd\u00e5 \u00e4r Skarpn\u00e4ck mitt hj\u00e4rta k\u00e4rt<br \/>\nDenna plats, \u00e4r min plats p\u00e5 jorden<br \/>\nDen \u00e4r allt jag beg\u00e4r<\/p>\n<p>Ser du stj\u00e4rnorna som tindrar \u00f6ver Skarpn\u00e4ck<br \/>\nKan du s\u00e5ngerna vi sjunger h\u00e4r i Skarpn\u00e4ck<br \/>\nBortom ropen och bortom skratten<br \/>\nP\u00e5 v\u00e5r resa genom natten<br \/>\nF\u00e4rgas f\u00f6rortslivet i en rosa dager<br \/>\nMan kan n\u00e4stan tro att livet \u00e4r en schlager<br \/>\nS\u00e5 kom ut hit till v\u00e5r \u00e4ndstation<br \/>\nH\u00f6r hur Skarpn\u00e4ck tar sig ton<br \/>\nH\u00f6r hur Skarpn\u00e4ck tar sig ton<\/p>\n<p><em>\u00a9 2015 Universal Music AB<\/em><\/p>\n<p><a title=\"Musikalen Livet \u00e4r en schlager\" href=\"https:\/\/helensjoholm.nu\/_eng\/2011-2015\/musikalen-livet-ar-en-schlager\/\">Back<\/a><\/p>\n","protected":false},"excerpt":{"rendered":"<p>Music: Fredrik Kempe Lyrics: Jonas Gardell Jag har mitt liv h\u00e4r i grottekvarnen En snorig puss, en missad buss Sliter och gnor f\u00f6r Bosse och <a class=\"more-link\" href=\"https:\/\/helensjoholm.nu\/_eng\/2011-2015\/musikalen-livet-ar-en-schlager\/stjarnorna-som-tindra-over-skarpnack-lyrics\/\">Read More &#8230;<\/a><\/p>\n","protected":false},"author":1,"featured_media":0,"parent":5747,"menu_order":0,"comment_status":"closed","ping_status":"closed","template":"","meta":{"ngg_post_thumbnail":0,"footnotes":""},"class_list":["post-14834","page","type-page","status-publish","hentry"],"aioseo_notices":[],"_links":{"self":[{"href":"https:\/\/helensjoholm.nu\/_eng\/wp-json\/wp\/v2\/pages\/14834","targetHints":{"allow":["GET"]}}],"collection":[{"href":"https:\/\/helensjoholm.nu\/_eng\/wp-json\/wp\/v2\/pages"}],"about":[{"href":"https:\/\/helensjoholm.nu\/_eng\/wp-json\/wp\/v2\/types\/page"}],"author":[{"embeddable":true,"href":"https:\/\/helensjoholm.nu\/_eng\/wp-json\/wp\/v2\/users\/1"}],"replies":[{"embeddable":true,"href":"https:\/\/helensjoholm.nu\/_eng\/wp-json\/wp\/v2\/comments?post=14834"}],"version-history":[{"count":1,"href":"https:\/\/helensjoholm.nu\/_eng\/wp-json\/wp\/v2\/pages\/14834\/revisions"}],"predecessor-version":[{"id":14835,"href":"https:\/\/helensjoholm.nu\/_eng\/wp-json\/wp\/v2\/pages\/14834\/revisions\/14835"}],"up":[{"embeddable":true,"href":"https:\/\/helensjoholm.nu\/_eng\/wp-json\/wp\/v2\/pages\/5747"}],"wp:attachment":[{"href":"https:\/\/helensjoholm.nu\/_eng\/wp-json\/wp\/v2\/media?parent=14834"}],"curies":[{"name":"wp","href":"https:\/\/api.w.org\/{rel}","templated":true}]}}