{"id":14792,"date":"2025-01-06T16:42:18","date_gmt":"2025-01-06T14:42:18","guid":{"rendered":"https:\/\/helensjoholm.nu\/_eng\/?page_id=14792"},"modified":"2025-05-04T17:35:20","modified_gmt":"2025-05-04T15:35:20","slug":"han-har-ett-satt-lyrics","status":"publish","type":"page","link":"https:\/\/helensjoholm.nu\/_eng\/albums-2016-2020\/sa-mycket-battre-2020-tolkningarna\/han-har-ett-satt-lyrics\/","title":{"rendered":"Han har ett s\u00e4tt"},"content":{"rendered":"<p><strong>Music &amp; lyrics:<\/strong> Jakob Hellman<\/p>\n<p>Han har ett s\u00e4tt att s\u00e4ga \u2019du\u2019 jag inte trodde fanns<br \/>\nHans garderob den f\u00f6ljer inga enkla lagar om obalans<br \/>\nHan har sm\u00e5 rynkor utav skratt och sp\u00e5r av silver i sitt h\u00e5r<br \/>\nHan \u00e4r en man jag v\u00e4ntat l\u00e4ngre p\u00e5 men aldrig f\u00f6rut sett n\u00e5nstans<br \/>\nHan har ett s\u00e4tt att h\u00e5lla \u00f6verkroppen stilla n\u00e4r han g\u00e5r<br \/>\nHan har ett s\u00e4tt att le som bara jag, som bara jag f\u00f6rst\u00e5r<\/p>\n<p>Och det \u00e4r han och det \u00e4r jag<br \/>\nOch jag kan inte riktigt minnas vem jag var<br \/>\nInnan den dan han kom och stanna kvar<br \/>\nOch jag vet, jag vet en m\u00e4nniska \u00e4r ingenting man har<br \/>\nMen han \u00e4r min<\/p>\n<p>Och fr\u00e5ga hur det ska bli sen det tror jag inte att jag ska<br \/>\nBlir \u00e4nd\u00e5 aldrig som man t\u00e4nkt sig och planerat att det ska va<br \/>\nFinns ingen annan som st\u00f6r mig och ber\u00f6r mig som han<br \/>\nFinns ingen v\u00e4rld jag kan t\u00e4nka mig d\u00e4r vi tv\u00e5 inte har varann<\/p>\n<p>Och det \u00e4r han och det \u00e4r jag<br \/>\nOch jag kan inte riktigt minnas vem jag var<br \/>\nInnan den dan han kom och stanna kvar<br \/>\nOch jag vet, jag vet en m\u00e4nniska \u00e4r ingenting man har<br \/>\nMen han \u00e4r min<\/p>\n<p>Och det \u00e4r han och det \u00e4r jag<br \/>\nOch jag kan inte riktigt minnas vem jag var<br \/>\nInnan den dan han kom och stanna kvar<br \/>\nOch jag vet, jag vet en m\u00e4nniska \u00e4r ingenting man har<br \/>\nMen han \u00e4r min<br \/>\nHan \u00e4r min<\/p>\n<p><em>\u00a9 2020 Universal Music AB<\/em><\/p>\n<p><a title=\"S\u00e5 mycket b\u00e4ttre 2020 \u2013 Tolkningarna\" href=\"https:\/\/helensjoholm.nu\/_eng\/albums-2016-2020\/sa-mycket-battre-2020-tolkningarna\/\">Back<\/a><\/p>\n","protected":false},"excerpt":{"rendered":"<p>Music &amp; lyrics: Jakob Hellman Han har ett s\u00e4tt att s\u00e4ga \u2019du\u2019 jag inte trodde fanns Hans garderob den f\u00f6ljer inga enkla lagar om obalans <a class=\"more-link\" href=\"https:\/\/helensjoholm.nu\/_eng\/albums-2016-2020\/sa-mycket-battre-2020-tolkningarna\/han-har-ett-satt-lyrics\/\">Read More &#8230;<\/a><\/p>\n","protected":false},"author":1,"featured_media":0,"parent":10475,"menu_order":0,"comment_status":"closed","ping_status":"closed","template":"","meta":{"ngg_post_thumbnail":0,"footnotes":""},"class_list":["post-14792","page","type-page","status-publish","hentry"],"aioseo_notices":[],"_links":{"self":[{"href":"https:\/\/helensjoholm.nu\/_eng\/wp-json\/wp\/v2\/pages\/14792","targetHints":{"allow":["GET"]}}],"collection":[{"href":"https:\/\/helensjoholm.nu\/_eng\/wp-json\/wp\/v2\/pages"}],"about":[{"href":"https:\/\/helensjoholm.nu\/_eng\/wp-json\/wp\/v2\/types\/page"}],"author":[{"embeddable":true,"href":"https:\/\/helensjoholm.nu\/_eng\/wp-json\/wp\/v2\/users\/1"}],"replies":[{"embeddable":true,"href":"https:\/\/helensjoholm.nu\/_eng\/wp-json\/wp\/v2\/comments?post=14792"}],"version-history":[{"count":2,"href":"https:\/\/helensjoholm.nu\/_eng\/wp-json\/wp\/v2\/pages\/14792\/revisions"}],"predecessor-version":[{"id":15007,"href":"https:\/\/helensjoholm.nu\/_eng\/wp-json\/wp\/v2\/pages\/14792\/revisions\/15007"}],"up":[{"embeddable":true,"href":"https:\/\/helensjoholm.nu\/_eng\/wp-json\/wp\/v2\/pages\/10475"}],"wp:attachment":[{"href":"https:\/\/helensjoholm.nu\/_eng\/wp-json\/wp\/v2\/media?parent=14792"}],"curies":[{"name":"wp","href":"https:\/\/api.w.org\/{rel}","templated":true}]}}