{"id":14789,"date":"2025-01-06T16:33:29","date_gmt":"2025-01-06T14:33:29","guid":{"rendered":"https:\/\/helensjoholm.nu\/_eng\/?page_id=14789"},"modified":"2025-05-04T17:35:10","modified_gmt":"2025-05-04T15:35:10","slug":"korallreven-vintergatan-lyrics","status":"publish","type":"page","link":"https:\/\/helensjoholm.nu\/_eng\/albums-2016-2020\/sa-mycket-battre-2020-tolkningarna\/korallreven-vintergatan-lyrics\/","title":{"rendered":"Korallreven &#038; Vintergatan"},"content":{"rendered":"<p><strong>Music &amp; lyrics:<\/strong> Markus Kruneg\u00e5rd<\/p>\n<p>Tunga moln \u00f6ver v\u00e5rt semesterm\u00e5l<br \/>\nVi har b\u00e5da haft ett hektiskt \u00e5r<br \/>\nDistans \u00e4r v\u00e5r enda chans<br \/>\nG\u00f6r en lista \u00f6ver s\u00e5nt som jag vill ha<br \/>\nOch s\u00e5nt som jag m\u00e5r d\u00e5ligt av<br \/>\nDet \u00e4r mycket som m\u00e5ste bort<br \/>\nM\u00e5nga som m\u00e5ste bort<\/p>\n<p>Korallreven och vintergatan<br \/>\n\u00d6ver molnen och under ytan<br \/>\nN\u00e4r jag blundar, n\u00e4r jag somnar<br \/>\nDet \u00e4r dit jag flyr n\u00e4r februaristormen yr<\/p>\n<p>Ingen tror p\u00e5 Gud men alla vill n\u00e5t mer<br \/>\n\u00c4n alkohol och strul<br \/>\n\u00c4n ensamhush\u00e5ll och porr<br \/>\n\u00c4n att undvika folk<br \/>\nOch lyssnar man riktigt noga s\u00e5 kan man n\u00e4stan h\u00f6ra<br \/>\nStockholms trummor sl\u00e5, \u00e4ngsligt utan m\u00e5l<\/p>\n<p>Korallreven och vintergatan<br \/>\n\u00d6ver molnen och under ytan<br \/>\nN\u00e4r jag blundar, n\u00e4r jag somnar<br \/>\nDet \u00e4r dit jag flyr n\u00e4r februaristormen yr<\/p>\n<p>I storstadsdjungeln<br \/>\nI landsortsstormen<br \/>\nFinlandsb\u00e5ten, psykakuten<br \/>\nRosenbaden, socialen<br \/>\nM\u00e4nsklig v\u00e4rme, sn\u00e4lla kom n\u00e4rmre<br \/>\nM\u00e4nsklig v\u00e4rme, sn\u00e4lla kom n\u00e4rmre<br \/>\nM\u00e4nsklig v\u00e4rme, sn\u00e4lla kom n\u00e4rmre<br \/>\nM\u00e4nsklig v\u00e4rme, sn\u00e4lla kom n\u00e4rmre<br \/>\n37 grader Celsius \u00e4r det enda som beh\u00f6vs<\/p>\n<p>M\u00e4nsklig v\u00e4rme, sn\u00e4lla kom n\u00e4rmre<br \/>\nM\u00e4nsklig v\u00e4rme, sn\u00e4lla kom n\u00e4rmre<br \/>\n37 grader Celsius \u00e4r det enda som beh\u00f6vs<\/p>\n<p>M\u00e4nsklig v\u00e4rme, sn\u00e4lla kom n\u00e4rmre<br \/>\nM\u00e4nsklig v\u00e4rme, sn\u00e4lla kom n\u00e4rmre<br \/>\n37 grader Celsius \u00e4r det enda som beh\u00f6vs<\/p>\n<p><em>\u00a9 2020 Universal Music AB<\/em><\/p>\n<p><a title=\"S\u00e5 mycket b\u00e4ttre 2020 \u2013 Tolkningarna\" href=\"https:\/\/helensjoholm.nu\/_eng\/albums-2016-2020\/sa-mycket-battre-2020-tolkningarna\/\">Back<\/a><\/p>\n","protected":false},"excerpt":{"rendered":"<p>Music &amp; lyrics: Markus Kruneg\u00e5rd Tunga moln \u00f6ver v\u00e5rt semesterm\u00e5l Vi har b\u00e5da haft ett hektiskt \u00e5r Distans \u00e4r v\u00e5r enda chans G\u00f6r en lista <a class=\"more-link\" href=\"https:\/\/helensjoholm.nu\/_eng\/albums-2016-2020\/sa-mycket-battre-2020-tolkningarna\/korallreven-vintergatan-lyrics\/\">Read More &#8230;<\/a><\/p>\n","protected":false},"author":1,"featured_media":0,"parent":10475,"menu_order":0,"comment_status":"closed","ping_status":"closed","template":"","meta":{"ngg_post_thumbnail":0,"footnotes":""},"class_list":["post-14789","page","type-page","status-publish","hentry"],"aioseo_notices":[],"_links":{"self":[{"href":"https:\/\/helensjoholm.nu\/_eng\/wp-json\/wp\/v2\/pages\/14789","targetHints":{"allow":["GET"]}}],"collection":[{"href":"https:\/\/helensjoholm.nu\/_eng\/wp-json\/wp\/v2\/pages"}],"about":[{"href":"https:\/\/helensjoholm.nu\/_eng\/wp-json\/wp\/v2\/types\/page"}],"author":[{"embeddable":true,"href":"https:\/\/helensjoholm.nu\/_eng\/wp-json\/wp\/v2\/users\/1"}],"replies":[{"embeddable":true,"href":"https:\/\/helensjoholm.nu\/_eng\/wp-json\/wp\/v2\/comments?post=14789"}],"version-history":[{"count":2,"href":"https:\/\/helensjoholm.nu\/_eng\/wp-json\/wp\/v2\/pages\/14789\/revisions"}],"predecessor-version":[{"id":15006,"href":"https:\/\/helensjoholm.nu\/_eng\/wp-json\/wp\/v2\/pages\/14789\/revisions\/15006"}],"up":[{"embeddable":true,"href":"https:\/\/helensjoholm.nu\/_eng\/wp-json\/wp\/v2\/pages\/10475"}],"wp:attachment":[{"href":"https:\/\/helensjoholm.nu\/_eng\/wp-json\/wp\/v2\/media?parent=14789"}],"curies":[{"name":"wp","href":"https:\/\/api.w.org\/{rel}","templated":true}]}}