{"id":1476,"date":"2013-05-04T07:59:25","date_gmt":"2013-05-04T05:59:25","guid":{"rendered":"http:\/\/helensjoholm.nu\/_eng\/?page_id=1476"},"modified":"2013-06-26T19:57:57","modified_gmt":"2013-06-26T17:57:57","slug":"reviews-2010","status":"publish","type":"page","link":"https:\/\/helensjoholm.nu\/_eng\/press-clips\/reviews-2010\/","title":{"rendered":"Reviews 2010"},"content":{"rendered":"<table style=\"width: 675px;\" border=\"1\" cellspacing=\"3\" cellpadding=\"3\">\n<tbody>\n<tr valign=\"top\">\n<td><strong>101124<\/strong><\/td>\n<td><a title=\"Euforia songs by Billy Joel\" href=\"https:\/\/helensjoholm.nu\/_eng\/press-clips\/reviews-2010\/euforia-songs-by-billy-joel\/\">Corren &#8211; Euforia songs by Billy Joel (Euforia)<\/a><\/td>\n<\/tr>\n<tr valign=\"top\">\n<td><strong>101119<\/strong><\/td>\n<td><a title=\"Sj\u00f6holm makes the songs to hers\" href=\"https:\/\/helensjoholm.nu\/_eng\/press-clips\/reviews-2010\/sjoholm-makes-the-songs\/\">V\u00e4rmlands Folkblad &#8211; Sj\u00f6holm makes the songs to hers (Euforia)<\/a><\/td>\n<\/tr>\n<tr valign=\"top\">\n<td><strong>101119<\/strong><\/td>\n<td><a title=\"Nice versions when Sj\u00f6holm sings Joel\" href=\"https:\/\/helensjoholm.nu\/_eng\/press-clips\/reviews-2010\/nice-versions-when-sjoholm-sings-joel\/\">Pite\u00e5 Tidningen &#8211; Nice versions when Sj\u00f6holm sings Joel<\/a><\/td>\n<\/tr>\n<tr valign=\"top\">\n<td><strong>101117<\/strong><\/td>\n<td><a title=\"Euforia review\" href=\"https:\/\/helensjoholm.nu\/_eng\/press-clips\/reviews-2010\/euforia-review\/\">Sydsvenskan &#8211; Euforia review<\/a><\/td>\n<\/tr>\n<tr valign=\"top\">\n<td><strong>101117<\/strong><\/td>\n<td><a title=\"Billy Joel sounds good in Swedish\" href=\"https:\/\/helensjoholm.nu\/_eng\/press-clips\/reviews-2010\/billy-joel-sounds-good-in-swedish\/\">Uppsala Nya Tidning &#8211; Billy Joel sounds good in Swedish (Euforia)<\/a><\/td>\n<\/tr>\n<tr valign=\"top\">\n<td><strong>101116<\/strong><\/td>\n<td><a title=\"Helen Sj\u00f6holm\" href=\"https:\/\/helensjoholm.nu\/_eng\/press-clips\/reviews-2010\/helen-sjoholm\/\">SvD &#8211; Helen Sj\u00f6holm (Euforia)<\/a><\/td>\n<\/tr>\n<tr valign=\"top\">\n<td><strong>101116<\/strong><\/td>\n<td><a title=\"Joel fits Helen Sj\u00f6holm\" href=\"https:\/\/helensjoholm.nu\/_eng\/press-clips\/reviews-2010\/joel-fits-helen-sjoholm\/\">NSD &#8211; Joel fits Helen Sj\u00f6holm (Euforia)<\/a><\/td>\n<\/tr>\n<tr valign=\"top\">\n<td><strong>101112<\/strong><\/td>\n<td><a title=\"Celestial harmonies\" href=\"https:\/\/helensjoholm.nu\/_eng\/press-clips\/reviews-2010\/1545-2\/\">Aftonbladet &#8211; Celestial harmonies (Euforia)<\/a><\/td>\n<\/tr>\n<tr valign=\"top\">\n<td><strong>Nov 2010 <\/strong><\/td>\n<td><a title=\"S\u00e5 mycket b\u00e4ttre\" href=\"https:\/\/helensjoholm.nu\/_eng\/press-clips\/reviews-2010\/sa-mycket-battre\/\">QX &#8211; S\u00e5 mycket b\u00e4ttre (Euforia)<\/a><\/td>\n<\/tr>\n<tr valign=\"top\">\n<td><strong>100530<\/strong><\/td>\n<td><a title=\"A magnicicent Touch Of Taube\" href=\"https:\/\/helensjoholm.nu\/_eng\/press-clips\/reviews-2010\/a-magnicicent-touch-of-taube\/\">GT &#8211; A magnicicent Touch Of Taube<\/a><\/td>\n<\/tr>\n<tr valign=\"top\">\n<td><strong>100530<\/strong><\/td>\n<td><a title=\"A Touch Of Taube: Gothenburg Opera House\" href=\"https:\/\/helensjoholm.nu\/_eng\/press-clips\/reviews-2010\/a-touch-of-taube-gothenburg-opera-house\/\">GT &#8211; A Touch Of Taube: Gothenburg Opera House<\/a><\/td>\n<\/tr>\n<tr valign=\"top\">\n<td><strong>100414<\/strong><\/td>\n<td><a title=\"Kristina At Carnegie Hall\" href=\"https:\/\/helensjoholm.nu\/_eng\/press-clips\/reviews-2010\/kristina-at-carnegie-hall\/\">Sm\u00e5landsposten &#8211; Kristina At Carnegie Hall<\/a><\/td>\n<\/tr>\n<tr valign=\"top\">\n<td><strong>100409<\/strong><\/td>\n<td><a title=\"Kristina\u2019s magic\" href=\"https:\/\/helensjoholm.nu\/_eng\/press-clips\/reviews-2011\/kristinas-magic\/\">Aftonbladet &#8211; Kristina&#8217;s magic (Kristina At Carnegie Hall)<\/a><\/td>\n<\/tr>\n<tr valign=\"top\">\n<td><strong>100315<\/strong><\/td>\n<td><a title=\"A perfect combination gives top marks\" href=\"https:\/\/helensjoholm.nu\/_eng\/press-clips\/reviews-2010\/a-perfect-combination-gives-top-marks\/\">NWT &#8211; A perfect combination gives top marks (Singing Society Manhem)<\/a><\/td>\n<\/tr>\n<tr valign=\"top\">\n<td><strong>100308<\/strong><\/td>\n<td><a title=\"Easy to manage with Sondheim tunes\" href=\"https:\/\/helensjoholm.nu\/_eng\/press-clips\/reviews-2010\/easy-to-manage-with-sondheim-tunes\/\">Folkbladet &#8211; Easy to manage with Sondheim tunes (Sondheim 80 years)<\/a><\/td>\n<\/tr>\n<tr valign=\"top\">\n<td width=\"130\"><strong>100227<\/strong><\/td>\n<td width=\"517\"><a title=\"World class music in Mora\" href=\"https:\/\/helensjoholm.nu\/_eng\/press-clips\/reviews-2010\/world-class-music-in-mora\/\">Dala-Demokraten &#8211; World class music in Mora (concert)<\/a><\/td>\n<\/tr>\n<tr valign=\"top\">\n<td><strong>100213<\/strong><\/td>\n<td><a title=\"Stephen Sondheim 80 years old, Berwaldhallen, Stockholm\" href=\"https:\/\/helensjoholm.nu\/_eng\/press-clips\/reviews-2010\/stephen-sondheim-80-years-old-berwaldhallen-stockholm\/\">Dagens Nyheter &#8211; Stephen Sondheim 80 years old, Berwaldhallen, Stockholm<\/a><\/td>\n<\/tr>\n<\/tbody>\n<\/table>\n<hr \/>\n<p><a title=\"Press clips\" href=\"https:\/\/helensjoholm.nu\/_eng\/press-clips\/\">Back<\/a><\/p>\n","protected":false},"excerpt":{"rendered":"<p>101124 Corren &#8211; Euforia songs by Billy Joel (Euforia) 101119 V\u00e4rmlands Folkblad &#8211; Sj\u00f6holm makes the songs to hers (Euforia) 101119 Pite\u00e5 Tidningen &#8211; Nice <a class=\"more-link\" href=\"https:\/\/helensjoholm.nu\/_eng\/press-clips\/reviews-2010\/\">Read More &#8230;<\/a><\/p>\n","protected":false},"author":1,"featured_media":0,"parent":152,"menu_order":0,"comment_status":"closed","ping_status":"open","template":"","meta":{"ngg_post_thumbnail":0,"footnotes":""},"class_list":["post-1476","page","type-page","status-publish","hentry"],"aioseo_notices":[],"_links":{"self":[{"href":"https:\/\/helensjoholm.nu\/_eng\/wp-json\/wp\/v2\/pages\/1476","targetHints":{"allow":["GET"]}}],"collection":[{"href":"https:\/\/helensjoholm.nu\/_eng\/wp-json\/wp\/v2\/pages"}],"about":[{"href":"https:\/\/helensjoholm.nu\/_eng\/wp-json\/wp\/v2\/types\/page"}],"author":[{"embeddable":true,"href":"https:\/\/helensjoholm.nu\/_eng\/wp-json\/wp\/v2\/users\/1"}],"replies":[{"embeddable":true,"href":"https:\/\/helensjoholm.nu\/_eng\/wp-json\/wp\/v2\/comments?post=1476"}],"version-history":[{"count":0,"href":"https:\/\/helensjoholm.nu\/_eng\/wp-json\/wp\/v2\/pages\/1476\/revisions"}],"up":[{"embeddable":true,"href":"https:\/\/helensjoholm.nu\/_eng\/wp-json\/wp\/v2\/pages\/152"}],"wp:attachment":[{"href":"https:\/\/helensjoholm.nu\/_eng\/wp-json\/wp\/v2\/media?parent=1476"}],"curies":[{"name":"wp","href":"https:\/\/api.w.org\/{rel}","templated":true}]}}